{"id":18034,"date":"2025-07-18T22:14:15","date_gmt":"2025-07-18T21:14:15","guid":{"rendered":"https:\/\/babylove.se\/produkt\/extra-50-plastbollar-till-bollhav-basic\/"},"modified":"2026-05-11T12:59:46","modified_gmt":"2026-05-11T11:59:46","slug":"ekstra-50-plastballer-til-ballbasseng-basic","status":"publish","type":"product","link":"https:\/\/babylove.se\/no\/produkt\/ekstra-50-plastballer-til-ballbasseng-basic\/","title":{"rendered":"Ekstra 100 plastballer til ballbasseng BASIC"},"content":{"rendered":"<p>Fyll ditt BASIC ballhav med ekstra baller !&nbsp;<\/p>\n<p><strong>M\u00e5l<\/strong>: Ball diameter 7 cm, kommer i en pose med 100 stk.&nbsp;<\/p>\n<p><strong>Materiale<\/strong>: Ballene er laget av plast. Alle elementer har CE merking og er produsert av ikke-giftig materiale.<\/p>\n<p>* 1 farge\/ 50 baller (maks 2 forskjellige farger per 100 stk baller)&nbsp;<\/p>\n","protected":false},"excerpt":{"rendered":"<p>Fyll ditt BASIC ballhav med ekstra baller !&nbsp; M\u00e5l: Ball diameter 7 cm, kommer i en pose med 100 stk.&nbsp; Materiale: Ballene er laget av plast. Alle elementer har CE merking og er produsert av ikke-giftig materiale. * 1 farge\/ 50 baller (maks 2 forskjellige farger per 100 stk baller)&nbsp;<\/p>\n","protected":false},"featured_media":18036,"comment_status":"closed","ping_status":"open","template":"","meta":{"_acf_changed":false},"product_brand":[375],"product_cat":[667,68],"product_tag":[1689],"class_list":{"0":"post-18034","1":"product","2":"type-product","3":"status-publish","4":"has-post-thumbnail","6":"product_brand-pqp-ttm","7":"product_cat-ballhav","8":"product_cat-leker","9":"product_tag-bestillingsvaror","11":"first","12":"instock","13":"taxable","14":"shipping-taxable","15":"purchasable","16":"product-type-simple"},"acf":[],"yoast_head":"<!-- This site is optimized with the Yoast SEO Premium plugin v25.8 (Yoast SEO v27.2) - https:\/\/yoast.com\/product\/yoast-seo-premium-wordpress\/ -->\n<title>K\u00f6p 50 extra plastbollar till bollhavet Misioo<\/title>\n<meta name=\"description\" content=\"K\u00f6p 50 plastbollar till bollhavet Misioo. Bollarna \u00e4r gjorda i plast - Alla element har CE m\u00e4rkning och \u00e4r tillverkade av icke giftigt material.\" \/>\n<meta name=\"robots\" content=\"noindex, follow, max-snippet:-1, max-image-preview:large, max-video-preview:-1\" \/>\n<meta property=\"og:locale\" content=\"nb_NO\" \/>\n<meta property=\"og:type\" content=\"article\" \/>\n<meta property=\"og:title\" content=\"Ekstra 100 plastballer til ballbasseng BASIC\" \/>\n<meta property=\"og:description\" content=\"K\u00f6p 50 plastbollar till bollhavet Misioo. Bollarna \u00e4r gjorda i plast - Alla element har CE m\u00e4rkning och \u00e4r tillverkade av icke giftigt material.\" \/>\n<meta property=\"og:url\" content=\"https:\/\/babylove.se\/no\/produkt\/ekstra-50-plastballer-til-ballbasseng-basic\/\" \/>\n<meta property=\"og:site_name\" content=\"Babylove Norska\" \/>\n<meta property=\"article:modified_time\" content=\"2026-05-11T11:59:46+00:00\" \/>\n<meta property=\"og:image\" content=\"https:\/\/babylove.se\/no\/wp-content\/uploads\/sites\/3\/2025\/07\/642eeaa26e217.jpeg\" \/>\n\t<meta property=\"og:image:width\" content=\"1442\" \/>\n\t<meta property=\"og:image:height\" content=\"2048\" \/>\n\t<meta property=\"og:image:type\" content=\"image\/jpeg\" \/>\n<meta name=\"twitter:card\" content=\"summary_large_image\" \/>\n<meta name=\"twitter:label1\" content=\"Price\" \/>\n\t<meta name=\"twitter:data1\" content=\"559,00&nbsp;&#107;&#114;\" \/>\n\t<meta name=\"twitter:label2\" content=\"Availability\" \/>\n\t<meta name=\"twitter:data2\" content=\"In stock\" \/>\n<script type=\"application\/ld+json\" class=\"yoast-schema-graph\">{\"@context\":\"https:\/\/schema.org\",\"@graph\":[{\"@type\":\"WebPage\",\"@id\":\"https:\/\/babylove.se\/no\/produkt\/ekstra-50-plastballer-til-ballbasseng-basic\/\",\"url\":\"https:\/\/babylove.se\/no\/produkt\/ekstra-50-plastballer-til-ballbasseng-basic\/\",\"name\":\"K\u00f6p 50 extra plastbollar till bollhavet Misioo\",\"isPartOf\":{\"@id\":\"https:\/\/babylove.se\/no\/#website\"},\"primaryImageOfPage\":{\"@id\":\"https:\/\/babylove.se\/no\/produkt\/ekstra-50-plastballer-til-ballbasseng-basic\/#primaryimage\"},\"image\":{\"@id\":\"https:\/\/babylove.se\/no\/produkt\/ekstra-50-plastballer-til-ballbasseng-basic\/#primaryimage\"},\"thumbnailUrl\":\"https:\/\/babylove.se\/no\/wp-content\/uploads\/sites\/3\/2025\/07\/642eeaa26e217.jpeg\",\"datePublished\":\"2025-07-18T21:14:15+00:00\",\"dateModified\":\"2026-05-11T11:59:46+00:00\",\"description\":\"K\u00f6p 50 plastbollar till bollhavet Misioo. Bollarna \u00e4r gjorda i plast - Alla element har CE m\u00e4rkning och \u00e4r tillverkade av icke giftigt material.\",\"breadcrumb\":{\"@id\":\"https:\/\/babylove.se\/no\/produkt\/ekstra-50-plastballer-til-ballbasseng-basic\/#breadcrumb\"},\"inLanguage\":\"nb-NO\",\"potentialAction\":[{\"@type\":\"ReadAction\",\"target\":[\"https:\/\/babylove.se\/no\/produkt\/ekstra-50-plastballer-til-ballbasseng-basic\/\"]}]},{\"@type\":\"ImageObject\",\"inLanguage\":\"nb-NO\",\"@id\":\"https:\/\/babylove.se\/no\/produkt\/ekstra-50-plastballer-til-ballbasseng-basic\/#primaryimage\",\"url\":\"https:\/\/babylove.se\/no\/wp-content\/uploads\/sites\/3\/2025\/07\/642eeaa26e217.jpeg\",\"contentUrl\":\"https:\/\/babylove.se\/no\/wp-content\/uploads\/sites\/3\/2025\/07\/642eeaa26e217.jpeg\",\"width\":1442,\"height\":2048},{\"@type\":\"BreadcrumbList\",\"@id\":\"https:\/\/babylove.se\/no\/produkt\/ekstra-50-plastballer-til-ballbasseng-basic\/#breadcrumb\",\"itemListElement\":[{\"@type\":\"ListItem\",\"position\":1,\"name\":\"Hem\",\"item\":\"https:\/\/babylove.se\/no\/\"},{\"@type\":\"ListItem\",\"position\":2,\"name\":\"Butik\",\"item\":\"https:\/\/babylove.se\/no\/butik\/\"},{\"@type\":\"ListItem\",\"position\":3,\"name\":\"Ekstra 100 plastballer til ballbasseng BASIC\"}]},{\"@type\":\"WebSite\",\"@id\":\"https:\/\/babylove.se\/no\/#website\",\"url\":\"https:\/\/babylove.se\/no\/\",\"name\":\"Babylove Norska\",\"description\":\"\",\"potentialAction\":[{\"@type\":\"SearchAction\",\"target\":{\"@type\":\"EntryPoint\",\"urlTemplate\":\"https:\/\/babylove.se\/no\/?s={search_term_string}\"},\"query-input\":{\"@type\":\"PropertyValueSpecification\",\"valueRequired\":true,\"valueName\":\"search_term_string\"}}],\"inLanguage\":\"nb-NO\"}]}<\/script>\n<meta property=\"product:brand\" content=\"PQP\/TTM\" \/>\n<meta property=\"product:price:amount\" content=\"559.00\" \/>\n<meta property=\"product:price:currency\" content=\"NOK\" \/>\n<meta property=\"og:availability\" content=\"instock\" \/>\n<meta property=\"product:availability\" content=\"instock\" \/>\n<meta property=\"product:retailer_item_id\" content=\"24067\" \/>\n<meta property=\"product:condition\" content=\"new\" \/>\n<!-- \/ Yoast SEO Premium plugin. -->","yoast_head_json":{"title":"K\u00f6p 50 extra plastbollar till bollhavet Misioo","description":"K\u00f6p 50 plastbollar till bollhavet Misioo. Bollarna \u00e4r gjorda i plast - Alla element har CE m\u00e4rkning och \u00e4r tillverkade av icke giftigt material.","robots":{"index":"noindex","follow":"follow","max-snippet":"max-snippet:-1","max-image-preview":"max-image-preview:large","max-video-preview":"max-video-preview:-1"},"og_locale":"nb_NO","og_type":"article","og_title":"Ekstra 100 plastballer til ballbasseng BASIC","og_description":"K\u00f6p 50 plastbollar till bollhavet Misioo. Bollarna \u00e4r gjorda i plast - Alla element har CE m\u00e4rkning och \u00e4r tillverkade av icke giftigt material.","og_url":"https:\/\/babylove.se\/no\/produkt\/ekstra-50-plastballer-til-ballbasseng-basic\/","og_site_name":"Babylove Norska","article_modified_time":"2026-05-11T11:59:46+00:00","og_image":[{"width":1442,"height":2048,"url":"https:\/\/babylove.se\/no\/wp-content\/uploads\/sites\/3\/2025\/07\/642eeaa26e217.jpeg","type":"image\/jpeg"}],"twitter_card":"summary_large_image","twitter_misc":{"Price":"559,00&nbsp;&#107;&#114;","Availability":"In stock"},"schema":{"@context":"https:\/\/schema.org","@graph":[{"@type":"WebPage","@id":"https:\/\/babylove.se\/no\/produkt\/ekstra-50-plastballer-til-ballbasseng-basic\/","url":"https:\/\/babylove.se\/no\/produkt\/ekstra-50-plastballer-til-ballbasseng-basic\/","name":"K\u00f6p 50 extra plastbollar till bollhavet Misioo","isPartOf":{"@id":"https:\/\/babylove.se\/no\/#website"},"primaryImageOfPage":{"@id":"https:\/\/babylove.se\/no\/produkt\/ekstra-50-plastballer-til-ballbasseng-basic\/#primaryimage"},"image":{"@id":"https:\/\/babylove.se\/no\/produkt\/ekstra-50-plastballer-til-ballbasseng-basic\/#primaryimage"},"thumbnailUrl":"https:\/\/babylove.se\/no\/wp-content\/uploads\/sites\/3\/2025\/07\/642eeaa26e217.jpeg","datePublished":"2025-07-18T21:14:15+00:00","dateModified":"2026-05-11T11:59:46+00:00","description":"K\u00f6p 50 plastbollar till bollhavet Misioo. Bollarna \u00e4r gjorda i plast - Alla element har CE m\u00e4rkning och \u00e4r tillverkade av icke giftigt material.","breadcrumb":{"@id":"https:\/\/babylove.se\/no\/produkt\/ekstra-50-plastballer-til-ballbasseng-basic\/#breadcrumb"},"inLanguage":"nb-NO","potentialAction":[{"@type":"ReadAction","target":["https:\/\/babylove.se\/no\/produkt\/ekstra-50-plastballer-til-ballbasseng-basic\/"]}]},{"@type":"ImageObject","inLanguage":"nb-NO","@id":"https:\/\/babylove.se\/no\/produkt\/ekstra-50-plastballer-til-ballbasseng-basic\/#primaryimage","url":"https:\/\/babylove.se\/no\/wp-content\/uploads\/sites\/3\/2025\/07\/642eeaa26e217.jpeg","contentUrl":"https:\/\/babylove.se\/no\/wp-content\/uploads\/sites\/3\/2025\/07\/642eeaa26e217.jpeg","width":1442,"height":2048},{"@type":"BreadcrumbList","@id":"https:\/\/babylove.se\/no\/produkt\/ekstra-50-plastballer-til-ballbasseng-basic\/#breadcrumb","itemListElement":[{"@type":"ListItem","position":1,"name":"Hem","item":"https:\/\/babylove.se\/no\/"},{"@type":"ListItem","position":2,"name":"Butik","item":"https:\/\/babylove.se\/no\/butik\/"},{"@type":"ListItem","position":3,"name":"Ekstra 100 plastballer til ballbasseng BASIC"}]},{"@type":"WebSite","@id":"https:\/\/babylove.se\/no\/#website","url":"https:\/\/babylove.se\/no\/","name":"Babylove Norska","description":"","potentialAction":[{"@type":"SearchAction","target":{"@type":"EntryPoint","urlTemplate":"https:\/\/babylove.se\/no\/?s={search_term_string}"},"query-input":{"@type":"PropertyValueSpecification","valueRequired":true,"valueName":"search_term_string"}}],"inLanguage":"nb-NO"}]},"product_brand":"PQP\/TTM","product_price_amount":"559.00","product_price_currency":"NOK","og_availability":"instock","product_availability":"instock","product_retailer_item_id":"24067","product_condition":"new"},"_links":{"self":[{"href":"https:\/\/babylove.se\/no\/wp-json\/wp\/v2\/product\/18034","targetHints":{"allow":["GET"]}}],"collection":[{"href":"https:\/\/babylove.se\/no\/wp-json\/wp\/v2\/product"}],"about":[{"href":"https:\/\/babylove.se\/no\/wp-json\/wp\/v2\/types\/product"}],"replies":[{"embeddable":true,"href":"https:\/\/babylove.se\/no\/wp-json\/wp\/v2\/comments?post=18034"}],"wp:featuredmedia":[{"embeddable":true,"href":"https:\/\/babylove.se\/no\/wp-json\/wp\/v2\/media\/18036"}],"wp:attachment":[{"href":"https:\/\/babylove.se\/no\/wp-json\/wp\/v2\/media?parent=18034"}],"wp:term":[{"taxonomy":"product_brand","embeddable":true,"href":"https:\/\/babylove.se\/no\/wp-json\/wp\/v2\/product_brand?post=18034"},{"taxonomy":"product_cat","embeddable":true,"href":"https:\/\/babylove.se\/no\/wp-json\/wp\/v2\/product_cat?post=18034"},{"taxonomy":"product_tag","embeddable":true,"href":"https:\/\/babylove.se\/no\/wp-json\/wp\/v2\/product_tag?post=18034"}],"curies":[{"name":"wp","href":"https:\/\/api.w.org\/{rel}","templated":true}]}}