{"id":18056,"date":"2025-07-18T22:14:15","date_gmt":"2025-07-18T21:14:15","guid":{"rendered":"https:\/\/babylove.se\/produkt\/skummadrass-lugo-madrass-till-barnsang-olika-storlekar\/"},"modified":"2026-04-08T09:19:48","modified_gmt":"2026-04-08T08:19:48","slug":"skummadrass-lugo-madrass-til-barneseng-ulike-storrelser","status":"publish","type":"product","link":"https:\/\/babylove.se\/no\/produkt\/skummadrass-lugo-madrass-til-barneseng-ulike-storrelser\/","title":{"rendered":"Skummadrass LUGO, madrass til barneseng (forskjellige st\u00f8rrelser)"},"content":{"rendered":"<p>En behagelig og deilig skummadrass med god fylling som passer til en barneseng eller til en husseng. Madrassen har et avtakbart overtrekk som gj\u00f8r at du enkelt kan vaske den og holde den frisk.&nbsp;<\/p>\n<p>Madrassens base er barnevennlig polyuretanskum som ikke deformeres hvilket garanterer st\u00f8tte for ryggen og s\u00f8vnkomfort. P\u00e5 oversiden ligger termoplastskum som reagerer p\u00e5 trykk og temperatur. Madrassen antar kroppens eksakte form hvilket gir ryggraden en naturlig posisjon. Lugo passer den som s\u00f8ker h\u00f8yeste kvalitet.<\/p>\n<p>Denne barnemadrassen fungerer perfekt til v\u00e5re kjempefine hussenger.<\/p>\n<p>Madrassen er semi-myk, laget for \u00e5 passe barn og s\u00f8rger for en deilig s\u00f8vn.<\/p>\n<p><u>M\u00e5l p\u00e5 madrassen:&nbsp;<\/u>Finnes i forskjellige st\u00f8rrelser.&nbsp;<\/p>\n<p>Tykkelse er cirka 8-10 cm.&nbsp;<\/p>\n<p><u>Materiale<\/u>: polyuretanskum T25 og termoplastskum.<\/p>\n<p>Vasker\u00e5d: Overtrekk maskinvaskes i 30\u00b0 C.<\/p>\n<p>Madrassene produseres i Europa av 100 % OEKO-TEX-sertifisert stoff. Fyllmaterialet er antiallergisk samt giftfritt og produseres av sertifisert leverand\u00f8r.<\/p>\n<p><strong>Obs!&nbsp;<\/strong><em>Da madrassen er en spesiallaget vare, s\u00e5 gjelder ikke angrerett.&nbsp;<\/em><\/p>\n<p><em><em>Dette er en barnemadrass og er laget og tilpasset for de minste. Madrassen skal ikke brukes eller testes av voksne.<\/em><\/em><\/p>\n<p><em><em><em>Det kan forekomme fargevariasjoner p\u00e5 skuminnsatsen hvilket skyldes at naturbaserte ingredienser kan variere i farge.<\/em><\/em><\/em><\/p>\n","protected":false},"excerpt":{"rendered":"<p>En behagelig og deilig skummadrass med god fylling som passer til en barneseng eller til en husseng. Madrassen har et avtakbart overtrekk som gj\u00f8r at du enkelt kan vaske den og holde den frisk.&nbsp; Madrassens base er barnevennlig polyuretanskum som ikke deformeres hvilket garanterer st\u00f8tte for ryggen og s\u00f8vnkomfort. P\u00e5 oversiden ligger termoplastskum som reagerer [&hellip;]<\/p>\n","protected":false},"featured_media":18058,"comment_status":"closed","ping_status":"open","template":"","meta":{"_acf_changed":false},"product_brand":[378],"product_cat":[377,752,751,590],"product_tag":[1689],"class_list":{"0":"post-18056","1":"product","2":"type-product","3":"status-publish","4":"has-post-thumbnail","6":"product_brand-fdm","7":"product_cat-barnmadrasser","8":"product_cat-barnmadrass-60x120","9":"product_cat-barnmadrass-70x140","10":"product_cat-fdm","11":"product_tag-bestillingsvaror","12":"pa_storlek-60x120","13":"pa_storlek-70x120","14":"pa_storlek-70x140","15":"pa_storlek-70x160","16":"pa_storlek-80x140","17":"pa_storlek-80x150","18":"pa_storlek-80x160","19":"pa_storlek-80x180","20":"pa_storlek-80x190","21":"pa_storlek-80x200","22":"pa_storlek-90x160","23":"pa_storlek-90x180","24":"pa_storlek-90x190","25":"pa_storlek-90x200","27":"first","28":"instock","29":"taxable","30":"shipping-taxable","31":"purchasable","32":"product-type-variable"},"acf":[],"yoast_head":"<!-- This site is optimized with the Yoast SEO Premium plugin v25.8 (Yoast SEO v27.2) - https:\/\/yoast.com\/product\/yoast-seo-premium-wordpress\/ -->\n<title>Skummadrass LUGO, madrass til barneseng (forskjellige st\u00f8rrelser) - Babylove Norska<\/title>\n<meta name=\"robots\" content=\"noindex, follow, max-snippet:-1, max-image-preview:large, max-video-preview:-1\" \/>\n<meta property=\"og:locale\" content=\"nb_NO\" \/>\n<meta property=\"og:type\" content=\"article\" \/>\n<meta property=\"og:title\" content=\"Skummadrass LUGO, madrass til barneseng (forskjellige st\u00f8rrelser)\" \/>\n<meta property=\"og:description\" content=\"En behagelig og deilig skummadrass med god fylling som passer til en barneseng eller til en husseng. Madrassen har et avtakbart overtrekk som gj\u00f8r at du enkelt kan vaske den og holde den frisk.&nbsp; Madrassens base er barnevennlig polyuretanskum som ikke deformeres hvilket garanterer st\u00f8tte for ryggen og s\u00f8vnkomfort. P\u00e5 oversiden ligger termoplastskum som reagerer [&hellip;]\" \/>\n<meta property=\"og:url\" content=\"https:\/\/babylove.se\/no\/produkt\/skummadrass-lugo-madrass-til-barneseng-ulike-storrelser\/\" \/>\n<meta property=\"og:site_name\" content=\"Babylove Norska\" \/>\n<meta property=\"article:modified_time\" content=\"2026-04-08T08:19:48+00:00\" \/>\n<meta property=\"og:image\" content=\"https:\/\/babylove.se\/no\/wp-content\/uploads\/sites\/3\/2025\/07\/683ee1a3ef9c2.png\" \/>\n\t<meta property=\"og:image:width\" content=\"800\" \/>\n\t<meta property=\"og:image:height\" content=\"800\" \/>\n\t<meta property=\"og:image:type\" content=\"image\/png\" \/>\n<meta name=\"twitter:card\" content=\"summary_large_image\" \/>\n<meta name=\"twitter:label1\" content=\"Availability\" \/>\n\t<meta name=\"twitter:data1\" content=\"In stock\" \/>\n<script type=\"application\/ld+json\" class=\"yoast-schema-graph\">{\"@context\":\"https:\/\/schema.org\",\"@graph\":[{\"@type\":\"WebPage\",\"@id\":\"https:\/\/babylove.se\/no\/produkt\/skummadrass-lugo-madrass-til-barneseng-ulike-storrelser\/\",\"url\":\"https:\/\/babylove.se\/no\/produkt\/skummadrass-lugo-madrass-til-barneseng-ulike-storrelser\/\",\"name\":\"Skummadrass LUGO, madrass til barneseng (forskjellige st\u00f8rrelser) - Babylove Norska\",\"isPartOf\":{\"@id\":\"https:\/\/babylove.se\/no\/#website\"},\"primaryImageOfPage\":{\"@id\":\"https:\/\/babylove.se\/no\/produkt\/skummadrass-lugo-madrass-til-barneseng-ulike-storrelser\/#primaryimage\"},\"image\":{\"@id\":\"https:\/\/babylove.se\/no\/produkt\/skummadrass-lugo-madrass-til-barneseng-ulike-storrelser\/#primaryimage\"},\"thumbnailUrl\":\"https:\/\/babylove.se\/no\/wp-content\/uploads\/sites\/3\/2025\/07\/683ee1a3ef9c2.png\",\"datePublished\":\"2025-07-18T21:14:15+00:00\",\"dateModified\":\"2026-04-08T08:19:48+00:00\",\"breadcrumb\":{\"@id\":\"https:\/\/babylove.se\/no\/produkt\/skummadrass-lugo-madrass-til-barneseng-ulike-storrelser\/#breadcrumb\"},\"inLanguage\":\"nb-NO\",\"potentialAction\":[{\"@type\":\"ReadAction\",\"target\":[\"https:\/\/babylove.se\/no\/produkt\/skummadrass-lugo-madrass-til-barneseng-ulike-storrelser\/\"]}]},{\"@type\":\"ImageObject\",\"inLanguage\":\"nb-NO\",\"@id\":\"https:\/\/babylove.se\/no\/produkt\/skummadrass-lugo-madrass-til-barneseng-ulike-storrelser\/#primaryimage\",\"url\":\"https:\/\/babylove.se\/no\/wp-content\/uploads\/sites\/3\/2025\/07\/683ee1a3ef9c2.png\",\"contentUrl\":\"https:\/\/babylove.se\/no\/wp-content\/uploads\/sites\/3\/2025\/07\/683ee1a3ef9c2.png\",\"width\":800,\"height\":800},{\"@type\":\"BreadcrumbList\",\"@id\":\"https:\/\/babylove.se\/no\/produkt\/skummadrass-lugo-madrass-til-barneseng-ulike-storrelser\/#breadcrumb\",\"itemListElement\":[{\"@type\":\"ListItem\",\"position\":1,\"name\":\"Hem\",\"item\":\"https:\/\/babylove.se\/no\/\"},{\"@type\":\"ListItem\",\"position\":2,\"name\":\"Butik\",\"item\":\"https:\/\/babylove.se\/no\/butik\/\"},{\"@type\":\"ListItem\",\"position\":3,\"name\":\"Skummadrass LUGO, madrass til barneseng (forskjellige st\u00f8rrelser)\"}]},{\"@type\":\"WebSite\",\"@id\":\"https:\/\/babylove.se\/no\/#website\",\"url\":\"https:\/\/babylove.se\/no\/\",\"name\":\"Babylove Norska\",\"description\":\"\",\"potentialAction\":[{\"@type\":\"SearchAction\",\"target\":{\"@type\":\"EntryPoint\",\"urlTemplate\":\"https:\/\/babylove.se\/no\/?s={search_term_string}\"},\"query-input\":{\"@type\":\"PropertyValueSpecification\",\"valueRequired\":true,\"valueName\":\"search_term_string\"}}],\"inLanguage\":\"nb-NO\"}]}<\/script>\n<meta property=\"product:brand\" content=\"FDM\" \/>\n<meta property=\"og:availability\" content=\"instock\" \/>\n<meta property=\"product:availability\" content=\"instock\" \/>\n<meta property=\"product:retailer_item_id\" content=\"Lugo-60x120\" \/>\n<meta property=\"product:condition\" content=\"new\" \/>\n<!-- \/ Yoast SEO Premium plugin. -->","yoast_head_json":{"title":"Skummadrass LUGO, madrass til barneseng (forskjellige st\u00f8rrelser) - Babylove Norska","robots":{"index":"noindex","follow":"follow","max-snippet":"max-snippet:-1","max-image-preview":"max-image-preview:large","max-video-preview":"max-video-preview:-1"},"og_locale":"nb_NO","og_type":"article","og_title":"Skummadrass LUGO, madrass til barneseng (forskjellige st\u00f8rrelser)","og_description":"En behagelig og deilig skummadrass med god fylling som passer til en barneseng eller til en husseng. Madrassen har et avtakbart overtrekk som gj\u00f8r at du enkelt kan vaske den og holde den frisk.&nbsp; Madrassens base er barnevennlig polyuretanskum som ikke deformeres hvilket garanterer st\u00f8tte for ryggen og s\u00f8vnkomfort. P\u00e5 oversiden ligger termoplastskum som reagerer [&hellip;]","og_url":"https:\/\/babylove.se\/no\/produkt\/skummadrass-lugo-madrass-til-barneseng-ulike-storrelser\/","og_site_name":"Babylove Norska","article_modified_time":"2026-04-08T08:19:48+00:00","og_image":[{"width":800,"height":800,"url":"https:\/\/babylove.se\/no\/wp-content\/uploads\/sites\/3\/2025\/07\/683ee1a3ef9c2.png","type":"image\/png"}],"twitter_card":"summary_large_image","twitter_misc":{"Availability":"In stock"},"schema":{"@context":"https:\/\/schema.org","@graph":[{"@type":"WebPage","@id":"https:\/\/babylove.se\/no\/produkt\/skummadrass-lugo-madrass-til-barneseng-ulike-storrelser\/","url":"https:\/\/babylove.se\/no\/produkt\/skummadrass-lugo-madrass-til-barneseng-ulike-storrelser\/","name":"Skummadrass LUGO, madrass til barneseng (forskjellige st\u00f8rrelser) - Babylove Norska","isPartOf":{"@id":"https:\/\/babylove.se\/no\/#website"},"primaryImageOfPage":{"@id":"https:\/\/babylove.se\/no\/produkt\/skummadrass-lugo-madrass-til-barneseng-ulike-storrelser\/#primaryimage"},"image":{"@id":"https:\/\/babylove.se\/no\/produkt\/skummadrass-lugo-madrass-til-barneseng-ulike-storrelser\/#primaryimage"},"thumbnailUrl":"https:\/\/babylove.se\/no\/wp-content\/uploads\/sites\/3\/2025\/07\/683ee1a3ef9c2.png","datePublished":"2025-07-18T21:14:15+00:00","dateModified":"2026-04-08T08:19:48+00:00","breadcrumb":{"@id":"https:\/\/babylove.se\/no\/produkt\/skummadrass-lugo-madrass-til-barneseng-ulike-storrelser\/#breadcrumb"},"inLanguage":"nb-NO","potentialAction":[{"@type":"ReadAction","target":["https:\/\/babylove.se\/no\/produkt\/skummadrass-lugo-madrass-til-barneseng-ulike-storrelser\/"]}]},{"@type":"ImageObject","inLanguage":"nb-NO","@id":"https:\/\/babylove.se\/no\/produkt\/skummadrass-lugo-madrass-til-barneseng-ulike-storrelser\/#primaryimage","url":"https:\/\/babylove.se\/no\/wp-content\/uploads\/sites\/3\/2025\/07\/683ee1a3ef9c2.png","contentUrl":"https:\/\/babylove.se\/no\/wp-content\/uploads\/sites\/3\/2025\/07\/683ee1a3ef9c2.png","width":800,"height":800},{"@type":"BreadcrumbList","@id":"https:\/\/babylove.se\/no\/produkt\/skummadrass-lugo-madrass-til-barneseng-ulike-storrelser\/#breadcrumb","itemListElement":[{"@type":"ListItem","position":1,"name":"Hem","item":"https:\/\/babylove.se\/no\/"},{"@type":"ListItem","position":2,"name":"Butik","item":"https:\/\/babylove.se\/no\/butik\/"},{"@type":"ListItem","position":3,"name":"Skummadrass LUGO, madrass til barneseng (forskjellige st\u00f8rrelser)"}]},{"@type":"WebSite","@id":"https:\/\/babylove.se\/no\/#website","url":"https:\/\/babylove.se\/no\/","name":"Babylove Norska","description":"","potentialAction":[{"@type":"SearchAction","target":{"@type":"EntryPoint","urlTemplate":"https:\/\/babylove.se\/no\/?s={search_term_string}"},"query-input":{"@type":"PropertyValueSpecification","valueRequired":true,"valueName":"search_term_string"}}],"inLanguage":"nb-NO"}]},"product_brand":"FDM","og_availability":"instock","product_availability":"instock","product_retailer_item_id":"Lugo-60x120","product_condition":"new"},"_links":{"self":[{"href":"https:\/\/babylove.se\/no\/wp-json\/wp\/v2\/product\/18056","targetHints":{"allow":["GET"]}}],"collection":[{"href":"https:\/\/babylove.se\/no\/wp-json\/wp\/v2\/product"}],"about":[{"href":"https:\/\/babylove.se\/no\/wp-json\/wp\/v2\/types\/product"}],"replies":[{"embeddable":true,"href":"https:\/\/babylove.se\/no\/wp-json\/wp\/v2\/comments?post=18056"}],"wp:featuredmedia":[{"embeddable":true,"href":"https:\/\/babylove.se\/no\/wp-json\/wp\/v2\/media\/18058"}],"wp:attachment":[{"href":"https:\/\/babylove.se\/no\/wp-json\/wp\/v2\/media?parent=18056"}],"wp:term":[{"taxonomy":"product_brand","embeddable":true,"href":"https:\/\/babylove.se\/no\/wp-json\/wp\/v2\/product_brand?post=18056"},{"taxonomy":"product_cat","embeddable":true,"href":"https:\/\/babylove.se\/no\/wp-json\/wp\/v2\/product_cat?post=18056"},{"taxonomy":"product_tag","embeddable":true,"href":"https:\/\/babylove.se\/no\/wp-json\/wp\/v2\/product_tag?post=18056"}],"curies":[{"name":"wp","href":"https:\/\/api.w.org\/{rel}","templated":true}]}}