{"id":18093,"date":"2025-07-18T22:14:39","date_gmt":"2025-07-18T21:14:39","guid":{"rendered":"https:\/\/babylove.se\/produkt\/liewood-silikon-haklapp-2-pack-yellow-mellow\/"},"modified":"2026-04-08T09:20:06","modified_gmt":"2026-04-08T08:20:06","slug":"liewood-silikon-smekke-2-pack-yellow-mellow","status":"publish","type":"product","link":"https:\/\/babylove.se\/no\/produkt\/liewood-silikon-smekke-2-pack-yellow-mellow\/","title":{"rendered":"Liewood, silikon smekke 2-pack, yellow mellow"},"content":{"rendered":"<p>En fin og meget praktisk 2-pakke med s\u00f8te smekker fra det danske selskapet Liewood som gj\u00f8r m\u00e5ltidet til en behagelig stund for b\u00e5de deg og ditt barn. Forh\u00e5pentligvis blir den ogs\u00e5 noe mindre s\u00f8lete og du kan enkelt vaske smekken da den er helt laget av silikon. Match den gjerne med andre fine produkter i samme type kolleksjon. <\/p>\n<p><strong>Material<\/strong>: 100 % Silikon <\/p>\n<p><strong>M\u00e5l<\/strong>: 29 cm x 22 cm , 2 pakk ! <\/p>\n<p>Designer: <a href=\"https:\/\/babylove.se\/varumarken\/liewood\"><u>Liewood<\/u><\/a><\/p>\n","protected":false},"excerpt":{"rendered":"<p>En fin og meget praktisk 2-pakke med s\u00f8te smekker fra det danske selskapet Liewood som gj\u00f8r m\u00e5ltidet til en behagelig stund for b\u00e5de deg og ditt barn. Forh\u00e5pentligvis blir den ogs\u00e5 noe mindre s\u00f8lete og du kan enkelt vaske smekken da den er helt laget av silikon. Match den gjerne med andre fine produkter i [&hellip;]<\/p>\n","protected":false},"featured_media":18095,"comment_status":"closed","ping_status":"closed","template":"","meta":{"_acf_changed":false},"product_brand":[282],"product_cat":[283,206],"product_tag":[],"class_list":{"0":"post-18093","1":"product","2":"type-product","3":"status-publish","4":"has-post-thumbnail","6":"product_brand-liewood","7":"product_cat-liewood","8":"product_cat-smekker","10":"first","11":"outofstock","12":"taxable","13":"shipping-taxable","14":"purchasable","15":"product-type-simple"},"acf":[],"yoast_head":"<!-- This site is optimized with the Yoast SEO Premium plugin v25.8 (Yoast SEO v27.2) - https:\/\/yoast.com\/product\/yoast-seo-premium-wordpress\/ -->\n<title>Liewood, silikon smekke 2-pack, yellow mellow - Babylove Norska<\/title>\n<meta name=\"robots\" content=\"noindex, follow, max-snippet:-1, max-image-preview:large, max-video-preview:-1\" \/>\n<meta property=\"og:locale\" content=\"nb_NO\" \/>\n<meta property=\"og:type\" content=\"article\" \/>\n<meta property=\"og:title\" content=\"Liewood, silikon smekke 2-pack, yellow mellow\" \/>\n<meta property=\"og:description\" content=\"En fin og meget praktisk 2-pakke med s\u00f8te smekker fra det danske selskapet Liewood som gj\u00f8r m\u00e5ltidet til en behagelig stund for b\u00e5de deg og ditt barn. Forh\u00e5pentligvis blir den ogs\u00e5 noe mindre s\u00f8lete og du kan enkelt vaske smekken da den er helt laget av silikon. Match den gjerne med andre fine produkter i [&hellip;]\" \/>\n<meta property=\"og:url\" content=\"https:\/\/babylove.se\/no\/produkt\/liewood-silikon-smekke-2-pack-yellow-mellow\/\" \/>\n<meta property=\"og:site_name\" content=\"Babylove Norska\" \/>\n<meta property=\"article:modified_time\" content=\"2026-04-08T08:20:06+00:00\" \/>\n<meta property=\"og:image\" content=\"https:\/\/babylove.se\/no\/wp-content\/uploads\/sites\/3\/2025\/07\/5ec17652ea7f4.jpeg\" \/>\n\t<meta property=\"og:image:width\" content=\"750\" \/>\n\t<meta property=\"og:image:height\" content=\"750\" \/>\n\t<meta property=\"og:image:type\" content=\"image\/jpeg\" \/>\n<meta name=\"twitter:card\" content=\"summary_large_image\" \/>\n<meta name=\"twitter:label1\" content=\"Price\" \/>\n\t<meta name=\"twitter:data1\" content=\"219,00&nbsp;&#107;&#114;\" \/>\n\t<meta name=\"twitter:label2\" content=\"Availability\" \/>\n\t<meta name=\"twitter:data2\" content=\"Out of stock\" \/>\n<script type=\"application\/ld+json\" class=\"yoast-schema-graph\">{\"@context\":\"https:\/\/schema.org\",\"@graph\":[{\"@type\":\"WebPage\",\"@id\":\"https:\/\/babylove.se\/no\/produkt\/liewood-silikon-smekke-2-pack-yellow-mellow\/\",\"url\":\"https:\/\/babylove.se\/no\/produkt\/liewood-silikon-smekke-2-pack-yellow-mellow\/\",\"name\":\"Liewood, silikon smekke 2-pack, yellow mellow - Babylove Norska\",\"isPartOf\":{\"@id\":\"https:\/\/babylove.se\/no\/#website\"},\"primaryImageOfPage\":{\"@id\":\"https:\/\/babylove.se\/no\/produkt\/liewood-silikon-smekke-2-pack-yellow-mellow\/#primaryimage\"},\"image\":{\"@id\":\"https:\/\/babylove.se\/no\/produkt\/liewood-silikon-smekke-2-pack-yellow-mellow\/#primaryimage\"},\"thumbnailUrl\":\"https:\/\/babylove.se\/no\/wp-content\/uploads\/sites\/3\/2025\/07\/5ec17652ea7f4.jpeg\",\"datePublished\":\"2025-07-18T21:14:39+00:00\",\"dateModified\":\"2026-04-08T08:20:06+00:00\",\"breadcrumb\":{\"@id\":\"https:\/\/babylove.se\/no\/produkt\/liewood-silikon-smekke-2-pack-yellow-mellow\/#breadcrumb\"},\"inLanguage\":\"nb-NO\",\"potentialAction\":[{\"@type\":\"ReadAction\",\"target\":[\"https:\/\/babylove.se\/no\/produkt\/liewood-silikon-smekke-2-pack-yellow-mellow\/\"]}]},{\"@type\":\"ImageObject\",\"inLanguage\":\"nb-NO\",\"@id\":\"https:\/\/babylove.se\/no\/produkt\/liewood-silikon-smekke-2-pack-yellow-mellow\/#primaryimage\",\"url\":\"https:\/\/babylove.se\/no\/wp-content\/uploads\/sites\/3\/2025\/07\/5ec17652ea7f4.jpeg\",\"contentUrl\":\"https:\/\/babylove.se\/no\/wp-content\/uploads\/sites\/3\/2025\/07\/5ec17652ea7f4.jpeg\",\"width\":750,\"height\":750},{\"@type\":\"BreadcrumbList\",\"@id\":\"https:\/\/babylove.se\/no\/produkt\/liewood-silikon-smekke-2-pack-yellow-mellow\/#breadcrumb\",\"itemListElement\":[{\"@type\":\"ListItem\",\"position\":1,\"name\":\"Hem\",\"item\":\"https:\/\/babylove.se\/no\/\"},{\"@type\":\"ListItem\",\"position\":2,\"name\":\"Butik\",\"item\":\"https:\/\/babylove.se\/no\/butik\/\"},{\"@type\":\"ListItem\",\"position\":3,\"name\":\"Liewood, silikon smekke 2-pack, yellow mellow\"}]},{\"@type\":\"WebSite\",\"@id\":\"https:\/\/babylove.se\/no\/#website\",\"url\":\"https:\/\/babylove.se\/no\/\",\"name\":\"Babylove Norska\",\"description\":\"\",\"potentialAction\":[{\"@type\":\"SearchAction\",\"target\":{\"@type\":\"EntryPoint\",\"urlTemplate\":\"https:\/\/babylove.se\/no\/?s={search_term_string}\"},\"query-input\":{\"@type\":\"PropertyValueSpecification\",\"valueRequired\":true,\"valueName\":\"search_term_string\"}}],\"inLanguage\":\"nb-NO\"}]}<\/script>\n<meta property=\"product:brand\" content=\"Liewood\" \/>\n<meta property=\"product:price:amount\" content=\"219.00\" \/>\n<meta property=\"product:price:currency\" content=\"SEK\" \/>\n<meta property=\"og:availability\" content=\"out of stock\" \/>\n<meta property=\"product:availability\" content=\"out of stock\" \/>\n<meta property=\"product:retailer_item_id\" content=\"3211\" \/>\n<meta property=\"product:condition\" content=\"new\" \/>\n<!-- \/ Yoast SEO Premium plugin. -->","yoast_head_json":{"title":"Liewood, silikon smekke 2-pack, yellow mellow - Babylove Norska","robots":{"index":"noindex","follow":"follow","max-snippet":"max-snippet:-1","max-image-preview":"max-image-preview:large","max-video-preview":"max-video-preview:-1"},"og_locale":"nb_NO","og_type":"article","og_title":"Liewood, silikon smekke 2-pack, yellow mellow","og_description":"En fin og meget praktisk 2-pakke med s\u00f8te smekker fra det danske selskapet Liewood som gj\u00f8r m\u00e5ltidet til en behagelig stund for b\u00e5de deg og ditt barn. Forh\u00e5pentligvis blir den ogs\u00e5 noe mindre s\u00f8lete og du kan enkelt vaske smekken da den er helt laget av silikon. Match den gjerne med andre fine produkter i [&hellip;]","og_url":"https:\/\/babylove.se\/no\/produkt\/liewood-silikon-smekke-2-pack-yellow-mellow\/","og_site_name":"Babylove Norska","article_modified_time":"2026-04-08T08:20:06+00:00","og_image":[{"width":750,"height":750,"url":"https:\/\/babylove.se\/no\/wp-content\/uploads\/sites\/3\/2025\/07\/5ec17652ea7f4.jpeg","type":"image\/jpeg"}],"twitter_card":"summary_large_image","twitter_misc":{"Price":"219,00&nbsp;&#107;&#114;","Availability":"Out of stock"},"schema":{"@context":"https:\/\/schema.org","@graph":[{"@type":"WebPage","@id":"https:\/\/babylove.se\/no\/produkt\/liewood-silikon-smekke-2-pack-yellow-mellow\/","url":"https:\/\/babylove.se\/no\/produkt\/liewood-silikon-smekke-2-pack-yellow-mellow\/","name":"Liewood, silikon smekke 2-pack, yellow mellow - Babylove Norska","isPartOf":{"@id":"https:\/\/babylove.se\/no\/#website"},"primaryImageOfPage":{"@id":"https:\/\/babylove.se\/no\/produkt\/liewood-silikon-smekke-2-pack-yellow-mellow\/#primaryimage"},"image":{"@id":"https:\/\/babylove.se\/no\/produkt\/liewood-silikon-smekke-2-pack-yellow-mellow\/#primaryimage"},"thumbnailUrl":"https:\/\/babylove.se\/no\/wp-content\/uploads\/sites\/3\/2025\/07\/5ec17652ea7f4.jpeg","datePublished":"2025-07-18T21:14:39+00:00","dateModified":"2026-04-08T08:20:06+00:00","breadcrumb":{"@id":"https:\/\/babylove.se\/no\/produkt\/liewood-silikon-smekke-2-pack-yellow-mellow\/#breadcrumb"},"inLanguage":"nb-NO","potentialAction":[{"@type":"ReadAction","target":["https:\/\/babylove.se\/no\/produkt\/liewood-silikon-smekke-2-pack-yellow-mellow\/"]}]},{"@type":"ImageObject","inLanguage":"nb-NO","@id":"https:\/\/babylove.se\/no\/produkt\/liewood-silikon-smekke-2-pack-yellow-mellow\/#primaryimage","url":"https:\/\/babylove.se\/no\/wp-content\/uploads\/sites\/3\/2025\/07\/5ec17652ea7f4.jpeg","contentUrl":"https:\/\/babylove.se\/no\/wp-content\/uploads\/sites\/3\/2025\/07\/5ec17652ea7f4.jpeg","width":750,"height":750},{"@type":"BreadcrumbList","@id":"https:\/\/babylove.se\/no\/produkt\/liewood-silikon-smekke-2-pack-yellow-mellow\/#breadcrumb","itemListElement":[{"@type":"ListItem","position":1,"name":"Hem","item":"https:\/\/babylove.se\/no\/"},{"@type":"ListItem","position":2,"name":"Butik","item":"https:\/\/babylove.se\/no\/butik\/"},{"@type":"ListItem","position":3,"name":"Liewood, silikon smekke 2-pack, yellow mellow"}]},{"@type":"WebSite","@id":"https:\/\/babylove.se\/no\/#website","url":"https:\/\/babylove.se\/no\/","name":"Babylove Norska","description":"","potentialAction":[{"@type":"SearchAction","target":{"@type":"EntryPoint","urlTemplate":"https:\/\/babylove.se\/no\/?s={search_term_string}"},"query-input":{"@type":"PropertyValueSpecification","valueRequired":true,"valueName":"search_term_string"}}],"inLanguage":"nb-NO"}]},"product_brand":"Liewood","product_price_amount":"219.00","product_price_currency":"SEK","og_availability":"out of stock","product_availability":"out of stock","product_retailer_item_id":"3211","product_condition":"new"},"_links":{"self":[{"href":"https:\/\/babylove.se\/no\/wp-json\/wp\/v2\/product\/18093","targetHints":{"allow":["GET"]}}],"collection":[{"href":"https:\/\/babylove.se\/no\/wp-json\/wp\/v2\/product"}],"about":[{"href":"https:\/\/babylove.se\/no\/wp-json\/wp\/v2\/types\/product"}],"replies":[{"embeddable":true,"href":"https:\/\/babylove.se\/no\/wp-json\/wp\/v2\/comments?post=18093"}],"wp:featuredmedia":[{"embeddable":true,"href":"https:\/\/babylove.se\/no\/wp-json\/wp\/v2\/media\/18095"}],"wp:attachment":[{"href":"https:\/\/babylove.se\/no\/wp-json\/wp\/v2\/media?parent=18093"}],"wp:term":[{"taxonomy":"product_brand","embeddable":true,"href":"https:\/\/babylove.se\/no\/wp-json\/wp\/v2\/product_brand?post=18093"},{"taxonomy":"product_cat","embeddable":true,"href":"https:\/\/babylove.se\/no\/wp-json\/wp\/v2\/product_cat?post=18093"},{"taxonomy":"product_tag","embeddable":true,"href":"https:\/\/babylove.se\/no\/wp-json\/wp\/v2\/product_tag?post=18093"}],"curies":[{"name":"wp","href":"https:\/\/api.w.org\/{rel}","templated":true}]}}