{"id":1812,"date":"2025-07-18T20:04:33","date_gmt":"2025-07-18T19:04:33","guid":{"rendered":"https:\/\/babylove.se\/produkt\/skotbadd-standard-rose-ng-baby-mood\/"},"modified":"2026-05-11T12:58:16","modified_gmt":"2026-05-11T11:58:16","slug":"skotbad-standard-rose-ng-baby-mood","status":"publish","type":"product","link":"https:\/\/babylove.se\/no\/produkt\/skotbad-standard-rose-ng-baby-mood\/","title":{"rendered":"Stellebord standard Rose, NG Baby Mood"},"content":{"rendered":"<p>Denne stelleputen fra sm\u00e5landske NG Baby er b\u00e5de myk og behagelig for det lille barnet. Stelleputen er enkel \u00e5 holde ren da stoffet er helt avt\u00f8rkbart og dessuten kan man ta det av for vask, takket v\u00e6re glidel\u00e5sen. Stelleputen passer p\u00e5 de aller fleste stellebord med standardm\u00e5l.&nbsp;<\/p>\n<p>Fyllet er laget av resirkulert polyesterfiber, som man enkelt kan gj\u00f8re rent i dusjen. Men husk \u00e5 klemme ut vannet, ikke vri det ut.<\/p>\n<p><strong>St\u00f8rrelse:&nbsp;<\/strong>67 cm x 50 cm , 100% Lin.&nbsp;<\/p>\n","protected":false},"excerpt":{"rendered":"<p>Denne stelleputen fra sm\u00e5landske NG Baby er b\u00e5de myk og behagelig for det lille barnet. Stelleputen er enkel \u00e5 holde ren da stoffet er helt avt\u00f8rkbart og dessuten kan man ta det av for vask, takket v\u00e6re glidel\u00e5sen. Stelleputen passer p\u00e5 de aller fleste stellebord med standardm\u00e5l.&nbsp; Fyllet er laget av resirkulert polyesterfiber, som man [&hellip;]<\/p>\n","protected":false},"featured_media":1814,"comment_status":"closed","ping_status":"open","template":"","meta":{"_acf_changed":false},"product_brand":[107],"product_cat":[109,57],"product_tag":[1689],"class_list":{"0":"post-1812","1":"product","2":"type-product","3":"status-publish","4":"has-post-thumbnail","6":"product_brand-ng-baby","7":"product_cat-ng-baby","8":"product_cat-skobadder","9":"product_tag-bestillingsvaror","11":"first","12":"outofstock","13":"taxable","14":"shipping-taxable","15":"purchasable","16":"product-type-simple"},"acf":[],"yoast_head":"<!-- This site is optimized with the Yoast SEO Premium plugin v25.8 (Yoast SEO v27.2) - https:\/\/yoast.com\/product\/yoast-seo-premium-wordpress\/ -->\n<title>Stellebord standard Rose, NG Baby Mood - Babylove Norska<\/title>\n<meta name=\"robots\" content=\"noindex, follow, max-snippet:-1, max-image-preview:large, max-video-preview:-1\" \/>\n<meta property=\"og:locale\" content=\"nb_NO\" \/>\n<meta property=\"og:type\" content=\"article\" \/>\n<meta property=\"og:title\" content=\"Stellebord standard Rose, NG Baby Mood\" \/>\n<meta property=\"og:description\" content=\"Denne stelleputen fra sm\u00e5landske NG Baby er b\u00e5de myk og behagelig for det lille barnet. Stelleputen er enkel \u00e5 holde ren da stoffet er helt avt\u00f8rkbart og dessuten kan man ta det av for vask, takket v\u00e6re glidel\u00e5sen. Stelleputen passer p\u00e5 de aller fleste stellebord med standardm\u00e5l.&nbsp; Fyllet er laget av resirkulert polyesterfiber, som man [&hellip;]\" \/>\n<meta property=\"og:url\" content=\"https:\/\/babylove.se\/no\/produkt\/skotbad-standard-rose-ng-baby-mood\/\" \/>\n<meta property=\"og:site_name\" content=\"Babylove Norska\" \/>\n<meta property=\"article:modified_time\" content=\"2026-05-11T11:58:16+00:00\" \/>\n<meta property=\"og:image\" content=\"https:\/\/babylove.se\/no\/wp-content\/uploads\/sites\/3\/2025\/07\/581f71406d779.jpeg\" \/>\n\t<meta property=\"og:image:width\" content=\"750\" \/>\n\t<meta property=\"og:image:height\" content=\"460\" \/>\n\t<meta property=\"og:image:type\" content=\"image\/jpeg\" \/>\n<meta name=\"twitter:card\" content=\"summary_large_image\" \/>\n<meta name=\"twitter:label1\" content=\"Price\" \/>\n\t<meta name=\"twitter:data1\" content=\"839,00&nbsp;&#107;&#114;\" \/>\n\t<meta name=\"twitter:label2\" content=\"Availability\" \/>\n\t<meta name=\"twitter:data2\" content=\"Out of stock\" \/>\n<script type=\"application\/ld+json\" class=\"yoast-schema-graph\">{\"@context\":\"https:\/\/schema.org\",\"@graph\":[{\"@type\":\"WebPage\",\"@id\":\"https:\/\/babylove.se\/no\/produkt\/skotbad-standard-rose-ng-baby-mood\/\",\"url\":\"https:\/\/babylove.se\/no\/produkt\/skotbad-standard-rose-ng-baby-mood\/\",\"name\":\"Stellebord standard Rose, NG Baby Mood - Babylove Norska\",\"isPartOf\":{\"@id\":\"https:\/\/babylove.se\/no\/#website\"},\"primaryImageOfPage\":{\"@id\":\"https:\/\/babylove.se\/no\/produkt\/skotbad-standard-rose-ng-baby-mood\/#primaryimage\"},\"image\":{\"@id\":\"https:\/\/babylove.se\/no\/produkt\/skotbad-standard-rose-ng-baby-mood\/#primaryimage\"},\"thumbnailUrl\":\"https:\/\/babylove.se\/no\/wp-content\/uploads\/sites\/3\/2025\/07\/581f71406d779.jpeg\",\"datePublished\":\"2025-07-18T19:04:33+00:00\",\"dateModified\":\"2026-05-11T11:58:16+00:00\",\"breadcrumb\":{\"@id\":\"https:\/\/babylove.se\/no\/produkt\/skotbad-standard-rose-ng-baby-mood\/#breadcrumb\"},\"inLanguage\":\"nb-NO\",\"potentialAction\":[{\"@type\":\"ReadAction\",\"target\":[\"https:\/\/babylove.se\/no\/produkt\/skotbad-standard-rose-ng-baby-mood\/\"]}]},{\"@type\":\"ImageObject\",\"inLanguage\":\"nb-NO\",\"@id\":\"https:\/\/babylove.se\/no\/produkt\/skotbad-standard-rose-ng-baby-mood\/#primaryimage\",\"url\":\"https:\/\/babylove.se\/no\/wp-content\/uploads\/sites\/3\/2025\/07\/581f71406d779.jpeg\",\"contentUrl\":\"https:\/\/babylove.se\/no\/wp-content\/uploads\/sites\/3\/2025\/07\/581f71406d779.jpeg\",\"width\":750,\"height\":460},{\"@type\":\"BreadcrumbList\",\"@id\":\"https:\/\/babylove.se\/no\/produkt\/skotbad-standard-rose-ng-baby-mood\/#breadcrumb\",\"itemListElement\":[{\"@type\":\"ListItem\",\"position\":1,\"name\":\"Hem\",\"item\":\"https:\/\/babylove.se\/no\/\"},{\"@type\":\"ListItem\",\"position\":2,\"name\":\"Butik\",\"item\":\"https:\/\/babylove.se\/no\/butik\/\"},{\"@type\":\"ListItem\",\"position\":3,\"name\":\"Stellebord standard Rose, NG Baby Mood\"}]},{\"@type\":\"WebSite\",\"@id\":\"https:\/\/babylove.se\/no\/#website\",\"url\":\"https:\/\/babylove.se\/no\/\",\"name\":\"Babylove Norska\",\"description\":\"\",\"potentialAction\":[{\"@type\":\"SearchAction\",\"target\":{\"@type\":\"EntryPoint\",\"urlTemplate\":\"https:\/\/babylove.se\/no\/?s={search_term_string}\"},\"query-input\":{\"@type\":\"PropertyValueSpecification\",\"valueRequired\":true,\"valueName\":\"search_term_string\"}}],\"inLanguage\":\"nb-NO\"}]}<\/script>\n<meta property=\"product:brand\" content=\"Ng Baby\" \/>\n<meta property=\"product:price:amount\" content=\"839.00\" \/>\n<meta property=\"product:price:currency\" content=\"NOK\" \/>\n<meta property=\"og:availability\" content=\"out of stock\" \/>\n<meta property=\"product:availability\" content=\"out of stock\" \/>\n<meta property=\"product:retailer_item_id\" content=\"70700-006\" \/>\n<meta property=\"product:condition\" content=\"new\" \/>\n<!-- \/ Yoast SEO Premium plugin. -->","yoast_head_json":{"title":"Stellebord standard Rose, NG Baby Mood - Babylove Norska","robots":{"index":"noindex","follow":"follow","max-snippet":"max-snippet:-1","max-image-preview":"max-image-preview:large","max-video-preview":"max-video-preview:-1"},"og_locale":"nb_NO","og_type":"article","og_title":"Stellebord standard Rose, NG Baby Mood","og_description":"Denne stelleputen fra sm\u00e5landske NG Baby er b\u00e5de myk og behagelig for det lille barnet. Stelleputen er enkel \u00e5 holde ren da stoffet er helt avt\u00f8rkbart og dessuten kan man ta det av for vask, takket v\u00e6re glidel\u00e5sen. Stelleputen passer p\u00e5 de aller fleste stellebord med standardm\u00e5l.&nbsp; Fyllet er laget av resirkulert polyesterfiber, som man [&hellip;]","og_url":"https:\/\/babylove.se\/no\/produkt\/skotbad-standard-rose-ng-baby-mood\/","og_site_name":"Babylove Norska","article_modified_time":"2026-05-11T11:58:16+00:00","og_image":[{"width":750,"height":460,"url":"https:\/\/babylove.se\/no\/wp-content\/uploads\/sites\/3\/2025\/07\/581f71406d779.jpeg","type":"image\/jpeg"}],"twitter_card":"summary_large_image","twitter_misc":{"Price":"839,00&nbsp;&#107;&#114;","Availability":"Out of stock"},"schema":{"@context":"https:\/\/schema.org","@graph":[{"@type":"WebPage","@id":"https:\/\/babylove.se\/no\/produkt\/skotbad-standard-rose-ng-baby-mood\/","url":"https:\/\/babylove.se\/no\/produkt\/skotbad-standard-rose-ng-baby-mood\/","name":"Stellebord standard Rose, NG Baby Mood - Babylove Norska","isPartOf":{"@id":"https:\/\/babylove.se\/no\/#website"},"primaryImageOfPage":{"@id":"https:\/\/babylove.se\/no\/produkt\/skotbad-standard-rose-ng-baby-mood\/#primaryimage"},"image":{"@id":"https:\/\/babylove.se\/no\/produkt\/skotbad-standard-rose-ng-baby-mood\/#primaryimage"},"thumbnailUrl":"https:\/\/babylove.se\/no\/wp-content\/uploads\/sites\/3\/2025\/07\/581f71406d779.jpeg","datePublished":"2025-07-18T19:04:33+00:00","dateModified":"2026-05-11T11:58:16+00:00","breadcrumb":{"@id":"https:\/\/babylove.se\/no\/produkt\/skotbad-standard-rose-ng-baby-mood\/#breadcrumb"},"inLanguage":"nb-NO","potentialAction":[{"@type":"ReadAction","target":["https:\/\/babylove.se\/no\/produkt\/skotbad-standard-rose-ng-baby-mood\/"]}]},{"@type":"ImageObject","inLanguage":"nb-NO","@id":"https:\/\/babylove.se\/no\/produkt\/skotbad-standard-rose-ng-baby-mood\/#primaryimage","url":"https:\/\/babylove.se\/no\/wp-content\/uploads\/sites\/3\/2025\/07\/581f71406d779.jpeg","contentUrl":"https:\/\/babylove.se\/no\/wp-content\/uploads\/sites\/3\/2025\/07\/581f71406d779.jpeg","width":750,"height":460},{"@type":"BreadcrumbList","@id":"https:\/\/babylove.se\/no\/produkt\/skotbad-standard-rose-ng-baby-mood\/#breadcrumb","itemListElement":[{"@type":"ListItem","position":1,"name":"Hem","item":"https:\/\/babylove.se\/no\/"},{"@type":"ListItem","position":2,"name":"Butik","item":"https:\/\/babylove.se\/no\/butik\/"},{"@type":"ListItem","position":3,"name":"Stellebord standard Rose, NG Baby Mood"}]},{"@type":"WebSite","@id":"https:\/\/babylove.se\/no\/#website","url":"https:\/\/babylove.se\/no\/","name":"Babylove Norska","description":"","potentialAction":[{"@type":"SearchAction","target":{"@type":"EntryPoint","urlTemplate":"https:\/\/babylove.se\/no\/?s={search_term_string}"},"query-input":{"@type":"PropertyValueSpecification","valueRequired":true,"valueName":"search_term_string"}}],"inLanguage":"nb-NO"}]},"product_brand":"Ng Baby","product_price_amount":"839.00","product_price_currency":"NOK","og_availability":"out of stock","product_availability":"out of stock","product_retailer_item_id":"70700-006","product_condition":"new"},"_links":{"self":[{"href":"https:\/\/babylove.se\/no\/wp-json\/wp\/v2\/product\/1812","targetHints":{"allow":["GET"]}}],"collection":[{"href":"https:\/\/babylove.se\/no\/wp-json\/wp\/v2\/product"}],"about":[{"href":"https:\/\/babylove.se\/no\/wp-json\/wp\/v2\/types\/product"}],"replies":[{"embeddable":true,"href":"https:\/\/babylove.se\/no\/wp-json\/wp\/v2\/comments?post=1812"}],"wp:featuredmedia":[{"embeddable":true,"href":"https:\/\/babylove.se\/no\/wp-json\/wp\/v2\/media\/1814"}],"wp:attachment":[{"href":"https:\/\/babylove.se\/no\/wp-json\/wp\/v2\/media?parent=1812"}],"wp:term":[{"taxonomy":"product_brand","embeddable":true,"href":"https:\/\/babylove.se\/no\/wp-json\/wp\/v2\/product_brand?post=1812"},{"taxonomy":"product_cat","embeddable":true,"href":"https:\/\/babylove.se\/no\/wp-json\/wp\/v2\/product_cat?post=1812"},{"taxonomy":"product_tag","embeddable":true,"href":"https:\/\/babylove.se\/no\/wp-json\/wp\/v2\/product_tag?post=1812"}],"curies":[{"name":"wp","href":"https:\/\/api.w.org\/{rel}","templated":true}]}}