{"id":18167,"date":"2025-07-18T22:15:17","date_gmt":"2025-07-18T21:15:17","guid":{"rendered":"https:\/\/babylove.se\/produkt\/tellkiddo-papperspase-sovande-bjorn\/"},"modified":"2026-04-08T09:20:58","modified_gmt":"2026-04-08T08:20:58","slug":"tellkiddo-papirpose-sovende-bjorn","status":"publish","type":"product","link":"https:\/\/babylove.se\/no\/produkt\/tellkiddo-papirpose-sovende-bjorn\/","title":{"rendered":"Tellkiddo papirpose sovende bj\u00f8rn"},"content":{"rendered":"<p><strong>Tellkiddo papirpose sovende bj\u00f8rn&nbsp;<\/strong><\/p>\n<p>Denne fine oppbevaringsposen er helt laget av papir og unik i sitt slag.&nbsp;<\/p>\n<p>Et morsomt og annerledes alternativ til din \u00f8vrige oppbevaring. Du kan enkelt oppbevare leker, puter eller sengeteppet til sengen. Eller hvorfor ikke bruke den som vaskesekk? Foruten at den er praktisk er det ogs\u00e5 en fin detalj i barneromsinnredningen din. Produktet er helt milj\u00f8vennlig og helt gjenvinningsbar.&nbsp;<\/p>\n<p>Du kan ikke v\u00e6re mer b\u00e6rekraftsbevisst i ditt valg av oppbevaring til barnerommet.&nbsp;<\/p>\n<p><strong>M\u00e5l&nbsp;<\/strong>: 55x22x80 cm.&nbsp;<\/p>\n<p>Materiale: Laget av resirkulert papir.<\/p>\n<p>Designer: <a href=\"https:\/\/babylove.se\/varumarken\/tellkiddo\"><u>Tellkiddo&nbsp;<\/u><\/a><\/p>\n","protected":false},"excerpt":{"rendered":"<p>Tellkiddo papirpose sovende bj\u00f8rn&nbsp; Denne fine oppbevaringsposen er helt laget av papir og unik i sitt slag.&nbsp; Et morsomt og annerledes alternativ til din \u00f8vrige oppbevaring. Du kan enkelt oppbevare leker, puter eller sengeteppet til sengen. Eller hvorfor ikke bruke den som vaskesekk? Foruten at den er praktisk er det ogs\u00e5 en fin detalj i [&hellip;]<\/p>\n","protected":false},"featured_media":18169,"comment_status":"closed","ping_status":"open","template":"","meta":{"_acf_changed":false},"product_brand":[126],"product_cat":[26,25,43,127],"product_tag":[],"class_list":{"0":"post-18167","1":"product","2":"type-product","3":"status-publish","4":"has-post-thumbnail","6":"product_brand-tellkiddo","7":"product_cat-kjop-produkter-som-ikke-bare-er-for-gutter","8":"product_cat-ikke-bare-jenter","9":"product_cat-oppbevaringskurver","10":"product_cat-tellkiddo","12":"first","13":"outofstock","14":"taxable","15":"shipping-taxable","16":"purchasable","17":"product-type-simple"},"acf":[],"yoast_head":"<!-- This site is optimized with the Yoast SEO Premium plugin v25.8 (Yoast SEO v27.2) - https:\/\/yoast.com\/product\/yoast-seo-premium-wordpress\/ -->\n<title>Tellkiddo papirpose sovende bj\u00f8rn - Babylove Norska<\/title>\n<meta name=\"description\" content=\"Ett roligt och annorlunda alternativ till din \u00f6vriga f\u00f6rvaring. Du kan enkelt f\u00f6rvara leksaker, kuddar eller \u00f6verkastet till s\u00e4ngen - skickas inom 24 timmar\" \/>\n<meta name=\"robots\" content=\"noindex, follow, max-snippet:-1, max-image-preview:large, max-video-preview:-1\" \/>\n<meta property=\"og:locale\" content=\"nb_NO\" \/>\n<meta property=\"og:type\" content=\"article\" \/>\n<meta property=\"og:title\" content=\"Tellkiddo papirpose sovende bj\u00f8rn\" \/>\n<meta property=\"og:description\" content=\"Ett roligt och annorlunda alternativ till din \u00f6vriga f\u00f6rvaring. Du kan enkelt f\u00f6rvara leksaker, kuddar eller \u00f6verkastet till s\u00e4ngen - skickas inom 24 timmar\" \/>\n<meta property=\"og:url\" content=\"https:\/\/babylove.se\/no\/produkt\/tellkiddo-papirpose-sovende-bjorn\/\" \/>\n<meta property=\"og:site_name\" content=\"Babylove Norska\" \/>\n<meta property=\"article:modified_time\" content=\"2026-04-08T08:20:58+00:00\" \/>\n<meta property=\"og:image\" content=\"https:\/\/babylove.se\/no\/wp-content\/uploads\/sites\/3\/2025\/07\/5ec4fbef94d7c.jpeg\" \/>\n\t<meta property=\"og:image:width\" content=\"300\" \/>\n\t<meta property=\"og:image:height\" content=\"400\" \/>\n\t<meta property=\"og:image:type\" content=\"image\/jpeg\" \/>\n<meta name=\"twitter:card\" content=\"summary_large_image\" \/>\n<meta name=\"twitter:label1\" content=\"Price\" \/>\n\t<meta name=\"twitter:data1\" content=\"159,00&nbsp;&#107;&#114;\" \/>\n\t<meta name=\"twitter:label2\" content=\"Availability\" \/>\n\t<meta name=\"twitter:data2\" content=\"Out of stock\" \/>\n<script type=\"application\/ld+json\" class=\"yoast-schema-graph\">{\"@context\":\"https:\/\/schema.org\",\"@graph\":[{\"@type\":\"WebPage\",\"@id\":\"https:\/\/babylove.se\/no\/produkt\/tellkiddo-papirpose-sovende-bjorn\/\",\"url\":\"https:\/\/babylove.se\/no\/produkt\/tellkiddo-papirpose-sovende-bjorn\/\",\"name\":\"Tellkiddo papirpose sovende bj\u00f8rn - Babylove Norska\",\"isPartOf\":{\"@id\":\"https:\/\/babylove.se\/no\/#website\"},\"primaryImageOfPage\":{\"@id\":\"https:\/\/babylove.se\/no\/produkt\/tellkiddo-papirpose-sovende-bjorn\/#primaryimage\"},\"image\":{\"@id\":\"https:\/\/babylove.se\/no\/produkt\/tellkiddo-papirpose-sovende-bjorn\/#primaryimage\"},\"thumbnailUrl\":\"https:\/\/babylove.se\/no\/wp-content\/uploads\/sites\/3\/2025\/07\/5ec4fbef94d7c.jpeg\",\"datePublished\":\"2025-07-18T21:15:17+00:00\",\"dateModified\":\"2026-04-08T08:20:58+00:00\",\"description\":\"Ett roligt och annorlunda alternativ till din \u00f6vriga f\u00f6rvaring. Du kan enkelt f\u00f6rvara leksaker, kuddar eller \u00f6verkastet till s\u00e4ngen - skickas inom 24 timmar\",\"breadcrumb\":{\"@id\":\"https:\/\/babylove.se\/no\/produkt\/tellkiddo-papirpose-sovende-bjorn\/#breadcrumb\"},\"inLanguage\":\"nb-NO\",\"potentialAction\":[{\"@type\":\"ReadAction\",\"target\":[\"https:\/\/babylove.se\/no\/produkt\/tellkiddo-papirpose-sovende-bjorn\/\"]}]},{\"@type\":\"ImageObject\",\"inLanguage\":\"nb-NO\",\"@id\":\"https:\/\/babylove.se\/no\/produkt\/tellkiddo-papirpose-sovende-bjorn\/#primaryimage\",\"url\":\"https:\/\/babylove.se\/no\/wp-content\/uploads\/sites\/3\/2025\/07\/5ec4fbef94d7c.jpeg\",\"contentUrl\":\"https:\/\/babylove.se\/no\/wp-content\/uploads\/sites\/3\/2025\/07\/5ec4fbef94d7c.jpeg\",\"width\":300,\"height\":400},{\"@type\":\"BreadcrumbList\",\"@id\":\"https:\/\/babylove.se\/no\/produkt\/tellkiddo-papirpose-sovende-bjorn\/#breadcrumb\",\"itemListElement\":[{\"@type\":\"ListItem\",\"position\":1,\"name\":\"Hem\",\"item\":\"https:\/\/babylove.se\/no\/\"},{\"@type\":\"ListItem\",\"position\":2,\"name\":\"Butik\",\"item\":\"https:\/\/babylove.se\/no\/butik\/\"},{\"@type\":\"ListItem\",\"position\":3,\"name\":\"Tellkiddo papirpose sovende bj\u00f8rn\"}]},{\"@type\":\"WebSite\",\"@id\":\"https:\/\/babylove.se\/no\/#website\",\"url\":\"https:\/\/babylove.se\/no\/\",\"name\":\"Babylove Norska\",\"description\":\"\",\"potentialAction\":[{\"@type\":\"SearchAction\",\"target\":{\"@type\":\"EntryPoint\",\"urlTemplate\":\"https:\/\/babylove.se\/no\/?s={search_term_string}\"},\"query-input\":{\"@type\":\"PropertyValueSpecification\",\"valueRequired\":true,\"valueName\":\"search_term_string\"}}],\"inLanguage\":\"nb-NO\"}]}<\/script>\n<meta property=\"product:brand\" content=\"Tellkiddo\" \/>\n<meta property=\"product:price:amount\" content=\"159.00\" \/>\n<meta property=\"product:price:currency\" content=\"SEK\" \/>\n<meta property=\"og:availability\" content=\"out of stock\" \/>\n<meta property=\"product:availability\" content=\"out of stock\" \/>\n<meta property=\"product:retailer_item_id\" content=\"3227\" \/>\n<meta property=\"product:condition\" content=\"new\" \/>\n<!-- \/ Yoast SEO Premium plugin. -->","yoast_head_json":{"title":"Tellkiddo papirpose sovende bj\u00f8rn - Babylove Norska","description":"Ett roligt och annorlunda alternativ till din \u00f6vriga f\u00f6rvaring. Du kan enkelt f\u00f6rvara leksaker, kuddar eller \u00f6verkastet till s\u00e4ngen - skickas inom 24 timmar","robots":{"index":"noindex","follow":"follow","max-snippet":"max-snippet:-1","max-image-preview":"max-image-preview:large","max-video-preview":"max-video-preview:-1"},"og_locale":"nb_NO","og_type":"article","og_title":"Tellkiddo papirpose sovende bj\u00f8rn","og_description":"Ett roligt och annorlunda alternativ till din \u00f6vriga f\u00f6rvaring. Du kan enkelt f\u00f6rvara leksaker, kuddar eller \u00f6verkastet till s\u00e4ngen - skickas inom 24 timmar","og_url":"https:\/\/babylove.se\/no\/produkt\/tellkiddo-papirpose-sovende-bjorn\/","og_site_name":"Babylove Norska","article_modified_time":"2026-04-08T08:20:58+00:00","og_image":[{"width":300,"height":400,"url":"https:\/\/babylove.se\/no\/wp-content\/uploads\/sites\/3\/2025\/07\/5ec4fbef94d7c.jpeg","type":"image\/jpeg"}],"twitter_card":"summary_large_image","twitter_misc":{"Price":"159,00&nbsp;&#107;&#114;","Availability":"Out of stock"},"schema":{"@context":"https:\/\/schema.org","@graph":[{"@type":"WebPage","@id":"https:\/\/babylove.se\/no\/produkt\/tellkiddo-papirpose-sovende-bjorn\/","url":"https:\/\/babylove.se\/no\/produkt\/tellkiddo-papirpose-sovende-bjorn\/","name":"Tellkiddo papirpose sovende bj\u00f8rn - Babylove Norska","isPartOf":{"@id":"https:\/\/babylove.se\/no\/#website"},"primaryImageOfPage":{"@id":"https:\/\/babylove.se\/no\/produkt\/tellkiddo-papirpose-sovende-bjorn\/#primaryimage"},"image":{"@id":"https:\/\/babylove.se\/no\/produkt\/tellkiddo-papirpose-sovende-bjorn\/#primaryimage"},"thumbnailUrl":"https:\/\/babylove.se\/no\/wp-content\/uploads\/sites\/3\/2025\/07\/5ec4fbef94d7c.jpeg","datePublished":"2025-07-18T21:15:17+00:00","dateModified":"2026-04-08T08:20:58+00:00","description":"Ett roligt och annorlunda alternativ till din \u00f6vriga f\u00f6rvaring. Du kan enkelt f\u00f6rvara leksaker, kuddar eller \u00f6verkastet till s\u00e4ngen - skickas inom 24 timmar","breadcrumb":{"@id":"https:\/\/babylove.se\/no\/produkt\/tellkiddo-papirpose-sovende-bjorn\/#breadcrumb"},"inLanguage":"nb-NO","potentialAction":[{"@type":"ReadAction","target":["https:\/\/babylove.se\/no\/produkt\/tellkiddo-papirpose-sovende-bjorn\/"]}]},{"@type":"ImageObject","inLanguage":"nb-NO","@id":"https:\/\/babylove.se\/no\/produkt\/tellkiddo-papirpose-sovende-bjorn\/#primaryimage","url":"https:\/\/babylove.se\/no\/wp-content\/uploads\/sites\/3\/2025\/07\/5ec4fbef94d7c.jpeg","contentUrl":"https:\/\/babylove.se\/no\/wp-content\/uploads\/sites\/3\/2025\/07\/5ec4fbef94d7c.jpeg","width":300,"height":400},{"@type":"BreadcrumbList","@id":"https:\/\/babylove.se\/no\/produkt\/tellkiddo-papirpose-sovende-bjorn\/#breadcrumb","itemListElement":[{"@type":"ListItem","position":1,"name":"Hem","item":"https:\/\/babylove.se\/no\/"},{"@type":"ListItem","position":2,"name":"Butik","item":"https:\/\/babylove.se\/no\/butik\/"},{"@type":"ListItem","position":3,"name":"Tellkiddo papirpose sovende bj\u00f8rn"}]},{"@type":"WebSite","@id":"https:\/\/babylove.se\/no\/#website","url":"https:\/\/babylove.se\/no\/","name":"Babylove Norska","description":"","potentialAction":[{"@type":"SearchAction","target":{"@type":"EntryPoint","urlTemplate":"https:\/\/babylove.se\/no\/?s={search_term_string}"},"query-input":{"@type":"PropertyValueSpecification","valueRequired":true,"valueName":"search_term_string"}}],"inLanguage":"nb-NO"}]},"product_brand":"Tellkiddo","product_price_amount":"159.00","product_price_currency":"SEK","og_availability":"out of stock","product_availability":"out of stock","product_retailer_item_id":"3227","product_condition":"new"},"_links":{"self":[{"href":"https:\/\/babylove.se\/no\/wp-json\/wp\/v2\/product\/18167","targetHints":{"allow":["GET"]}}],"collection":[{"href":"https:\/\/babylove.se\/no\/wp-json\/wp\/v2\/product"}],"about":[{"href":"https:\/\/babylove.se\/no\/wp-json\/wp\/v2\/types\/product"}],"replies":[{"embeddable":true,"href":"https:\/\/babylove.se\/no\/wp-json\/wp\/v2\/comments?post=18167"}],"wp:featuredmedia":[{"embeddable":true,"href":"https:\/\/babylove.se\/no\/wp-json\/wp\/v2\/media\/18169"}],"wp:attachment":[{"href":"https:\/\/babylove.se\/no\/wp-json\/wp\/v2\/media?parent=18167"}],"wp:term":[{"taxonomy":"product_brand","embeddable":true,"href":"https:\/\/babylove.se\/no\/wp-json\/wp\/v2\/product_brand?post=18167"},{"taxonomy":"product_cat","embeddable":true,"href":"https:\/\/babylove.se\/no\/wp-json\/wp\/v2\/product_cat?post=18167"},{"taxonomy":"product_tag","embeddable":true,"href":"https:\/\/babylove.se\/no\/wp-json\/wp\/v2\/product_tag?post=18167"}],"curies":[{"name":"wp","href":"https:\/\/api.w.org\/{rel}","templated":true}]}}