{"id":18181,"date":"2025-07-18T22:15:17","date_gmt":"2025-07-18T21:15:17","guid":{"rendered":"https:\/\/babylove.se\/produkt\/babylove-vaggklistermarke-fjarilar\/"},"modified":"2026-04-08T09:21:07","modified_gmt":"2026-04-08T08:21:07","slug":"babylove-vugge-klistremerke-sommerfugler","status":"publish","type":"product","link":"https:\/\/babylove.se\/no\/produkt\/babylove-vugge-klistremerke-sommerfugler\/","title":{"rendered":"Babylove, veggklistremerke sommerfugler"},"content":{"rendered":"<p>Vidunderlig fine veggklistremerker til barnerommet i form av vakre sommerfugler og stjerner !&nbsp;<\/p>\n<p>Du plasserer sommerfuglene n\u00f8yaktig som du vil og skaper dermed en egen, unik kombinasjon. Barnerommet ditt vil bli l\u00f8ftet til nye niv\u00e5er med disse veggklistremerkene.&nbsp;<\/p>\n<p>Veggklistremerkene kan ogs\u00e5 klistres direkte p\u00e5 m\u00f8bler som garderoben eller d\u00f8ren, med samme herlige resultat. Hvorfor ikke pimpe det gamle, men fortsatt fine, skapet?&nbsp;<\/p>\n<p><strong>M\u00e5l<\/strong>:<\/p>\n<ul>\n<li>Sommerfugler: 40&#215;33 cm, 40&#215;25 cm, 31&#215;24 cm, 29&#215;21 cm, 25&#215;21 cm , 21&#215;18 cm , 18&#215;15 cm, 13&#215;18 cm, 13&#215;8 cm , 12&#215;7 cm , 10 x 8 cm, 8&#215;5 cm<\/li>\n<li>Stjerner: 10 stk 7,5&#215;7,5 cm , 12 stk 5&#215;5 cm , 18 stk 3,5&#215;3,5 cm&nbsp;<\/li>\n<\/ul>\n<p><strong>Materiale<\/strong>: 100 % vinyl<\/p>\n<p><em>OBS! S\u00f8rg for at overflaten er t\u00f8rr og avfettet f\u00f8r du setter opp veggklistremerket. Fungerer ikke p\u00e5 ujevne vegger\/overflater. Klistremerkene er heller ikke egnet for vegger med en grov overflate eller hvis de er malt med lateksmaling eller tapetsert. Veggklistremerkene m\u00e5 v\u00e6re flate og ofte ligge og rettes ut minst 24 timer etter man har tatt dem ut av emballasjen f\u00f8r man kan sette dem opp p\u00e5 veggen.<\/em><\/p>\n<p>Designer: <a href=\"https:\/\/babylove.se\/varumarken\/babylove\">Babylove<\/a><\/p>\n","protected":false},"excerpt":{"rendered":"<p>Vidunderlig fine veggklistremerker til barnerommet i form av vakre sommerfugler og stjerner !&nbsp; Du plasserer sommerfuglene n\u00f8yaktig som du vil og skaper dermed en egen, unik kombinasjon. Barnerommet ditt vil bli l\u00f8ftet til nye niv\u00e5er med disse veggklistremerkene.&nbsp; Veggklistremerkene kan ogs\u00e5 klistres direkte p\u00e5 m\u00f8bler som garderoben eller d\u00f8ren, med samme herlige resultat. Hvorfor ikke [&hellip;]<\/p>\n","protected":false},"featured_media":18183,"comment_status":"closed","ping_status":"open","template":"","meta":{"_acf_changed":false},"product_brand":[22],"product_cat":[84,24],"product_tag":[1709],"class_list":{"0":"post-18181","1":"product","2":"type-product","3":"status-publish","4":"has-post-thumbnail","6":"product_brand-babylove","7":"product_cat-babylove","8":"product_cat-veggklistremerker","9":"product_tag-utforsalg","11":"first","12":"instock","13":"taxable","14":"shipping-taxable","15":"purchasable","16":"product-type-simple"},"acf":[],"yoast_head":"<!-- This site is optimized with the Yoast SEO Premium plugin v25.8 (Yoast SEO v27.2) - https:\/\/yoast.com\/product\/yoast-seo-premium-wordpress\/ -->\n<title>Babylove, veggklistremerke sommerfugler - Babylove Norska<\/title>\n<meta name=\"robots\" content=\"noindex, follow, max-snippet:-1, max-image-preview:large, max-video-preview:-1\" \/>\n<meta property=\"og:locale\" content=\"nb_NO\" \/>\n<meta property=\"og:type\" content=\"article\" \/>\n<meta property=\"og:title\" content=\"Babylove, veggklistremerke sommerfugler\" \/>\n<meta property=\"og:description\" content=\"Vidunderlig fine veggklistremerker til barnerommet i form av vakre sommerfugler og stjerner !&nbsp; Du plasserer sommerfuglene n\u00f8yaktig som du vil og skaper dermed en egen, unik kombinasjon. Barnerommet ditt vil bli l\u00f8ftet til nye niv\u00e5er med disse veggklistremerkene.&nbsp; Veggklistremerkene kan ogs\u00e5 klistres direkte p\u00e5 m\u00f8bler som garderoben eller d\u00f8ren, med samme herlige resultat. Hvorfor ikke [&hellip;]\" \/>\n<meta property=\"og:url\" content=\"https:\/\/babylove.se\/no\/produkt\/babylove-vugge-klistremerke-sommerfugler\/\" \/>\n<meta property=\"og:site_name\" content=\"Babylove Norska\" \/>\n<meta property=\"article:modified_time\" content=\"2026-04-08T08:21:07+00:00\" \/>\n<meta property=\"og:image\" content=\"https:\/\/babylove.se\/no\/wp-content\/uploads\/sites\/3\/2025\/07\/5ec50fb49915c.jpeg\" \/>\n\t<meta property=\"og:image:width\" content=\"750\" \/>\n\t<meta property=\"og:image:height\" content=\"544\" \/>\n\t<meta property=\"og:image:type\" content=\"image\/jpeg\" \/>\n<meta name=\"twitter:card\" content=\"summary_large_image\" \/>\n<meta name=\"twitter:label1\" content=\"Price\" \/>\n\t<meta name=\"twitter:data1\" content=\"399,00&nbsp;&#107;&#114;\" \/>\n\t<meta name=\"twitter:label2\" content=\"Availability\" \/>\n\t<meta name=\"twitter:data2\" content=\"In stock\" \/>\n<script type=\"application\/ld+json\" class=\"yoast-schema-graph\">{\"@context\":\"https:\/\/schema.org\",\"@graph\":[{\"@type\":\"WebPage\",\"@id\":\"https:\/\/babylove.se\/no\/produkt\/babylove-vugge-klistremerke-sommerfugler\/\",\"url\":\"https:\/\/babylove.se\/no\/produkt\/babylove-vugge-klistremerke-sommerfugler\/\",\"name\":\"Babylove, veggklistremerke sommerfugler - Babylove Norska\",\"isPartOf\":{\"@id\":\"https:\/\/babylove.se\/no\/#website\"},\"primaryImageOfPage\":{\"@id\":\"https:\/\/babylove.se\/no\/produkt\/babylove-vugge-klistremerke-sommerfugler\/#primaryimage\"},\"image\":{\"@id\":\"https:\/\/babylove.se\/no\/produkt\/babylove-vugge-klistremerke-sommerfugler\/#primaryimage\"},\"thumbnailUrl\":\"https:\/\/babylove.se\/no\/wp-content\/uploads\/sites\/3\/2025\/07\/5ec50fb49915c.jpeg\",\"datePublished\":\"2025-07-18T21:15:17+00:00\",\"dateModified\":\"2026-04-08T08:21:07+00:00\",\"breadcrumb\":{\"@id\":\"https:\/\/babylove.se\/no\/produkt\/babylove-vugge-klistremerke-sommerfugler\/#breadcrumb\"},\"inLanguage\":\"nb-NO\",\"potentialAction\":[{\"@type\":\"ReadAction\",\"target\":[\"https:\/\/babylove.se\/no\/produkt\/babylove-vugge-klistremerke-sommerfugler\/\"]}]},{\"@type\":\"ImageObject\",\"inLanguage\":\"nb-NO\",\"@id\":\"https:\/\/babylove.se\/no\/produkt\/babylove-vugge-klistremerke-sommerfugler\/#primaryimage\",\"url\":\"https:\/\/babylove.se\/no\/wp-content\/uploads\/sites\/3\/2025\/07\/5ec50fb49915c.jpeg\",\"contentUrl\":\"https:\/\/babylove.se\/no\/wp-content\/uploads\/sites\/3\/2025\/07\/5ec50fb49915c.jpeg\",\"width\":750,\"height\":544},{\"@type\":\"BreadcrumbList\",\"@id\":\"https:\/\/babylove.se\/no\/produkt\/babylove-vugge-klistremerke-sommerfugler\/#breadcrumb\",\"itemListElement\":[{\"@type\":\"ListItem\",\"position\":1,\"name\":\"Hem\",\"item\":\"https:\/\/babylove.se\/no\/\"},{\"@type\":\"ListItem\",\"position\":2,\"name\":\"Butik\",\"item\":\"https:\/\/babylove.se\/no\/butik\/\"},{\"@type\":\"ListItem\",\"position\":3,\"name\":\"Babylove, veggklistremerke sommerfugler\"}]},{\"@type\":\"WebSite\",\"@id\":\"https:\/\/babylove.se\/no\/#website\",\"url\":\"https:\/\/babylove.se\/no\/\",\"name\":\"Babylove Norska\",\"description\":\"\",\"potentialAction\":[{\"@type\":\"SearchAction\",\"target\":{\"@type\":\"EntryPoint\",\"urlTemplate\":\"https:\/\/babylove.se\/no\/?s={search_term_string}\"},\"query-input\":{\"@type\":\"PropertyValueSpecification\",\"valueRequired\":true,\"valueName\":\"search_term_string\"}}],\"inLanguage\":\"nb-NO\"}]}<\/script>\n<meta property=\"product:brand\" content=\"Babylove\" \/>\n<meta property=\"product:price:amount\" content=\"399.00\" \/>\n<meta property=\"product:price:currency\" content=\"SEK\" \/>\n<meta property=\"og:availability\" content=\"instock\" \/>\n<meta property=\"product:availability\" content=\"instock\" \/>\n<meta property=\"product:retailer_item_id\" content=\"DD00001987\" \/>\n<meta property=\"product:condition\" content=\"new\" \/>\n<!-- \/ Yoast SEO Premium plugin. -->","yoast_head_json":{"title":"Babylove, veggklistremerke sommerfugler - Babylove Norska","robots":{"index":"noindex","follow":"follow","max-snippet":"max-snippet:-1","max-image-preview":"max-image-preview:large","max-video-preview":"max-video-preview:-1"},"og_locale":"nb_NO","og_type":"article","og_title":"Babylove, veggklistremerke sommerfugler","og_description":"Vidunderlig fine veggklistremerker til barnerommet i form av vakre sommerfugler og stjerner !&nbsp; Du plasserer sommerfuglene n\u00f8yaktig som du vil og skaper dermed en egen, unik kombinasjon. Barnerommet ditt vil bli l\u00f8ftet til nye niv\u00e5er med disse veggklistremerkene.&nbsp; Veggklistremerkene kan ogs\u00e5 klistres direkte p\u00e5 m\u00f8bler som garderoben eller d\u00f8ren, med samme herlige resultat. Hvorfor ikke [&hellip;]","og_url":"https:\/\/babylove.se\/no\/produkt\/babylove-vugge-klistremerke-sommerfugler\/","og_site_name":"Babylove Norska","article_modified_time":"2026-04-08T08:21:07+00:00","og_image":[{"width":750,"height":544,"url":"https:\/\/babylove.se\/no\/wp-content\/uploads\/sites\/3\/2025\/07\/5ec50fb49915c.jpeg","type":"image\/jpeg"}],"twitter_card":"summary_large_image","twitter_misc":{"Price":"399,00&nbsp;&#107;&#114;","Availability":"In stock"},"schema":{"@context":"https:\/\/schema.org","@graph":[{"@type":"WebPage","@id":"https:\/\/babylove.se\/no\/produkt\/babylove-vugge-klistremerke-sommerfugler\/","url":"https:\/\/babylove.se\/no\/produkt\/babylove-vugge-klistremerke-sommerfugler\/","name":"Babylove, veggklistremerke sommerfugler - Babylove Norska","isPartOf":{"@id":"https:\/\/babylove.se\/no\/#website"},"primaryImageOfPage":{"@id":"https:\/\/babylove.se\/no\/produkt\/babylove-vugge-klistremerke-sommerfugler\/#primaryimage"},"image":{"@id":"https:\/\/babylove.se\/no\/produkt\/babylove-vugge-klistremerke-sommerfugler\/#primaryimage"},"thumbnailUrl":"https:\/\/babylove.se\/no\/wp-content\/uploads\/sites\/3\/2025\/07\/5ec50fb49915c.jpeg","datePublished":"2025-07-18T21:15:17+00:00","dateModified":"2026-04-08T08:21:07+00:00","breadcrumb":{"@id":"https:\/\/babylove.se\/no\/produkt\/babylove-vugge-klistremerke-sommerfugler\/#breadcrumb"},"inLanguage":"nb-NO","potentialAction":[{"@type":"ReadAction","target":["https:\/\/babylove.se\/no\/produkt\/babylove-vugge-klistremerke-sommerfugler\/"]}]},{"@type":"ImageObject","inLanguage":"nb-NO","@id":"https:\/\/babylove.se\/no\/produkt\/babylove-vugge-klistremerke-sommerfugler\/#primaryimage","url":"https:\/\/babylove.se\/no\/wp-content\/uploads\/sites\/3\/2025\/07\/5ec50fb49915c.jpeg","contentUrl":"https:\/\/babylove.se\/no\/wp-content\/uploads\/sites\/3\/2025\/07\/5ec50fb49915c.jpeg","width":750,"height":544},{"@type":"BreadcrumbList","@id":"https:\/\/babylove.se\/no\/produkt\/babylove-vugge-klistremerke-sommerfugler\/#breadcrumb","itemListElement":[{"@type":"ListItem","position":1,"name":"Hem","item":"https:\/\/babylove.se\/no\/"},{"@type":"ListItem","position":2,"name":"Butik","item":"https:\/\/babylove.se\/no\/butik\/"},{"@type":"ListItem","position":3,"name":"Babylove, veggklistremerke sommerfugler"}]},{"@type":"WebSite","@id":"https:\/\/babylove.se\/no\/#website","url":"https:\/\/babylove.se\/no\/","name":"Babylove Norska","description":"","potentialAction":[{"@type":"SearchAction","target":{"@type":"EntryPoint","urlTemplate":"https:\/\/babylove.se\/no\/?s={search_term_string}"},"query-input":{"@type":"PropertyValueSpecification","valueRequired":true,"valueName":"search_term_string"}}],"inLanguage":"nb-NO"}]},"product_brand":"Babylove","product_price_amount":"399.00","product_price_currency":"SEK","og_availability":"instock","product_availability":"instock","product_retailer_item_id":"DD00001987","product_condition":"new"},"_links":{"self":[{"href":"https:\/\/babylove.se\/no\/wp-json\/wp\/v2\/product\/18181","targetHints":{"allow":["GET"]}}],"collection":[{"href":"https:\/\/babylove.se\/no\/wp-json\/wp\/v2\/product"}],"about":[{"href":"https:\/\/babylove.se\/no\/wp-json\/wp\/v2\/types\/product"}],"replies":[{"embeddable":true,"href":"https:\/\/babylove.se\/no\/wp-json\/wp\/v2\/comments?post=18181"}],"wp:featuredmedia":[{"embeddable":true,"href":"https:\/\/babylove.se\/no\/wp-json\/wp\/v2\/media\/18183"}],"wp:attachment":[{"href":"https:\/\/babylove.se\/no\/wp-json\/wp\/v2\/media?parent=18181"}],"wp:term":[{"taxonomy":"product_brand","embeddable":true,"href":"https:\/\/babylove.se\/no\/wp-json\/wp\/v2\/product_brand?post=18181"},{"taxonomy":"product_cat","embeddable":true,"href":"https:\/\/babylove.se\/no\/wp-json\/wp\/v2\/product_cat?post=18181"},{"taxonomy":"product_tag","embeddable":true,"href":"https:\/\/babylove.se\/no\/wp-json\/wp\/v2\/product_tag?post=18181"}],"curies":[{"name":"wp","href":"https:\/\/api.w.org\/{rel}","templated":true}]}}