{"id":18210,"date":"2025-07-18T22:15:37","date_gmt":"2025-07-18T21:15:37","guid":{"rendered":"https:\/\/babylove.se\/produkt\/natur-sang-90x200-med-en-forvaringslada\/"},"modified":"2026-04-08T09:21:27","modified_gmt":"2026-04-08T08:21:27","slug":"natur-seng-90x200-med-oppbevaringsskap","status":"publish","type":"product","link":"https:\/\/babylove.se\/no\/produkt\/natur-seng-90x200-med-oppbevaringsskap\/","title":{"rendered":"Naturseng 90&#215;200 med en oppbevaringsboks"},"content":{"rendered":"<p>En vidunderlig fin og praktisk seng med en uttrekkbar oppbevaringsskuff. Denne sengen gir en deilig f\u00f8lelse til hele barnerommet, da barnet ditt kan leke i den eller skape sitt helt eget favorittmyskr\u00f6k, gjerne med hjelp av noen fine dekorasjoner. Praktisk oppbevaringsskuff under, perfekt for leker eller senget\u00f8y. &nbsp;<\/p>\n<p>Materiale: &nbsp;tre<\/p>\n<p>M\u00e5l: sengm\u00e5l 90&#215;200 &nbsp;(totalt m\u00e5l 96&#215;206 cm)&nbsp;<\/p>\n<ul>\n<li>Madrassen er ikke inkludert, madrassen kan kj\u00f8pes til separat &nbsp;<\/li>\n<li>Ribbunnen er inkludert&nbsp;<\/li>\n<li>Sengen kommer umontert men er enkel \u00e5 sette sammen. B\u00f8r settes sammen i rommet den skal brukes i.<\/li>\n<\/ul>\n","protected":false},"excerpt":{"rendered":"<p>En vidunderlig fin og praktisk seng med en uttrekkbar oppbevaringsskuff. Denne sengen gir en deilig f\u00f8lelse til hele barnerommet, da barnet ditt kan leke i den eller skape sitt helt eget favorittmyskr\u00f6k, gjerne med hjelp av noen fine dekorasjoner. Praktisk oppbevaringsskuff under, perfekt for leker eller senget\u00f8y. &nbsp; Materiale: &nbsp;tre M\u00e5l: sengm\u00e5l 90&#215;200 &nbsp;(totalt m\u00e5l [&hellip;]<\/p>\n","protected":false},"featured_media":18212,"comment_status":"closed","ping_status":"open","template":"","meta":{"_acf_changed":false},"product_brand":[671],"product_cat":[672,269,280,40],"product_tag":[1689],"class_list":{"0":"post-18210","1":"product","2":"type-product","3":"status-publish","4":"has-post-thumbnail","6":"product_brand-homestyle4u","7":"product_cat-hm","8":"product_cat-juniorsenger","9":"product_cat-senger-med-rask-levering","10":"product_cat-soverom-barn","11":"product_tag-bestillingsvaror","13":"first","14":"instock","15":"taxable","16":"shipping-taxable","17":"purchasable","18":"product-type-simple"},"acf":[],"yoast_head":"<!-- This site is optimized with the Yoast SEO Premium plugin v25.8 (Yoast SEO v27.2) - https:\/\/yoast.com\/product\/yoast-seo-premium-wordpress\/ -->\n<title>Naturseng 90x200 med en oppbevaringsboks - Babylove Norska<\/title>\n<meta name=\"robots\" content=\"noindex, follow, max-snippet:-1, max-image-preview:large, max-video-preview:-1\" \/>\n<meta property=\"og:locale\" content=\"nb_NO\" \/>\n<meta property=\"og:type\" content=\"article\" \/>\n<meta property=\"og:title\" content=\"Naturseng 90x200 med en oppbevaringsboks\" \/>\n<meta property=\"og:description\" content=\"En vidunderlig fin og praktisk seng med en uttrekkbar oppbevaringsskuff. Denne sengen gir en deilig f\u00f8lelse til hele barnerommet, da barnet ditt kan leke i den eller skape sitt helt eget favorittmyskr\u00f6k, gjerne med hjelp av noen fine dekorasjoner. Praktisk oppbevaringsskuff under, perfekt for leker eller senget\u00f8y. &nbsp; Materiale: &nbsp;tre M\u00e5l: sengm\u00e5l 90&#215;200 &nbsp;(totalt m\u00e5l [&hellip;]\" \/>\n<meta property=\"og:url\" content=\"https:\/\/babylove.se\/no\/produkt\/natur-seng-90x200-med-oppbevaringsskap\/\" \/>\n<meta property=\"og:site_name\" content=\"Babylove Norska\" \/>\n<meta property=\"article:modified_time\" content=\"2026-04-08T08:21:27+00:00\" \/>\n<meta property=\"og:image\" content=\"https:\/\/babylove.se\/no\/wp-content\/uploads\/sites\/3\/2025\/07\/5edf57eb811fa.jpeg\" \/>\n\t<meta property=\"og:image:width\" content=\"750\" \/>\n\t<meta property=\"og:image:height\" content=\"750\" \/>\n\t<meta property=\"og:image:type\" content=\"image\/jpeg\" \/>\n<meta name=\"twitter:card\" content=\"summary_large_image\" \/>\n<meta name=\"twitter:label1\" content=\"Price\" \/>\n\t<meta name=\"twitter:data1\" content=\"1 599,00&nbsp;&#107;&#114;\" \/>\n\t<meta name=\"twitter:label2\" content=\"Availability\" \/>\n\t<meta name=\"twitter:data2\" content=\"In stock\" \/>\n<script type=\"application\/ld+json\" class=\"yoast-schema-graph\">{\"@context\":\"https:\/\/schema.org\",\"@graph\":[{\"@type\":\"WebPage\",\"@id\":\"https:\/\/babylove.se\/no\/produkt\/natur-seng-90x200-med-oppbevaringsskap\/\",\"url\":\"https:\/\/babylove.se\/no\/produkt\/natur-seng-90x200-med-oppbevaringsskap\/\",\"name\":\"Naturseng 90x200 med en oppbevaringsboks - Babylove Norska\",\"isPartOf\":{\"@id\":\"https:\/\/babylove.se\/no\/#website\"},\"primaryImageOfPage\":{\"@id\":\"https:\/\/babylove.se\/no\/produkt\/natur-seng-90x200-med-oppbevaringsskap\/#primaryimage\"},\"image\":{\"@id\":\"https:\/\/babylove.se\/no\/produkt\/natur-seng-90x200-med-oppbevaringsskap\/#primaryimage\"},\"thumbnailUrl\":\"https:\/\/babylove.se\/no\/wp-content\/uploads\/sites\/3\/2025\/07\/5edf57eb811fa.jpeg\",\"datePublished\":\"2025-07-18T21:15:37+00:00\",\"dateModified\":\"2026-04-08T08:21:27+00:00\",\"breadcrumb\":{\"@id\":\"https:\/\/babylove.se\/no\/produkt\/natur-seng-90x200-med-oppbevaringsskap\/#breadcrumb\"},\"inLanguage\":\"nb-NO\",\"potentialAction\":[{\"@type\":\"ReadAction\",\"target\":[\"https:\/\/babylove.se\/no\/produkt\/natur-seng-90x200-med-oppbevaringsskap\/\"]}]},{\"@type\":\"ImageObject\",\"inLanguage\":\"nb-NO\",\"@id\":\"https:\/\/babylove.se\/no\/produkt\/natur-seng-90x200-med-oppbevaringsskap\/#primaryimage\",\"url\":\"https:\/\/babylove.se\/no\/wp-content\/uploads\/sites\/3\/2025\/07\/5edf57eb811fa.jpeg\",\"contentUrl\":\"https:\/\/babylove.se\/no\/wp-content\/uploads\/sites\/3\/2025\/07\/5edf57eb811fa.jpeg\",\"width\":750,\"height\":750},{\"@type\":\"BreadcrumbList\",\"@id\":\"https:\/\/babylove.se\/no\/produkt\/natur-seng-90x200-med-oppbevaringsskap\/#breadcrumb\",\"itemListElement\":[{\"@type\":\"ListItem\",\"position\":1,\"name\":\"Hem\",\"item\":\"https:\/\/babylove.se\/no\/\"},{\"@type\":\"ListItem\",\"position\":2,\"name\":\"Butik\",\"item\":\"https:\/\/babylove.se\/no\/butik\/\"},{\"@type\":\"ListItem\",\"position\":3,\"name\":\"Naturseng 90&#215;200 med en oppbevaringsboks\"}]},{\"@type\":\"WebSite\",\"@id\":\"https:\/\/babylove.se\/no\/#website\",\"url\":\"https:\/\/babylove.se\/no\/\",\"name\":\"Babylove Norska\",\"description\":\"\",\"potentialAction\":[{\"@type\":\"SearchAction\",\"target\":{\"@type\":\"EntryPoint\",\"urlTemplate\":\"https:\/\/babylove.se\/no\/?s={search_term_string}\"},\"query-input\":{\"@type\":\"PropertyValueSpecification\",\"valueRequired\":true,\"valueName\":\"search_term_string\"}}],\"inLanguage\":\"nb-NO\"}]}<\/script>\n<meta property=\"product:brand\" content=\"Homestyle4u\" \/>\n<meta property=\"product:price:amount\" content=\"1599.00\" \/>\n<meta property=\"product:price:currency\" content=\"SEK\" \/>\n<meta property=\"og:availability\" content=\"instock\" \/>\n<meta property=\"product:availability\" content=\"instock\" \/>\n<meta property=\"product:retailer_item_id\" content=\"3240\" \/>\n<meta property=\"product:condition\" content=\"new\" \/>\n<!-- \/ Yoast SEO Premium plugin. -->","yoast_head_json":{"title":"Naturseng 90x200 med en oppbevaringsboks - Babylove Norska","robots":{"index":"noindex","follow":"follow","max-snippet":"max-snippet:-1","max-image-preview":"max-image-preview:large","max-video-preview":"max-video-preview:-1"},"og_locale":"nb_NO","og_type":"article","og_title":"Naturseng 90x200 med en oppbevaringsboks","og_description":"En vidunderlig fin og praktisk seng med en uttrekkbar oppbevaringsskuff. Denne sengen gir en deilig f\u00f8lelse til hele barnerommet, da barnet ditt kan leke i den eller skape sitt helt eget favorittmyskr\u00f6k, gjerne med hjelp av noen fine dekorasjoner. Praktisk oppbevaringsskuff under, perfekt for leker eller senget\u00f8y. &nbsp; Materiale: &nbsp;tre M\u00e5l: sengm\u00e5l 90&#215;200 &nbsp;(totalt m\u00e5l [&hellip;]","og_url":"https:\/\/babylove.se\/no\/produkt\/natur-seng-90x200-med-oppbevaringsskap\/","og_site_name":"Babylove Norska","article_modified_time":"2026-04-08T08:21:27+00:00","og_image":[{"width":750,"height":750,"url":"https:\/\/babylove.se\/no\/wp-content\/uploads\/sites\/3\/2025\/07\/5edf57eb811fa.jpeg","type":"image\/jpeg"}],"twitter_card":"summary_large_image","twitter_misc":{"Price":"1 599,00&nbsp;&#107;&#114;","Availability":"In stock"},"schema":{"@context":"https:\/\/schema.org","@graph":[{"@type":"WebPage","@id":"https:\/\/babylove.se\/no\/produkt\/natur-seng-90x200-med-oppbevaringsskap\/","url":"https:\/\/babylove.se\/no\/produkt\/natur-seng-90x200-med-oppbevaringsskap\/","name":"Naturseng 90x200 med en oppbevaringsboks - Babylove Norska","isPartOf":{"@id":"https:\/\/babylove.se\/no\/#website"},"primaryImageOfPage":{"@id":"https:\/\/babylove.se\/no\/produkt\/natur-seng-90x200-med-oppbevaringsskap\/#primaryimage"},"image":{"@id":"https:\/\/babylove.se\/no\/produkt\/natur-seng-90x200-med-oppbevaringsskap\/#primaryimage"},"thumbnailUrl":"https:\/\/babylove.se\/no\/wp-content\/uploads\/sites\/3\/2025\/07\/5edf57eb811fa.jpeg","datePublished":"2025-07-18T21:15:37+00:00","dateModified":"2026-04-08T08:21:27+00:00","breadcrumb":{"@id":"https:\/\/babylove.se\/no\/produkt\/natur-seng-90x200-med-oppbevaringsskap\/#breadcrumb"},"inLanguage":"nb-NO","potentialAction":[{"@type":"ReadAction","target":["https:\/\/babylove.se\/no\/produkt\/natur-seng-90x200-med-oppbevaringsskap\/"]}]},{"@type":"ImageObject","inLanguage":"nb-NO","@id":"https:\/\/babylove.se\/no\/produkt\/natur-seng-90x200-med-oppbevaringsskap\/#primaryimage","url":"https:\/\/babylove.se\/no\/wp-content\/uploads\/sites\/3\/2025\/07\/5edf57eb811fa.jpeg","contentUrl":"https:\/\/babylove.se\/no\/wp-content\/uploads\/sites\/3\/2025\/07\/5edf57eb811fa.jpeg","width":750,"height":750},{"@type":"BreadcrumbList","@id":"https:\/\/babylove.se\/no\/produkt\/natur-seng-90x200-med-oppbevaringsskap\/#breadcrumb","itemListElement":[{"@type":"ListItem","position":1,"name":"Hem","item":"https:\/\/babylove.se\/no\/"},{"@type":"ListItem","position":2,"name":"Butik","item":"https:\/\/babylove.se\/no\/butik\/"},{"@type":"ListItem","position":3,"name":"Naturseng 90&#215;200 med en oppbevaringsboks"}]},{"@type":"WebSite","@id":"https:\/\/babylove.se\/no\/#website","url":"https:\/\/babylove.se\/no\/","name":"Babylove Norska","description":"","potentialAction":[{"@type":"SearchAction","target":{"@type":"EntryPoint","urlTemplate":"https:\/\/babylove.se\/no\/?s={search_term_string}"},"query-input":{"@type":"PropertyValueSpecification","valueRequired":true,"valueName":"search_term_string"}}],"inLanguage":"nb-NO"}]},"product_brand":"Homestyle4u","product_price_amount":"1599.00","product_price_currency":"SEK","og_availability":"instock","product_availability":"instock","product_retailer_item_id":"3240","product_condition":"new"},"_links":{"self":[{"href":"https:\/\/babylove.se\/no\/wp-json\/wp\/v2\/product\/18210","targetHints":{"allow":["GET"]}}],"collection":[{"href":"https:\/\/babylove.se\/no\/wp-json\/wp\/v2\/product"}],"about":[{"href":"https:\/\/babylove.se\/no\/wp-json\/wp\/v2\/types\/product"}],"replies":[{"embeddable":true,"href":"https:\/\/babylove.se\/no\/wp-json\/wp\/v2\/comments?post=18210"}],"wp:featuredmedia":[{"embeddable":true,"href":"https:\/\/babylove.se\/no\/wp-json\/wp\/v2\/media\/18212"}],"wp:attachment":[{"href":"https:\/\/babylove.se\/no\/wp-json\/wp\/v2\/media?parent=18210"}],"wp:term":[{"taxonomy":"product_brand","embeddable":true,"href":"https:\/\/babylove.se\/no\/wp-json\/wp\/v2\/product_brand?post=18210"},{"taxonomy":"product_cat","embeddable":true,"href":"https:\/\/babylove.se\/no\/wp-json\/wp\/v2\/product_cat?post=18210"},{"taxonomy":"product_tag","embeddable":true,"href":"https:\/\/babylove.se\/no\/wp-json\/wp\/v2\/product_tag?post=18210"}],"curies":[{"name":"wp","href":"https:\/\/api.w.org\/{rel}","templated":true}]}}