{"id":18228,"date":"2025-07-18T22:15:37","date_gmt":"2025-07-18T21:15:37","guid":{"rendered":"https:\/\/babylove.se\/produkt\/vit-hussang-junior-80x160-med-madrass-och-forvaringslada\/"},"modified":"2026-04-08T09:21:36","modified_gmt":"2026-04-08T08:21:36","slug":"hvit-husseng-junior-80x160-med-madrass-og-oppbevaringsskuff","status":"publish","type":"product","link":"https:\/\/babylove.se\/no\/produkt\/hvit-husseng-junior-80x160-med-madrass-og-oppbevaringsskuff\/","title":{"rendered":"Hvit juniorseng 80&#215;160 med madrass og oppbevaringsboks"},"content":{"rendered":"<p>En optimal kombinasjon av en lekeplass og soveplass i form av denne vakre og h\u00e5ndlagde husseng. Denne juniorseng har sider med en bra h\u00f8yde, slik at barnet ditt sover trygt og sikkert. Den eneste \u00e5pningen finnes ved fotenden slik at barnet ditt kan klatre inn og ut selv uten problemer.&nbsp;<\/p>\n<p>Denne husseng f\u00e5r en solklar plass i barnerommet, og barnet ditt kommer til \u00e5 finne p\u00e5 masse bud i den, hvorfor ikke raskt forvandle den til en koselig hytte \u00e5 v\u00e6re i?<\/p>\n<p>Materiale: H\u00e5ndlaget av &nbsp;solid tre og selvf\u00f8lgelig malt med barnesikre og sertifiserte farger.&nbsp;<\/p>\n<p><span><strong>M\u00e5l<\/strong>:&nbsp;<\/span><\/p>\n<ul>\n<li><span>Sengm\u00e5l: 80&#215;160 cm&nbsp;<\/span><\/li>\n<li><span>Totalt m\u00e5l: 90&#215;168 cm. H\u00f8yde: 150 cm<\/span><\/li>\n<li><span>Sidebeskyttelse h\u00f8yde: 32 cm. S<\/span>engh\u00f8yde: 16 cm&nbsp;<\/li>\n<li>Ribbbunn inkludert<\/li>\n<li>Madrassen inkludert &nbsp;<\/li>\n<li>Oppbevaringsboks p\u00e5 hjul inkludert<\/li>\n<li>\n<p>H\u00f8yden til der taket begynner er 92 cm<\/p>\n<\/li>\n<\/ul>\n<p><strong>Materiale<\/strong>: Massivt tre. St\u00f8ttebrett i MDF.<\/p>\n<p>Sengen finnes ogs\u00e5 i en pakke uten madrass eller uten oppbevaringsboks&nbsp;<\/p>\n<p><em>Obs. Sengen er h\u00e5ndlaget av tre som betyr at hvert eksemplar er unikt. Trestrukturen synes og gir sengen en egen karakter.<\/em><\/p>\n<p><em>Dette er en seng laget og tilpasset for barn. <em>Sengen leveres umontert og b\u00f8r settes sammen i rommet den skal brukes i.<\/em><\/em><\/p>\n","protected":false},"excerpt":{"rendered":"<p>En optimal kombinasjon av en lekeplass og soveplass i form av denne vakre og h\u00e5ndlagde husseng. Denne juniorseng har sider med en bra h\u00f8yde, slik at barnet ditt sover trygt og sikkert. Den eneste \u00e5pningen finnes ved fotenden slik at barnet ditt kan klatre inn og ut selv uten problemer.&nbsp; Denne husseng f\u00e5r en solklar [&hellip;]<\/p>\n","protected":false},"featured_media":18230,"comment_status":"closed","ping_status":"closed","template":"","meta":{"_acf_changed":false},"product_brand":[755],"product_cat":[756,217,1704],"product_tag":[1689],"class_list":{"0":"post-18228","1":"product","2":"type-product","3":"status-publish","4":"has-post-thumbnail","6":"product_brand-dipino","7":"product_cat-dp","8":"product_cat-sengesanger","9":"product_cat-reasangar","10":"product_tag-bestillingsvaror","12":"first","13":"instock","14":"taxable","15":"shipping-taxable","16":"purchasable","17":"product-type-simple"},"acf":[],"yoast_head":"<!-- This site is optimized with the Yoast SEO Premium plugin v25.8 (Yoast SEO v27.2) - https:\/\/yoast.com\/product\/yoast-seo-premium-wordpress\/ -->\n<title>Hvit juniorseng 80x160 med madrass og oppbevaringsboks - Babylove Norska<\/title>\n<meta name=\"robots\" content=\"noindex, follow, max-snippet:-1, max-image-preview:large, max-video-preview:-1\" \/>\n<meta property=\"og:locale\" content=\"nb_NO\" \/>\n<meta property=\"og:type\" content=\"article\" \/>\n<meta property=\"og:title\" content=\"Hvit juniorseng 80x160 med madrass og oppbevaringsboks\" \/>\n<meta property=\"og:description\" content=\"En optimal kombinasjon av en lekeplass og soveplass i form av denne vakre og h\u00e5ndlagde husseng. Denne juniorseng har sider med en bra h\u00f8yde, slik at barnet ditt sover trygt og sikkert. Den eneste \u00e5pningen finnes ved fotenden slik at barnet ditt kan klatre inn og ut selv uten problemer.&nbsp; Denne husseng f\u00e5r en solklar [&hellip;]\" \/>\n<meta property=\"og:url\" content=\"https:\/\/babylove.se\/no\/produkt\/hvit-husseng-junior-80x160-med-madrass-og-oppbevaringsskuff\/\" \/>\n<meta property=\"og:site_name\" content=\"Babylove Norska\" \/>\n<meta property=\"article:modified_time\" content=\"2026-04-08T08:21:36+00:00\" \/>\n<meta property=\"og:image\" content=\"https:\/\/babylove.se\/no\/wp-content\/uploads\/sites\/3\/2025\/07\/61c228e73d07e.png\" \/>\n\t<meta property=\"og:image:width\" content=\"800\" \/>\n\t<meta property=\"og:image:height\" content=\"800\" \/>\n\t<meta property=\"og:image:type\" content=\"image\/png\" \/>\n<meta name=\"twitter:card\" content=\"summary_large_image\" \/>\n<meta name=\"twitter:label1\" content=\"Price\" \/>\n\t<meta name=\"twitter:data1\" content=\"5 899,00&nbsp;&#107;&#114;\" \/>\n\t<meta name=\"twitter:label2\" content=\"Availability\" \/>\n\t<meta name=\"twitter:data2\" content=\"In stock\" \/>\n<script type=\"application\/ld+json\" class=\"yoast-schema-graph\">{\"@context\":\"https:\/\/schema.org\",\"@graph\":[{\"@type\":\"WebPage\",\"@id\":\"https:\/\/babylove.se\/no\/produkt\/hvit-husseng-junior-80x160-med-madrass-og-oppbevaringsskuff\/\",\"url\":\"https:\/\/babylove.se\/no\/produkt\/hvit-husseng-junior-80x160-med-madrass-og-oppbevaringsskuff\/\",\"name\":\"Hvit juniorseng 80x160 med madrass og oppbevaringsboks - Babylove Norska\",\"isPartOf\":{\"@id\":\"https:\/\/babylove.se\/no\/#website\"},\"primaryImageOfPage\":{\"@id\":\"https:\/\/babylove.se\/no\/produkt\/hvit-husseng-junior-80x160-med-madrass-og-oppbevaringsskuff\/#primaryimage\"},\"image\":{\"@id\":\"https:\/\/babylove.se\/no\/produkt\/hvit-husseng-junior-80x160-med-madrass-og-oppbevaringsskuff\/#primaryimage\"},\"thumbnailUrl\":\"https:\/\/babylove.se\/no\/wp-content\/uploads\/sites\/3\/2025\/07\/61c228e73d07e.png\",\"datePublished\":\"2025-07-18T21:15:37+00:00\",\"dateModified\":\"2026-04-08T08:21:36+00:00\",\"breadcrumb\":{\"@id\":\"https:\/\/babylove.se\/no\/produkt\/hvit-husseng-junior-80x160-med-madrass-og-oppbevaringsskuff\/#breadcrumb\"},\"inLanguage\":\"nb-NO\",\"potentialAction\":[{\"@type\":\"ReadAction\",\"target\":[\"https:\/\/babylove.se\/no\/produkt\/hvit-husseng-junior-80x160-med-madrass-og-oppbevaringsskuff\/\"]}]},{\"@type\":\"ImageObject\",\"inLanguage\":\"nb-NO\",\"@id\":\"https:\/\/babylove.se\/no\/produkt\/hvit-husseng-junior-80x160-med-madrass-og-oppbevaringsskuff\/#primaryimage\",\"url\":\"https:\/\/babylove.se\/no\/wp-content\/uploads\/sites\/3\/2025\/07\/61c228e73d07e.png\",\"contentUrl\":\"https:\/\/babylove.se\/no\/wp-content\/uploads\/sites\/3\/2025\/07\/61c228e73d07e.png\",\"width\":800,\"height\":800},{\"@type\":\"BreadcrumbList\",\"@id\":\"https:\/\/babylove.se\/no\/produkt\/hvit-husseng-junior-80x160-med-madrass-og-oppbevaringsskuff\/#breadcrumb\",\"itemListElement\":[{\"@type\":\"ListItem\",\"position\":1,\"name\":\"Hem\",\"item\":\"https:\/\/babylove.se\/no\/\"},{\"@type\":\"ListItem\",\"position\":2,\"name\":\"Butik\",\"item\":\"https:\/\/babylove.se\/no\/butik\/\"},{\"@type\":\"ListItem\",\"position\":3,\"name\":\"Hvit juniorseng 80&#215;160 med madrass og oppbevaringsboks\"}]},{\"@type\":\"WebSite\",\"@id\":\"https:\/\/babylove.se\/no\/#website\",\"url\":\"https:\/\/babylove.se\/no\/\",\"name\":\"Babylove Norska\",\"description\":\"\",\"potentialAction\":[{\"@type\":\"SearchAction\",\"target\":{\"@type\":\"EntryPoint\",\"urlTemplate\":\"https:\/\/babylove.se\/no\/?s={search_term_string}\"},\"query-input\":{\"@type\":\"PropertyValueSpecification\",\"valueRequired\":true,\"valueName\":\"search_term_string\"}}],\"inLanguage\":\"nb-NO\"}]}<\/script>\n<meta property=\"product:brand\" content=\"DIPINO\" \/>\n<meta property=\"product:price:amount\" content=\"5899.00\" \/>\n<meta property=\"product:price:currency\" content=\"SEK\" \/>\n<meta property=\"og:availability\" content=\"instock\" \/>\n<meta property=\"product:availability\" content=\"instock\" \/>\n<meta property=\"product:retailer_item_id\" content=\"3243.BB00009990\" \/>\n<meta property=\"product:condition\" content=\"new\" \/>\n<!-- \/ Yoast SEO Premium plugin. -->","yoast_head_json":{"title":"Hvit juniorseng 80x160 med madrass og oppbevaringsboks - Babylove Norska","robots":{"index":"noindex","follow":"follow","max-snippet":"max-snippet:-1","max-image-preview":"max-image-preview:large","max-video-preview":"max-video-preview:-1"},"og_locale":"nb_NO","og_type":"article","og_title":"Hvit juniorseng 80x160 med madrass og oppbevaringsboks","og_description":"En optimal kombinasjon av en lekeplass og soveplass i form av denne vakre og h\u00e5ndlagde husseng. Denne juniorseng har sider med en bra h\u00f8yde, slik at barnet ditt sover trygt og sikkert. Den eneste \u00e5pningen finnes ved fotenden slik at barnet ditt kan klatre inn og ut selv uten problemer.&nbsp; Denne husseng f\u00e5r en solklar [&hellip;]","og_url":"https:\/\/babylove.se\/no\/produkt\/hvit-husseng-junior-80x160-med-madrass-og-oppbevaringsskuff\/","og_site_name":"Babylove Norska","article_modified_time":"2026-04-08T08:21:36+00:00","og_image":[{"width":800,"height":800,"url":"https:\/\/babylove.se\/no\/wp-content\/uploads\/sites\/3\/2025\/07\/61c228e73d07e.png","type":"image\/png"}],"twitter_card":"summary_large_image","twitter_misc":{"Price":"5 899,00&nbsp;&#107;&#114;","Availability":"In stock"},"schema":{"@context":"https:\/\/schema.org","@graph":[{"@type":"WebPage","@id":"https:\/\/babylove.se\/no\/produkt\/hvit-husseng-junior-80x160-med-madrass-og-oppbevaringsskuff\/","url":"https:\/\/babylove.se\/no\/produkt\/hvit-husseng-junior-80x160-med-madrass-og-oppbevaringsskuff\/","name":"Hvit juniorseng 80x160 med madrass og oppbevaringsboks - Babylove Norska","isPartOf":{"@id":"https:\/\/babylove.se\/no\/#website"},"primaryImageOfPage":{"@id":"https:\/\/babylove.se\/no\/produkt\/hvit-husseng-junior-80x160-med-madrass-og-oppbevaringsskuff\/#primaryimage"},"image":{"@id":"https:\/\/babylove.se\/no\/produkt\/hvit-husseng-junior-80x160-med-madrass-og-oppbevaringsskuff\/#primaryimage"},"thumbnailUrl":"https:\/\/babylove.se\/no\/wp-content\/uploads\/sites\/3\/2025\/07\/61c228e73d07e.png","datePublished":"2025-07-18T21:15:37+00:00","dateModified":"2026-04-08T08:21:36+00:00","breadcrumb":{"@id":"https:\/\/babylove.se\/no\/produkt\/hvit-husseng-junior-80x160-med-madrass-og-oppbevaringsskuff\/#breadcrumb"},"inLanguage":"nb-NO","potentialAction":[{"@type":"ReadAction","target":["https:\/\/babylove.se\/no\/produkt\/hvit-husseng-junior-80x160-med-madrass-og-oppbevaringsskuff\/"]}]},{"@type":"ImageObject","inLanguage":"nb-NO","@id":"https:\/\/babylove.se\/no\/produkt\/hvit-husseng-junior-80x160-med-madrass-og-oppbevaringsskuff\/#primaryimage","url":"https:\/\/babylove.se\/no\/wp-content\/uploads\/sites\/3\/2025\/07\/61c228e73d07e.png","contentUrl":"https:\/\/babylove.se\/no\/wp-content\/uploads\/sites\/3\/2025\/07\/61c228e73d07e.png","width":800,"height":800},{"@type":"BreadcrumbList","@id":"https:\/\/babylove.se\/no\/produkt\/hvit-husseng-junior-80x160-med-madrass-og-oppbevaringsskuff\/#breadcrumb","itemListElement":[{"@type":"ListItem","position":1,"name":"Hem","item":"https:\/\/babylove.se\/no\/"},{"@type":"ListItem","position":2,"name":"Butik","item":"https:\/\/babylove.se\/no\/butik\/"},{"@type":"ListItem","position":3,"name":"Hvit juniorseng 80&#215;160 med madrass og oppbevaringsboks"}]},{"@type":"WebSite","@id":"https:\/\/babylove.se\/no\/#website","url":"https:\/\/babylove.se\/no\/","name":"Babylove Norska","description":"","potentialAction":[{"@type":"SearchAction","target":{"@type":"EntryPoint","urlTemplate":"https:\/\/babylove.se\/no\/?s={search_term_string}"},"query-input":{"@type":"PropertyValueSpecification","valueRequired":true,"valueName":"search_term_string"}}],"inLanguage":"nb-NO"}]},"product_brand":"DIPINO","product_price_amount":"5899.00","product_price_currency":"SEK","og_availability":"instock","product_availability":"instock","product_retailer_item_id":"3243.BB00009990","product_condition":"new"},"_links":{"self":[{"href":"https:\/\/babylove.se\/no\/wp-json\/wp\/v2\/product\/18228","targetHints":{"allow":["GET"]}}],"collection":[{"href":"https:\/\/babylove.se\/no\/wp-json\/wp\/v2\/product"}],"about":[{"href":"https:\/\/babylove.se\/no\/wp-json\/wp\/v2\/types\/product"}],"replies":[{"embeddable":true,"href":"https:\/\/babylove.se\/no\/wp-json\/wp\/v2\/comments?post=18228"}],"wp:featuredmedia":[{"embeddable":true,"href":"https:\/\/babylove.se\/no\/wp-json\/wp\/v2\/media\/18230"}],"wp:attachment":[{"href":"https:\/\/babylove.se\/no\/wp-json\/wp\/v2\/media?parent=18228"}],"wp:term":[{"taxonomy":"product_brand","embeddable":true,"href":"https:\/\/babylove.se\/no\/wp-json\/wp\/v2\/product_brand?post=18228"},{"taxonomy":"product_cat","embeddable":true,"href":"https:\/\/babylove.se\/no\/wp-json\/wp\/v2\/product_cat?post=18228"},{"taxonomy":"product_tag","embeddable":true,"href":"https:\/\/babylove.se\/no\/wp-json\/wp\/v2\/product_tag?post=18228"}],"curies":[{"name":"wp","href":"https:\/\/api.w.org\/{rel}","templated":true}]}}