{"id":18237,"date":"2025-07-18T22:15:37","date_gmt":"2025-07-18T21:15:37","guid":{"rendered":"https:\/\/babylove.se\/produkt\/nuen-juniorsang-dada\/"},"modified":"2026-04-08T09:21:42","modified_gmt":"2026-04-08T08:21:42","slug":"nuen-juniorsang-dada","status":"publish","type":"product","link":"https:\/\/babylove.se\/no\/produkt\/nuen-juniorsang-dada\/","title":{"rendered":"Nuen juniorseng DADA"},"content":{"rendered":"<p>Juniorseng DADA Nuen.&nbsp;<\/p>\n<p>En fantastisk stilren juniorseng produsert i Norge av NUEN. Sengen passer sm\u00e5 barnerom og er ment for barn i skolealder.<\/p>\n<p>Materiale: SFC-sertifisert eik. Sengen er sikkerhetstestet i henhold til EU sikkerhetsdirektiv. Oljet med olje fra M\u00f8reTyr.<\/p>\n<p>M\u00e5l:&nbsp;<\/p>\n<ul>\n<li>H\u00f8yde 74,5 cm Bredde 77 cm Lengde 158,5 cm<\/li>\n<li>Sengem\u00e5l: 70&#215;140 cm &nbsp;<\/li>\n<li>Madrass inkludert<\/li>\n<\/ul>\n<p>Designer: <a href=\"https:\/\/babylove.se\/varumarken\/nuen\">Nuen&nbsp;<\/a><\/p>\n<p><em>Obs!&nbsp;<\/em><em>Sengen leveres umontert og b\u00f8r settes sammen i rommet den skal brukes i.<\/em><\/p>\n","protected":false},"excerpt":{"rendered":"<p>Juniorseng DADA Nuen.&nbsp; En fantastisk stilren juniorseng produsert i Norge av NUEN. Sengen passer sm\u00e5 barnerom og er ment for barn i skolealder. Materiale: SFC-sertifisert eik. Sengen er sikkerhetstestet i henhold til EU sikkerhetsdirektiv. Oljet med olje fra M\u00f8reTyr. M\u00e5l:&nbsp; H\u00f8yde 74,5 cm Bredde 77 cm Lengde 158,5 cm Sengem\u00e5l: 70&#215;140 cm &nbsp; Madrass inkludert [&hellip;]<\/p>\n","protected":false},"featured_media":18239,"comment_status":"closed","ping_status":"open","template":"","meta":{"_acf_changed":false},"product_brand":[758],"product_cat":[269,759,40],"product_tag":[1689],"class_list":{"0":"post-18237","1":"product","2":"type-product","3":"status-publish","4":"has-post-thumbnail","6":"product_brand-nuen","7":"product_cat-juniorsenger","8":"product_cat-nuen","9":"product_cat-soverom-barn","10":"product_tag-bestillingsvaror","11":"pa_behandlingen-obehandlad-ek","12":"pa_behandlingen-oljad-ek","13":"pa_behandlingen-rokt-ek","15":"first","16":"instock","17":"taxable","18":"shipping-taxable","19":"purchasable","20":"product-type-variable"},"acf":[],"yoast_head":"<!-- This site is optimized with the Yoast SEO Premium plugin v25.8 (Yoast SEO v27.2) - https:\/\/yoast.com\/product\/yoast-seo-premium-wordpress\/ -->\n<title>Nuen juniorseng DADA - Babylove Norska<\/title>\n<meta name=\"robots\" content=\"noindex, follow, max-snippet:-1, max-image-preview:large, max-video-preview:-1\" \/>\n<meta property=\"og:locale\" content=\"nb_NO\" \/>\n<meta property=\"og:type\" content=\"article\" \/>\n<meta property=\"og:title\" content=\"Nuen juniorseng DADA\" \/>\n<meta property=\"og:description\" content=\"Juniorseng DADA Nuen.&nbsp; En fantastisk stilren juniorseng produsert i Norge av NUEN. Sengen passer sm\u00e5 barnerom og er ment for barn i skolealder. Materiale: SFC-sertifisert eik. Sengen er sikkerhetstestet i henhold til EU sikkerhetsdirektiv. Oljet med olje fra M\u00f8reTyr. M\u00e5l:&nbsp; H\u00f8yde 74,5 cm Bredde 77 cm Lengde 158,5 cm Sengem\u00e5l: 70&#215;140 cm &nbsp; Madrass inkludert [&hellip;]\" \/>\n<meta property=\"og:url\" content=\"https:\/\/babylove.se\/no\/produkt\/nuen-juniorsang-dada\/\" \/>\n<meta property=\"og:site_name\" content=\"Babylove Norska\" \/>\n<meta property=\"article:modified_time\" content=\"2026-04-08T08:21:42+00:00\" \/>\n<meta property=\"og:image\" content=\"https:\/\/babylove.se\/no\/wp-content\/uploads\/sites\/3\/2025\/07\/5ee36b6190f9b.jpeg\" \/>\n\t<meta property=\"og:image:width\" content=\"500\" \/>\n\t<meta property=\"og:image:height\" content=\"750\" \/>\n\t<meta property=\"og:image:type\" content=\"image\/jpeg\" \/>\n<meta name=\"twitter:card\" content=\"summary_large_image\" \/>\n<meta name=\"twitter:label1\" content=\"Availability\" \/>\n\t<meta name=\"twitter:data1\" content=\"In stock\" \/>\n<script type=\"application\/ld+json\" class=\"yoast-schema-graph\">{\"@context\":\"https:\/\/schema.org\",\"@graph\":[{\"@type\":\"WebPage\",\"@id\":\"https:\/\/babylove.se\/no\/produkt\/nuen-juniorsang-dada\/\",\"url\":\"https:\/\/babylove.se\/no\/produkt\/nuen-juniorsang-dada\/\",\"name\":\"Nuen juniorseng DADA - Babylove Norska\",\"isPartOf\":{\"@id\":\"https:\/\/babylove.se\/no\/#website\"},\"primaryImageOfPage\":{\"@id\":\"https:\/\/babylove.se\/no\/produkt\/nuen-juniorsang-dada\/#primaryimage\"},\"image\":{\"@id\":\"https:\/\/babylove.se\/no\/produkt\/nuen-juniorsang-dada\/#primaryimage\"},\"thumbnailUrl\":\"https:\/\/babylove.se\/no\/wp-content\/uploads\/sites\/3\/2025\/07\/5ee36b6190f9b.jpeg\",\"datePublished\":\"2025-07-18T21:15:37+00:00\",\"dateModified\":\"2026-04-08T08:21:42+00:00\",\"breadcrumb\":{\"@id\":\"https:\/\/babylove.se\/no\/produkt\/nuen-juniorsang-dada\/#breadcrumb\"},\"inLanguage\":\"nb-NO\",\"potentialAction\":[{\"@type\":\"ReadAction\",\"target\":[\"https:\/\/babylove.se\/no\/produkt\/nuen-juniorsang-dada\/\"]}]},{\"@type\":\"ImageObject\",\"inLanguage\":\"nb-NO\",\"@id\":\"https:\/\/babylove.se\/no\/produkt\/nuen-juniorsang-dada\/#primaryimage\",\"url\":\"https:\/\/babylove.se\/no\/wp-content\/uploads\/sites\/3\/2025\/07\/5ee36b6190f9b.jpeg\",\"contentUrl\":\"https:\/\/babylove.se\/no\/wp-content\/uploads\/sites\/3\/2025\/07\/5ee36b6190f9b.jpeg\",\"width\":500,\"height\":750},{\"@type\":\"BreadcrumbList\",\"@id\":\"https:\/\/babylove.se\/no\/produkt\/nuen-juniorsang-dada\/#breadcrumb\",\"itemListElement\":[{\"@type\":\"ListItem\",\"position\":1,\"name\":\"Hem\",\"item\":\"https:\/\/babylove.se\/no\/\"},{\"@type\":\"ListItem\",\"position\":2,\"name\":\"Butik\",\"item\":\"https:\/\/babylove.se\/no\/butik\/\"},{\"@type\":\"ListItem\",\"position\":3,\"name\":\"Nuen juniorseng DADA\"}]},{\"@type\":\"WebSite\",\"@id\":\"https:\/\/babylove.se\/no\/#website\",\"url\":\"https:\/\/babylove.se\/no\/\",\"name\":\"Babylove Norska\",\"description\":\"\",\"potentialAction\":[{\"@type\":\"SearchAction\",\"target\":{\"@type\":\"EntryPoint\",\"urlTemplate\":\"https:\/\/babylove.se\/no\/?s={search_term_string}\"},\"query-input\":{\"@type\":\"PropertyValueSpecification\",\"valueRequired\":true,\"valueName\":\"search_term_string\"}}],\"inLanguage\":\"nb-NO\"}]}<\/script>\n<meta property=\"product:brand\" content=\"Nuen\" \/>\n<meta property=\"og:availability\" content=\"instock\" \/>\n<meta property=\"product:availability\" content=\"instock\" \/>\n<meta property=\"product:retailer_item_id\" content=\"2020013\" \/>\n<meta property=\"product:condition\" content=\"new\" \/>\n<!-- \/ Yoast SEO Premium plugin. -->","yoast_head_json":{"title":"Nuen juniorseng DADA - Babylove Norska","robots":{"index":"noindex","follow":"follow","max-snippet":"max-snippet:-1","max-image-preview":"max-image-preview:large","max-video-preview":"max-video-preview:-1"},"og_locale":"nb_NO","og_type":"article","og_title":"Nuen juniorseng DADA","og_description":"Juniorseng DADA Nuen.&nbsp; En fantastisk stilren juniorseng produsert i Norge av NUEN. Sengen passer sm\u00e5 barnerom og er ment for barn i skolealder. Materiale: SFC-sertifisert eik. Sengen er sikkerhetstestet i henhold til EU sikkerhetsdirektiv. Oljet med olje fra M\u00f8reTyr. M\u00e5l:&nbsp; H\u00f8yde 74,5 cm Bredde 77 cm Lengde 158,5 cm Sengem\u00e5l: 70&#215;140 cm &nbsp; Madrass inkludert [&hellip;]","og_url":"https:\/\/babylove.se\/no\/produkt\/nuen-juniorsang-dada\/","og_site_name":"Babylove Norska","article_modified_time":"2026-04-08T08:21:42+00:00","og_image":[{"width":500,"height":750,"url":"https:\/\/babylove.se\/no\/wp-content\/uploads\/sites\/3\/2025\/07\/5ee36b6190f9b.jpeg","type":"image\/jpeg"}],"twitter_card":"summary_large_image","twitter_misc":{"Availability":"In stock"},"schema":{"@context":"https:\/\/schema.org","@graph":[{"@type":"WebPage","@id":"https:\/\/babylove.se\/no\/produkt\/nuen-juniorsang-dada\/","url":"https:\/\/babylove.se\/no\/produkt\/nuen-juniorsang-dada\/","name":"Nuen juniorseng DADA - Babylove Norska","isPartOf":{"@id":"https:\/\/babylove.se\/no\/#website"},"primaryImageOfPage":{"@id":"https:\/\/babylove.se\/no\/produkt\/nuen-juniorsang-dada\/#primaryimage"},"image":{"@id":"https:\/\/babylove.se\/no\/produkt\/nuen-juniorsang-dada\/#primaryimage"},"thumbnailUrl":"https:\/\/babylove.se\/no\/wp-content\/uploads\/sites\/3\/2025\/07\/5ee36b6190f9b.jpeg","datePublished":"2025-07-18T21:15:37+00:00","dateModified":"2026-04-08T08:21:42+00:00","breadcrumb":{"@id":"https:\/\/babylove.se\/no\/produkt\/nuen-juniorsang-dada\/#breadcrumb"},"inLanguage":"nb-NO","potentialAction":[{"@type":"ReadAction","target":["https:\/\/babylove.se\/no\/produkt\/nuen-juniorsang-dada\/"]}]},{"@type":"ImageObject","inLanguage":"nb-NO","@id":"https:\/\/babylove.se\/no\/produkt\/nuen-juniorsang-dada\/#primaryimage","url":"https:\/\/babylove.se\/no\/wp-content\/uploads\/sites\/3\/2025\/07\/5ee36b6190f9b.jpeg","contentUrl":"https:\/\/babylove.se\/no\/wp-content\/uploads\/sites\/3\/2025\/07\/5ee36b6190f9b.jpeg","width":500,"height":750},{"@type":"BreadcrumbList","@id":"https:\/\/babylove.se\/no\/produkt\/nuen-juniorsang-dada\/#breadcrumb","itemListElement":[{"@type":"ListItem","position":1,"name":"Hem","item":"https:\/\/babylove.se\/no\/"},{"@type":"ListItem","position":2,"name":"Butik","item":"https:\/\/babylove.se\/no\/butik\/"},{"@type":"ListItem","position":3,"name":"Nuen juniorseng DADA"}]},{"@type":"WebSite","@id":"https:\/\/babylove.se\/no\/#website","url":"https:\/\/babylove.se\/no\/","name":"Babylove Norska","description":"","potentialAction":[{"@type":"SearchAction","target":{"@type":"EntryPoint","urlTemplate":"https:\/\/babylove.se\/no\/?s={search_term_string}"},"query-input":{"@type":"PropertyValueSpecification","valueRequired":true,"valueName":"search_term_string"}}],"inLanguage":"nb-NO"}]},"product_brand":"Nuen","og_availability":"instock","product_availability":"instock","product_retailer_item_id":"2020013","product_condition":"new"},"_links":{"self":[{"href":"https:\/\/babylove.se\/no\/wp-json\/wp\/v2\/product\/18237","targetHints":{"allow":["GET"]}}],"collection":[{"href":"https:\/\/babylove.se\/no\/wp-json\/wp\/v2\/product"}],"about":[{"href":"https:\/\/babylove.se\/no\/wp-json\/wp\/v2\/types\/product"}],"replies":[{"embeddable":true,"href":"https:\/\/babylove.se\/no\/wp-json\/wp\/v2\/comments?post=18237"}],"wp:featuredmedia":[{"embeddable":true,"href":"https:\/\/babylove.se\/no\/wp-json\/wp\/v2\/media\/18239"}],"wp:attachment":[{"href":"https:\/\/babylove.se\/no\/wp-json\/wp\/v2\/media?parent=18237"}],"wp:term":[{"taxonomy":"product_brand","embeddable":true,"href":"https:\/\/babylove.se\/no\/wp-json\/wp\/v2\/product_brand?post=18237"},{"taxonomy":"product_cat","embeddable":true,"href":"https:\/\/babylove.se\/no\/wp-json\/wp\/v2\/product_cat?post=18237"},{"taxonomy":"product_tag","embeddable":true,"href":"https:\/\/babylove.se\/no\/wp-json\/wp\/v2\/product_tag?post=18237"}],"curies":[{"name":"wp","href":"https:\/\/api.w.org\/{rel}","templated":true}]}}