{"id":18270,"date":"2025-07-18T22:16:03","date_gmt":"2025-07-18T21:16:03","guid":{"rendered":"https:\/\/babylove.se\/produkt\/vit-vaningssang-familjesang-140x200-90x200\/"},"modified":"2026-04-08T09:22:04","modified_gmt":"2026-04-08T08:22:04","slug":"hvit-familieseng-140x200-90x200","status":"publish","type":"product","link":"https:\/\/babylove.se\/no\/produkt\/hvit-familieseng-140x200-90x200\/","title":{"rendered":"Hvit k\u00f8yeseng familieseng 140&#215;200 \/ 90&#215;200"},"content":{"rendered":"<p>En k\u00f8yeseng er praktisk enten for s\u00f8sken som deler rom, eller for barnet som vil ha venner som sover over ofte. \u00c5 finne en som b\u00e5de er praktisk og pen er ikke enkelt, men her er svaret p\u00e5 det. Overdelen er utstyrt med ordentlige beskyttelseskanter hele veien rundt og alle kanter er avrundede, alt for ditt barns beste. <\/p>\n<p>Sengen er malt i hvitt men man har latt trefiberene skinne igjennom for \u00e5 skape en deilig karakter p\u00e5 barnesengen. <\/p>\n<ul>\n<li>Materiale: Furutre samt MDF<\/li>\n<li>Sengem\u00e5l: 90 x 200 cm (oppe) og 140&#215;200 cm (nede)<\/li>\n<li>Stigen kan monteres p\u00e5 valgfri side<\/li>\n<li>Dybde : 206 cm<\/li>\n<li>Bredde 147 cm<\/li>\n<li>H\u00f8yde: 139 cm<\/li>\n<li>Maksbelastning \u00f8vre seng &#8211; 80kg<\/li>\n<li>Maksbelastning under seng &#8211; 130kg<\/li>\n<\/ul>\n<p><em><em><em><em><em>Obs! Sengen leveres umontert og b\u00f8r settes sammen i rommet den skal brukes i.<\/em><\/em><\/em><\/em><\/em><\/p>\n","protected":false},"excerpt":{"rendered":"<p>En k\u00f8yeseng er praktisk enten for s\u00f8sken som deler rom, eller for barnet som vil ha venner som sover over ofte. \u00c5 finne en som b\u00e5de er praktisk og pen er ikke enkelt, men her er svaret p\u00e5 det. Overdelen er utstyrt med ordentlige beskyttelseskanter hele veien rundt og alle kanter er avrundede, alt for [&hellip;]<\/p>\n","protected":false},"featured_media":18272,"comment_status":"closed","ping_status":"closed","template":"","meta":{"_acf_changed":false},"product_brand":[671],"product_cat":[220,221,218,219,399,672,385,280,685,40],"product_tag":[1689],"class_list":{"0":"post-18270","1":"product","2":"type-product","3":"status-publish","4":"has-post-thumbnail","6":"product_brand-homestyle4u","7":"product_cat-barneseng-120","8":"product_cat-barneseng-140","9":"product_cat-barneseng-80","10":"product_cat-barneseng-90","11":"product_cat-store-familiesenger-og-barnesenger","12":"product_cat-hm","13":"product_cat-koyesenger-loftsenger","14":"product_cat-senger-med-rask-levering","15":"product_cat-senger-til-hytta","16":"product_cat-soverom-barn","17":"product_tag-bestillingsvaror","18":"pa_anpassade-madrasser-2st-med","19":"pa_anpassade-madrasser-2st-utan","20":"pa_forvaringslada-under-med","21":"pa_forvaringslada-under-utan","23":"first","24":"instock","25":"taxable","26":"shipping-taxable","27":"purchasable","28":"product-type-variable"},"acf":[],"yoast_head":"<!-- This site is optimized with the Yoast SEO Premium plugin v25.8 (Yoast SEO v27.2) - https:\/\/yoast.com\/product\/yoast-seo-premium-wordpress\/ -->\n<title>Familjes\u00e4ng - Best\u00e4ll Vit v\u00e5ningss\u00e4ng 140x200 \/ 90x200 - Babylove<\/title>\n<meta name=\"robots\" content=\"noindex, follow, max-snippet:-1, max-image-preview:large, max-video-preview:-1\" \/>\n<meta property=\"og:locale\" content=\"nb_NO\" \/>\n<meta property=\"og:type\" content=\"article\" \/>\n<meta property=\"og:title\" content=\"Hvit k\u00f8yeseng familieseng 140x200 \/ 90x200\" \/>\n<meta property=\"og:description\" content=\"En k\u00f8yeseng er praktisk enten for s\u00f8sken som deler rom, eller for barnet som vil ha venner som sover over ofte. \u00c5 finne en som b\u00e5de er praktisk og pen er ikke enkelt, men her er svaret p\u00e5 det. Overdelen er utstyrt med ordentlige beskyttelseskanter hele veien rundt og alle kanter er avrundede, alt for [&hellip;]\" \/>\n<meta property=\"og:url\" content=\"https:\/\/babylove.se\/no\/produkt\/hvit-familieseng-140x200-90x200\/\" \/>\n<meta property=\"og:site_name\" content=\"Babylove Norska\" \/>\n<meta property=\"article:modified_time\" content=\"2026-04-08T08:22:04+00:00\" \/>\n<meta property=\"og:image\" content=\"https:\/\/babylove.se\/no\/wp-content\/uploads\/sites\/3\/2025\/07\/63a588d6b1f4d.png\" \/>\n\t<meta property=\"og:image:width\" content=\"800\" \/>\n\t<meta property=\"og:image:height\" content=\"800\" \/>\n\t<meta property=\"og:image:type\" content=\"image\/png\" \/>\n<meta name=\"twitter:card\" content=\"summary_large_image\" \/>\n<meta name=\"twitter:label1\" content=\"Availability\" \/>\n\t<meta name=\"twitter:data1\" content=\"In stock\" \/>\n<script type=\"application\/ld+json\" class=\"yoast-schema-graph\">{\"@context\":\"https:\/\/schema.org\",\"@graph\":[{\"@type\":\"WebPage\",\"@id\":\"https:\/\/babylove.se\/no\/produkt\/hvit-familieseng-140x200-90x200\/\",\"url\":\"https:\/\/babylove.se\/no\/produkt\/hvit-familieseng-140x200-90x200\/\",\"name\":\"Familjes\u00e4ng - Best\u00e4ll Vit v\u00e5ningss\u00e4ng 140x200 \/ 90x200 - Babylove\",\"isPartOf\":{\"@id\":\"https:\/\/babylove.se\/no\/#website\"},\"primaryImageOfPage\":{\"@id\":\"https:\/\/babylove.se\/no\/produkt\/hvit-familieseng-140x200-90x200\/#primaryimage\"},\"image\":{\"@id\":\"https:\/\/babylove.se\/no\/produkt\/hvit-familieseng-140x200-90x200\/#primaryimage\"},\"thumbnailUrl\":\"https:\/\/babylove.se\/no\/wp-content\/uploads\/sites\/3\/2025\/07\/63a588d6b1f4d.png\",\"datePublished\":\"2025-07-18T21:16:03+00:00\",\"dateModified\":\"2026-04-08T08:22:04+00:00\",\"breadcrumb\":{\"@id\":\"https:\/\/babylove.se\/no\/produkt\/hvit-familieseng-140x200-90x200\/#breadcrumb\"},\"inLanguage\":\"nb-NO\",\"potentialAction\":[{\"@type\":\"ReadAction\",\"target\":[\"https:\/\/babylove.se\/no\/produkt\/hvit-familieseng-140x200-90x200\/\"]}]},{\"@type\":\"ImageObject\",\"inLanguage\":\"nb-NO\",\"@id\":\"https:\/\/babylove.se\/no\/produkt\/hvit-familieseng-140x200-90x200\/#primaryimage\",\"url\":\"https:\/\/babylove.se\/no\/wp-content\/uploads\/sites\/3\/2025\/07\/63a588d6b1f4d.png\",\"contentUrl\":\"https:\/\/babylove.se\/no\/wp-content\/uploads\/sites\/3\/2025\/07\/63a588d6b1f4d.png\",\"width\":800,\"height\":800},{\"@type\":\"BreadcrumbList\",\"@id\":\"https:\/\/babylove.se\/no\/produkt\/hvit-familieseng-140x200-90x200\/#breadcrumb\",\"itemListElement\":[{\"@type\":\"ListItem\",\"position\":1,\"name\":\"Hem\",\"item\":\"https:\/\/babylove.se\/no\/\"},{\"@type\":\"ListItem\",\"position\":2,\"name\":\"Butik\",\"item\":\"https:\/\/babylove.se\/no\/butik\/\"},{\"@type\":\"ListItem\",\"position\":3,\"name\":\"Hvit k\u00f8yeseng familieseng 140&#215;200 \/ 90&#215;200\"}]},{\"@type\":\"WebSite\",\"@id\":\"https:\/\/babylove.se\/no\/#website\",\"url\":\"https:\/\/babylove.se\/no\/\",\"name\":\"Babylove Norska\",\"description\":\"\",\"potentialAction\":[{\"@type\":\"SearchAction\",\"target\":{\"@type\":\"EntryPoint\",\"urlTemplate\":\"https:\/\/babylove.se\/no\/?s={search_term_string}\"},\"query-input\":{\"@type\":\"PropertyValueSpecification\",\"valueRequired\":true,\"valueName\":\"search_term_string\"}}],\"inLanguage\":\"nb-NO\"}]}<\/script>\n<meta property=\"product:brand\" content=\"Homestyle4u\" \/>\n<meta property=\"og:availability\" content=\"instock\" \/>\n<meta property=\"product:availability\" content=\"instock\" \/>\n<meta property=\"product:retailer_item_id\" content=\"1898\" \/>\n<meta property=\"product:condition\" content=\"new\" \/>\n<!-- \/ Yoast SEO Premium plugin. -->","yoast_head_json":{"title":"Familjes\u00e4ng - Best\u00e4ll Vit v\u00e5ningss\u00e4ng 140x200 \/ 90x200 - Babylove","robots":{"index":"noindex","follow":"follow","max-snippet":"max-snippet:-1","max-image-preview":"max-image-preview:large","max-video-preview":"max-video-preview:-1"},"og_locale":"nb_NO","og_type":"article","og_title":"Hvit k\u00f8yeseng familieseng 140x200 \/ 90x200","og_description":"En k\u00f8yeseng er praktisk enten for s\u00f8sken som deler rom, eller for barnet som vil ha venner som sover over ofte. \u00c5 finne en som b\u00e5de er praktisk og pen er ikke enkelt, men her er svaret p\u00e5 det. Overdelen er utstyrt med ordentlige beskyttelseskanter hele veien rundt og alle kanter er avrundede, alt for [&hellip;]","og_url":"https:\/\/babylove.se\/no\/produkt\/hvit-familieseng-140x200-90x200\/","og_site_name":"Babylove Norska","article_modified_time":"2026-04-08T08:22:04+00:00","og_image":[{"width":800,"height":800,"url":"https:\/\/babylove.se\/no\/wp-content\/uploads\/sites\/3\/2025\/07\/63a588d6b1f4d.png","type":"image\/png"}],"twitter_card":"summary_large_image","twitter_misc":{"Availability":"In stock"},"schema":{"@context":"https:\/\/schema.org","@graph":[{"@type":"WebPage","@id":"https:\/\/babylove.se\/no\/produkt\/hvit-familieseng-140x200-90x200\/","url":"https:\/\/babylove.se\/no\/produkt\/hvit-familieseng-140x200-90x200\/","name":"Familjes\u00e4ng - Best\u00e4ll Vit v\u00e5ningss\u00e4ng 140x200 \/ 90x200 - Babylove","isPartOf":{"@id":"https:\/\/babylove.se\/no\/#website"},"primaryImageOfPage":{"@id":"https:\/\/babylove.se\/no\/produkt\/hvit-familieseng-140x200-90x200\/#primaryimage"},"image":{"@id":"https:\/\/babylove.se\/no\/produkt\/hvit-familieseng-140x200-90x200\/#primaryimage"},"thumbnailUrl":"https:\/\/babylove.se\/no\/wp-content\/uploads\/sites\/3\/2025\/07\/63a588d6b1f4d.png","datePublished":"2025-07-18T21:16:03+00:00","dateModified":"2026-04-08T08:22:04+00:00","breadcrumb":{"@id":"https:\/\/babylove.se\/no\/produkt\/hvit-familieseng-140x200-90x200\/#breadcrumb"},"inLanguage":"nb-NO","potentialAction":[{"@type":"ReadAction","target":["https:\/\/babylove.se\/no\/produkt\/hvit-familieseng-140x200-90x200\/"]}]},{"@type":"ImageObject","inLanguage":"nb-NO","@id":"https:\/\/babylove.se\/no\/produkt\/hvit-familieseng-140x200-90x200\/#primaryimage","url":"https:\/\/babylove.se\/no\/wp-content\/uploads\/sites\/3\/2025\/07\/63a588d6b1f4d.png","contentUrl":"https:\/\/babylove.se\/no\/wp-content\/uploads\/sites\/3\/2025\/07\/63a588d6b1f4d.png","width":800,"height":800},{"@type":"BreadcrumbList","@id":"https:\/\/babylove.se\/no\/produkt\/hvit-familieseng-140x200-90x200\/#breadcrumb","itemListElement":[{"@type":"ListItem","position":1,"name":"Hem","item":"https:\/\/babylove.se\/no\/"},{"@type":"ListItem","position":2,"name":"Butik","item":"https:\/\/babylove.se\/no\/butik\/"},{"@type":"ListItem","position":3,"name":"Hvit k\u00f8yeseng familieseng 140&#215;200 \/ 90&#215;200"}]},{"@type":"WebSite","@id":"https:\/\/babylove.se\/no\/#website","url":"https:\/\/babylove.se\/no\/","name":"Babylove Norska","description":"","potentialAction":[{"@type":"SearchAction","target":{"@type":"EntryPoint","urlTemplate":"https:\/\/babylove.se\/no\/?s={search_term_string}"},"query-input":{"@type":"PropertyValueSpecification","valueRequired":true,"valueName":"search_term_string"}}],"inLanguage":"nb-NO"}]},"product_brand":"Homestyle4u","og_availability":"instock","product_availability":"instock","product_retailer_item_id":"1898","product_condition":"new"},"_links":{"self":[{"href":"https:\/\/babylove.se\/no\/wp-json\/wp\/v2\/product\/18270","targetHints":{"allow":["GET"]}}],"collection":[{"href":"https:\/\/babylove.se\/no\/wp-json\/wp\/v2\/product"}],"about":[{"href":"https:\/\/babylove.se\/no\/wp-json\/wp\/v2\/types\/product"}],"replies":[{"embeddable":true,"href":"https:\/\/babylove.se\/no\/wp-json\/wp\/v2\/comments?post=18270"}],"wp:featuredmedia":[{"embeddable":true,"href":"https:\/\/babylove.se\/no\/wp-json\/wp\/v2\/media\/18272"}],"wp:attachment":[{"href":"https:\/\/babylove.se\/no\/wp-json\/wp\/v2\/media?parent=18270"}],"wp:term":[{"taxonomy":"product_brand","embeddable":true,"href":"https:\/\/babylove.se\/no\/wp-json\/wp\/v2\/product_brand?post=18270"},{"taxonomy":"product_cat","embeddable":true,"href":"https:\/\/babylove.se\/no\/wp-json\/wp\/v2\/product_cat?post=18270"},{"taxonomy":"product_tag","embeddable":true,"href":"https:\/\/babylove.se\/no\/wp-json\/wp\/v2\/product_tag?post=18270"}],"curies":[{"name":"wp","href":"https:\/\/api.w.org\/{rel}","templated":true}]}}