{"id":18311,"date":"2025-07-18T22:16:21","date_gmt":"2025-07-18T21:16:21","guid":{"rendered":"https:\/\/babylove.se\/produkt\/liewood-albert-rabbit-olive-green-handduk-med-huva-for-nyfodda\/"},"modified":"2026-04-08T09:22:29","modified_gmt":"2026-04-08T08:22:29","slug":"liewood-albert-kanin-olivengronn-handkle-med-hette-for-nyfodte","status":"publish","type":"product","link":"https:\/\/babylove.se\/no\/produkt\/liewood-albert-kanin-olivengronn-handkle-med-hette-for-nyfodte\/","title":{"rendered":"Liewood Albert kanin olivengr\u00f8nn, h\u00e5ndkle med hette for nyf\u00f8dte"},"content":{"rendered":"<p>En fantastisk fin og vakker badecape med hette fra det danske selskapet Liewood. Dette myke og koselige badeh\u00e5ndkledet vil bli ditt barns nye favoritt. Perfekt etter badet for \u00e5 holde barnet varmt samtidig som barnet blir t\u00f8rr. Badecapen er laget av utvalgt \u00f8kologisk bomull av h\u00f8yeste kvalitet. Kan med fordel matches med andre produkter fra samme kolleksjon. <\/p>\n<p>St\u00f8rrelse: 70 x 70 cm <\/p>\n<p>Designer: <a href=\"https:\/\/babylove.se\/varumarken\/liewood\"><u>Liewood<\/u><\/a><\/p>\n","protected":false},"excerpt":{"rendered":"<p>En fantastisk fin og vakker badecape med hette fra det danske selskapet Liewood. Dette myke og koselige badeh\u00e5ndkledet vil bli ditt barns nye favoritt. Perfekt etter badet for \u00e5 holde barnet varmt samtidig som barnet blir t\u00f8rr. Badecapen er laget av utvalgt \u00f8kologisk bomull av h\u00f8yeste kvalitet. Kan med fordel matches med andre produkter fra [&hellip;]<\/p>\n","protected":false},"featured_media":18313,"comment_status":"closed","ping_status":"closed","template":"","meta":{"_acf_changed":false},"product_brand":[282],"product_cat":[117,116,283],"product_tag":[],"class_list":{"0":"post-18311","1":"product","2":"type-product","3":"status-publish","4":"has-post-thumbnail","6":"product_brand-liewood","7":"product_cat-babybadhandkle-med-hette","8":"product_cat-handkle-med-hette","9":"product_cat-liewood","11":"first","12":"outofstock","13":"taxable","14":"shipping-taxable","15":"purchasable","16":"product-type-simple"},"acf":[],"yoast_head":"<!-- This site is optimized with the Yoast SEO Premium plugin v25.8 (Yoast SEO v27.2) - https:\/\/yoast.com\/product\/yoast-seo-premium-wordpress\/ -->\n<title>Liewood Albert kanin olivengr\u00f8nn, h\u00e5ndkle med hette for nyf\u00f8dte - Babylove Norska<\/title>\n<meta name=\"robots\" content=\"noindex, follow, max-snippet:-1, max-image-preview:large, max-video-preview:-1\" \/>\n<meta property=\"og:locale\" content=\"nb_NO\" \/>\n<meta property=\"og:type\" content=\"article\" \/>\n<meta property=\"og:title\" content=\"Liewood Albert kanin olivengr\u00f8nn, h\u00e5ndkle med hette for nyf\u00f8dte\" \/>\n<meta property=\"og:description\" content=\"En fantastisk fin og vakker badecape med hette fra det danske selskapet Liewood. Dette myke og koselige badeh\u00e5ndkledet vil bli ditt barns nye favoritt. Perfekt etter badet for \u00e5 holde barnet varmt samtidig som barnet blir t\u00f8rr. Badecapen er laget av utvalgt \u00f8kologisk bomull av h\u00f8yeste kvalitet. Kan med fordel matches med andre produkter fra [&hellip;]\" \/>\n<meta property=\"og:url\" content=\"https:\/\/babylove.se\/no\/produkt\/liewood-albert-kanin-olivengronn-handkle-med-hette-for-nyfodte\/\" \/>\n<meta property=\"og:site_name\" content=\"Babylove Norska\" \/>\n<meta property=\"article:modified_time\" content=\"2026-04-08T08:22:29+00:00\" \/>\n<meta property=\"og:image\" content=\"https:\/\/babylove.se\/no\/wp-content\/uploads\/sites\/3\/2025\/07\/5ef4602de5a73.jpeg\" \/>\n\t<meta property=\"og:image:width\" content=\"750\" \/>\n\t<meta property=\"og:image:height\" content=\"750\" \/>\n\t<meta property=\"og:image:type\" content=\"image\/jpeg\" \/>\n<meta name=\"twitter:card\" content=\"summary_large_image\" \/>\n<meta name=\"twitter:label1\" content=\"Price\" \/>\n\t<meta name=\"twitter:data1\" content=\"269,00&nbsp;&#107;&#114;\" \/>\n\t<meta name=\"twitter:label2\" content=\"Availability\" \/>\n\t<meta name=\"twitter:data2\" content=\"Out of stock\" \/>\n<script type=\"application\/ld+json\" class=\"yoast-schema-graph\">{\"@context\":\"https:\/\/schema.org\",\"@graph\":[{\"@type\":\"WebPage\",\"@id\":\"https:\/\/babylove.se\/no\/produkt\/liewood-albert-kanin-olivengronn-handkle-med-hette-for-nyfodte\/\",\"url\":\"https:\/\/babylove.se\/no\/produkt\/liewood-albert-kanin-olivengronn-handkle-med-hette-for-nyfodte\/\",\"name\":\"Liewood Albert kanin olivengr\u00f8nn, h\u00e5ndkle med hette for nyf\u00f8dte - Babylove Norska\",\"isPartOf\":{\"@id\":\"https:\/\/babylove.se\/no\/#website\"},\"primaryImageOfPage\":{\"@id\":\"https:\/\/babylove.se\/no\/produkt\/liewood-albert-kanin-olivengronn-handkle-med-hette-for-nyfodte\/#primaryimage\"},\"image\":{\"@id\":\"https:\/\/babylove.se\/no\/produkt\/liewood-albert-kanin-olivengronn-handkle-med-hette-for-nyfodte\/#primaryimage\"},\"thumbnailUrl\":\"https:\/\/babylove.se\/no\/wp-content\/uploads\/sites\/3\/2025\/07\/5ef4602de5a73.jpeg\",\"datePublished\":\"2025-07-18T21:16:21+00:00\",\"dateModified\":\"2026-04-08T08:22:29+00:00\",\"breadcrumb\":{\"@id\":\"https:\/\/babylove.se\/no\/produkt\/liewood-albert-kanin-olivengronn-handkle-med-hette-for-nyfodte\/#breadcrumb\"},\"inLanguage\":\"nb-NO\",\"potentialAction\":[{\"@type\":\"ReadAction\",\"target\":[\"https:\/\/babylove.se\/no\/produkt\/liewood-albert-kanin-olivengronn-handkle-med-hette-for-nyfodte\/\"]}]},{\"@type\":\"ImageObject\",\"inLanguage\":\"nb-NO\",\"@id\":\"https:\/\/babylove.se\/no\/produkt\/liewood-albert-kanin-olivengronn-handkle-med-hette-for-nyfodte\/#primaryimage\",\"url\":\"https:\/\/babylove.se\/no\/wp-content\/uploads\/sites\/3\/2025\/07\/5ef4602de5a73.jpeg\",\"contentUrl\":\"https:\/\/babylove.se\/no\/wp-content\/uploads\/sites\/3\/2025\/07\/5ef4602de5a73.jpeg\",\"width\":750,\"height\":750},{\"@type\":\"BreadcrumbList\",\"@id\":\"https:\/\/babylove.se\/no\/produkt\/liewood-albert-kanin-olivengronn-handkle-med-hette-for-nyfodte\/#breadcrumb\",\"itemListElement\":[{\"@type\":\"ListItem\",\"position\":1,\"name\":\"Hem\",\"item\":\"https:\/\/babylove.se\/no\/\"},{\"@type\":\"ListItem\",\"position\":2,\"name\":\"Butik\",\"item\":\"https:\/\/babylove.se\/no\/butik\/\"},{\"@type\":\"ListItem\",\"position\":3,\"name\":\"Liewood Albert kanin olivengr\u00f8nn, h\u00e5ndkle med hette for nyf\u00f8dte\"}]},{\"@type\":\"WebSite\",\"@id\":\"https:\/\/babylove.se\/no\/#website\",\"url\":\"https:\/\/babylove.se\/no\/\",\"name\":\"Babylove Norska\",\"description\":\"\",\"potentialAction\":[{\"@type\":\"SearchAction\",\"target\":{\"@type\":\"EntryPoint\",\"urlTemplate\":\"https:\/\/babylove.se\/no\/?s={search_term_string}\"},\"query-input\":{\"@type\":\"PropertyValueSpecification\",\"valueRequired\":true,\"valueName\":\"search_term_string\"}}],\"inLanguage\":\"nb-NO\"}]}<\/script>\n<meta property=\"product:brand\" content=\"Liewood\" \/>\n<meta property=\"product:price:amount\" content=\"269.00\" \/>\n<meta property=\"product:price:currency\" content=\"SEK\" \/>\n<meta property=\"og:availability\" content=\"out of stock\" \/>\n<meta property=\"product:availability\" content=\"out of stock\" \/>\n<meta property=\"product:retailer_item_id\" content=\"LW125647358\" \/>\n<meta property=\"product:condition\" content=\"new\" \/>\n<!-- \/ Yoast SEO Premium plugin. -->","yoast_head_json":{"title":"Liewood Albert kanin olivengr\u00f8nn, h\u00e5ndkle med hette for nyf\u00f8dte - Babylove Norska","robots":{"index":"noindex","follow":"follow","max-snippet":"max-snippet:-1","max-image-preview":"max-image-preview:large","max-video-preview":"max-video-preview:-1"},"og_locale":"nb_NO","og_type":"article","og_title":"Liewood Albert kanin olivengr\u00f8nn, h\u00e5ndkle med hette for nyf\u00f8dte","og_description":"En fantastisk fin og vakker badecape med hette fra det danske selskapet Liewood. Dette myke og koselige badeh\u00e5ndkledet vil bli ditt barns nye favoritt. Perfekt etter badet for \u00e5 holde barnet varmt samtidig som barnet blir t\u00f8rr. Badecapen er laget av utvalgt \u00f8kologisk bomull av h\u00f8yeste kvalitet. Kan med fordel matches med andre produkter fra [&hellip;]","og_url":"https:\/\/babylove.se\/no\/produkt\/liewood-albert-kanin-olivengronn-handkle-med-hette-for-nyfodte\/","og_site_name":"Babylove Norska","article_modified_time":"2026-04-08T08:22:29+00:00","og_image":[{"width":750,"height":750,"url":"https:\/\/babylove.se\/no\/wp-content\/uploads\/sites\/3\/2025\/07\/5ef4602de5a73.jpeg","type":"image\/jpeg"}],"twitter_card":"summary_large_image","twitter_misc":{"Price":"269,00&nbsp;&#107;&#114;","Availability":"Out of stock"},"schema":{"@context":"https:\/\/schema.org","@graph":[{"@type":"WebPage","@id":"https:\/\/babylove.se\/no\/produkt\/liewood-albert-kanin-olivengronn-handkle-med-hette-for-nyfodte\/","url":"https:\/\/babylove.se\/no\/produkt\/liewood-albert-kanin-olivengronn-handkle-med-hette-for-nyfodte\/","name":"Liewood Albert kanin olivengr\u00f8nn, h\u00e5ndkle med hette for nyf\u00f8dte - Babylove Norska","isPartOf":{"@id":"https:\/\/babylove.se\/no\/#website"},"primaryImageOfPage":{"@id":"https:\/\/babylove.se\/no\/produkt\/liewood-albert-kanin-olivengronn-handkle-med-hette-for-nyfodte\/#primaryimage"},"image":{"@id":"https:\/\/babylove.se\/no\/produkt\/liewood-albert-kanin-olivengronn-handkle-med-hette-for-nyfodte\/#primaryimage"},"thumbnailUrl":"https:\/\/babylove.se\/no\/wp-content\/uploads\/sites\/3\/2025\/07\/5ef4602de5a73.jpeg","datePublished":"2025-07-18T21:16:21+00:00","dateModified":"2026-04-08T08:22:29+00:00","breadcrumb":{"@id":"https:\/\/babylove.se\/no\/produkt\/liewood-albert-kanin-olivengronn-handkle-med-hette-for-nyfodte\/#breadcrumb"},"inLanguage":"nb-NO","potentialAction":[{"@type":"ReadAction","target":["https:\/\/babylove.se\/no\/produkt\/liewood-albert-kanin-olivengronn-handkle-med-hette-for-nyfodte\/"]}]},{"@type":"ImageObject","inLanguage":"nb-NO","@id":"https:\/\/babylove.se\/no\/produkt\/liewood-albert-kanin-olivengronn-handkle-med-hette-for-nyfodte\/#primaryimage","url":"https:\/\/babylove.se\/no\/wp-content\/uploads\/sites\/3\/2025\/07\/5ef4602de5a73.jpeg","contentUrl":"https:\/\/babylove.se\/no\/wp-content\/uploads\/sites\/3\/2025\/07\/5ef4602de5a73.jpeg","width":750,"height":750},{"@type":"BreadcrumbList","@id":"https:\/\/babylove.se\/no\/produkt\/liewood-albert-kanin-olivengronn-handkle-med-hette-for-nyfodte\/#breadcrumb","itemListElement":[{"@type":"ListItem","position":1,"name":"Hem","item":"https:\/\/babylove.se\/no\/"},{"@type":"ListItem","position":2,"name":"Butik","item":"https:\/\/babylove.se\/no\/butik\/"},{"@type":"ListItem","position":3,"name":"Liewood Albert kanin olivengr\u00f8nn, h\u00e5ndkle med hette for nyf\u00f8dte"}]},{"@type":"WebSite","@id":"https:\/\/babylove.se\/no\/#website","url":"https:\/\/babylove.se\/no\/","name":"Babylove Norska","description":"","potentialAction":[{"@type":"SearchAction","target":{"@type":"EntryPoint","urlTemplate":"https:\/\/babylove.se\/no\/?s={search_term_string}"},"query-input":{"@type":"PropertyValueSpecification","valueRequired":true,"valueName":"search_term_string"}}],"inLanguage":"nb-NO"}]},"product_brand":"Liewood","product_price_amount":"269.00","product_price_currency":"SEK","og_availability":"out of stock","product_availability":"out of stock","product_retailer_item_id":"LW125647358","product_condition":"new"},"_links":{"self":[{"href":"https:\/\/babylove.se\/no\/wp-json\/wp\/v2\/product\/18311","targetHints":{"allow":["GET"]}}],"collection":[{"href":"https:\/\/babylove.se\/no\/wp-json\/wp\/v2\/product"}],"about":[{"href":"https:\/\/babylove.se\/no\/wp-json\/wp\/v2\/types\/product"}],"replies":[{"embeddable":true,"href":"https:\/\/babylove.se\/no\/wp-json\/wp\/v2\/comments?post=18311"}],"wp:featuredmedia":[{"embeddable":true,"href":"https:\/\/babylove.se\/no\/wp-json\/wp\/v2\/media\/18313"}],"wp:attachment":[{"href":"https:\/\/babylove.se\/no\/wp-json\/wp\/v2\/media?parent=18311"}],"wp:term":[{"taxonomy":"product_brand","embeddable":true,"href":"https:\/\/babylove.se\/no\/wp-json\/wp\/v2\/product_brand?post=18311"},{"taxonomy":"product_cat","embeddable":true,"href":"https:\/\/babylove.se\/no\/wp-json\/wp\/v2\/product_cat?post=18311"},{"taxonomy":"product_tag","embeddable":true,"href":"https:\/\/babylove.se\/no\/wp-json\/wp\/v2\/product_tag?post=18311"}],"curies":[{"name":"wp","href":"https:\/\/api.w.org\/{rel}","templated":true}]}}