{"id":18314,"date":"2025-07-18T22:16:21","date_gmt":"2025-07-18T21:16:21","guid":{"rendered":"https:\/\/babylove.se\/produkt\/elodie-details-matset-3-delar-faded-rose\/"},"modified":"2026-04-08T09:22:32","modified_gmt":"2026-04-08T08:22:32","slug":"elodie-details-matset-3-deler-faded-rose","status":"publish","type":"product","link":"https:\/\/babylove.se\/no\/produkt\/elodie-details-matset-3-deler-faded-rose\/","title":{"rendered":"Elodie Details, matsett 3 deler Faded Rose"},"content":{"rendered":"<p>Et praktisk og fint matsett fra Elodie Details, med sine popul\u00e6re barneprodukter. Dette matsettet inneholder tre smarte deler, en tallerken for barn, sk\u00e5l og et barnekrus. Ditt barn vil s\u00f8le mindre og ha det g\u00f8y n\u00e5r det spiser og drikker, optimalt for et barns m\u00e5ltid. Selvf\u00f8lgelig er Elodie Details logo patentert p\u00e5 samtlige deler av dette matsettet. Optimalt matsett n\u00e5r ditt barn skal l\u00e6re seg \u00e5 spise selv.<\/p>\n<p>Materiale: Bambufiber, maisstivelse, melamin. Ring av silikon p\u00e5 tallerken og sk\u00e5l. Fri fra BPA og ftalater<\/p>\n<p><span>&nbsp;<\/span>T\u00e5ler oppvaskmaskin, utsett ikke for temperaturer over 70 grader<\/p>\n<p>Designer: <a href=\"https:\/\/babylove.se\/varumarken\/elodie-details\">Elodie Details<\/a><\/p>\n","protected":false},"excerpt":{"rendered":"<p>Et praktisk og fint matsett fra Elodie Details, med sine popul\u00e6re barneprodukter. Dette matsettet inneholder tre smarte deler, en tallerken for barn, sk\u00e5l og et barnekrus. Ditt barn vil s\u00f8le mindre og ha det g\u00f8y n\u00e5r det spiser og drikker, optimalt for et barns m\u00e5ltid. Selvf\u00f8lgelig er Elodie Details logo patentert p\u00e5 samtlige deler av [&hellip;]<\/p>\n","protected":false},"featured_media":18316,"comment_status":"closed","ping_status":"open","template":"","meta":{"_acf_changed":false},"product_brand":[174],"product_cat":[92,175],"product_tag":[],"class_list":{"0":"post-18314","1":"product","2":"type-product","3":"status-publish","4":"has-post-thumbnail","6":"product_brand-elodie-details","7":"product_cat-barnbestikk-matsett","8":"product_cat-elodie-details","10":"first","11":"outofstock","12":"taxable","13":"shipping-taxable","14":"purchasable","15":"product-type-simple"},"acf":[],"yoast_head":"<!-- This site is optimized with the Yoast SEO Premium plugin v25.8 (Yoast SEO v27.2) - https:\/\/yoast.com\/product\/yoast-seo-premium-wordpress\/ -->\n<title>Elodie Details, matsett 3 deler Faded Rose - Babylove Norska<\/title>\n<meta name=\"robots\" content=\"noindex, follow, max-snippet:-1, max-image-preview:large, max-video-preview:-1\" \/>\n<meta property=\"og:locale\" content=\"nb_NO\" \/>\n<meta property=\"og:type\" content=\"article\" \/>\n<meta property=\"og:title\" content=\"Elodie Details, matsett 3 deler Faded Rose\" \/>\n<meta property=\"og:description\" content=\"Et praktisk og fint matsett fra Elodie Details, med sine popul\u00e6re barneprodukter. Dette matsettet inneholder tre smarte deler, en tallerken for barn, sk\u00e5l og et barnekrus. Ditt barn vil s\u00f8le mindre og ha det g\u00f8y n\u00e5r det spiser og drikker, optimalt for et barns m\u00e5ltid. Selvf\u00f8lgelig er Elodie Details logo patentert p\u00e5 samtlige deler av [&hellip;]\" \/>\n<meta property=\"og:url\" content=\"https:\/\/babylove.se\/no\/produkt\/elodie-details-matset-3-deler-faded-rose\/\" \/>\n<meta property=\"og:site_name\" content=\"Babylove Norska\" \/>\n<meta property=\"article:modified_time\" content=\"2026-04-08T08:22:32+00:00\" \/>\n<meta property=\"og:image\" content=\"https:\/\/babylove.se\/no\/wp-content\/uploads\/sites\/3\/2025\/07\/5ef461ea33bd4.jpeg\" \/>\n\t<meta property=\"og:image:width\" content=\"598\" \/>\n\t<meta property=\"og:image:height\" content=\"598\" \/>\n\t<meta property=\"og:image:type\" content=\"image\/jpeg\" \/>\n<meta name=\"twitter:card\" content=\"summary_large_image\" \/>\n<meta name=\"twitter:label1\" content=\"Price\" \/>\n\t<meta name=\"twitter:data1\" content=\"299,00&nbsp;&#107;&#114;\" \/>\n\t<meta name=\"twitter:label2\" content=\"Availability\" \/>\n\t<meta name=\"twitter:data2\" content=\"Out of stock\" \/>\n<script type=\"application\/ld+json\" class=\"yoast-schema-graph\">{\"@context\":\"https:\/\/schema.org\",\"@graph\":[{\"@type\":\"WebPage\",\"@id\":\"https:\/\/babylove.se\/no\/produkt\/elodie-details-matset-3-deler-faded-rose\/\",\"url\":\"https:\/\/babylove.se\/no\/produkt\/elodie-details-matset-3-deler-faded-rose\/\",\"name\":\"Elodie Details, matsett 3 deler Faded Rose - Babylove Norska\",\"isPartOf\":{\"@id\":\"https:\/\/babylove.se\/no\/#website\"},\"primaryImageOfPage\":{\"@id\":\"https:\/\/babylove.se\/no\/produkt\/elodie-details-matset-3-deler-faded-rose\/#primaryimage\"},\"image\":{\"@id\":\"https:\/\/babylove.se\/no\/produkt\/elodie-details-matset-3-deler-faded-rose\/#primaryimage\"},\"thumbnailUrl\":\"https:\/\/babylove.se\/no\/wp-content\/uploads\/sites\/3\/2025\/07\/5ef461ea33bd4.jpeg\",\"datePublished\":\"2025-07-18T21:16:21+00:00\",\"dateModified\":\"2026-04-08T08:22:32+00:00\",\"breadcrumb\":{\"@id\":\"https:\/\/babylove.se\/no\/produkt\/elodie-details-matset-3-deler-faded-rose\/#breadcrumb\"},\"inLanguage\":\"nb-NO\",\"potentialAction\":[{\"@type\":\"ReadAction\",\"target\":[\"https:\/\/babylove.se\/no\/produkt\/elodie-details-matset-3-deler-faded-rose\/\"]}]},{\"@type\":\"ImageObject\",\"inLanguage\":\"nb-NO\",\"@id\":\"https:\/\/babylove.se\/no\/produkt\/elodie-details-matset-3-deler-faded-rose\/#primaryimage\",\"url\":\"https:\/\/babylove.se\/no\/wp-content\/uploads\/sites\/3\/2025\/07\/5ef461ea33bd4.jpeg\",\"contentUrl\":\"https:\/\/babylove.se\/no\/wp-content\/uploads\/sites\/3\/2025\/07\/5ef461ea33bd4.jpeg\",\"width\":598,\"height\":598},{\"@type\":\"BreadcrumbList\",\"@id\":\"https:\/\/babylove.se\/no\/produkt\/elodie-details-matset-3-deler-faded-rose\/#breadcrumb\",\"itemListElement\":[{\"@type\":\"ListItem\",\"position\":1,\"name\":\"Hem\",\"item\":\"https:\/\/babylove.se\/no\/\"},{\"@type\":\"ListItem\",\"position\":2,\"name\":\"Butik\",\"item\":\"https:\/\/babylove.se\/no\/butik\/\"},{\"@type\":\"ListItem\",\"position\":3,\"name\":\"Elodie Details, matsett 3 deler Faded Rose\"}]},{\"@type\":\"WebSite\",\"@id\":\"https:\/\/babylove.se\/no\/#website\",\"url\":\"https:\/\/babylove.se\/no\/\",\"name\":\"Babylove Norska\",\"description\":\"\",\"potentialAction\":[{\"@type\":\"SearchAction\",\"target\":{\"@type\":\"EntryPoint\",\"urlTemplate\":\"https:\/\/babylove.se\/no\/?s={search_term_string}\"},\"query-input\":{\"@type\":\"PropertyValueSpecification\",\"valueRequired\":true,\"valueName\":\"search_term_string\"}}],\"inLanguage\":\"nb-NO\"}]}<\/script>\n<meta property=\"product:brand\" content=\"Elodie Details\" \/>\n<meta property=\"product:price:amount\" content=\"299.00\" \/>\n<meta property=\"product:price:currency\" content=\"SEK\" \/>\n<meta property=\"og:availability\" content=\"out of stock\" \/>\n<meta property=\"product:availability\" content=\"out of stock\" \/>\n<meta property=\"product:retailer_item_id\" content=\"60260102150NA\" \/>\n<meta property=\"product:condition\" content=\"new\" \/>\n<!-- \/ Yoast SEO Premium plugin. -->","yoast_head_json":{"title":"Elodie Details, matsett 3 deler Faded Rose - Babylove Norska","robots":{"index":"noindex","follow":"follow","max-snippet":"max-snippet:-1","max-image-preview":"max-image-preview:large","max-video-preview":"max-video-preview:-1"},"og_locale":"nb_NO","og_type":"article","og_title":"Elodie Details, matsett 3 deler Faded Rose","og_description":"Et praktisk og fint matsett fra Elodie Details, med sine popul\u00e6re barneprodukter. Dette matsettet inneholder tre smarte deler, en tallerken for barn, sk\u00e5l og et barnekrus. Ditt barn vil s\u00f8le mindre og ha det g\u00f8y n\u00e5r det spiser og drikker, optimalt for et barns m\u00e5ltid. Selvf\u00f8lgelig er Elodie Details logo patentert p\u00e5 samtlige deler av [&hellip;]","og_url":"https:\/\/babylove.se\/no\/produkt\/elodie-details-matset-3-deler-faded-rose\/","og_site_name":"Babylove Norska","article_modified_time":"2026-04-08T08:22:32+00:00","og_image":[{"width":598,"height":598,"url":"https:\/\/babylove.se\/no\/wp-content\/uploads\/sites\/3\/2025\/07\/5ef461ea33bd4.jpeg","type":"image\/jpeg"}],"twitter_card":"summary_large_image","twitter_misc":{"Price":"299,00&nbsp;&#107;&#114;","Availability":"Out of stock"},"schema":{"@context":"https:\/\/schema.org","@graph":[{"@type":"WebPage","@id":"https:\/\/babylove.se\/no\/produkt\/elodie-details-matset-3-deler-faded-rose\/","url":"https:\/\/babylove.se\/no\/produkt\/elodie-details-matset-3-deler-faded-rose\/","name":"Elodie Details, matsett 3 deler Faded Rose - Babylove Norska","isPartOf":{"@id":"https:\/\/babylove.se\/no\/#website"},"primaryImageOfPage":{"@id":"https:\/\/babylove.se\/no\/produkt\/elodie-details-matset-3-deler-faded-rose\/#primaryimage"},"image":{"@id":"https:\/\/babylove.se\/no\/produkt\/elodie-details-matset-3-deler-faded-rose\/#primaryimage"},"thumbnailUrl":"https:\/\/babylove.se\/no\/wp-content\/uploads\/sites\/3\/2025\/07\/5ef461ea33bd4.jpeg","datePublished":"2025-07-18T21:16:21+00:00","dateModified":"2026-04-08T08:22:32+00:00","breadcrumb":{"@id":"https:\/\/babylove.se\/no\/produkt\/elodie-details-matset-3-deler-faded-rose\/#breadcrumb"},"inLanguage":"nb-NO","potentialAction":[{"@type":"ReadAction","target":["https:\/\/babylove.se\/no\/produkt\/elodie-details-matset-3-deler-faded-rose\/"]}]},{"@type":"ImageObject","inLanguage":"nb-NO","@id":"https:\/\/babylove.se\/no\/produkt\/elodie-details-matset-3-deler-faded-rose\/#primaryimage","url":"https:\/\/babylove.se\/no\/wp-content\/uploads\/sites\/3\/2025\/07\/5ef461ea33bd4.jpeg","contentUrl":"https:\/\/babylove.se\/no\/wp-content\/uploads\/sites\/3\/2025\/07\/5ef461ea33bd4.jpeg","width":598,"height":598},{"@type":"BreadcrumbList","@id":"https:\/\/babylove.se\/no\/produkt\/elodie-details-matset-3-deler-faded-rose\/#breadcrumb","itemListElement":[{"@type":"ListItem","position":1,"name":"Hem","item":"https:\/\/babylove.se\/no\/"},{"@type":"ListItem","position":2,"name":"Butik","item":"https:\/\/babylove.se\/no\/butik\/"},{"@type":"ListItem","position":3,"name":"Elodie Details, matsett 3 deler Faded Rose"}]},{"@type":"WebSite","@id":"https:\/\/babylove.se\/no\/#website","url":"https:\/\/babylove.se\/no\/","name":"Babylove Norska","description":"","potentialAction":[{"@type":"SearchAction","target":{"@type":"EntryPoint","urlTemplate":"https:\/\/babylove.se\/no\/?s={search_term_string}"},"query-input":{"@type":"PropertyValueSpecification","valueRequired":true,"valueName":"search_term_string"}}],"inLanguage":"nb-NO"}]},"product_brand":"Elodie Details","product_price_amount":"299.00","product_price_currency":"SEK","og_availability":"out of stock","product_availability":"out of stock","product_retailer_item_id":"60260102150NA","product_condition":"new"},"_links":{"self":[{"href":"https:\/\/babylove.se\/no\/wp-json\/wp\/v2\/product\/18314","targetHints":{"allow":["GET"]}}],"collection":[{"href":"https:\/\/babylove.se\/no\/wp-json\/wp\/v2\/product"}],"about":[{"href":"https:\/\/babylove.se\/no\/wp-json\/wp\/v2\/types\/product"}],"replies":[{"embeddable":true,"href":"https:\/\/babylove.se\/no\/wp-json\/wp\/v2\/comments?post=18314"}],"wp:featuredmedia":[{"embeddable":true,"href":"https:\/\/babylove.se\/no\/wp-json\/wp\/v2\/media\/18316"}],"wp:attachment":[{"href":"https:\/\/babylove.se\/no\/wp-json\/wp\/v2\/media?parent=18314"}],"wp:term":[{"taxonomy":"product_brand","embeddable":true,"href":"https:\/\/babylove.se\/no\/wp-json\/wp\/v2\/product_brand?post=18314"},{"taxonomy":"product_cat","embeddable":true,"href":"https:\/\/babylove.se\/no\/wp-json\/wp\/v2\/product_cat?post=18314"},{"taxonomy":"product_tag","embeddable":true,"href":"https:\/\/babylove.se\/no\/wp-json\/wp\/v2\/product_tag?post=18314"}],"curies":[{"name":"wp","href":"https:\/\/api.w.org\/{rel}","templated":true}]}}