{"id":18376,"date":"2025-07-18T22:16:43","date_gmt":"2025-07-18T21:16:43","guid":{"rendered":"https:\/\/babylove.se\/produkt\/babylove-rosa-moln-wallstickers-22-st\/"},"modified":"2026-04-08T09:23:01","modified_gmt":"2026-04-08T08:23:01","slug":"babylove-rosa-skyer-wallstickers-22-st","status":"publish","type":"product","link":"https:\/\/babylove.se\/no\/produkt\/babylove-rosa-skyer-wallstickers-22-st\/","title":{"rendered":"Babylove, rosa sky wallstickers 22 stk."},"content":{"rendered":"<p>Fine og meget prisgunstige veggklistremerker som vil gi barnerommet ditt en unik og spesiell karakter. Vi garanterer at du vil ha mye moro og glede med disse.&nbsp;<\/p>\n<p>Disse veggklistremerkene er helt laget av vinyl som er enkle \u00e5 holde rene\/t\u00f8rke av.<\/p>\n<p>Den absolutt raskeste veien for \u00e5 forandre din n\u00e5v\u00e6rende barneroms innredning.<\/p>\n<p><strong>M\u00e5l<\/strong>: Hver sky cirka 10-12 cm x 8-12 cm. <span style=\"background-color: initial; text-align: initial;\">Settet inneholder 22 veggklistremerker.<\/span><\/p>\n<p><em>OBS! S\u00f8rg for at overflaten er t\u00f8rr og avfettet f\u00f8r du setter opp veggklistremerkene. Fungerer ikke p\u00e5 ujevne vegger\/overflater. Klistremerkene er heller ikke egnet for vegger med en grov overflate eller hvis de er malt med lateksfarger eller tapetsert. Veggklistremerkene m\u00e5 v\u00e6re flate og ofte ligge og rettes ut minst 24 timer etter man har tatt dem ut av emballasjen f\u00f8r man kan sette dem opp p\u00e5 veggen.<\/em><\/p>\n<p>Designer: <a href=\"https:\/\/babylove.se\/varumarken\/babylove\">Babylove<\/a><\/p>\n","protected":false},"excerpt":{"rendered":"<p>Fine og meget prisgunstige veggklistremerker som vil gi barnerommet ditt en unik og spesiell karakter. Vi garanterer at du vil ha mye moro og glede med disse.&nbsp; Disse veggklistremerkene er helt laget av vinyl som er enkle \u00e5 holde rene\/t\u00f8rke av. Den absolutt raskeste veien for \u00e5 forandre din n\u00e5v\u00e6rende barneroms innredning. M\u00e5l: Hver sky [&hellip;]<\/p>\n","protected":false},"featured_media":18378,"comment_status":"closed","ping_status":"open","template":"","meta":{"_acf_changed":false},"product_brand":[22],"product_cat":[84,24],"product_tag":[1709],"class_list":{"0":"post-18376","1":"product","2":"type-product","3":"status-publish","4":"has-post-thumbnail","6":"product_brand-babylove","7":"product_cat-babylove","8":"product_cat-veggklistremerker","9":"product_tag-utforsalg","11":"first","12":"instock","13":"taxable","14":"shipping-taxable","15":"purchasable","16":"product-type-simple"},"acf":[],"yoast_head":"<!-- This site is optimized with the Yoast SEO Premium plugin v25.8 (Yoast SEO v27.2) - https:\/\/yoast.com\/product\/yoast-seo-premium-wordpress\/ -->\n<title>Babylove, rosa sky wallstickers 22 stk. - Babylove Norska<\/title>\n<meta name=\"robots\" content=\"noindex, follow, max-snippet:-1, max-image-preview:large, max-video-preview:-1\" \/>\n<meta property=\"og:locale\" content=\"nb_NO\" \/>\n<meta property=\"og:type\" content=\"article\" \/>\n<meta property=\"og:title\" content=\"Babylove, rosa sky wallstickers 22 stk.\" \/>\n<meta property=\"og:description\" content=\"Fine og meget prisgunstige veggklistremerker som vil gi barnerommet ditt en unik og spesiell karakter. Vi garanterer at du vil ha mye moro og glede med disse.&nbsp; Disse veggklistremerkene er helt laget av vinyl som er enkle \u00e5 holde rene\/t\u00f8rke av. Den absolutt raskeste veien for \u00e5 forandre din n\u00e5v\u00e6rende barneroms innredning. M\u00e5l: Hver sky [&hellip;]\" \/>\n<meta property=\"og:url\" content=\"https:\/\/babylove.se\/no\/produkt\/babylove-rosa-skyer-wallstickers-22-st\/\" \/>\n<meta property=\"og:site_name\" content=\"Babylove Norska\" \/>\n<meta property=\"article:modified_time\" content=\"2026-04-08T08:23:01+00:00\" \/>\n<meta property=\"og:image\" content=\"https:\/\/babylove.se\/no\/wp-content\/uploads\/sites\/3\/2025\/07\/5ef46d4722cd8.jpeg\" \/>\n\t<meta property=\"og:image:width\" content=\"681\" \/>\n\t<meta property=\"og:image:height\" content=\"750\" \/>\n\t<meta property=\"og:image:type\" content=\"image\/jpeg\" \/>\n<meta name=\"twitter:card\" content=\"summary_large_image\" \/>\n<meta name=\"twitter:label1\" content=\"Price\" \/>\n\t<meta name=\"twitter:data1\" content=\"99,00&nbsp;&#107;&#114;\" \/>\n\t<meta name=\"twitter:label2\" content=\"Availability\" \/>\n\t<meta name=\"twitter:data2\" content=\"In stock\" \/>\n<script type=\"application\/ld+json\" class=\"yoast-schema-graph\">{\"@context\":\"https:\/\/schema.org\",\"@graph\":[{\"@type\":\"WebPage\",\"@id\":\"https:\/\/babylove.se\/no\/produkt\/babylove-rosa-skyer-wallstickers-22-st\/\",\"url\":\"https:\/\/babylove.se\/no\/produkt\/babylove-rosa-skyer-wallstickers-22-st\/\",\"name\":\"Babylove, rosa sky wallstickers 22 stk. - Babylove Norska\",\"isPartOf\":{\"@id\":\"https:\/\/babylove.se\/no\/#website\"},\"primaryImageOfPage\":{\"@id\":\"https:\/\/babylove.se\/no\/produkt\/babylove-rosa-skyer-wallstickers-22-st\/#primaryimage\"},\"image\":{\"@id\":\"https:\/\/babylove.se\/no\/produkt\/babylove-rosa-skyer-wallstickers-22-st\/#primaryimage\"},\"thumbnailUrl\":\"https:\/\/babylove.se\/no\/wp-content\/uploads\/sites\/3\/2025\/07\/5ef46d4722cd8.jpeg\",\"datePublished\":\"2025-07-18T21:16:43+00:00\",\"dateModified\":\"2026-04-08T08:23:01+00:00\",\"breadcrumb\":{\"@id\":\"https:\/\/babylove.se\/no\/produkt\/babylove-rosa-skyer-wallstickers-22-st\/#breadcrumb\"},\"inLanguage\":\"nb-NO\",\"potentialAction\":[{\"@type\":\"ReadAction\",\"target\":[\"https:\/\/babylove.se\/no\/produkt\/babylove-rosa-skyer-wallstickers-22-st\/\"]}]},{\"@type\":\"ImageObject\",\"inLanguage\":\"nb-NO\",\"@id\":\"https:\/\/babylove.se\/no\/produkt\/babylove-rosa-skyer-wallstickers-22-st\/#primaryimage\",\"url\":\"https:\/\/babylove.se\/no\/wp-content\/uploads\/sites\/3\/2025\/07\/5ef46d4722cd8.jpeg\",\"contentUrl\":\"https:\/\/babylove.se\/no\/wp-content\/uploads\/sites\/3\/2025\/07\/5ef46d4722cd8.jpeg\",\"width\":681,\"height\":750},{\"@type\":\"BreadcrumbList\",\"@id\":\"https:\/\/babylove.se\/no\/produkt\/babylove-rosa-skyer-wallstickers-22-st\/#breadcrumb\",\"itemListElement\":[{\"@type\":\"ListItem\",\"position\":1,\"name\":\"Hem\",\"item\":\"https:\/\/babylove.se\/no\/\"},{\"@type\":\"ListItem\",\"position\":2,\"name\":\"Butik\",\"item\":\"https:\/\/babylove.se\/no\/butik\/\"},{\"@type\":\"ListItem\",\"position\":3,\"name\":\"Babylove, rosa sky wallstickers 22 stk.\"}]},{\"@type\":\"WebSite\",\"@id\":\"https:\/\/babylove.se\/no\/#website\",\"url\":\"https:\/\/babylove.se\/no\/\",\"name\":\"Babylove Norska\",\"description\":\"\",\"potentialAction\":[{\"@type\":\"SearchAction\",\"target\":{\"@type\":\"EntryPoint\",\"urlTemplate\":\"https:\/\/babylove.se\/no\/?s={search_term_string}\"},\"query-input\":{\"@type\":\"PropertyValueSpecification\",\"valueRequired\":true,\"valueName\":\"search_term_string\"}}],\"inLanguage\":\"nb-NO\"}]}<\/script>\n<meta property=\"product:brand\" content=\"Babylove\" \/>\n<meta property=\"product:price:amount\" content=\"99.00\" \/>\n<meta property=\"product:price:currency\" content=\"SEK\" \/>\n<meta property=\"og:availability\" content=\"instock\" \/>\n<meta property=\"product:availability\" content=\"instock\" \/>\n<meta property=\"product:retailer_item_id\" content=\"DD00001944\" \/>\n<meta property=\"product:condition\" content=\"new\" \/>\n<!-- \/ Yoast SEO Premium plugin. -->","yoast_head_json":{"title":"Babylove, rosa sky wallstickers 22 stk. - Babylove Norska","robots":{"index":"noindex","follow":"follow","max-snippet":"max-snippet:-1","max-image-preview":"max-image-preview:large","max-video-preview":"max-video-preview:-1"},"og_locale":"nb_NO","og_type":"article","og_title":"Babylove, rosa sky wallstickers 22 stk.","og_description":"Fine og meget prisgunstige veggklistremerker som vil gi barnerommet ditt en unik og spesiell karakter. Vi garanterer at du vil ha mye moro og glede med disse.&nbsp; Disse veggklistremerkene er helt laget av vinyl som er enkle \u00e5 holde rene\/t\u00f8rke av. Den absolutt raskeste veien for \u00e5 forandre din n\u00e5v\u00e6rende barneroms innredning. M\u00e5l: Hver sky [&hellip;]","og_url":"https:\/\/babylove.se\/no\/produkt\/babylove-rosa-skyer-wallstickers-22-st\/","og_site_name":"Babylove Norska","article_modified_time":"2026-04-08T08:23:01+00:00","og_image":[{"width":681,"height":750,"url":"https:\/\/babylove.se\/no\/wp-content\/uploads\/sites\/3\/2025\/07\/5ef46d4722cd8.jpeg","type":"image\/jpeg"}],"twitter_card":"summary_large_image","twitter_misc":{"Price":"99,00&nbsp;&#107;&#114;","Availability":"In stock"},"schema":{"@context":"https:\/\/schema.org","@graph":[{"@type":"WebPage","@id":"https:\/\/babylove.se\/no\/produkt\/babylove-rosa-skyer-wallstickers-22-st\/","url":"https:\/\/babylove.se\/no\/produkt\/babylove-rosa-skyer-wallstickers-22-st\/","name":"Babylove, rosa sky wallstickers 22 stk. - Babylove Norska","isPartOf":{"@id":"https:\/\/babylove.se\/no\/#website"},"primaryImageOfPage":{"@id":"https:\/\/babylove.se\/no\/produkt\/babylove-rosa-skyer-wallstickers-22-st\/#primaryimage"},"image":{"@id":"https:\/\/babylove.se\/no\/produkt\/babylove-rosa-skyer-wallstickers-22-st\/#primaryimage"},"thumbnailUrl":"https:\/\/babylove.se\/no\/wp-content\/uploads\/sites\/3\/2025\/07\/5ef46d4722cd8.jpeg","datePublished":"2025-07-18T21:16:43+00:00","dateModified":"2026-04-08T08:23:01+00:00","breadcrumb":{"@id":"https:\/\/babylove.se\/no\/produkt\/babylove-rosa-skyer-wallstickers-22-st\/#breadcrumb"},"inLanguage":"nb-NO","potentialAction":[{"@type":"ReadAction","target":["https:\/\/babylove.se\/no\/produkt\/babylove-rosa-skyer-wallstickers-22-st\/"]}]},{"@type":"ImageObject","inLanguage":"nb-NO","@id":"https:\/\/babylove.se\/no\/produkt\/babylove-rosa-skyer-wallstickers-22-st\/#primaryimage","url":"https:\/\/babylove.se\/no\/wp-content\/uploads\/sites\/3\/2025\/07\/5ef46d4722cd8.jpeg","contentUrl":"https:\/\/babylove.se\/no\/wp-content\/uploads\/sites\/3\/2025\/07\/5ef46d4722cd8.jpeg","width":681,"height":750},{"@type":"BreadcrumbList","@id":"https:\/\/babylove.se\/no\/produkt\/babylove-rosa-skyer-wallstickers-22-st\/#breadcrumb","itemListElement":[{"@type":"ListItem","position":1,"name":"Hem","item":"https:\/\/babylove.se\/no\/"},{"@type":"ListItem","position":2,"name":"Butik","item":"https:\/\/babylove.se\/no\/butik\/"},{"@type":"ListItem","position":3,"name":"Babylove, rosa sky wallstickers 22 stk."}]},{"@type":"WebSite","@id":"https:\/\/babylove.se\/no\/#website","url":"https:\/\/babylove.se\/no\/","name":"Babylove Norska","description":"","potentialAction":[{"@type":"SearchAction","target":{"@type":"EntryPoint","urlTemplate":"https:\/\/babylove.se\/no\/?s={search_term_string}"},"query-input":{"@type":"PropertyValueSpecification","valueRequired":true,"valueName":"search_term_string"}}],"inLanguage":"nb-NO"}]},"product_brand":"Babylove","product_price_amount":"99.00","product_price_currency":"SEK","og_availability":"instock","product_availability":"instock","product_retailer_item_id":"DD00001944","product_condition":"new"},"_links":{"self":[{"href":"https:\/\/babylove.se\/no\/wp-json\/wp\/v2\/product\/18376","targetHints":{"allow":["GET"]}}],"collection":[{"href":"https:\/\/babylove.se\/no\/wp-json\/wp\/v2\/product"}],"about":[{"href":"https:\/\/babylove.se\/no\/wp-json\/wp\/v2\/types\/product"}],"replies":[{"embeddable":true,"href":"https:\/\/babylove.se\/no\/wp-json\/wp\/v2\/comments?post=18376"}],"wp:featuredmedia":[{"embeddable":true,"href":"https:\/\/babylove.se\/no\/wp-json\/wp\/v2\/media\/18378"}],"wp:attachment":[{"href":"https:\/\/babylove.se\/no\/wp-json\/wp\/v2\/media?parent=18376"}],"wp:term":[{"taxonomy":"product_brand","embeddable":true,"href":"https:\/\/babylove.se\/no\/wp-json\/wp\/v2\/product_brand?post=18376"},{"taxonomy":"product_cat","embeddable":true,"href":"https:\/\/babylove.se\/no\/wp-json\/wp\/v2\/product_cat?post=18376"},{"taxonomy":"product_tag","embeddable":true,"href":"https:\/\/babylove.se\/no\/wp-json\/wp\/v2\/product_tag?post=18376"}],"curies":[{"name":"wp","href":"https:\/\/api.w.org\/{rel}","templated":true}]}}