{"id":1839,"date":"2025-07-18T20:04:46","date_gmt":"2025-07-18T19:04:46","guid":{"rendered":"https:\/\/babylove.se\/produkt\/babynest-sovpol-earth-ng-baby-mood\/"},"modified":"2026-04-08T07:45:42","modified_gmt":"2026-04-08T06:45:42","slug":"babynest-sovepose-earth-ng-baby-mood","status":"publish","type":"product","link":"https:\/\/babylove.se\/no\/produkt\/babynest-sovepose-earth-ng-baby-mood\/","title":{"rendered":"Babynest &#8211; Sovep\u00f8l earth NG Baby Mood"},"content":{"rendered":"<p><strong>Sovep\u00f8len<\/strong> Mood fra svenske NG Baby, gir deg en unik mulighet til \u00e5 skape en trygg soveplass til ditt nyf\u00f8dte barn. Sovep\u00f8len skaper et koselig og varmt milj\u00f8 som gir barnet en ro. Du kan med fordel plassere sovep\u00f8len i din egen seng, uten \u00e5 m\u00e5tte bekymre deg for at ditt barn ruller ut av sengen, eller at du ruller p\u00e5 ditt barn i s\u00f8vnen.&nbsp;<\/p>\n<p>Da fyllingen i ytterringen er bevegelig, kan du enkelt forme et sittest\u00f8tte, noe som gj\u00f8r at sittep\u00f8len blir et godt sted for ditt &nbsp;barn \u00e5 leke p\u00e5 n\u00e5r det skal l\u00e6re seg \u00e5 sitte opp. Sovep\u00f8len er dessuten lett \u00e5 ta med seg hvor man enn skal&nbsp;<\/p>\n<p><strong>Materiale<\/strong>: Stoffet er laget av 100 % lin. Bunnen er laget av skumgummi (polyeter) og fyllingen best\u00e5r av styrolittkuler.<\/p>\n<p><strong>M\u00e5l<\/strong>: Ytterm\u00e5l, 75 x 50 cm&nbsp;<\/p>\n<p><strong>Vasker\u00e5d<\/strong>: overtrekket kan vaskes i &nbsp;60\u00b0C, ikke t\u00f8rketromling.&nbsp;<\/p>\n","protected":false},"excerpt":{"rendered":"<p>Sovep\u00f8len Mood fra svenske NG Baby, gir deg en unik mulighet til \u00e5 skape en trygg soveplass til ditt nyf\u00f8dte barn. Sovep\u00f8len skaper et koselig og varmt milj\u00f8 som gir barnet en ro. Du kan med fordel plassere sovep\u00f8len i din egen seng, uten \u00e5 m\u00e5tte bekymre deg for at ditt barn ruller ut av [&hellip;]<\/p>\n","protected":false},"featured_media":1841,"comment_status":"closed","ping_status":"open","template":"","meta":{"_acf_changed":false},"product_brand":[107],"product_cat":[56,109],"product_tag":[1689],"class_list":{"0":"post-1839","1":"product","2":"type-product","3":"status-publish","4":"has-post-thumbnail","6":"product_brand-ng-baby","7":"product_cat-babynest","8":"product_cat-ng-baby","9":"product_tag-bestillingsvaror","11":"first","12":"outofstock","13":"taxable","14":"shipping-taxable","15":"purchasable","16":"product-type-simple"},"acf":[],"yoast_head":"<!-- This site is optimized with the Yoast SEO Premium plugin v25.8 (Yoast SEO v27.2) - https:\/\/yoast.com\/product\/yoast-seo-premium-wordpress\/ -->\n<title>Babynest - Sovep\u00f8l earth NG Baby Mood - Babylove Norska<\/title>\n<meta name=\"robots\" content=\"noindex, follow, max-snippet:-1, max-image-preview:large, max-video-preview:-1\" \/>\n<meta property=\"og:locale\" content=\"nb_NO\" \/>\n<meta property=\"og:type\" content=\"article\" \/>\n<meta property=\"og:title\" content=\"Babynest - Sovep\u00f8l earth NG Baby Mood\" \/>\n<meta property=\"og:description\" content=\"Sovep\u00f8len Mood fra svenske NG Baby, gir deg en unik mulighet til \u00e5 skape en trygg soveplass til ditt nyf\u00f8dte barn. Sovep\u00f8len skaper et koselig og varmt milj\u00f8 som gir barnet en ro. Du kan med fordel plassere sovep\u00f8len i din egen seng, uten \u00e5 m\u00e5tte bekymre deg for at ditt barn ruller ut av [&hellip;]\" \/>\n<meta property=\"og:url\" content=\"https:\/\/babylove.se\/no\/produkt\/babynest-sovepose-earth-ng-baby-mood\/\" \/>\n<meta property=\"og:site_name\" content=\"Babylove Norska\" \/>\n<meta property=\"article:modified_time\" content=\"2026-04-08T06:45:42+00:00\" \/>\n<meta property=\"og:image\" content=\"https:\/\/babylove.se\/no\/wp-content\/uploads\/sites\/3\/2025\/07\/581f8979be01a.jpeg\" \/>\n\t<meta property=\"og:image:width\" content=\"750\" \/>\n\t<meta property=\"og:image:height\" content=\"402\" \/>\n\t<meta property=\"og:image:type\" content=\"image\/jpeg\" \/>\n<meta name=\"twitter:card\" content=\"summary_large_image\" \/>\n<meta name=\"twitter:label1\" content=\"Price\" \/>\n\t<meta name=\"twitter:data1\" content=\"1 199,00&nbsp;&#107;&#114;\" \/>\n\t<meta name=\"twitter:label2\" content=\"Availability\" \/>\n\t<meta name=\"twitter:data2\" content=\"Out of stock\" \/>\n<script type=\"application\/ld+json\" class=\"yoast-schema-graph\">{\"@context\":\"https:\/\/schema.org\",\"@graph\":[{\"@type\":\"WebPage\",\"@id\":\"https:\/\/babylove.se\/no\/produkt\/babynest-sovepose-earth-ng-baby-mood\/\",\"url\":\"https:\/\/babylove.se\/no\/produkt\/babynest-sovepose-earth-ng-baby-mood\/\",\"name\":\"Babynest - Sovep\u00f8l earth NG Baby Mood - Babylove Norska\",\"isPartOf\":{\"@id\":\"https:\/\/babylove.se\/no\/#website\"},\"primaryImageOfPage\":{\"@id\":\"https:\/\/babylove.se\/no\/produkt\/babynest-sovepose-earth-ng-baby-mood\/#primaryimage\"},\"image\":{\"@id\":\"https:\/\/babylove.se\/no\/produkt\/babynest-sovepose-earth-ng-baby-mood\/#primaryimage\"},\"thumbnailUrl\":\"https:\/\/babylove.se\/no\/wp-content\/uploads\/sites\/3\/2025\/07\/581f8979be01a.jpeg\",\"datePublished\":\"2025-07-18T19:04:46+00:00\",\"dateModified\":\"2026-04-08T06:45:42+00:00\",\"breadcrumb\":{\"@id\":\"https:\/\/babylove.se\/no\/produkt\/babynest-sovepose-earth-ng-baby-mood\/#breadcrumb\"},\"inLanguage\":\"nb-NO\",\"potentialAction\":[{\"@type\":\"ReadAction\",\"target\":[\"https:\/\/babylove.se\/no\/produkt\/babynest-sovepose-earth-ng-baby-mood\/\"]}]},{\"@type\":\"ImageObject\",\"inLanguage\":\"nb-NO\",\"@id\":\"https:\/\/babylove.se\/no\/produkt\/babynest-sovepose-earth-ng-baby-mood\/#primaryimage\",\"url\":\"https:\/\/babylove.se\/no\/wp-content\/uploads\/sites\/3\/2025\/07\/581f8979be01a.jpeg\",\"contentUrl\":\"https:\/\/babylove.se\/no\/wp-content\/uploads\/sites\/3\/2025\/07\/581f8979be01a.jpeg\",\"width\":750,\"height\":402},{\"@type\":\"BreadcrumbList\",\"@id\":\"https:\/\/babylove.se\/no\/produkt\/babynest-sovepose-earth-ng-baby-mood\/#breadcrumb\",\"itemListElement\":[{\"@type\":\"ListItem\",\"position\":1,\"name\":\"Hem\",\"item\":\"https:\/\/babylove.se\/no\/\"},{\"@type\":\"ListItem\",\"position\":2,\"name\":\"Butik\",\"item\":\"https:\/\/babylove.se\/no\/butik\/\"},{\"@type\":\"ListItem\",\"position\":3,\"name\":\"Babynest &#8211; Sovep\u00f8l earth NG Baby Mood\"}]},{\"@type\":\"WebSite\",\"@id\":\"https:\/\/babylove.se\/no\/#website\",\"url\":\"https:\/\/babylove.se\/no\/\",\"name\":\"Babylove Norska\",\"description\":\"\",\"potentialAction\":[{\"@type\":\"SearchAction\",\"target\":{\"@type\":\"EntryPoint\",\"urlTemplate\":\"https:\/\/babylove.se\/no\/?s={search_term_string}\"},\"query-input\":{\"@type\":\"PropertyValueSpecification\",\"valueRequired\":true,\"valueName\":\"search_term_string\"}}],\"inLanguage\":\"nb-NO\"}]}<\/script>\n<meta property=\"product:brand\" content=\"Ng Baby\" \/>\n<meta property=\"product:price:amount\" content=\"1199.00\" \/>\n<meta property=\"product:price:currency\" content=\"SEK\" \/>\n<meta property=\"og:availability\" content=\"out of stock\" \/>\n<meta property=\"product:availability\" content=\"out of stock\" \/>\n<meta property=\"product:retailer_item_id\" content=\"794\" \/>\n<meta property=\"product:condition\" content=\"new\" \/>\n<!-- \/ Yoast SEO Premium plugin. -->","yoast_head_json":{"title":"Babynest - Sovep\u00f8l earth NG Baby Mood - Babylove Norska","robots":{"index":"noindex","follow":"follow","max-snippet":"max-snippet:-1","max-image-preview":"max-image-preview:large","max-video-preview":"max-video-preview:-1"},"og_locale":"nb_NO","og_type":"article","og_title":"Babynest - Sovep\u00f8l earth NG Baby Mood","og_description":"Sovep\u00f8len Mood fra svenske NG Baby, gir deg en unik mulighet til \u00e5 skape en trygg soveplass til ditt nyf\u00f8dte barn. Sovep\u00f8len skaper et koselig og varmt milj\u00f8 som gir barnet en ro. Du kan med fordel plassere sovep\u00f8len i din egen seng, uten \u00e5 m\u00e5tte bekymre deg for at ditt barn ruller ut av [&hellip;]","og_url":"https:\/\/babylove.se\/no\/produkt\/babynest-sovepose-earth-ng-baby-mood\/","og_site_name":"Babylove Norska","article_modified_time":"2026-04-08T06:45:42+00:00","og_image":[{"width":750,"height":402,"url":"https:\/\/babylove.se\/no\/wp-content\/uploads\/sites\/3\/2025\/07\/581f8979be01a.jpeg","type":"image\/jpeg"}],"twitter_card":"summary_large_image","twitter_misc":{"Price":"1 199,00&nbsp;&#107;&#114;","Availability":"Out of stock"},"schema":{"@context":"https:\/\/schema.org","@graph":[{"@type":"WebPage","@id":"https:\/\/babylove.se\/no\/produkt\/babynest-sovepose-earth-ng-baby-mood\/","url":"https:\/\/babylove.se\/no\/produkt\/babynest-sovepose-earth-ng-baby-mood\/","name":"Babynest - Sovep\u00f8l earth NG Baby Mood - Babylove Norska","isPartOf":{"@id":"https:\/\/babylove.se\/no\/#website"},"primaryImageOfPage":{"@id":"https:\/\/babylove.se\/no\/produkt\/babynest-sovepose-earth-ng-baby-mood\/#primaryimage"},"image":{"@id":"https:\/\/babylove.se\/no\/produkt\/babynest-sovepose-earth-ng-baby-mood\/#primaryimage"},"thumbnailUrl":"https:\/\/babylove.se\/no\/wp-content\/uploads\/sites\/3\/2025\/07\/581f8979be01a.jpeg","datePublished":"2025-07-18T19:04:46+00:00","dateModified":"2026-04-08T06:45:42+00:00","breadcrumb":{"@id":"https:\/\/babylove.se\/no\/produkt\/babynest-sovepose-earth-ng-baby-mood\/#breadcrumb"},"inLanguage":"nb-NO","potentialAction":[{"@type":"ReadAction","target":["https:\/\/babylove.se\/no\/produkt\/babynest-sovepose-earth-ng-baby-mood\/"]}]},{"@type":"ImageObject","inLanguage":"nb-NO","@id":"https:\/\/babylove.se\/no\/produkt\/babynest-sovepose-earth-ng-baby-mood\/#primaryimage","url":"https:\/\/babylove.se\/no\/wp-content\/uploads\/sites\/3\/2025\/07\/581f8979be01a.jpeg","contentUrl":"https:\/\/babylove.se\/no\/wp-content\/uploads\/sites\/3\/2025\/07\/581f8979be01a.jpeg","width":750,"height":402},{"@type":"BreadcrumbList","@id":"https:\/\/babylove.se\/no\/produkt\/babynest-sovepose-earth-ng-baby-mood\/#breadcrumb","itemListElement":[{"@type":"ListItem","position":1,"name":"Hem","item":"https:\/\/babylove.se\/no\/"},{"@type":"ListItem","position":2,"name":"Butik","item":"https:\/\/babylove.se\/no\/butik\/"},{"@type":"ListItem","position":3,"name":"Babynest &#8211; Sovep\u00f8l earth NG Baby Mood"}]},{"@type":"WebSite","@id":"https:\/\/babylove.se\/no\/#website","url":"https:\/\/babylove.se\/no\/","name":"Babylove Norska","description":"","potentialAction":[{"@type":"SearchAction","target":{"@type":"EntryPoint","urlTemplate":"https:\/\/babylove.se\/no\/?s={search_term_string}"},"query-input":{"@type":"PropertyValueSpecification","valueRequired":true,"valueName":"search_term_string"}}],"inLanguage":"nb-NO"}]},"product_brand":"Ng Baby","product_price_amount":"1199.00","product_price_currency":"SEK","og_availability":"out of stock","product_availability":"out of stock","product_retailer_item_id":"794","product_condition":"new"},"_links":{"self":[{"href":"https:\/\/babylove.se\/no\/wp-json\/wp\/v2\/product\/1839","targetHints":{"allow":["GET"]}}],"collection":[{"href":"https:\/\/babylove.se\/no\/wp-json\/wp\/v2\/product"}],"about":[{"href":"https:\/\/babylove.se\/no\/wp-json\/wp\/v2\/types\/product"}],"replies":[{"embeddable":true,"href":"https:\/\/babylove.se\/no\/wp-json\/wp\/v2\/comments?post=1839"}],"wp:featuredmedia":[{"embeddable":true,"href":"https:\/\/babylove.se\/no\/wp-json\/wp\/v2\/media\/1841"}],"wp:attachment":[{"href":"https:\/\/babylove.se\/no\/wp-json\/wp\/v2\/media?parent=1839"}],"wp:term":[{"taxonomy":"product_brand","embeddable":true,"href":"https:\/\/babylove.se\/no\/wp-json\/wp\/v2\/product_brand?post=1839"},{"taxonomy":"product_cat","embeddable":true,"href":"https:\/\/babylove.se\/no\/wp-json\/wp\/v2\/product_cat?post=1839"},{"taxonomy":"product_tag","embeddable":true,"href":"https:\/\/babylove.se\/no\/wp-json\/wp\/v2\/product_tag?post=1839"}],"curies":[{"name":"wp","href":"https:\/\/api.w.org\/{rel}","templated":true}]}}