{"id":18428,"date":"2025-07-18T22:17:07","date_gmt":"2025-07-18T21:17:07","guid":{"rendered":"https:\/\/babylove.se\/produkt\/maileg-babycot-spjalsang-metall-micro\/"},"modified":"2026-04-08T09:23:38","modified_gmt":"2026-04-08T08:23:38","slug":"maileg-babyseng-spjelseng-metall-micro","status":"publish","type":"product","link":"https:\/\/babylove.se\/no\/produkt\/maileg-babyseng-spjelseng-metall-micro\/","title":{"rendered":"Maileg, Babycot barneseng metall micro"},"content":{"rendered":"<p>Wow, en fin vintage sprinkelseng for de aller minste, passer til alle typer dukkehus og vil gi barnet ditt masse glede. <\/p>\n<p>Utrolig detaljrik produkt som er helt h\u00e5ndlaget av det popul\u00e6re selskapet Maileg. <\/p>\n<p>M\u00e5l: L: 16 cm, B: 8,5 cm H: 10 cm<br \/>\nAlder: Fra 3 \u00e5r.<br \/>\nMateriale: Metall. <\/p>\n<p>Kaninen er ikke inkludert \ud83d\ude42 <\/p>\n<p>Designer: <a href=\"https:\/\/babylove.se\/varumarken\/maileg\">Maileg<\/a><\/p>\n","protected":false},"excerpt":{"rendered":"<p>Wow, en fin vintage sprinkelseng for de aller minste, passer til alle typer dukkehus og vil gi barnet ditt masse glede. Utrolig detaljrik produkt som er helt h\u00e5ndlaget av det popul\u00e6re selskapet Maileg. M\u00e5l: L: 16 cm, B: 8,5 cm H: 10 cm Alder: Fra 3 \u00e5r. Materiale: Metall. Kaninen er ikke inkludert \ud83d\ude42 Designer: [&hellip;]<\/p>\n","protected":false},"featured_media":18430,"comment_status":"closed","ping_status":"closed","template":"","meta":{"_acf_changed":false},"product_brand":[662],"product_cat":[182,68,663],"product_tag":[],"class_list":{"0":"post-18428","1":"product","2":"type-product","3":"status-publish","4":"has-post-thumbnail","6":"product_brand-maileg","7":"product_cat-dockhusmobler","8":"product_cat-leker","9":"product_cat-maileg","11":"first","12":"outofstock","13":"taxable","14":"shipping-taxable","15":"purchasable","16":"product-type-simple"},"acf":[],"yoast_head":"<!-- This site is optimized with the Yoast SEO Premium plugin v25.8 (Yoast SEO v27.2) - https:\/\/yoast.com\/product\/yoast-seo-premium-wordpress\/ -->\n<title>Maileg, Babycot barneseng metall micro - Babylove Norska<\/title>\n<meta name=\"robots\" content=\"noindex, follow, max-snippet:-1, max-image-preview:large, max-video-preview:-1\" \/>\n<meta property=\"og:locale\" content=\"nb_NO\" \/>\n<meta property=\"og:type\" content=\"article\" \/>\n<meta property=\"og:title\" content=\"Maileg, Babycot barneseng metall micro\" \/>\n<meta property=\"og:description\" content=\"Wow, en fin vintage sprinkelseng for de aller minste, passer til alle typer dukkehus og vil gi barnet ditt masse glede. Utrolig detaljrik produkt som er helt h\u00e5ndlaget av det popul\u00e6re selskapet Maileg. M\u00e5l: L: 16 cm, B: 8,5 cm H: 10 cm Alder: Fra 3 \u00e5r. Materiale: Metall. Kaninen er ikke inkludert \ud83d\ude42 Designer: [&hellip;]\" \/>\n<meta property=\"og:url\" content=\"https:\/\/babylove.se\/no\/produkt\/maileg-babyseng-spjelseng-metall-micro\/\" \/>\n<meta property=\"og:site_name\" content=\"Babylove Norska\" \/>\n<meta property=\"article:modified_time\" content=\"2026-04-08T08:23:38+00:00\" \/>\n<meta property=\"og:image\" content=\"https:\/\/babylove.se\/no\/wp-content\/uploads\/sites\/3\/2025\/07\/5ef492e6cffee.jpeg\" \/>\n\t<meta property=\"og:image:width\" content=\"640\" \/>\n\t<meta property=\"og:image:height\" content=\"640\" \/>\n\t<meta property=\"og:image:type\" content=\"image\/jpeg\" \/>\n<meta name=\"twitter:card\" content=\"summary_large_image\" \/>\n<meta name=\"twitter:label1\" content=\"Price\" \/>\n\t<meta name=\"twitter:data1\" content=\"239,00&nbsp;&#107;&#114;\" \/>\n\t<meta name=\"twitter:label2\" content=\"Availability\" \/>\n\t<meta name=\"twitter:data2\" content=\"Out of stock\" \/>\n<script type=\"application\/ld+json\" class=\"yoast-schema-graph\">{\"@context\":\"https:\/\/schema.org\",\"@graph\":[{\"@type\":\"WebPage\",\"@id\":\"https:\/\/babylove.se\/no\/produkt\/maileg-babyseng-spjelseng-metall-micro\/\",\"url\":\"https:\/\/babylove.se\/no\/produkt\/maileg-babyseng-spjelseng-metall-micro\/\",\"name\":\"Maileg, Babycot barneseng metall micro - Babylove Norska\",\"isPartOf\":{\"@id\":\"https:\/\/babylove.se\/no\/#website\"},\"primaryImageOfPage\":{\"@id\":\"https:\/\/babylove.se\/no\/produkt\/maileg-babyseng-spjelseng-metall-micro\/#primaryimage\"},\"image\":{\"@id\":\"https:\/\/babylove.se\/no\/produkt\/maileg-babyseng-spjelseng-metall-micro\/#primaryimage\"},\"thumbnailUrl\":\"https:\/\/babylove.se\/no\/wp-content\/uploads\/sites\/3\/2025\/07\/5ef492e6cffee.jpeg\",\"datePublished\":\"2025-07-18T21:17:07+00:00\",\"dateModified\":\"2026-04-08T08:23:38+00:00\",\"breadcrumb\":{\"@id\":\"https:\/\/babylove.se\/no\/produkt\/maileg-babyseng-spjelseng-metall-micro\/#breadcrumb\"},\"inLanguage\":\"nb-NO\",\"potentialAction\":[{\"@type\":\"ReadAction\",\"target\":[\"https:\/\/babylove.se\/no\/produkt\/maileg-babyseng-spjelseng-metall-micro\/\"]}]},{\"@type\":\"ImageObject\",\"inLanguage\":\"nb-NO\",\"@id\":\"https:\/\/babylove.se\/no\/produkt\/maileg-babyseng-spjelseng-metall-micro\/#primaryimage\",\"url\":\"https:\/\/babylove.se\/no\/wp-content\/uploads\/sites\/3\/2025\/07\/5ef492e6cffee.jpeg\",\"contentUrl\":\"https:\/\/babylove.se\/no\/wp-content\/uploads\/sites\/3\/2025\/07\/5ef492e6cffee.jpeg\",\"width\":640,\"height\":640},{\"@type\":\"BreadcrumbList\",\"@id\":\"https:\/\/babylove.se\/no\/produkt\/maileg-babyseng-spjelseng-metall-micro\/#breadcrumb\",\"itemListElement\":[{\"@type\":\"ListItem\",\"position\":1,\"name\":\"Hem\",\"item\":\"https:\/\/babylove.se\/no\/\"},{\"@type\":\"ListItem\",\"position\":2,\"name\":\"Butik\",\"item\":\"https:\/\/babylove.se\/no\/butik\/\"},{\"@type\":\"ListItem\",\"position\":3,\"name\":\"Maileg, Babycot barneseng metall micro\"}]},{\"@type\":\"WebSite\",\"@id\":\"https:\/\/babylove.se\/no\/#website\",\"url\":\"https:\/\/babylove.se\/no\/\",\"name\":\"Babylove Norska\",\"description\":\"\",\"potentialAction\":[{\"@type\":\"SearchAction\",\"target\":{\"@type\":\"EntryPoint\",\"urlTemplate\":\"https:\/\/babylove.se\/no\/?s={search_term_string}\"},\"query-input\":{\"@type\":\"PropertyValueSpecification\",\"valueRequired\":true,\"valueName\":\"search_term_string\"}}],\"inLanguage\":\"nb-NO\"}]}<\/script>\n<meta property=\"product:brand\" content=\"Maileg\" \/>\n<meta property=\"product:price:amount\" content=\"239.00\" \/>\n<meta property=\"product:price:currency\" content=\"SEK\" \/>\n<meta property=\"og:availability\" content=\"out of stock\" \/>\n<meta property=\"product:availability\" content=\"out of stock\" \/>\n<meta property=\"product:retailer_item_id\" content=\"11-0108-00\" \/>\n<meta property=\"product:condition\" content=\"new\" \/>\n<!-- \/ Yoast SEO Premium plugin. -->","yoast_head_json":{"title":"Maileg, Babycot barneseng metall micro - Babylove Norska","robots":{"index":"noindex","follow":"follow","max-snippet":"max-snippet:-1","max-image-preview":"max-image-preview:large","max-video-preview":"max-video-preview:-1"},"og_locale":"nb_NO","og_type":"article","og_title":"Maileg, Babycot barneseng metall micro","og_description":"Wow, en fin vintage sprinkelseng for de aller minste, passer til alle typer dukkehus og vil gi barnet ditt masse glede. Utrolig detaljrik produkt som er helt h\u00e5ndlaget av det popul\u00e6re selskapet Maileg. M\u00e5l: L: 16 cm, B: 8,5 cm H: 10 cm Alder: Fra 3 \u00e5r. Materiale: Metall. Kaninen er ikke inkludert \ud83d\ude42 Designer: [&hellip;]","og_url":"https:\/\/babylove.se\/no\/produkt\/maileg-babyseng-spjelseng-metall-micro\/","og_site_name":"Babylove Norska","article_modified_time":"2026-04-08T08:23:38+00:00","og_image":[{"width":640,"height":640,"url":"https:\/\/babylove.se\/no\/wp-content\/uploads\/sites\/3\/2025\/07\/5ef492e6cffee.jpeg","type":"image\/jpeg"}],"twitter_card":"summary_large_image","twitter_misc":{"Price":"239,00&nbsp;&#107;&#114;","Availability":"Out of stock"},"schema":{"@context":"https:\/\/schema.org","@graph":[{"@type":"WebPage","@id":"https:\/\/babylove.se\/no\/produkt\/maileg-babyseng-spjelseng-metall-micro\/","url":"https:\/\/babylove.se\/no\/produkt\/maileg-babyseng-spjelseng-metall-micro\/","name":"Maileg, Babycot barneseng metall micro - Babylove Norska","isPartOf":{"@id":"https:\/\/babylove.se\/no\/#website"},"primaryImageOfPage":{"@id":"https:\/\/babylove.se\/no\/produkt\/maileg-babyseng-spjelseng-metall-micro\/#primaryimage"},"image":{"@id":"https:\/\/babylove.se\/no\/produkt\/maileg-babyseng-spjelseng-metall-micro\/#primaryimage"},"thumbnailUrl":"https:\/\/babylove.se\/no\/wp-content\/uploads\/sites\/3\/2025\/07\/5ef492e6cffee.jpeg","datePublished":"2025-07-18T21:17:07+00:00","dateModified":"2026-04-08T08:23:38+00:00","breadcrumb":{"@id":"https:\/\/babylove.se\/no\/produkt\/maileg-babyseng-spjelseng-metall-micro\/#breadcrumb"},"inLanguage":"nb-NO","potentialAction":[{"@type":"ReadAction","target":["https:\/\/babylove.se\/no\/produkt\/maileg-babyseng-spjelseng-metall-micro\/"]}]},{"@type":"ImageObject","inLanguage":"nb-NO","@id":"https:\/\/babylove.se\/no\/produkt\/maileg-babyseng-spjelseng-metall-micro\/#primaryimage","url":"https:\/\/babylove.se\/no\/wp-content\/uploads\/sites\/3\/2025\/07\/5ef492e6cffee.jpeg","contentUrl":"https:\/\/babylove.se\/no\/wp-content\/uploads\/sites\/3\/2025\/07\/5ef492e6cffee.jpeg","width":640,"height":640},{"@type":"BreadcrumbList","@id":"https:\/\/babylove.se\/no\/produkt\/maileg-babyseng-spjelseng-metall-micro\/#breadcrumb","itemListElement":[{"@type":"ListItem","position":1,"name":"Hem","item":"https:\/\/babylove.se\/no\/"},{"@type":"ListItem","position":2,"name":"Butik","item":"https:\/\/babylove.se\/no\/butik\/"},{"@type":"ListItem","position":3,"name":"Maileg, Babycot barneseng metall micro"}]},{"@type":"WebSite","@id":"https:\/\/babylove.se\/no\/#website","url":"https:\/\/babylove.se\/no\/","name":"Babylove Norska","description":"","potentialAction":[{"@type":"SearchAction","target":{"@type":"EntryPoint","urlTemplate":"https:\/\/babylove.se\/no\/?s={search_term_string}"},"query-input":{"@type":"PropertyValueSpecification","valueRequired":true,"valueName":"search_term_string"}}],"inLanguage":"nb-NO"}]},"product_brand":"Maileg","product_price_amount":"239.00","product_price_currency":"SEK","og_availability":"out of stock","product_availability":"out of stock","product_retailer_item_id":"11-0108-00","product_condition":"new"},"_links":{"self":[{"href":"https:\/\/babylove.se\/no\/wp-json\/wp\/v2\/product\/18428","targetHints":{"allow":["GET"]}}],"collection":[{"href":"https:\/\/babylove.se\/no\/wp-json\/wp\/v2\/product"}],"about":[{"href":"https:\/\/babylove.se\/no\/wp-json\/wp\/v2\/types\/product"}],"replies":[{"embeddable":true,"href":"https:\/\/babylove.se\/no\/wp-json\/wp\/v2\/comments?post=18428"}],"wp:featuredmedia":[{"embeddable":true,"href":"https:\/\/babylove.se\/no\/wp-json\/wp\/v2\/media\/18430"}],"wp:attachment":[{"href":"https:\/\/babylove.se\/no\/wp-json\/wp\/v2\/media?parent=18428"}],"wp:term":[{"taxonomy":"product_brand","embeddable":true,"href":"https:\/\/babylove.se\/no\/wp-json\/wp\/v2\/product_brand?post=18428"},{"taxonomy":"product_cat","embeddable":true,"href":"https:\/\/babylove.se\/no\/wp-json\/wp\/v2\/product_cat?post=18428"},{"taxonomy":"product_tag","embeddable":true,"href":"https:\/\/babylove.se\/no\/wp-json\/wp\/v2\/product_tag?post=18428"}],"curies":[{"name":"wp","href":"https:\/\/api.w.org\/{rel}","templated":true}]}}