{"id":18458,"date":"2025-07-18T22:17:26","date_gmt":"2025-07-18T21:17:26","guid":{"rendered":"https:\/\/babylove.se\/produkt\/ferm-living-forvaringslada-bjorn\/"},"modified":"2026-04-08T09:23:56","modified_gmt":"2026-04-08T08:23:56","slug":"ferm-living-oppbevaringskasse-bjorn","status":"publish","type":"product","link":"https:\/\/babylove.se\/no\/produkt\/ferm-living-oppbevaringskasse-bjorn\/","title":{"rendered":"Ferm Living, oppbevaringsboks bj\u00f8rn"},"content":{"rendered":"<p>Oppbevaring til barnerommet med det lille ekstra. To vakre kanin-\u00f8rer av l\u00e6r utgj\u00f8r h\u00e5ndtak p\u00e5 lokket, og skaper en f\u00f8lelse av nysgjerrighet og lekfullhet. Dette er et produkt som man liker hver dag og blir det selvf\u00f8lgelige stedet for \u00e5 oppbevare sine kosedyr eller favorittleker i.&nbsp;<\/p>\n<p>M\u00e5l: \u00d840 x H26 x B40 cm<br \/><span>Materiale: Kartong, L\u00e6r<\/span><\/p>\n<p>Designer: <a href=\"https:\/\/babylove.se\/varumarken\/ferm-living\">Ferm Living&nbsp;<\/a><\/p>\n","protected":false},"excerpt":{"rendered":"<p>Oppbevaring til barnerommet med det lille ekstra. To vakre kanin-\u00f8rer av l\u00e6r utgj\u00f8r h\u00e5ndtak p\u00e5 lokket, og skaper en f\u00f8lelse av nysgjerrighet og lekfullhet. Dette er et produkt som man liker hver dag og blir det selvf\u00f8lgelige stedet for \u00e5 oppbevare sine kosedyr eller favorittleker i.&nbsp; M\u00e5l: \u00d840 x H26 x B40 cmMateriale: Kartong, L\u00e6r [&hellip;]<\/p>\n","protected":false},"featured_media":18460,"comment_status":"closed","ping_status":"open","template":"","meta":{"_acf_changed":false},"product_brand":[766],"product_cat":[767,43],"product_tag":[],"class_list":{"0":"post-18458","1":"product","2":"type-product","3":"status-publish","4":"has-post-thumbnail","6":"product_brand-ferm-living","7":"product_cat-ferm-living","8":"product_cat-oppbevaringskurver","10":"first","11":"instock","12":"taxable","13":"shipping-taxable","14":"purchasable","15":"product-type-simple"},"acf":[],"yoast_head":"<!-- This site is optimized with the Yoast SEO Premium plugin v25.8 (Yoast SEO v27.2) - https:\/\/yoast.com\/product\/yoast-seo-premium-wordpress\/ -->\n<title>Ferm Living, oppbevaringsboks bj\u00f8rn - Babylove Norska<\/title>\n<meta name=\"robots\" content=\"noindex, follow, max-snippet:-1, max-image-preview:large, max-video-preview:-1\" \/>\n<meta property=\"og:locale\" content=\"nb_NO\" \/>\n<meta property=\"og:type\" content=\"article\" \/>\n<meta property=\"og:title\" content=\"Ferm Living, oppbevaringsboks bj\u00f8rn\" \/>\n<meta property=\"og:description\" content=\"Oppbevaring til barnerommet med det lille ekstra. To vakre kanin-\u00f8rer av l\u00e6r utgj\u00f8r h\u00e5ndtak p\u00e5 lokket, og skaper en f\u00f8lelse av nysgjerrighet og lekfullhet. Dette er et produkt som man liker hver dag og blir det selvf\u00f8lgelige stedet for \u00e5 oppbevare sine kosedyr eller favorittleker i.&nbsp; M\u00e5l: \u00d840 x H26 x B40 cmMateriale: Kartong, L\u00e6r [&hellip;]\" \/>\n<meta property=\"og:url\" content=\"https:\/\/babylove.se\/no\/produkt\/ferm-living-oppbevaringskasse-bjorn\/\" \/>\n<meta property=\"og:site_name\" content=\"Babylove Norska\" \/>\n<meta property=\"article:modified_time\" content=\"2026-04-08T08:23:56+00:00\" \/>\n<meta property=\"og:image\" content=\"https:\/\/babylove.se\/no\/wp-content\/uploads\/sites\/3\/2025\/07\/5f060be657b7d.jpeg\" \/>\n\t<meta property=\"og:image:width\" content=\"598\" \/>\n\t<meta property=\"og:image:height\" content=\"598\" \/>\n\t<meta property=\"og:image:type\" content=\"image\/jpeg\" \/>\n<meta name=\"twitter:card\" content=\"summary_large_image\" \/>\n<meta name=\"twitter:label1\" content=\"Price\" \/>\n\t<meta name=\"twitter:data1\" content=\"869,00&nbsp;&#107;&#114;\" \/>\n\t<meta name=\"twitter:label2\" content=\"Availability\" \/>\n\t<meta name=\"twitter:data2\" content=\"In stock\" \/>\n<script type=\"application\/ld+json\" class=\"yoast-schema-graph\">{\"@context\":\"https:\/\/schema.org\",\"@graph\":[{\"@type\":\"WebPage\",\"@id\":\"https:\/\/babylove.se\/no\/produkt\/ferm-living-oppbevaringskasse-bjorn\/\",\"url\":\"https:\/\/babylove.se\/no\/produkt\/ferm-living-oppbevaringskasse-bjorn\/\",\"name\":\"Ferm Living, oppbevaringsboks bj\u00f8rn - Babylove Norska\",\"isPartOf\":{\"@id\":\"https:\/\/babylove.se\/no\/#website\"},\"primaryImageOfPage\":{\"@id\":\"https:\/\/babylove.se\/no\/produkt\/ferm-living-oppbevaringskasse-bjorn\/#primaryimage\"},\"image\":{\"@id\":\"https:\/\/babylove.se\/no\/produkt\/ferm-living-oppbevaringskasse-bjorn\/#primaryimage\"},\"thumbnailUrl\":\"https:\/\/babylove.se\/no\/wp-content\/uploads\/sites\/3\/2025\/07\/5f060be657b7d.jpeg\",\"datePublished\":\"2025-07-18T21:17:26+00:00\",\"dateModified\":\"2026-04-08T08:23:56+00:00\",\"breadcrumb\":{\"@id\":\"https:\/\/babylove.se\/no\/produkt\/ferm-living-oppbevaringskasse-bjorn\/#breadcrumb\"},\"inLanguage\":\"nb-NO\",\"potentialAction\":[{\"@type\":\"ReadAction\",\"target\":[\"https:\/\/babylove.se\/no\/produkt\/ferm-living-oppbevaringskasse-bjorn\/\"]}]},{\"@type\":\"ImageObject\",\"inLanguage\":\"nb-NO\",\"@id\":\"https:\/\/babylove.se\/no\/produkt\/ferm-living-oppbevaringskasse-bjorn\/#primaryimage\",\"url\":\"https:\/\/babylove.se\/no\/wp-content\/uploads\/sites\/3\/2025\/07\/5f060be657b7d.jpeg\",\"contentUrl\":\"https:\/\/babylove.se\/no\/wp-content\/uploads\/sites\/3\/2025\/07\/5f060be657b7d.jpeg\",\"width\":598,\"height\":598},{\"@type\":\"BreadcrumbList\",\"@id\":\"https:\/\/babylove.se\/no\/produkt\/ferm-living-oppbevaringskasse-bjorn\/#breadcrumb\",\"itemListElement\":[{\"@type\":\"ListItem\",\"position\":1,\"name\":\"Hem\",\"item\":\"https:\/\/babylove.se\/no\/\"},{\"@type\":\"ListItem\",\"position\":2,\"name\":\"Butik\",\"item\":\"https:\/\/babylove.se\/no\/butik\/\"},{\"@type\":\"ListItem\",\"position\":3,\"name\":\"Ferm Living, oppbevaringsboks bj\u00f8rn\"}]},{\"@type\":\"WebSite\",\"@id\":\"https:\/\/babylove.se\/no\/#website\",\"url\":\"https:\/\/babylove.se\/no\/\",\"name\":\"Babylove Norska\",\"description\":\"\",\"potentialAction\":[{\"@type\":\"SearchAction\",\"target\":{\"@type\":\"EntryPoint\",\"urlTemplate\":\"https:\/\/babylove.se\/no\/?s={search_term_string}\"},\"query-input\":{\"@type\":\"PropertyValueSpecification\",\"valueRequired\":true,\"valueName\":\"search_term_string\"}}],\"inLanguage\":\"nb-NO\"}]}<\/script>\n<meta property=\"product:brand\" content=\"Ferm Living\" \/>\n<meta property=\"product:price:amount\" content=\"869.00\" \/>\n<meta property=\"product:price:currency\" content=\"SEK\" \/>\n<meta property=\"og:availability\" content=\"instock\" \/>\n<meta property=\"product:availability\" content=\"instock\" \/>\n<meta property=\"product:retailer_item_id\" content=\"3295\" \/>\n<meta property=\"product:condition\" content=\"new\" \/>\n<!-- \/ Yoast SEO Premium plugin. -->","yoast_head_json":{"title":"Ferm Living, oppbevaringsboks bj\u00f8rn - Babylove Norska","robots":{"index":"noindex","follow":"follow","max-snippet":"max-snippet:-1","max-image-preview":"max-image-preview:large","max-video-preview":"max-video-preview:-1"},"og_locale":"nb_NO","og_type":"article","og_title":"Ferm Living, oppbevaringsboks bj\u00f8rn","og_description":"Oppbevaring til barnerommet med det lille ekstra. To vakre kanin-\u00f8rer av l\u00e6r utgj\u00f8r h\u00e5ndtak p\u00e5 lokket, og skaper en f\u00f8lelse av nysgjerrighet og lekfullhet. Dette er et produkt som man liker hver dag og blir det selvf\u00f8lgelige stedet for \u00e5 oppbevare sine kosedyr eller favorittleker i.&nbsp; M\u00e5l: \u00d840 x H26 x B40 cmMateriale: Kartong, L\u00e6r [&hellip;]","og_url":"https:\/\/babylove.se\/no\/produkt\/ferm-living-oppbevaringskasse-bjorn\/","og_site_name":"Babylove Norska","article_modified_time":"2026-04-08T08:23:56+00:00","og_image":[{"width":598,"height":598,"url":"https:\/\/babylove.se\/no\/wp-content\/uploads\/sites\/3\/2025\/07\/5f060be657b7d.jpeg","type":"image\/jpeg"}],"twitter_card":"summary_large_image","twitter_misc":{"Price":"869,00&nbsp;&#107;&#114;","Availability":"In stock"},"schema":{"@context":"https:\/\/schema.org","@graph":[{"@type":"WebPage","@id":"https:\/\/babylove.se\/no\/produkt\/ferm-living-oppbevaringskasse-bjorn\/","url":"https:\/\/babylove.se\/no\/produkt\/ferm-living-oppbevaringskasse-bjorn\/","name":"Ferm Living, oppbevaringsboks bj\u00f8rn - Babylove Norska","isPartOf":{"@id":"https:\/\/babylove.se\/no\/#website"},"primaryImageOfPage":{"@id":"https:\/\/babylove.se\/no\/produkt\/ferm-living-oppbevaringskasse-bjorn\/#primaryimage"},"image":{"@id":"https:\/\/babylove.se\/no\/produkt\/ferm-living-oppbevaringskasse-bjorn\/#primaryimage"},"thumbnailUrl":"https:\/\/babylove.se\/no\/wp-content\/uploads\/sites\/3\/2025\/07\/5f060be657b7d.jpeg","datePublished":"2025-07-18T21:17:26+00:00","dateModified":"2026-04-08T08:23:56+00:00","breadcrumb":{"@id":"https:\/\/babylove.se\/no\/produkt\/ferm-living-oppbevaringskasse-bjorn\/#breadcrumb"},"inLanguage":"nb-NO","potentialAction":[{"@type":"ReadAction","target":["https:\/\/babylove.se\/no\/produkt\/ferm-living-oppbevaringskasse-bjorn\/"]}]},{"@type":"ImageObject","inLanguage":"nb-NO","@id":"https:\/\/babylove.se\/no\/produkt\/ferm-living-oppbevaringskasse-bjorn\/#primaryimage","url":"https:\/\/babylove.se\/no\/wp-content\/uploads\/sites\/3\/2025\/07\/5f060be657b7d.jpeg","contentUrl":"https:\/\/babylove.se\/no\/wp-content\/uploads\/sites\/3\/2025\/07\/5f060be657b7d.jpeg","width":598,"height":598},{"@type":"BreadcrumbList","@id":"https:\/\/babylove.se\/no\/produkt\/ferm-living-oppbevaringskasse-bjorn\/#breadcrumb","itemListElement":[{"@type":"ListItem","position":1,"name":"Hem","item":"https:\/\/babylove.se\/no\/"},{"@type":"ListItem","position":2,"name":"Butik","item":"https:\/\/babylove.se\/no\/butik\/"},{"@type":"ListItem","position":3,"name":"Ferm Living, oppbevaringsboks bj\u00f8rn"}]},{"@type":"WebSite","@id":"https:\/\/babylove.se\/no\/#website","url":"https:\/\/babylove.se\/no\/","name":"Babylove Norska","description":"","potentialAction":[{"@type":"SearchAction","target":{"@type":"EntryPoint","urlTemplate":"https:\/\/babylove.se\/no\/?s={search_term_string}"},"query-input":{"@type":"PropertyValueSpecification","valueRequired":true,"valueName":"search_term_string"}}],"inLanguage":"nb-NO"}]},"product_brand":"Ferm Living","product_price_amount":"869.00","product_price_currency":"SEK","og_availability":"instock","product_availability":"instock","product_retailer_item_id":"3295","product_condition":"new"},"_links":{"self":[{"href":"https:\/\/babylove.se\/no\/wp-json\/wp\/v2\/product\/18458","targetHints":{"allow":["GET"]}}],"collection":[{"href":"https:\/\/babylove.se\/no\/wp-json\/wp\/v2\/product"}],"about":[{"href":"https:\/\/babylove.se\/no\/wp-json\/wp\/v2\/types\/product"}],"replies":[{"embeddable":true,"href":"https:\/\/babylove.se\/no\/wp-json\/wp\/v2\/comments?post=18458"}],"wp:featuredmedia":[{"embeddable":true,"href":"https:\/\/babylove.se\/no\/wp-json\/wp\/v2\/media\/18460"}],"wp:attachment":[{"href":"https:\/\/babylove.se\/no\/wp-json\/wp\/v2\/media?parent=18458"}],"wp:term":[{"taxonomy":"product_brand","embeddable":true,"href":"https:\/\/babylove.se\/no\/wp-json\/wp\/v2\/product_brand?post=18458"},{"taxonomy":"product_cat","embeddable":true,"href":"https:\/\/babylove.se\/no\/wp-json\/wp\/v2\/product_cat?post=18458"},{"taxonomy":"product_tag","embeddable":true,"href":"https:\/\/babylove.se\/no\/wp-json\/wp\/v2\/product_tag?post=18458"}],"curies":[{"name":"wp","href":"https:\/\/api.w.org\/{rel}","templated":true}]}}