{"id":18493,"date":"2025-07-18T22:17:47","date_gmt":"2025-07-18T21:17:47","guid":{"rendered":"https:\/\/babylove.se\/produkt\/liewood-leonore-barnpool-confetti-mix\/"},"modified":"2026-04-08T09:24:19","modified_gmt":"2026-04-08T08:24:19","slug":"liewood-leonore-barnepool-confetti-mix","status":"publish","type":"product","link":"https:\/\/babylove.se\/no\/produkt\/liewood-leonore-barnepool-confetti-mix\/","title":{"rendered":"Liewood, Leonore barnebasseng, confetti mix"},"content":{"rendered":"<p>Gj\u00f8r sommeren morsommere med Liewoods oppbl\u00e5sbare barnebassseng. Et fint motiv som gj\u00f8r at den blir en fin detalj p\u00e5 uteplassen eller gressplenen, samtidig som barna dine kommer til \u00e5 elske \u00e5 avkj\u00f8le seg i den en varm sommerdag. Vakker design og n\u00f8ye materialvalg skaper dette premiumplastbassenget, bare det beste er godt nok! <\/p>\n<p><strong>Materiale<\/strong>: 100% pvc (bpa fri) , CE-merket. I samsvar med EN71-8, den europeiske standarden for aktivitetsleker. <\/p>\n<p><strong>M\u00e5l<\/strong>: diameter 80 cm, h\u00f8yde 20 cm. Omtrentlig vannvolum ved oppbl\u00e5sing: 43 liter (70% fylt) <\/p>\n<p>Designer: <a href=\"https:\/\/babylove.se\/varumarken\/liewood\"><u>Liewood<\/u><\/a><\/p>\n","protected":false},"excerpt":{"rendered":"<p>Gj\u00f8r sommeren morsommere med Liewoods oppbl\u00e5sbare barnebassseng. Et fint motiv som gj\u00f8r at den blir en fin detalj p\u00e5 uteplassen eller gressplenen, samtidig som barna dine kommer til \u00e5 elske \u00e5 avkj\u00f8le seg i den en varm sommerdag. Vakker design og n\u00f8ye materialvalg skaper dette premiumplastbassenget, bare det beste er godt nok! Materiale: 100% pvc [&hellip;]<\/p>\n","protected":false},"featured_media":18495,"comment_status":"closed","ping_status":"closed","template":"","meta":{"_acf_changed":false},"product_brand":[282],"product_cat":[768,68,283,60,1775,753],"product_tag":[],"class_list":{"0":"post-18493","1":"product","2":"type-product","3":"status-publish","4":"has-post-thumbnail","6":"product_brand-liewood","7":"product_cat-barnebasseng","8":"product_cat-leker","9":"product_cat-liewood","10":"product_cat-sommer","11":"product_cat-uteleker","12":"product_cat-vannleker","14":"first","15":"outofstock","16":"taxable","17":"shipping-taxable","18":"purchasable","19":"product-type-simple"},"acf":[],"yoast_head":"<!-- This site is optimized with the Yoast SEO Premium plugin v25.8 (Yoast SEO v27.2) - https:\/\/yoast.com\/product\/yoast-seo-premium-wordpress\/ -->\n<title>Liewood, Leonore barnebasseng, confetti mix - Babylove Norska<\/title>\n<meta name=\"robots\" content=\"noindex, follow, max-snippet:-1, max-image-preview:large, max-video-preview:-1\" \/>\n<meta property=\"og:locale\" content=\"nb_NO\" \/>\n<meta property=\"og:type\" content=\"article\" \/>\n<meta property=\"og:title\" content=\"Liewood, Leonore barnebasseng, confetti mix\" \/>\n<meta property=\"og:description\" content=\"Gj\u00f8r sommeren morsommere med Liewoods oppbl\u00e5sbare barnebassseng. Et fint motiv som gj\u00f8r at den blir en fin detalj p\u00e5 uteplassen eller gressplenen, samtidig som barna dine kommer til \u00e5 elske \u00e5 avkj\u00f8le seg i den en varm sommerdag. Vakker design og n\u00f8ye materialvalg skaper dette premiumplastbassenget, bare det beste er godt nok! Materiale: 100% pvc [&hellip;]\" \/>\n<meta property=\"og:url\" content=\"https:\/\/babylove.se\/no\/produkt\/liewood-leonore-barnepool-confetti-mix\/\" \/>\n<meta property=\"og:site_name\" content=\"Babylove Norska\" \/>\n<meta property=\"article:modified_time\" content=\"2026-04-08T08:24:19+00:00\" \/>\n<meta property=\"og:image\" content=\"https:\/\/babylove.se\/no\/wp-content\/uploads\/sites\/3\/2025\/07\/5f154beab61e4.jpeg\" \/>\n\t<meta property=\"og:image:width\" content=\"750\" \/>\n\t<meta property=\"og:image:height\" content=\"750\" \/>\n\t<meta property=\"og:image:type\" content=\"image\/jpeg\" \/>\n<meta name=\"twitter:card\" content=\"summary_large_image\" \/>\n<meta name=\"twitter:label1\" content=\"Price\" \/>\n\t<meta name=\"twitter:data1\" content=\"369,00&nbsp;&#107;&#114;\" \/>\n\t<meta name=\"twitter:label2\" content=\"Availability\" \/>\n\t<meta name=\"twitter:data2\" content=\"Out of stock\" \/>\n<script type=\"application\/ld+json\" class=\"yoast-schema-graph\">{\"@context\":\"https:\/\/schema.org\",\"@graph\":[{\"@type\":\"WebPage\",\"@id\":\"https:\/\/babylove.se\/no\/produkt\/liewood-leonore-barnepool-confetti-mix\/\",\"url\":\"https:\/\/babylove.se\/no\/produkt\/liewood-leonore-barnepool-confetti-mix\/\",\"name\":\"Liewood, Leonore barnebasseng, confetti mix - Babylove Norska\",\"isPartOf\":{\"@id\":\"https:\/\/babylove.se\/no\/#website\"},\"primaryImageOfPage\":{\"@id\":\"https:\/\/babylove.se\/no\/produkt\/liewood-leonore-barnepool-confetti-mix\/#primaryimage\"},\"image\":{\"@id\":\"https:\/\/babylove.se\/no\/produkt\/liewood-leonore-barnepool-confetti-mix\/#primaryimage\"},\"thumbnailUrl\":\"https:\/\/babylove.se\/no\/wp-content\/uploads\/sites\/3\/2025\/07\/5f154beab61e4.jpeg\",\"datePublished\":\"2025-07-18T21:17:47+00:00\",\"dateModified\":\"2026-04-08T08:24:19+00:00\",\"breadcrumb\":{\"@id\":\"https:\/\/babylove.se\/no\/produkt\/liewood-leonore-barnepool-confetti-mix\/#breadcrumb\"},\"inLanguage\":\"nb-NO\",\"potentialAction\":[{\"@type\":\"ReadAction\",\"target\":[\"https:\/\/babylove.se\/no\/produkt\/liewood-leonore-barnepool-confetti-mix\/\"]}]},{\"@type\":\"ImageObject\",\"inLanguage\":\"nb-NO\",\"@id\":\"https:\/\/babylove.se\/no\/produkt\/liewood-leonore-barnepool-confetti-mix\/#primaryimage\",\"url\":\"https:\/\/babylove.se\/no\/wp-content\/uploads\/sites\/3\/2025\/07\/5f154beab61e4.jpeg\",\"contentUrl\":\"https:\/\/babylove.se\/no\/wp-content\/uploads\/sites\/3\/2025\/07\/5f154beab61e4.jpeg\",\"width\":750,\"height\":750},{\"@type\":\"BreadcrumbList\",\"@id\":\"https:\/\/babylove.se\/no\/produkt\/liewood-leonore-barnepool-confetti-mix\/#breadcrumb\",\"itemListElement\":[{\"@type\":\"ListItem\",\"position\":1,\"name\":\"Hem\",\"item\":\"https:\/\/babylove.se\/no\/\"},{\"@type\":\"ListItem\",\"position\":2,\"name\":\"Butik\",\"item\":\"https:\/\/babylove.se\/no\/butik\/\"},{\"@type\":\"ListItem\",\"position\":3,\"name\":\"Liewood, Leonore barnebasseng, confetti mix\"}]},{\"@type\":\"WebSite\",\"@id\":\"https:\/\/babylove.se\/no\/#website\",\"url\":\"https:\/\/babylove.se\/no\/\",\"name\":\"Babylove Norska\",\"description\":\"\",\"potentialAction\":[{\"@type\":\"SearchAction\",\"target\":{\"@type\":\"EntryPoint\",\"urlTemplate\":\"https:\/\/babylove.se\/no\/?s={search_term_string}\"},\"query-input\":{\"@type\":\"PropertyValueSpecification\",\"valueRequired\":true,\"valueName\":\"search_term_string\"}}],\"inLanguage\":\"nb-NO\"}]}<\/script>\n<meta property=\"product:brand\" content=\"Liewood\" \/>\n<meta property=\"product:price:amount\" content=\"369.00\" \/>\n<meta property=\"product:price:currency\" content=\"SEK\" \/>\n<meta property=\"og:availability\" content=\"out of stock\" \/>\n<meta property=\"product:availability\" content=\"out of stock\" \/>\n<meta property=\"product:retailer_item_id\" content=\"LW141722052\" \/>\n<meta property=\"product:condition\" content=\"new\" \/>\n<!-- \/ Yoast SEO Premium plugin. -->","yoast_head_json":{"title":"Liewood, Leonore barnebasseng, confetti mix - Babylove Norska","robots":{"index":"noindex","follow":"follow","max-snippet":"max-snippet:-1","max-image-preview":"max-image-preview:large","max-video-preview":"max-video-preview:-1"},"og_locale":"nb_NO","og_type":"article","og_title":"Liewood, Leonore barnebasseng, confetti mix","og_description":"Gj\u00f8r sommeren morsommere med Liewoods oppbl\u00e5sbare barnebassseng. Et fint motiv som gj\u00f8r at den blir en fin detalj p\u00e5 uteplassen eller gressplenen, samtidig som barna dine kommer til \u00e5 elske \u00e5 avkj\u00f8le seg i den en varm sommerdag. Vakker design og n\u00f8ye materialvalg skaper dette premiumplastbassenget, bare det beste er godt nok! Materiale: 100% pvc [&hellip;]","og_url":"https:\/\/babylove.se\/no\/produkt\/liewood-leonore-barnepool-confetti-mix\/","og_site_name":"Babylove Norska","article_modified_time":"2026-04-08T08:24:19+00:00","og_image":[{"width":750,"height":750,"url":"https:\/\/babylove.se\/no\/wp-content\/uploads\/sites\/3\/2025\/07\/5f154beab61e4.jpeg","type":"image\/jpeg"}],"twitter_card":"summary_large_image","twitter_misc":{"Price":"369,00&nbsp;&#107;&#114;","Availability":"Out of stock"},"schema":{"@context":"https:\/\/schema.org","@graph":[{"@type":"WebPage","@id":"https:\/\/babylove.se\/no\/produkt\/liewood-leonore-barnepool-confetti-mix\/","url":"https:\/\/babylove.se\/no\/produkt\/liewood-leonore-barnepool-confetti-mix\/","name":"Liewood, Leonore barnebasseng, confetti mix - Babylove Norska","isPartOf":{"@id":"https:\/\/babylove.se\/no\/#website"},"primaryImageOfPage":{"@id":"https:\/\/babylove.se\/no\/produkt\/liewood-leonore-barnepool-confetti-mix\/#primaryimage"},"image":{"@id":"https:\/\/babylove.se\/no\/produkt\/liewood-leonore-barnepool-confetti-mix\/#primaryimage"},"thumbnailUrl":"https:\/\/babylove.se\/no\/wp-content\/uploads\/sites\/3\/2025\/07\/5f154beab61e4.jpeg","datePublished":"2025-07-18T21:17:47+00:00","dateModified":"2026-04-08T08:24:19+00:00","breadcrumb":{"@id":"https:\/\/babylove.se\/no\/produkt\/liewood-leonore-barnepool-confetti-mix\/#breadcrumb"},"inLanguage":"nb-NO","potentialAction":[{"@type":"ReadAction","target":["https:\/\/babylove.se\/no\/produkt\/liewood-leonore-barnepool-confetti-mix\/"]}]},{"@type":"ImageObject","inLanguage":"nb-NO","@id":"https:\/\/babylove.se\/no\/produkt\/liewood-leonore-barnepool-confetti-mix\/#primaryimage","url":"https:\/\/babylove.se\/no\/wp-content\/uploads\/sites\/3\/2025\/07\/5f154beab61e4.jpeg","contentUrl":"https:\/\/babylove.se\/no\/wp-content\/uploads\/sites\/3\/2025\/07\/5f154beab61e4.jpeg","width":750,"height":750},{"@type":"BreadcrumbList","@id":"https:\/\/babylove.se\/no\/produkt\/liewood-leonore-barnepool-confetti-mix\/#breadcrumb","itemListElement":[{"@type":"ListItem","position":1,"name":"Hem","item":"https:\/\/babylove.se\/no\/"},{"@type":"ListItem","position":2,"name":"Butik","item":"https:\/\/babylove.se\/no\/butik\/"},{"@type":"ListItem","position":3,"name":"Liewood, Leonore barnebasseng, confetti mix"}]},{"@type":"WebSite","@id":"https:\/\/babylove.se\/no\/#website","url":"https:\/\/babylove.se\/no\/","name":"Babylove Norska","description":"","potentialAction":[{"@type":"SearchAction","target":{"@type":"EntryPoint","urlTemplate":"https:\/\/babylove.se\/no\/?s={search_term_string}"},"query-input":{"@type":"PropertyValueSpecification","valueRequired":true,"valueName":"search_term_string"}}],"inLanguage":"nb-NO"}]},"product_brand":"Liewood","product_price_amount":"369.00","product_price_currency":"SEK","og_availability":"out of stock","product_availability":"out of stock","product_retailer_item_id":"LW141722052","product_condition":"new"},"_links":{"self":[{"href":"https:\/\/babylove.se\/no\/wp-json\/wp\/v2\/product\/18493","targetHints":{"allow":["GET"]}}],"collection":[{"href":"https:\/\/babylove.se\/no\/wp-json\/wp\/v2\/product"}],"about":[{"href":"https:\/\/babylove.se\/no\/wp-json\/wp\/v2\/types\/product"}],"replies":[{"embeddable":true,"href":"https:\/\/babylove.se\/no\/wp-json\/wp\/v2\/comments?post=18493"}],"wp:featuredmedia":[{"embeddable":true,"href":"https:\/\/babylove.se\/no\/wp-json\/wp\/v2\/media\/18495"}],"wp:attachment":[{"href":"https:\/\/babylove.se\/no\/wp-json\/wp\/v2\/media?parent=18493"}],"wp:term":[{"taxonomy":"product_brand","embeddable":true,"href":"https:\/\/babylove.se\/no\/wp-json\/wp\/v2\/product_brand?post=18493"},{"taxonomy":"product_cat","embeddable":true,"href":"https:\/\/babylove.se\/no\/wp-json\/wp\/v2\/product_cat?post=18493"},{"taxonomy":"product_tag","embeddable":true,"href":"https:\/\/babylove.se\/no\/wp-json\/wp\/v2\/product_tag?post=18493"}],"curies":[{"name":"wp","href":"https:\/\/api.w.org\/{rel}","templated":true}]}}