{"id":18514,"date":"2025-07-18T22:17:47","date_gmt":"2025-07-18T21:17:47","guid":{"rendered":"https:\/\/babylove.se\/produkt\/sittpuff-beige-kanin-till-barnrummet-babam\/"},"modified":"2026-04-08T09:24:34","modified_gmt":"2026-04-08T08:24:34","slug":"sitteputte-beige-kanin-til-barnerommet-babam","status":"publish","type":"product","link":"https:\/\/babylove.se\/no\/produkt\/sitteputte-beige-kanin-til-barnerommet-babam\/","title":{"rendered":"Sittepouf Beige Kanin til barnerommet, Babam"},"content":{"rendered":"<p>En supers\u00f8t kaninhapet puff i h\u00f8ykvalitets, motstandsdyktig fl\u00f8yelst\u00f8y &nbsp;som kommer til \u00e5 bli elsket av hele familien. Sittepuffen passer perfekt for b\u00e5de sm\u00e5 og store barn, takket v\u00e6re sin h\u00f8ykvalitets fylling som gj\u00f8r den sv\u00e6rt holdbar og sikker. Tom voksne kan bruke den uten problemer. Ditt barn kommer til \u00e5 finne masse bruksomr\u00e5der, b\u00e5de sitte p\u00e5 den og &nbsp;leke med den, eller sove ved siden av den. Denne varianten er i en deilig gr\u00e5 tone.<\/p>\n<p>Sittepuffen har en smart glidel\u00e5s, noe som gj\u00f8r at du enkelt kan ta av overtrekket og vaske den (OBS v\u00e6r n\u00f8ye med \u00e5 f\u00f8lge vaskeinstruksjonene).&nbsp;<\/p>\n<p>M\u00e5l: 41 cm x 63 cm x 15 cm<\/p>\n","protected":false},"excerpt":{"rendered":"<p>En supers\u00f8t kaninhapet puff i h\u00f8ykvalitets, motstandsdyktig fl\u00f8yelst\u00f8y &nbsp;som kommer til \u00e5 bli elsket av hele familien. Sittepuffen passer perfekt for b\u00e5de sm\u00e5 og store barn, takket v\u00e6re sin h\u00f8ykvalitets fylling som gj\u00f8r den sv\u00e6rt holdbar og sikker. Tom voksne kan bruke den uten problemer. Ditt barn kommer til \u00e5 finne masse bruksomr\u00e5der, b\u00e5de sitte [&hellip;]<\/p>\n","protected":false},"featured_media":18516,"comment_status":"closed","ping_status":"open","template":"","meta":{"_acf_changed":false},"product_brand":[360],"product_cat":[361,70,26,25,44],"product_tag":[],"class_list":{"0":"post-18514","1":"product","2":"type-product","3":"status-publish","4":"has-post-thumbnail","6":"product_brand-babam","7":"product_cat-babam","8":"product_cat-gaver","9":"product_cat-kjop-produkter-som-ikke-bare-er-for-gutter","10":"product_cat-ikke-bare-jenter","11":"product_cat-sitteputfer-saccosekker","13":"first","14":"outofstock","15":"taxable","16":"shipping-taxable","17":"purchasable","18":"product-type-simple"},"acf":[],"yoast_head":"<!-- This site is optimized with the Yoast SEO Premium plugin v25.8 (Yoast SEO v27.2) - https:\/\/yoast.com\/product\/yoast-seo-premium-wordpress\/ -->\n<title>Sittepouf Beige Kanin til barnerommet, Babam - Babylove Norska<\/title>\n<meta name=\"robots\" content=\"noindex, follow, max-snippet:-1, max-image-preview:large, max-video-preview:-1\" \/>\n<meta property=\"og:locale\" content=\"nb_NO\" \/>\n<meta property=\"og:type\" content=\"article\" \/>\n<meta property=\"og:title\" content=\"Sittepouf Beige Kanin til barnerommet, Babam\" \/>\n<meta property=\"og:description\" content=\"En supers\u00f8t kaninhapet puff i h\u00f8ykvalitets, motstandsdyktig fl\u00f8yelst\u00f8y &nbsp;som kommer til \u00e5 bli elsket av hele familien. Sittepuffen passer perfekt for b\u00e5de sm\u00e5 og store barn, takket v\u00e6re sin h\u00f8ykvalitets fylling som gj\u00f8r den sv\u00e6rt holdbar og sikker. Tom voksne kan bruke den uten problemer. Ditt barn kommer til \u00e5 finne masse bruksomr\u00e5der, b\u00e5de sitte [&hellip;]\" \/>\n<meta property=\"og:url\" content=\"https:\/\/babylove.se\/no\/produkt\/sitteputte-beige-kanin-til-barnerommet-babam\/\" \/>\n<meta property=\"og:site_name\" content=\"Babylove Norska\" \/>\n<meta property=\"article:modified_time\" content=\"2026-04-08T08:24:34+00:00\" \/>\n<meta property=\"og:image\" content=\"https:\/\/babylove.se\/no\/wp-content\/uploads\/sites\/3\/2025\/07\/5f1b12881a644.jpeg\" \/>\n\t<meta property=\"og:image:width\" content=\"750\" \/>\n\t<meta property=\"og:image:height\" content=\"500\" \/>\n\t<meta property=\"og:image:type\" content=\"image\/jpeg\" \/>\n<meta name=\"twitter:card\" content=\"summary_large_image\" \/>\n<meta name=\"twitter:label1\" content=\"Price\" \/>\n\t<meta name=\"twitter:data1\" content=\"749,00&nbsp;&#107;&#114;\" \/>\n\t<meta name=\"twitter:label2\" content=\"Availability\" \/>\n\t<meta name=\"twitter:data2\" content=\"Out of stock\" \/>\n<script type=\"application\/ld+json\" class=\"yoast-schema-graph\">{\"@context\":\"https:\/\/schema.org\",\"@graph\":[{\"@type\":\"WebPage\",\"@id\":\"https:\/\/babylove.se\/no\/produkt\/sitteputte-beige-kanin-til-barnerommet-babam\/\",\"url\":\"https:\/\/babylove.se\/no\/produkt\/sitteputte-beige-kanin-til-barnerommet-babam\/\",\"name\":\"Sittepouf Beige Kanin til barnerommet, Babam - Babylove Norska\",\"isPartOf\":{\"@id\":\"https:\/\/babylove.se\/no\/#website\"},\"primaryImageOfPage\":{\"@id\":\"https:\/\/babylove.se\/no\/produkt\/sitteputte-beige-kanin-til-barnerommet-babam\/#primaryimage\"},\"image\":{\"@id\":\"https:\/\/babylove.se\/no\/produkt\/sitteputte-beige-kanin-til-barnerommet-babam\/#primaryimage\"},\"thumbnailUrl\":\"https:\/\/babylove.se\/no\/wp-content\/uploads\/sites\/3\/2025\/07\/5f1b12881a644.jpeg\",\"datePublished\":\"2025-07-18T21:17:47+00:00\",\"dateModified\":\"2026-04-08T08:24:34+00:00\",\"breadcrumb\":{\"@id\":\"https:\/\/babylove.se\/no\/produkt\/sitteputte-beige-kanin-til-barnerommet-babam\/#breadcrumb\"},\"inLanguage\":\"nb-NO\",\"potentialAction\":[{\"@type\":\"ReadAction\",\"target\":[\"https:\/\/babylove.se\/no\/produkt\/sitteputte-beige-kanin-til-barnerommet-babam\/\"]}]},{\"@type\":\"ImageObject\",\"inLanguage\":\"nb-NO\",\"@id\":\"https:\/\/babylove.se\/no\/produkt\/sitteputte-beige-kanin-til-barnerommet-babam\/#primaryimage\",\"url\":\"https:\/\/babylove.se\/no\/wp-content\/uploads\/sites\/3\/2025\/07\/5f1b12881a644.jpeg\",\"contentUrl\":\"https:\/\/babylove.se\/no\/wp-content\/uploads\/sites\/3\/2025\/07\/5f1b12881a644.jpeg\",\"width\":750,\"height\":500},{\"@type\":\"BreadcrumbList\",\"@id\":\"https:\/\/babylove.se\/no\/produkt\/sitteputte-beige-kanin-til-barnerommet-babam\/#breadcrumb\",\"itemListElement\":[{\"@type\":\"ListItem\",\"position\":1,\"name\":\"Hem\",\"item\":\"https:\/\/babylove.se\/no\/\"},{\"@type\":\"ListItem\",\"position\":2,\"name\":\"Butik\",\"item\":\"https:\/\/babylove.se\/no\/butik\/\"},{\"@type\":\"ListItem\",\"position\":3,\"name\":\"Sittepouf Beige Kanin til barnerommet, Babam\"}]},{\"@type\":\"WebSite\",\"@id\":\"https:\/\/babylove.se\/no\/#website\",\"url\":\"https:\/\/babylove.se\/no\/\",\"name\":\"Babylove Norska\",\"description\":\"\",\"potentialAction\":[{\"@type\":\"SearchAction\",\"target\":{\"@type\":\"EntryPoint\",\"urlTemplate\":\"https:\/\/babylove.se\/no\/?s={search_term_string}\"},\"query-input\":{\"@type\":\"PropertyValueSpecification\",\"valueRequired\":true,\"valueName\":\"search_term_string\"}}],\"inLanguage\":\"nb-NO\"}]}<\/script>\n<meta property=\"product:brand\" content=\"Babam\" \/>\n<meta property=\"product:price:amount\" content=\"749.00\" \/>\n<meta property=\"product:price:currency\" content=\"SEK\" \/>\n<meta property=\"og:availability\" content=\"out of stock\" \/>\n<meta property=\"product:availability\" content=\"out of stock\" \/>\n<meta property=\"product:retailer_item_id\" content=\"3308\" \/>\n<meta property=\"product:condition\" content=\"new\" \/>\n<!-- \/ Yoast SEO Premium plugin. -->","yoast_head_json":{"title":"Sittepouf Beige Kanin til barnerommet, Babam - Babylove Norska","robots":{"index":"noindex","follow":"follow","max-snippet":"max-snippet:-1","max-image-preview":"max-image-preview:large","max-video-preview":"max-video-preview:-1"},"og_locale":"nb_NO","og_type":"article","og_title":"Sittepouf Beige Kanin til barnerommet, Babam","og_description":"En supers\u00f8t kaninhapet puff i h\u00f8ykvalitets, motstandsdyktig fl\u00f8yelst\u00f8y &nbsp;som kommer til \u00e5 bli elsket av hele familien. Sittepuffen passer perfekt for b\u00e5de sm\u00e5 og store barn, takket v\u00e6re sin h\u00f8ykvalitets fylling som gj\u00f8r den sv\u00e6rt holdbar og sikker. Tom voksne kan bruke den uten problemer. Ditt barn kommer til \u00e5 finne masse bruksomr\u00e5der, b\u00e5de sitte [&hellip;]","og_url":"https:\/\/babylove.se\/no\/produkt\/sitteputte-beige-kanin-til-barnerommet-babam\/","og_site_name":"Babylove Norska","article_modified_time":"2026-04-08T08:24:34+00:00","og_image":[{"width":750,"height":500,"url":"https:\/\/babylove.se\/no\/wp-content\/uploads\/sites\/3\/2025\/07\/5f1b12881a644.jpeg","type":"image\/jpeg"}],"twitter_card":"summary_large_image","twitter_misc":{"Price":"749,00&nbsp;&#107;&#114;","Availability":"Out of stock"},"schema":{"@context":"https:\/\/schema.org","@graph":[{"@type":"WebPage","@id":"https:\/\/babylove.se\/no\/produkt\/sitteputte-beige-kanin-til-barnerommet-babam\/","url":"https:\/\/babylove.se\/no\/produkt\/sitteputte-beige-kanin-til-barnerommet-babam\/","name":"Sittepouf Beige Kanin til barnerommet, Babam - Babylove Norska","isPartOf":{"@id":"https:\/\/babylove.se\/no\/#website"},"primaryImageOfPage":{"@id":"https:\/\/babylove.se\/no\/produkt\/sitteputte-beige-kanin-til-barnerommet-babam\/#primaryimage"},"image":{"@id":"https:\/\/babylove.se\/no\/produkt\/sitteputte-beige-kanin-til-barnerommet-babam\/#primaryimage"},"thumbnailUrl":"https:\/\/babylove.se\/no\/wp-content\/uploads\/sites\/3\/2025\/07\/5f1b12881a644.jpeg","datePublished":"2025-07-18T21:17:47+00:00","dateModified":"2026-04-08T08:24:34+00:00","breadcrumb":{"@id":"https:\/\/babylove.se\/no\/produkt\/sitteputte-beige-kanin-til-barnerommet-babam\/#breadcrumb"},"inLanguage":"nb-NO","potentialAction":[{"@type":"ReadAction","target":["https:\/\/babylove.se\/no\/produkt\/sitteputte-beige-kanin-til-barnerommet-babam\/"]}]},{"@type":"ImageObject","inLanguage":"nb-NO","@id":"https:\/\/babylove.se\/no\/produkt\/sitteputte-beige-kanin-til-barnerommet-babam\/#primaryimage","url":"https:\/\/babylove.se\/no\/wp-content\/uploads\/sites\/3\/2025\/07\/5f1b12881a644.jpeg","contentUrl":"https:\/\/babylove.se\/no\/wp-content\/uploads\/sites\/3\/2025\/07\/5f1b12881a644.jpeg","width":750,"height":500},{"@type":"BreadcrumbList","@id":"https:\/\/babylove.se\/no\/produkt\/sitteputte-beige-kanin-til-barnerommet-babam\/#breadcrumb","itemListElement":[{"@type":"ListItem","position":1,"name":"Hem","item":"https:\/\/babylove.se\/no\/"},{"@type":"ListItem","position":2,"name":"Butik","item":"https:\/\/babylove.se\/no\/butik\/"},{"@type":"ListItem","position":3,"name":"Sittepouf Beige Kanin til barnerommet, Babam"}]},{"@type":"WebSite","@id":"https:\/\/babylove.se\/no\/#website","url":"https:\/\/babylove.se\/no\/","name":"Babylove Norska","description":"","potentialAction":[{"@type":"SearchAction","target":{"@type":"EntryPoint","urlTemplate":"https:\/\/babylove.se\/no\/?s={search_term_string}"},"query-input":{"@type":"PropertyValueSpecification","valueRequired":true,"valueName":"search_term_string"}}],"inLanguage":"nb-NO"}]},"product_brand":"Babam","product_price_amount":"749.00","product_price_currency":"SEK","og_availability":"out of stock","product_availability":"out of stock","product_retailer_item_id":"3308","product_condition":"new"},"_links":{"self":[{"href":"https:\/\/babylove.se\/no\/wp-json\/wp\/v2\/product\/18514","targetHints":{"allow":["GET"]}}],"collection":[{"href":"https:\/\/babylove.se\/no\/wp-json\/wp\/v2\/product"}],"about":[{"href":"https:\/\/babylove.se\/no\/wp-json\/wp\/v2\/types\/product"}],"replies":[{"embeddable":true,"href":"https:\/\/babylove.se\/no\/wp-json\/wp\/v2\/comments?post=18514"}],"wp:featuredmedia":[{"embeddable":true,"href":"https:\/\/babylove.se\/no\/wp-json\/wp\/v2\/media\/18516"}],"wp:attachment":[{"href":"https:\/\/babylove.se\/no\/wp-json\/wp\/v2\/media?parent=18514"}],"wp:term":[{"taxonomy":"product_brand","embeddable":true,"href":"https:\/\/babylove.se\/no\/wp-json\/wp\/v2\/product_brand?post=18514"},{"taxonomy":"product_cat","embeddable":true,"href":"https:\/\/babylove.se\/no\/wp-json\/wp\/v2\/product_cat?post=18514"},{"taxonomy":"product_tag","embeddable":true,"href":"https:\/\/babylove.se\/no\/wp-json\/wp\/v2\/product_tag?post=18514"}],"curies":[{"name":"wp","href":"https:\/\/api.w.org\/{rel}","templated":true}]}}