{"id":1854,"date":"2025-07-18T20:04:46","date_gmt":"2025-07-18T19:04:46","guid":{"rendered":"https:\/\/babylove.se\/produkt\/bla-sanghimmeln-till-barnrum-fran-ng-baby-mood\/"},"modified":"2026-04-08T07:45:50","modified_gmt":"2026-04-08T06:45:50","slug":"bla-sanghimmel-til-barnerom-fra-ng-baby-mood","status":"publish","type":"product","link":"https:\/\/babylove.se\/no\/produkt\/bla-sanghimmel-til-barnerom-fra-ng-baby-mood\/","title":{"rendered":"Bl\u00e5 sengehimmel til barnerom fra NG Baby Mood med lysslynge"},"content":{"rendered":"<p>Senghemel<strong>&nbsp;<\/strong>fra NG Baby er en vidunderlig senghemel laget i ekte lin i bl\u00e5 farge og passer til b\u00e5de en sprinkelseng og juniorseng.&nbsp;<\/p>\n<p>Sengehemelen har et stilrent og enkelt design og dens enkelhet er ogs\u00e5 det vakre i produktet. Sengehemelen tilh\u00f8rer NG Babys kolleksjon Mood som passer like godt p\u00e5 barnerommet som p\u00e5 voksenrommet. I denne serien finnes ogs\u00e5 sengesett, vimpler, sprinkelskydd og stelleunderlag. Serien g\u00e5r i forskjellige farger som selvf\u00f8lgelig kan kombineres for \u00e5 f\u00e5 en god variasjon.&nbsp;<\/p>\n<p>Sengehemelen<strong>&nbsp;<\/strong>kan ogs\u00e5 settes opp i taket over en madrass, eller i kosehj\u00f8rnet for \u00e5 skape en f\u00f8lelse av en koie.<\/p>\n<p>Til alle v\u00e5re sengehemler sender vi med en fin lysslynge inkludert i prisen. Dette for at du skal kunne gj\u00f8re ditt barnehj\u00f8rne enda mer koselig og sjarmerende. Lysslyngen drives av to A batterier.<\/p>\n<p><strong>St\u00f8rrelse<\/strong>: Lengde: ca 280 cm | Bredde: 50 cm (st\u00e5lringen &nbsp;er 50 cm i diameter) | L\u00f8kken \u00f8verst: 12 cm | Topp: 50 cm | H\u00f8yde under toppen: 230 cm<span>&nbsp;<\/span><\/p>\n<p><span>100% lin&nbsp;<\/span><\/p>\n<p><span>Designer: <a href=\"https:\/\/babylove.se\/varumarken\/ng-baby\"><span>NG Baby<\/span><\/a><\/span><\/p>\n","protected":false},"excerpt":{"rendered":"<p>Senghemel&nbsp;fra NG Baby er en vidunderlig senghemel laget i ekte lin i bl\u00e5 farge og passer til b\u00e5de en sprinkelseng og juniorseng.&nbsp; Sengehemelen har et stilrent og enkelt design og dens enkelhet er ogs\u00e5 det vakre i produktet. Sengehemelen tilh\u00f8rer NG Babys kolleksjon Mood som passer like godt p\u00e5 barnerommet som p\u00e5 voksenrommet. I denne [&hellip;]<\/p>\n","protected":false},"featured_media":1856,"comment_status":"closed","ping_status":"open","template":"","meta":{"_acf_changed":false},"product_brand":[107],"product_cat":[109,120],"product_tag":[1689],"class_list":{"0":"post-1854","1":"product","2":"type-product","3":"status-publish","4":"has-post-thumbnail","6":"product_brand-ng-baby","7":"product_cat-ng-baby","8":"product_cat-sanghimmel","9":"product_tag-bestillingsvaror","11":"first","12":"outofstock","13":"taxable","14":"shipping-taxable","15":"purchasable","16":"product-type-simple"},"acf":[],"yoast_head":"<!-- This site is optimized with the Yoast SEO Premium plugin v25.8 (Yoast SEO v27.2) - https:\/\/yoast.com\/product\/yoast-seo-premium-wordpress\/ -->\n<title>Bl\u00e5 sengehimmel til barnerom fra NG Baby Mood med lysslynge - Babylove Norska<\/title>\n<meta name=\"description\" content=\"En underbar s\u00e4nghimmel gjord i \u00e4kta linne och passar till b\u00e5de en spj\u00e4ls\u00e4ng och juniors\u00e4ng - 14 dagars \u00f6ppet k\u00f6p - skickas inom 24 timmar -\" \/>\n<meta name=\"robots\" content=\"noindex, follow, max-snippet:-1, max-image-preview:large, max-video-preview:-1\" \/>\n<meta property=\"og:locale\" content=\"nb_NO\" \/>\n<meta property=\"og:type\" content=\"article\" \/>\n<meta property=\"og:title\" content=\"Bl\u00e5 sengehimmel til barnerom fra NG Baby Mood med lysslynge\" \/>\n<meta property=\"og:description\" content=\"En underbar s\u00e4nghimmel gjord i \u00e4kta linne och passar till b\u00e5de en spj\u00e4ls\u00e4ng och juniors\u00e4ng - 14 dagars \u00f6ppet k\u00f6p - skickas inom 24 timmar -\" \/>\n<meta property=\"og:url\" content=\"https:\/\/babylove.se\/no\/produkt\/bla-sanghimmel-til-barnerom-fra-ng-baby-mood\/\" \/>\n<meta property=\"og:site_name\" content=\"Babylove Norska\" \/>\n<meta property=\"article:modified_time\" content=\"2026-04-08T06:45:50+00:00\" \/>\n<meta property=\"og:image\" content=\"https:\/\/babylove.se\/no\/wp-content\/uploads\/sites\/3\/2025\/07\/581f8fc2694f6.jpeg\" \/>\n\t<meta property=\"og:image:width\" content=\"750\" \/>\n\t<meta property=\"og:image:height\" content=\"750\" \/>\n\t<meta property=\"og:image:type\" content=\"image\/jpeg\" \/>\n<meta name=\"twitter:card\" content=\"summary_large_image\" \/>\n<meta name=\"twitter:label1\" content=\"Price\" \/>\n\t<meta name=\"twitter:data1\" content=\"899,00&nbsp;&#107;&#114;\" \/>\n\t<meta name=\"twitter:label2\" content=\"Availability\" \/>\n\t<meta name=\"twitter:data2\" content=\"Out of stock\" \/>\n<script type=\"application\/ld+json\" class=\"yoast-schema-graph\">{\"@context\":\"https:\/\/schema.org\",\"@graph\":[{\"@type\":\"WebPage\",\"@id\":\"https:\/\/babylove.se\/no\/produkt\/bla-sanghimmel-til-barnerom-fra-ng-baby-mood\/\",\"url\":\"https:\/\/babylove.se\/no\/produkt\/bla-sanghimmel-til-barnerom-fra-ng-baby-mood\/\",\"name\":\"Bl\u00e5 sengehimmel til barnerom fra NG Baby Mood med lysslynge - Babylove Norska\",\"isPartOf\":{\"@id\":\"https:\/\/babylove.se\/no\/#website\"},\"primaryImageOfPage\":{\"@id\":\"https:\/\/babylove.se\/no\/produkt\/bla-sanghimmel-til-barnerom-fra-ng-baby-mood\/#primaryimage\"},\"image\":{\"@id\":\"https:\/\/babylove.se\/no\/produkt\/bla-sanghimmel-til-barnerom-fra-ng-baby-mood\/#primaryimage\"},\"thumbnailUrl\":\"https:\/\/babylove.se\/no\/wp-content\/uploads\/sites\/3\/2025\/07\/581f8fc2694f6.jpeg\",\"datePublished\":\"2025-07-18T19:04:46+00:00\",\"dateModified\":\"2026-04-08T06:45:50+00:00\",\"description\":\"En underbar s\u00e4nghimmel gjord i \u00e4kta linne och passar till b\u00e5de en spj\u00e4ls\u00e4ng och juniors\u00e4ng - 14 dagars \u00f6ppet k\u00f6p - skickas inom 24 timmar -\",\"breadcrumb\":{\"@id\":\"https:\/\/babylove.se\/no\/produkt\/bla-sanghimmel-til-barnerom-fra-ng-baby-mood\/#breadcrumb\"},\"inLanguage\":\"nb-NO\",\"potentialAction\":[{\"@type\":\"ReadAction\",\"target\":[\"https:\/\/babylove.se\/no\/produkt\/bla-sanghimmel-til-barnerom-fra-ng-baby-mood\/\"]}]},{\"@type\":\"ImageObject\",\"inLanguage\":\"nb-NO\",\"@id\":\"https:\/\/babylove.se\/no\/produkt\/bla-sanghimmel-til-barnerom-fra-ng-baby-mood\/#primaryimage\",\"url\":\"https:\/\/babylove.se\/no\/wp-content\/uploads\/sites\/3\/2025\/07\/581f8fc2694f6.jpeg\",\"contentUrl\":\"https:\/\/babylove.se\/no\/wp-content\/uploads\/sites\/3\/2025\/07\/581f8fc2694f6.jpeg\",\"width\":750,\"height\":750},{\"@type\":\"BreadcrumbList\",\"@id\":\"https:\/\/babylove.se\/no\/produkt\/bla-sanghimmel-til-barnerom-fra-ng-baby-mood\/#breadcrumb\",\"itemListElement\":[{\"@type\":\"ListItem\",\"position\":1,\"name\":\"Hem\",\"item\":\"https:\/\/babylove.se\/no\/\"},{\"@type\":\"ListItem\",\"position\":2,\"name\":\"Butik\",\"item\":\"https:\/\/babylove.se\/no\/butik\/\"},{\"@type\":\"ListItem\",\"position\":3,\"name\":\"Bl\u00e5 sengehimmel til barnerom fra NG Baby Mood med lysslynge\"}]},{\"@type\":\"WebSite\",\"@id\":\"https:\/\/babylove.se\/no\/#website\",\"url\":\"https:\/\/babylove.se\/no\/\",\"name\":\"Babylove Norska\",\"description\":\"\",\"potentialAction\":[{\"@type\":\"SearchAction\",\"target\":{\"@type\":\"EntryPoint\",\"urlTemplate\":\"https:\/\/babylove.se\/no\/?s={search_term_string}\"},\"query-input\":{\"@type\":\"PropertyValueSpecification\",\"valueRequired\":true,\"valueName\":\"search_term_string\"}}],\"inLanguage\":\"nb-NO\"}]}<\/script>\n<meta property=\"product:brand\" content=\"Ng Baby\" \/>\n<meta property=\"product:price:amount\" content=\"899.00\" \/>\n<meta property=\"product:price:currency\" content=\"SEK\" \/>\n<meta property=\"og:availability\" content=\"out of stock\" \/>\n<meta property=\"product:availability\" content=\"out of stock\" \/>\n<meta property=\"product:retailer_item_id\" content=\"797\" \/>\n<meta property=\"product:condition\" content=\"new\" \/>\n<!-- \/ Yoast SEO Premium plugin. -->","yoast_head_json":{"title":"Bl\u00e5 sengehimmel til barnerom fra NG Baby Mood med lysslynge - Babylove Norska","description":"En underbar s\u00e4nghimmel gjord i \u00e4kta linne och passar till b\u00e5de en spj\u00e4ls\u00e4ng och juniors\u00e4ng - 14 dagars \u00f6ppet k\u00f6p - skickas inom 24 timmar -","robots":{"index":"noindex","follow":"follow","max-snippet":"max-snippet:-1","max-image-preview":"max-image-preview:large","max-video-preview":"max-video-preview:-1"},"og_locale":"nb_NO","og_type":"article","og_title":"Bl\u00e5 sengehimmel til barnerom fra NG Baby Mood med lysslynge","og_description":"En underbar s\u00e4nghimmel gjord i \u00e4kta linne och passar till b\u00e5de en spj\u00e4ls\u00e4ng och juniors\u00e4ng - 14 dagars \u00f6ppet k\u00f6p - skickas inom 24 timmar -","og_url":"https:\/\/babylove.se\/no\/produkt\/bla-sanghimmel-til-barnerom-fra-ng-baby-mood\/","og_site_name":"Babylove Norska","article_modified_time":"2026-04-08T06:45:50+00:00","og_image":[{"width":750,"height":750,"url":"https:\/\/babylove.se\/no\/wp-content\/uploads\/sites\/3\/2025\/07\/581f8fc2694f6.jpeg","type":"image\/jpeg"}],"twitter_card":"summary_large_image","twitter_misc":{"Price":"899,00&nbsp;&#107;&#114;","Availability":"Out of stock"},"schema":{"@context":"https:\/\/schema.org","@graph":[{"@type":"WebPage","@id":"https:\/\/babylove.se\/no\/produkt\/bla-sanghimmel-til-barnerom-fra-ng-baby-mood\/","url":"https:\/\/babylove.se\/no\/produkt\/bla-sanghimmel-til-barnerom-fra-ng-baby-mood\/","name":"Bl\u00e5 sengehimmel til barnerom fra NG Baby Mood med lysslynge - Babylove Norska","isPartOf":{"@id":"https:\/\/babylove.se\/no\/#website"},"primaryImageOfPage":{"@id":"https:\/\/babylove.se\/no\/produkt\/bla-sanghimmel-til-barnerom-fra-ng-baby-mood\/#primaryimage"},"image":{"@id":"https:\/\/babylove.se\/no\/produkt\/bla-sanghimmel-til-barnerom-fra-ng-baby-mood\/#primaryimage"},"thumbnailUrl":"https:\/\/babylove.se\/no\/wp-content\/uploads\/sites\/3\/2025\/07\/581f8fc2694f6.jpeg","datePublished":"2025-07-18T19:04:46+00:00","dateModified":"2026-04-08T06:45:50+00:00","description":"En underbar s\u00e4nghimmel gjord i \u00e4kta linne och passar till b\u00e5de en spj\u00e4ls\u00e4ng och juniors\u00e4ng - 14 dagars \u00f6ppet k\u00f6p - skickas inom 24 timmar -","breadcrumb":{"@id":"https:\/\/babylove.se\/no\/produkt\/bla-sanghimmel-til-barnerom-fra-ng-baby-mood\/#breadcrumb"},"inLanguage":"nb-NO","potentialAction":[{"@type":"ReadAction","target":["https:\/\/babylove.se\/no\/produkt\/bla-sanghimmel-til-barnerom-fra-ng-baby-mood\/"]}]},{"@type":"ImageObject","inLanguage":"nb-NO","@id":"https:\/\/babylove.se\/no\/produkt\/bla-sanghimmel-til-barnerom-fra-ng-baby-mood\/#primaryimage","url":"https:\/\/babylove.se\/no\/wp-content\/uploads\/sites\/3\/2025\/07\/581f8fc2694f6.jpeg","contentUrl":"https:\/\/babylove.se\/no\/wp-content\/uploads\/sites\/3\/2025\/07\/581f8fc2694f6.jpeg","width":750,"height":750},{"@type":"BreadcrumbList","@id":"https:\/\/babylove.se\/no\/produkt\/bla-sanghimmel-til-barnerom-fra-ng-baby-mood\/#breadcrumb","itemListElement":[{"@type":"ListItem","position":1,"name":"Hem","item":"https:\/\/babylove.se\/no\/"},{"@type":"ListItem","position":2,"name":"Butik","item":"https:\/\/babylove.se\/no\/butik\/"},{"@type":"ListItem","position":3,"name":"Bl\u00e5 sengehimmel til barnerom fra NG Baby Mood med lysslynge"}]},{"@type":"WebSite","@id":"https:\/\/babylove.se\/no\/#website","url":"https:\/\/babylove.se\/no\/","name":"Babylove Norska","description":"","potentialAction":[{"@type":"SearchAction","target":{"@type":"EntryPoint","urlTemplate":"https:\/\/babylove.se\/no\/?s={search_term_string}"},"query-input":{"@type":"PropertyValueSpecification","valueRequired":true,"valueName":"search_term_string"}}],"inLanguage":"nb-NO"}]},"product_brand":"Ng Baby","product_price_amount":"899.00","product_price_currency":"SEK","og_availability":"out of stock","product_availability":"out of stock","product_retailer_item_id":"797","product_condition":"new"},"_links":{"self":[{"href":"https:\/\/babylove.se\/no\/wp-json\/wp\/v2\/product\/1854","targetHints":{"allow":["GET"]}}],"collection":[{"href":"https:\/\/babylove.se\/no\/wp-json\/wp\/v2\/product"}],"about":[{"href":"https:\/\/babylove.se\/no\/wp-json\/wp\/v2\/types\/product"}],"replies":[{"embeddable":true,"href":"https:\/\/babylove.se\/no\/wp-json\/wp\/v2\/comments?post=1854"}],"wp:featuredmedia":[{"embeddable":true,"href":"https:\/\/babylove.se\/no\/wp-json\/wp\/v2\/media\/1856"}],"wp:attachment":[{"href":"https:\/\/babylove.se\/no\/wp-json\/wp\/v2\/media?parent=1854"}],"wp:term":[{"taxonomy":"product_brand","embeddable":true,"href":"https:\/\/babylove.se\/no\/wp-json\/wp\/v2\/product_brand?post=1854"},{"taxonomy":"product_cat","embeddable":true,"href":"https:\/\/babylove.se\/no\/wp-json\/wp\/v2\/product_cat?post=1854"},{"taxonomy":"product_tag","embeddable":true,"href":"https:\/\/babylove.se\/no\/wp-json\/wp\/v2\/product_tag?post=1854"}],"curies":[{"name":"wp","href":"https:\/\/api.w.org\/{rel}","templated":true}]}}