{"id":18557,"date":"2025-07-18T22:18:06","date_gmt":"2025-07-18T21:18:06","guid":{"rendered":"https:\/\/babylove.se\/produkt\/stickstay-mopsen-prince\/"},"modified":"2026-04-08T09:25:03","modified_gmt":"2026-04-08T08:25:03","slug":"stickstay-mopsen-prince","status":"publish","type":"product","link":"https:\/\/babylove.se\/no\/produkt\/stickstay-mopsen-prince\/","title":{"rendered":"Stickstay Mopsen Prince"},"content":{"rendered":"<p>Et underfullt vakkert veggklistremerke fra popul\u00e6re Stickstay, &nbsp;i form av en mops.<\/p>\n<p>Alle veggklistremerker fra Stickstay er flyttbare (som gj\u00f8r at du kan bytte plass n\u00e5r du \u00f8nsker det) og passer p\u00e5 b\u00e5de malte vegger og malte eller tykke tapeter. Stickstays veggklistremerker er laget av absolutt h\u00f8yeste kvalitet.&nbsp;<\/p>\n<p>Produsert i Sverige av vinylplast <em>(Som er resirkulerbar).<\/em><\/p>\n<p>En fantastisk og h\u00e5ndskissert design av Lisa Flodmark.<\/p>\n<p><strong>M\u00e5l<\/strong>: 14 cm h\u00f8y&nbsp;<\/p>\n<p>Designer: <a href=\"https:\/\/babylove.se\/inredning-barnrum-pojke\/stickstay\"><u>Stickstay<\/u><\/a><\/p>\n","protected":false},"excerpt":{"rendered":"<p>Et underfullt vakkert veggklistremerke fra popul\u00e6re Stickstay, &nbsp;i form av en mops. Alle veggklistremerker fra Stickstay er flyttbare (som gj\u00f8r at du kan bytte plass n\u00e5r du \u00f8nsker det) og passer p\u00e5 b\u00e5de malte vegger og malte eller tykke tapeter. Stickstays veggklistremerker er laget av absolutt h\u00f8yeste kvalitet.&nbsp; Produsert i Sverige av vinylplast (Som er [&hellip;]<\/p>\n","protected":false},"featured_media":18559,"comment_status":"closed","ping_status":"open","template":"","meta":{"_acf_changed":false},"product_brand":[],"product_cat":[90,237,24],"product_tag":[],"class_list":{"0":"post-18557","1":"product","2":"type-product","3":"status-publish","4":"has-post-thumbnail","6":"product_cat-dyr","7":"product_cat-stickstay","8":"product_cat-veggklistremerker","10":"first","11":"outofstock","12":"taxable","13":"shipping-taxable","14":"purchasable","15":"product-type-simple"},"acf":[],"yoast_head":"<!-- This site is optimized with the Yoast SEO Premium plugin v25.8 (Yoast SEO v27.2) - https:\/\/yoast.com\/product\/yoast-seo-premium-wordpress\/ -->\n<title>Stickstay Mopsen Prince - Babylove Norska<\/title>\n<meta name=\"robots\" content=\"noindex, follow, max-snippet:-1, max-image-preview:large, max-video-preview:-1\" \/>\n<meta property=\"og:locale\" content=\"nb_NO\" \/>\n<meta property=\"og:type\" content=\"article\" \/>\n<meta property=\"og:title\" content=\"Stickstay Mopsen Prince\" \/>\n<meta property=\"og:description\" content=\"Et underfullt vakkert veggklistremerke fra popul\u00e6re Stickstay, &nbsp;i form av en mops. Alle veggklistremerker fra Stickstay er flyttbare (som gj\u00f8r at du kan bytte plass n\u00e5r du \u00f8nsker det) og passer p\u00e5 b\u00e5de malte vegger og malte eller tykke tapeter. Stickstays veggklistremerker er laget av absolutt h\u00f8yeste kvalitet.&nbsp; Produsert i Sverige av vinylplast (Som er [&hellip;]\" \/>\n<meta property=\"og:url\" content=\"https:\/\/babylove.se\/no\/produkt\/stickstay-mopsen-prince\/\" \/>\n<meta property=\"og:site_name\" content=\"Babylove Norska\" \/>\n<meta property=\"article:modified_time\" content=\"2026-04-08T08:25:03+00:00\" \/>\n<meta property=\"og:image\" content=\"https:\/\/babylove.se\/no\/wp-content\/uploads\/sites\/3\/2025\/07\/5f1dbafa351f6.jpeg\" \/>\n\t<meta property=\"og:image:width\" content=\"750\" \/>\n\t<meta property=\"og:image:height\" content=\"750\" \/>\n\t<meta property=\"og:image:type\" content=\"image\/jpeg\" \/>\n<meta name=\"twitter:card\" content=\"summary_large_image\" \/>\n<meta name=\"twitter:label1\" content=\"Price\" \/>\n\t<meta name=\"twitter:data1\" content=\"149,00&nbsp;&#107;&#114;\" \/>\n\t<meta name=\"twitter:label2\" content=\"Availability\" \/>\n\t<meta name=\"twitter:data2\" content=\"Out of stock\" \/>\n<script type=\"application\/ld+json\" class=\"yoast-schema-graph\">{\"@context\":\"https:\/\/schema.org\",\"@graph\":[{\"@type\":\"WebPage\",\"@id\":\"https:\/\/babylove.se\/no\/produkt\/stickstay-mopsen-prince\/\",\"url\":\"https:\/\/babylove.se\/no\/produkt\/stickstay-mopsen-prince\/\",\"name\":\"Stickstay Mopsen Prince - Babylove Norska\",\"isPartOf\":{\"@id\":\"https:\/\/babylove.se\/no\/#website\"},\"primaryImageOfPage\":{\"@id\":\"https:\/\/babylove.se\/no\/produkt\/stickstay-mopsen-prince\/#primaryimage\"},\"image\":{\"@id\":\"https:\/\/babylove.se\/no\/produkt\/stickstay-mopsen-prince\/#primaryimage\"},\"thumbnailUrl\":\"https:\/\/babylove.se\/no\/wp-content\/uploads\/sites\/3\/2025\/07\/5f1dbafa351f6.jpeg\",\"datePublished\":\"2025-07-18T21:18:06+00:00\",\"dateModified\":\"2026-04-08T08:25:03+00:00\",\"breadcrumb\":{\"@id\":\"https:\/\/babylove.se\/no\/produkt\/stickstay-mopsen-prince\/#breadcrumb\"},\"inLanguage\":\"nb-NO\",\"potentialAction\":[{\"@type\":\"ReadAction\",\"target\":[\"https:\/\/babylove.se\/no\/produkt\/stickstay-mopsen-prince\/\"]}]},{\"@type\":\"ImageObject\",\"inLanguage\":\"nb-NO\",\"@id\":\"https:\/\/babylove.se\/no\/produkt\/stickstay-mopsen-prince\/#primaryimage\",\"url\":\"https:\/\/babylove.se\/no\/wp-content\/uploads\/sites\/3\/2025\/07\/5f1dbafa351f6.jpeg\",\"contentUrl\":\"https:\/\/babylove.se\/no\/wp-content\/uploads\/sites\/3\/2025\/07\/5f1dbafa351f6.jpeg\",\"width\":750,\"height\":750},{\"@type\":\"BreadcrumbList\",\"@id\":\"https:\/\/babylove.se\/no\/produkt\/stickstay-mopsen-prince\/#breadcrumb\",\"itemListElement\":[{\"@type\":\"ListItem\",\"position\":1,\"name\":\"Hem\",\"item\":\"https:\/\/babylove.se\/no\/\"},{\"@type\":\"ListItem\",\"position\":2,\"name\":\"Butik\",\"item\":\"https:\/\/babylove.se\/no\/butik\/\"},{\"@type\":\"ListItem\",\"position\":3,\"name\":\"Stickstay Mopsen Prince\"}]},{\"@type\":\"WebSite\",\"@id\":\"https:\/\/babylove.se\/no\/#website\",\"url\":\"https:\/\/babylove.se\/no\/\",\"name\":\"Babylove Norska\",\"description\":\"\",\"potentialAction\":[{\"@type\":\"SearchAction\",\"target\":{\"@type\":\"EntryPoint\",\"urlTemplate\":\"https:\/\/babylove.se\/no\/?s={search_term_string}\"},\"query-input\":{\"@type\":\"PropertyValueSpecification\",\"valueRequired\":true,\"valueName\":\"search_term_string\"}}],\"inLanguage\":\"nb-NO\"}]}<\/script>\n<meta property=\"product:price:amount\" content=\"149.00\" \/>\n<meta property=\"product:price:currency\" content=\"SEK\" \/>\n<meta property=\"og:availability\" content=\"out of stock\" \/>\n<meta property=\"product:availability\" content=\"out of stock\" \/>\n<meta property=\"product:retailer_item_id\" content=\"7350104860486\" \/>\n<meta property=\"product:condition\" content=\"new\" \/>\n<!-- \/ Yoast SEO Premium plugin. -->","yoast_head_json":{"title":"Stickstay Mopsen Prince - Babylove Norska","robots":{"index":"noindex","follow":"follow","max-snippet":"max-snippet:-1","max-image-preview":"max-image-preview:large","max-video-preview":"max-video-preview:-1"},"og_locale":"nb_NO","og_type":"article","og_title":"Stickstay Mopsen Prince","og_description":"Et underfullt vakkert veggklistremerke fra popul\u00e6re Stickstay, &nbsp;i form av en mops. Alle veggklistremerker fra Stickstay er flyttbare (som gj\u00f8r at du kan bytte plass n\u00e5r du \u00f8nsker det) og passer p\u00e5 b\u00e5de malte vegger og malte eller tykke tapeter. Stickstays veggklistremerker er laget av absolutt h\u00f8yeste kvalitet.&nbsp; Produsert i Sverige av vinylplast (Som er [&hellip;]","og_url":"https:\/\/babylove.se\/no\/produkt\/stickstay-mopsen-prince\/","og_site_name":"Babylove Norska","article_modified_time":"2026-04-08T08:25:03+00:00","og_image":[{"width":750,"height":750,"url":"https:\/\/babylove.se\/no\/wp-content\/uploads\/sites\/3\/2025\/07\/5f1dbafa351f6.jpeg","type":"image\/jpeg"}],"twitter_card":"summary_large_image","twitter_misc":{"Price":"149,00&nbsp;&#107;&#114;","Availability":"Out of stock"},"schema":{"@context":"https:\/\/schema.org","@graph":[{"@type":"WebPage","@id":"https:\/\/babylove.se\/no\/produkt\/stickstay-mopsen-prince\/","url":"https:\/\/babylove.se\/no\/produkt\/stickstay-mopsen-prince\/","name":"Stickstay Mopsen Prince - Babylove Norska","isPartOf":{"@id":"https:\/\/babylove.se\/no\/#website"},"primaryImageOfPage":{"@id":"https:\/\/babylove.se\/no\/produkt\/stickstay-mopsen-prince\/#primaryimage"},"image":{"@id":"https:\/\/babylove.se\/no\/produkt\/stickstay-mopsen-prince\/#primaryimage"},"thumbnailUrl":"https:\/\/babylove.se\/no\/wp-content\/uploads\/sites\/3\/2025\/07\/5f1dbafa351f6.jpeg","datePublished":"2025-07-18T21:18:06+00:00","dateModified":"2026-04-08T08:25:03+00:00","breadcrumb":{"@id":"https:\/\/babylove.se\/no\/produkt\/stickstay-mopsen-prince\/#breadcrumb"},"inLanguage":"nb-NO","potentialAction":[{"@type":"ReadAction","target":["https:\/\/babylove.se\/no\/produkt\/stickstay-mopsen-prince\/"]}]},{"@type":"ImageObject","inLanguage":"nb-NO","@id":"https:\/\/babylove.se\/no\/produkt\/stickstay-mopsen-prince\/#primaryimage","url":"https:\/\/babylove.se\/no\/wp-content\/uploads\/sites\/3\/2025\/07\/5f1dbafa351f6.jpeg","contentUrl":"https:\/\/babylove.se\/no\/wp-content\/uploads\/sites\/3\/2025\/07\/5f1dbafa351f6.jpeg","width":750,"height":750},{"@type":"BreadcrumbList","@id":"https:\/\/babylove.se\/no\/produkt\/stickstay-mopsen-prince\/#breadcrumb","itemListElement":[{"@type":"ListItem","position":1,"name":"Hem","item":"https:\/\/babylove.se\/no\/"},{"@type":"ListItem","position":2,"name":"Butik","item":"https:\/\/babylove.se\/no\/butik\/"},{"@type":"ListItem","position":3,"name":"Stickstay Mopsen Prince"}]},{"@type":"WebSite","@id":"https:\/\/babylove.se\/no\/#website","url":"https:\/\/babylove.se\/no\/","name":"Babylove Norska","description":"","potentialAction":[{"@type":"SearchAction","target":{"@type":"EntryPoint","urlTemplate":"https:\/\/babylove.se\/no\/?s={search_term_string}"},"query-input":{"@type":"PropertyValueSpecification","valueRequired":true,"valueName":"search_term_string"}}],"inLanguage":"nb-NO"}]},"product_price_amount":"149.00","product_price_currency":"SEK","og_availability":"out of stock","product_availability":"out of stock","product_retailer_item_id":"7350104860486","product_condition":"new"},"_links":{"self":[{"href":"https:\/\/babylove.se\/no\/wp-json\/wp\/v2\/product\/18557","targetHints":{"allow":["GET"]}}],"collection":[{"href":"https:\/\/babylove.se\/no\/wp-json\/wp\/v2\/product"}],"about":[{"href":"https:\/\/babylove.se\/no\/wp-json\/wp\/v2\/types\/product"}],"replies":[{"embeddable":true,"href":"https:\/\/babylove.se\/no\/wp-json\/wp\/v2\/comments?post=18557"}],"wp:featuredmedia":[{"embeddable":true,"href":"https:\/\/babylove.se\/no\/wp-json\/wp\/v2\/media\/18559"}],"wp:attachment":[{"href":"https:\/\/babylove.se\/no\/wp-json\/wp\/v2\/media?parent=18557"}],"wp:term":[{"taxonomy":"product_brand","embeddable":true,"href":"https:\/\/babylove.se\/no\/wp-json\/wp\/v2\/product_brand?post=18557"},{"taxonomy":"product_cat","embeddable":true,"href":"https:\/\/babylove.se\/no\/wp-json\/wp\/v2\/product_cat?post=18557"},{"taxonomy":"product_tag","embeddable":true,"href":"https:\/\/babylove.se\/no\/wp-json\/wp\/v2\/product_tag?post=18557"}],"curies":[{"name":"wp","href":"https:\/\/api.w.org\/{rel}","templated":true}]}}