{"id":18580,"date":"2025-07-18T22:18:27","date_gmt":"2025-07-18T21:18:27","guid":{"rendered":"https:\/\/babylove.se\/produkt\/stickstay-enhorningen-hope-vaggklistermarken\/"},"modified":"2026-04-08T09:25:21","modified_gmt":"2026-04-08T08:25:21","slug":"stickstay-enhjorningen-hope-veggklistremerker","status":"publish","type":"product","link":"https:\/\/babylove.se\/no\/produkt\/stickstay-enhjorningen-hope-veggklistremerker\/","title":{"rendered":"Stickstay, Enhj\u00f8rningen Hope, veggklistremerker"},"content":{"rendered":"<p>Enda et fantastisk veggklistremerke fra um\u00e5telig popul\u00e6re Stickstay, denne i form av Enhj\u00f8rningen Rose. Veggklistremerkene fra Stickstay er flyttbare (noe som gj\u00f8r at du kan la kreativiteten flyte) og passer p\u00e5 b\u00e5de malte vegger og malte eller tykke tapeter. Her snakker vi om veggklistremerker som er laget av h\u00f8yeste kvalitet. Produsert i Sverige av vinylplast <em>(Gjerne resirkuler produktet n\u00e5r du ikke bruker det lenger).<\/em> \\n \\nEt fantastisk og h\u00e5ndskissert design av Lisa Flodmark. \\n \\n<strong>M\u00e5l<\/strong>: 21,5 cm h\u00f8y \\n \\nDesigner: <a href=\"https:\/\/babylove.se\/inredning-barnrum-pojke\/stickstay\"><u>Stickstay<\/u><\/a><\/p>\n","protected":false},"excerpt":{"rendered":"<p>Enda et fantastisk veggklistremerke fra um\u00e5telig popul\u00e6re Stickstay, denne i form av Enhj\u00f8rningen Rose. Veggklistremerkene fra Stickstay er flyttbare (noe som gj\u00f8r at du kan la kreativiteten flyte) og passer p\u00e5 b\u00e5de malte vegger og malte eller tykke tapeter. Her snakker vi om veggklistremerker som er laget av h\u00f8yeste kvalitet. Produsert i Sverige av vinylplast [&hellip;]<\/p>\n","protected":false},"featured_media":18582,"comment_status":"closed","ping_status":"closed","template":"","meta":{"_acf_changed":false},"product_brand":[236],"product_cat":[237,29,24],"product_tag":[1709],"class_list":{"0":"post-18580","1":"product","2":"type-product","3":"status-publish","4":"has-post-thumbnail","6":"product_brand-stickstay","7":"product_cat-stickstay","8":"product_cat-veggdekorasjoner","9":"product_cat-veggklistremerker","10":"product_tag-utforsalg","12":"first","13":"instock","14":"taxable","15":"shipping-taxable","16":"purchasable","17":"product-type-simple"},"acf":[],"yoast_head":"<!-- This site is optimized with the Yoast SEO Premium plugin v25.8 (Yoast SEO v27.2) - https:\/\/yoast.com\/product\/yoast-seo-premium-wordpress\/ -->\n<title>Stickstay, Enhj\u00f8rningen Hope, veggklistremerker - Babylove Norska<\/title>\n<meta name=\"robots\" content=\"noindex, follow, max-snippet:-1, max-image-preview:large, max-video-preview:-1\" \/>\n<meta property=\"og:locale\" content=\"nb_NO\" \/>\n<meta property=\"og:type\" content=\"article\" \/>\n<meta property=\"og:title\" content=\"Stickstay, Enhj\u00f8rningen Hope, veggklistremerker\" \/>\n<meta property=\"og:description\" content=\"Enda et fantastisk veggklistremerke fra um\u00e5telig popul\u00e6re Stickstay, denne i form av Enhj\u00f8rningen Rose. Veggklistremerkene fra Stickstay er flyttbare (noe som gj\u00f8r at du kan la kreativiteten flyte) og passer p\u00e5 b\u00e5de malte vegger og malte eller tykke tapeter. Her snakker vi om veggklistremerker som er laget av h\u00f8yeste kvalitet. Produsert i Sverige av vinylplast [&hellip;]\" \/>\n<meta property=\"og:url\" content=\"https:\/\/babylove.se\/no\/produkt\/stickstay-enhjorningen-hope-veggklistremerker\/\" \/>\n<meta property=\"og:site_name\" content=\"Babylove Norska\" \/>\n<meta property=\"article:modified_time\" content=\"2026-04-08T08:25:21+00:00\" \/>\n<meta property=\"og:image\" content=\"https:\/\/babylove.se\/no\/wp-content\/uploads\/sites\/3\/2025\/07\/5f1dc20248664.jpeg\" \/>\n\t<meta property=\"og:image:width\" content=\"750\" \/>\n\t<meta property=\"og:image:height\" content=\"750\" \/>\n\t<meta property=\"og:image:type\" content=\"image\/jpeg\" \/>\n<meta name=\"twitter:card\" content=\"summary_large_image\" \/>\n<meta name=\"twitter:label1\" content=\"Price\" \/>\n\t<meta name=\"twitter:data1\" content=\"199,00&nbsp;&#107;&#114;\" \/>\n\t<meta name=\"twitter:label2\" content=\"Availability\" \/>\n\t<meta name=\"twitter:data2\" content=\"In stock\" \/>\n<script type=\"application\/ld+json\" class=\"yoast-schema-graph\">{\"@context\":\"https:\/\/schema.org\",\"@graph\":[{\"@type\":\"WebPage\",\"@id\":\"https:\/\/babylove.se\/no\/produkt\/stickstay-enhjorningen-hope-veggklistremerker\/\",\"url\":\"https:\/\/babylove.se\/no\/produkt\/stickstay-enhjorningen-hope-veggklistremerker\/\",\"name\":\"Stickstay, Enhj\u00f8rningen Hope, veggklistremerker - Babylove Norska\",\"isPartOf\":{\"@id\":\"https:\/\/babylove.se\/no\/#website\"},\"primaryImageOfPage\":{\"@id\":\"https:\/\/babylove.se\/no\/produkt\/stickstay-enhjorningen-hope-veggklistremerker\/#primaryimage\"},\"image\":{\"@id\":\"https:\/\/babylove.se\/no\/produkt\/stickstay-enhjorningen-hope-veggklistremerker\/#primaryimage\"},\"thumbnailUrl\":\"https:\/\/babylove.se\/no\/wp-content\/uploads\/sites\/3\/2025\/07\/5f1dc20248664.jpeg\",\"datePublished\":\"2025-07-18T21:18:27+00:00\",\"dateModified\":\"2026-04-08T08:25:21+00:00\",\"breadcrumb\":{\"@id\":\"https:\/\/babylove.se\/no\/produkt\/stickstay-enhjorningen-hope-veggklistremerker\/#breadcrumb\"},\"inLanguage\":\"nb-NO\",\"potentialAction\":[{\"@type\":\"ReadAction\",\"target\":[\"https:\/\/babylove.se\/no\/produkt\/stickstay-enhjorningen-hope-veggklistremerker\/\"]}]},{\"@type\":\"ImageObject\",\"inLanguage\":\"nb-NO\",\"@id\":\"https:\/\/babylove.se\/no\/produkt\/stickstay-enhjorningen-hope-veggklistremerker\/#primaryimage\",\"url\":\"https:\/\/babylove.se\/no\/wp-content\/uploads\/sites\/3\/2025\/07\/5f1dc20248664.jpeg\",\"contentUrl\":\"https:\/\/babylove.se\/no\/wp-content\/uploads\/sites\/3\/2025\/07\/5f1dc20248664.jpeg\",\"width\":750,\"height\":750},{\"@type\":\"BreadcrumbList\",\"@id\":\"https:\/\/babylove.se\/no\/produkt\/stickstay-enhjorningen-hope-veggklistremerker\/#breadcrumb\",\"itemListElement\":[{\"@type\":\"ListItem\",\"position\":1,\"name\":\"Hem\",\"item\":\"https:\/\/babylove.se\/no\/\"},{\"@type\":\"ListItem\",\"position\":2,\"name\":\"Butik\",\"item\":\"https:\/\/babylove.se\/no\/butik\/\"},{\"@type\":\"ListItem\",\"position\":3,\"name\":\"Stickstay, Enhj\u00f8rningen Hope, veggklistremerker\"}]},{\"@type\":\"WebSite\",\"@id\":\"https:\/\/babylove.se\/no\/#website\",\"url\":\"https:\/\/babylove.se\/no\/\",\"name\":\"Babylove Norska\",\"description\":\"\",\"potentialAction\":[{\"@type\":\"SearchAction\",\"target\":{\"@type\":\"EntryPoint\",\"urlTemplate\":\"https:\/\/babylove.se\/no\/?s={search_term_string}\"},\"query-input\":{\"@type\":\"PropertyValueSpecification\",\"valueRequired\":true,\"valueName\":\"search_term_string\"}}],\"inLanguage\":\"nb-NO\"}]}<\/script>\n<meta property=\"product:brand\" content=\"Stickstay\" \/>\n<meta property=\"product:price:amount\" content=\"199.00\" \/>\n<meta property=\"product:price:currency\" content=\"SEK\" \/>\n<meta property=\"og:availability\" content=\"instock\" \/>\n<meta property=\"product:availability\" content=\"instock\" \/>\n<meta property=\"product:retailer_item_id\" content=\"7350104860042\" \/>\n<meta property=\"product:condition\" content=\"new\" \/>\n<!-- \/ Yoast SEO Premium plugin. -->","yoast_head_json":{"title":"Stickstay, Enhj\u00f8rningen Hope, veggklistremerker - Babylove Norska","robots":{"index":"noindex","follow":"follow","max-snippet":"max-snippet:-1","max-image-preview":"max-image-preview:large","max-video-preview":"max-video-preview:-1"},"og_locale":"nb_NO","og_type":"article","og_title":"Stickstay, Enhj\u00f8rningen Hope, veggklistremerker","og_description":"Enda et fantastisk veggklistremerke fra um\u00e5telig popul\u00e6re Stickstay, denne i form av Enhj\u00f8rningen Rose. Veggklistremerkene fra Stickstay er flyttbare (noe som gj\u00f8r at du kan la kreativiteten flyte) og passer p\u00e5 b\u00e5de malte vegger og malte eller tykke tapeter. Her snakker vi om veggklistremerker som er laget av h\u00f8yeste kvalitet. Produsert i Sverige av vinylplast [&hellip;]","og_url":"https:\/\/babylove.se\/no\/produkt\/stickstay-enhjorningen-hope-veggklistremerker\/","og_site_name":"Babylove Norska","article_modified_time":"2026-04-08T08:25:21+00:00","og_image":[{"width":750,"height":750,"url":"https:\/\/babylove.se\/no\/wp-content\/uploads\/sites\/3\/2025\/07\/5f1dc20248664.jpeg","type":"image\/jpeg"}],"twitter_card":"summary_large_image","twitter_misc":{"Price":"199,00&nbsp;&#107;&#114;","Availability":"In stock"},"schema":{"@context":"https:\/\/schema.org","@graph":[{"@type":"WebPage","@id":"https:\/\/babylove.se\/no\/produkt\/stickstay-enhjorningen-hope-veggklistremerker\/","url":"https:\/\/babylove.se\/no\/produkt\/stickstay-enhjorningen-hope-veggklistremerker\/","name":"Stickstay, Enhj\u00f8rningen Hope, veggklistremerker - Babylove Norska","isPartOf":{"@id":"https:\/\/babylove.se\/no\/#website"},"primaryImageOfPage":{"@id":"https:\/\/babylove.se\/no\/produkt\/stickstay-enhjorningen-hope-veggklistremerker\/#primaryimage"},"image":{"@id":"https:\/\/babylove.se\/no\/produkt\/stickstay-enhjorningen-hope-veggklistremerker\/#primaryimage"},"thumbnailUrl":"https:\/\/babylove.se\/no\/wp-content\/uploads\/sites\/3\/2025\/07\/5f1dc20248664.jpeg","datePublished":"2025-07-18T21:18:27+00:00","dateModified":"2026-04-08T08:25:21+00:00","breadcrumb":{"@id":"https:\/\/babylove.se\/no\/produkt\/stickstay-enhjorningen-hope-veggklistremerker\/#breadcrumb"},"inLanguage":"nb-NO","potentialAction":[{"@type":"ReadAction","target":["https:\/\/babylove.se\/no\/produkt\/stickstay-enhjorningen-hope-veggklistremerker\/"]}]},{"@type":"ImageObject","inLanguage":"nb-NO","@id":"https:\/\/babylove.se\/no\/produkt\/stickstay-enhjorningen-hope-veggklistremerker\/#primaryimage","url":"https:\/\/babylove.se\/no\/wp-content\/uploads\/sites\/3\/2025\/07\/5f1dc20248664.jpeg","contentUrl":"https:\/\/babylove.se\/no\/wp-content\/uploads\/sites\/3\/2025\/07\/5f1dc20248664.jpeg","width":750,"height":750},{"@type":"BreadcrumbList","@id":"https:\/\/babylove.se\/no\/produkt\/stickstay-enhjorningen-hope-veggklistremerker\/#breadcrumb","itemListElement":[{"@type":"ListItem","position":1,"name":"Hem","item":"https:\/\/babylove.se\/no\/"},{"@type":"ListItem","position":2,"name":"Butik","item":"https:\/\/babylove.se\/no\/butik\/"},{"@type":"ListItem","position":3,"name":"Stickstay, Enhj\u00f8rningen Hope, veggklistremerker"}]},{"@type":"WebSite","@id":"https:\/\/babylove.se\/no\/#website","url":"https:\/\/babylove.se\/no\/","name":"Babylove Norska","description":"","potentialAction":[{"@type":"SearchAction","target":{"@type":"EntryPoint","urlTemplate":"https:\/\/babylove.se\/no\/?s={search_term_string}"},"query-input":{"@type":"PropertyValueSpecification","valueRequired":true,"valueName":"search_term_string"}}],"inLanguage":"nb-NO"}]},"product_brand":"Stickstay","product_price_amount":"199.00","product_price_currency":"SEK","og_availability":"instock","product_availability":"instock","product_retailer_item_id":"7350104860042","product_condition":"new"},"_links":{"self":[{"href":"https:\/\/babylove.se\/no\/wp-json\/wp\/v2\/product\/18580","targetHints":{"allow":["GET"]}}],"collection":[{"href":"https:\/\/babylove.se\/no\/wp-json\/wp\/v2\/product"}],"about":[{"href":"https:\/\/babylove.se\/no\/wp-json\/wp\/v2\/types\/product"}],"replies":[{"embeddable":true,"href":"https:\/\/babylove.se\/no\/wp-json\/wp\/v2\/comments?post=18580"}],"wp:featuredmedia":[{"embeddable":true,"href":"https:\/\/babylove.se\/no\/wp-json\/wp\/v2\/media\/18582"}],"wp:attachment":[{"href":"https:\/\/babylove.se\/no\/wp-json\/wp\/v2\/media?parent=18580"}],"wp:term":[{"taxonomy":"product_brand","embeddable":true,"href":"https:\/\/babylove.se\/no\/wp-json\/wp\/v2\/product_brand?post=18580"},{"taxonomy":"product_cat","embeddable":true,"href":"https:\/\/babylove.se\/no\/wp-json\/wp\/v2\/product_cat?post=18580"},{"taxonomy":"product_tag","embeddable":true,"href":"https:\/\/babylove.se\/no\/wp-json\/wp\/v2\/product_tag?post=18580"}],"curies":[{"name":"wp","href":"https:\/\/api.w.org\/{rel}","templated":true}]}}