{"id":18583,"date":"2025-07-18T22:18:27","date_gmt":"2025-07-18T21:18:27","guid":{"rendered":"https:\/\/babylove.se\/produkt\/stickstay-rose-regnbage-vaggklistermarken\/"},"modified":"2026-04-08T09:25:24","modified_gmt":"2026-04-08T08:25:24","slug":"stickstay-rose-regnbue-veggklistremerker","status":"publish","type":"product","link":"https:\/\/babylove.se\/no\/produkt\/stickstay-rose-regnbue-veggklistremerker\/","title":{"rendered":"Stickstay, Rose regnbue, veggklistremerker"},"content":{"rendered":"<p>Et eventyrlig veggklistremerke fra svenske Stickstay. Dette veggklistremerket fra Stickstay er helt flyttbart (noe som gj\u00f8r at du kan la kreativiteten flyte) og passer p\u00e5 b\u00e5de malte vegger og malte eller tykke tapeter. Dette er wallstickers av h\u00f8yeste kvalitet. De har en holdbarhet som normalt er sv\u00e6rt lang og de er dessuten gjenvinningsbare. \\n \\nM\u00e5l: 28x16cm \\n \\nMateriale: Vinylplast (<em>Gjenvinningsbar selvf\u00f8lgelig<\/em>) \\n \\nProdusert i Sverige og h\u00e5ndskissert design av Lisa Floodmark. \\n \\nDesigner: <a href=\"https:\/\/babylove.se\/inredning-barnrum-pojke\/stickstay\"><u>Stickstay<\/u><\/a><\/p>\n","protected":false},"excerpt":{"rendered":"<p>Et eventyrlig veggklistremerke fra svenske Stickstay. Dette veggklistremerket fra Stickstay er helt flyttbart (noe som gj\u00f8r at du kan la kreativiteten flyte) og passer p\u00e5 b\u00e5de malte vegger og malte eller tykke tapeter. Dette er wallstickers av h\u00f8yeste kvalitet. De har en holdbarhet som normalt er sv\u00e6rt lang og de er dessuten gjenvinningsbare. \\n \\nM\u00e5l: [&hellip;]<\/p>\n","protected":false},"featured_media":18585,"comment_status":"closed","ping_status":"closed","template":"","meta":{"_acf_changed":false},"product_brand":[236],"product_cat":[248,237,29,24],"product_tag":[1709],"class_list":{"0":"post-18583","1":"product","2":"type-product","3":"status-publish","4":"has-post-thumbnail","6":"product_brand-stickstay","7":"product_cat-regnbue","8":"product_cat-stickstay","9":"product_cat-veggdekorasjoner","10":"product_cat-veggklistremerker","11":"product_tag-utforsalg","13":"first","14":"instock","15":"taxable","16":"shipping-taxable","17":"purchasable","18":"product-type-simple"},"acf":[],"yoast_head":"<!-- This site is optimized with the Yoast SEO Premium plugin v25.8 (Yoast SEO v27.2) - https:\/\/yoast.com\/product\/yoast-seo-premium-wordpress\/ -->\n<title>Stickstay, Rose regnbue, veggklistremerker - Babylove Norska<\/title>\n<meta name=\"robots\" content=\"noindex, follow, max-snippet:-1, max-image-preview:large, max-video-preview:-1\" \/>\n<meta property=\"og:locale\" content=\"nb_NO\" \/>\n<meta property=\"og:type\" content=\"article\" \/>\n<meta property=\"og:title\" content=\"Stickstay, Rose regnbue, veggklistremerker\" \/>\n<meta property=\"og:description\" content=\"Et eventyrlig veggklistremerke fra svenske Stickstay. Dette veggklistremerket fra Stickstay er helt flyttbart (noe som gj\u00f8r at du kan la kreativiteten flyte) og passer p\u00e5 b\u00e5de malte vegger og malte eller tykke tapeter. Dette er wallstickers av h\u00f8yeste kvalitet. De har en holdbarhet som normalt er sv\u00e6rt lang og de er dessuten gjenvinningsbare. n nM\u00e5l: [&hellip;]\" \/>\n<meta property=\"og:url\" content=\"https:\/\/babylove.se\/no\/produkt\/stickstay-rose-regnbue-veggklistremerker\/\" \/>\n<meta property=\"og:site_name\" content=\"Babylove Norska\" \/>\n<meta property=\"article:modified_time\" content=\"2026-04-08T08:25:24+00:00\" \/>\n<meta property=\"og:image\" content=\"https:\/\/babylove.se\/no\/wp-content\/uploads\/sites\/3\/2025\/07\/5f1dc24e7ec49.jpeg\" \/>\n\t<meta property=\"og:image:width\" content=\"750\" \/>\n\t<meta property=\"og:image:height\" content=\"750\" \/>\n\t<meta property=\"og:image:type\" content=\"image\/jpeg\" \/>\n<meta name=\"twitter:card\" content=\"summary_large_image\" \/>\n<meta name=\"twitter:label1\" content=\"Price\" \/>\n\t<meta name=\"twitter:data1\" content=\"289,00&nbsp;&#107;&#114;\" \/>\n\t<meta name=\"twitter:label2\" content=\"Availability\" \/>\n\t<meta name=\"twitter:data2\" content=\"In stock\" \/>\n<script type=\"application\/ld+json\" class=\"yoast-schema-graph\">{\"@context\":\"https:\/\/schema.org\",\"@graph\":[{\"@type\":\"WebPage\",\"@id\":\"https:\/\/babylove.se\/no\/produkt\/stickstay-rose-regnbue-veggklistremerker\/\",\"url\":\"https:\/\/babylove.se\/no\/produkt\/stickstay-rose-regnbue-veggklistremerker\/\",\"name\":\"Stickstay, Rose regnbue, veggklistremerker - Babylove Norska\",\"isPartOf\":{\"@id\":\"https:\/\/babylove.se\/no\/#website\"},\"primaryImageOfPage\":{\"@id\":\"https:\/\/babylove.se\/no\/produkt\/stickstay-rose-regnbue-veggklistremerker\/#primaryimage\"},\"image\":{\"@id\":\"https:\/\/babylove.se\/no\/produkt\/stickstay-rose-regnbue-veggklistremerker\/#primaryimage\"},\"thumbnailUrl\":\"https:\/\/babylove.se\/no\/wp-content\/uploads\/sites\/3\/2025\/07\/5f1dc24e7ec49.jpeg\",\"datePublished\":\"2025-07-18T21:18:27+00:00\",\"dateModified\":\"2026-04-08T08:25:24+00:00\",\"breadcrumb\":{\"@id\":\"https:\/\/babylove.se\/no\/produkt\/stickstay-rose-regnbue-veggklistremerker\/#breadcrumb\"},\"inLanguage\":\"nb-NO\",\"potentialAction\":[{\"@type\":\"ReadAction\",\"target\":[\"https:\/\/babylove.se\/no\/produkt\/stickstay-rose-regnbue-veggklistremerker\/\"]}]},{\"@type\":\"ImageObject\",\"inLanguage\":\"nb-NO\",\"@id\":\"https:\/\/babylove.se\/no\/produkt\/stickstay-rose-regnbue-veggklistremerker\/#primaryimage\",\"url\":\"https:\/\/babylove.se\/no\/wp-content\/uploads\/sites\/3\/2025\/07\/5f1dc24e7ec49.jpeg\",\"contentUrl\":\"https:\/\/babylove.se\/no\/wp-content\/uploads\/sites\/3\/2025\/07\/5f1dc24e7ec49.jpeg\",\"width\":750,\"height\":750},{\"@type\":\"BreadcrumbList\",\"@id\":\"https:\/\/babylove.se\/no\/produkt\/stickstay-rose-regnbue-veggklistremerker\/#breadcrumb\",\"itemListElement\":[{\"@type\":\"ListItem\",\"position\":1,\"name\":\"Hem\",\"item\":\"https:\/\/babylove.se\/no\/\"},{\"@type\":\"ListItem\",\"position\":2,\"name\":\"Butik\",\"item\":\"https:\/\/babylove.se\/no\/butik\/\"},{\"@type\":\"ListItem\",\"position\":3,\"name\":\"Stickstay, Rose regnbue, veggklistremerker\"}]},{\"@type\":\"WebSite\",\"@id\":\"https:\/\/babylove.se\/no\/#website\",\"url\":\"https:\/\/babylove.se\/no\/\",\"name\":\"Babylove Norska\",\"description\":\"\",\"potentialAction\":[{\"@type\":\"SearchAction\",\"target\":{\"@type\":\"EntryPoint\",\"urlTemplate\":\"https:\/\/babylove.se\/no\/?s={search_term_string}\"},\"query-input\":{\"@type\":\"PropertyValueSpecification\",\"valueRequired\":true,\"valueName\":\"search_term_string\"}}],\"inLanguage\":\"nb-NO\"}]}<\/script>\n<meta property=\"product:brand\" content=\"Stickstay\" \/>\n<meta property=\"product:price:amount\" content=\"289.00\" \/>\n<meta property=\"product:price:currency\" content=\"SEK\" \/>\n<meta property=\"og:availability\" content=\"instock\" \/>\n<meta property=\"product:availability\" content=\"instock\" \/>\n<meta property=\"product:retailer_item_id\" content=\"7350104860035\" \/>\n<meta property=\"product:condition\" content=\"new\" \/>\n<!-- \/ Yoast SEO Premium plugin. -->","yoast_head_json":{"title":"Stickstay, Rose regnbue, veggklistremerker - Babylove Norska","robots":{"index":"noindex","follow":"follow","max-snippet":"max-snippet:-1","max-image-preview":"max-image-preview:large","max-video-preview":"max-video-preview:-1"},"og_locale":"nb_NO","og_type":"article","og_title":"Stickstay, Rose regnbue, veggklistremerker","og_description":"Et eventyrlig veggklistremerke fra svenske Stickstay. Dette veggklistremerket fra Stickstay er helt flyttbart (noe som gj\u00f8r at du kan la kreativiteten flyte) og passer p\u00e5 b\u00e5de malte vegger og malte eller tykke tapeter. Dette er wallstickers av h\u00f8yeste kvalitet. De har en holdbarhet som normalt er sv\u00e6rt lang og de er dessuten gjenvinningsbare. n nM\u00e5l: [&hellip;]","og_url":"https:\/\/babylove.se\/no\/produkt\/stickstay-rose-regnbue-veggklistremerker\/","og_site_name":"Babylove Norska","article_modified_time":"2026-04-08T08:25:24+00:00","og_image":[{"width":750,"height":750,"url":"https:\/\/babylove.se\/no\/wp-content\/uploads\/sites\/3\/2025\/07\/5f1dc24e7ec49.jpeg","type":"image\/jpeg"}],"twitter_card":"summary_large_image","twitter_misc":{"Price":"289,00&nbsp;&#107;&#114;","Availability":"In stock"},"schema":{"@context":"https:\/\/schema.org","@graph":[{"@type":"WebPage","@id":"https:\/\/babylove.se\/no\/produkt\/stickstay-rose-regnbue-veggklistremerker\/","url":"https:\/\/babylove.se\/no\/produkt\/stickstay-rose-regnbue-veggklistremerker\/","name":"Stickstay, Rose regnbue, veggklistremerker - Babylove Norska","isPartOf":{"@id":"https:\/\/babylove.se\/no\/#website"},"primaryImageOfPage":{"@id":"https:\/\/babylove.se\/no\/produkt\/stickstay-rose-regnbue-veggklistremerker\/#primaryimage"},"image":{"@id":"https:\/\/babylove.se\/no\/produkt\/stickstay-rose-regnbue-veggklistremerker\/#primaryimage"},"thumbnailUrl":"https:\/\/babylove.se\/no\/wp-content\/uploads\/sites\/3\/2025\/07\/5f1dc24e7ec49.jpeg","datePublished":"2025-07-18T21:18:27+00:00","dateModified":"2026-04-08T08:25:24+00:00","breadcrumb":{"@id":"https:\/\/babylove.se\/no\/produkt\/stickstay-rose-regnbue-veggklistremerker\/#breadcrumb"},"inLanguage":"nb-NO","potentialAction":[{"@type":"ReadAction","target":["https:\/\/babylove.se\/no\/produkt\/stickstay-rose-regnbue-veggklistremerker\/"]}]},{"@type":"ImageObject","inLanguage":"nb-NO","@id":"https:\/\/babylove.se\/no\/produkt\/stickstay-rose-regnbue-veggklistremerker\/#primaryimage","url":"https:\/\/babylove.se\/no\/wp-content\/uploads\/sites\/3\/2025\/07\/5f1dc24e7ec49.jpeg","contentUrl":"https:\/\/babylove.se\/no\/wp-content\/uploads\/sites\/3\/2025\/07\/5f1dc24e7ec49.jpeg","width":750,"height":750},{"@type":"BreadcrumbList","@id":"https:\/\/babylove.se\/no\/produkt\/stickstay-rose-regnbue-veggklistremerker\/#breadcrumb","itemListElement":[{"@type":"ListItem","position":1,"name":"Hem","item":"https:\/\/babylove.se\/no\/"},{"@type":"ListItem","position":2,"name":"Butik","item":"https:\/\/babylove.se\/no\/butik\/"},{"@type":"ListItem","position":3,"name":"Stickstay, Rose regnbue, veggklistremerker"}]},{"@type":"WebSite","@id":"https:\/\/babylove.se\/no\/#website","url":"https:\/\/babylove.se\/no\/","name":"Babylove Norska","description":"","potentialAction":[{"@type":"SearchAction","target":{"@type":"EntryPoint","urlTemplate":"https:\/\/babylove.se\/no\/?s={search_term_string}"},"query-input":{"@type":"PropertyValueSpecification","valueRequired":true,"valueName":"search_term_string"}}],"inLanguage":"nb-NO"}]},"product_brand":"Stickstay","product_price_amount":"289.00","product_price_currency":"SEK","og_availability":"instock","product_availability":"instock","product_retailer_item_id":"7350104860035","product_condition":"new"},"_links":{"self":[{"href":"https:\/\/babylove.se\/no\/wp-json\/wp\/v2\/product\/18583","targetHints":{"allow":["GET"]}}],"collection":[{"href":"https:\/\/babylove.se\/no\/wp-json\/wp\/v2\/product"}],"about":[{"href":"https:\/\/babylove.se\/no\/wp-json\/wp\/v2\/types\/product"}],"replies":[{"embeddable":true,"href":"https:\/\/babylove.se\/no\/wp-json\/wp\/v2\/comments?post=18583"}],"wp:featuredmedia":[{"embeddable":true,"href":"https:\/\/babylove.se\/no\/wp-json\/wp\/v2\/media\/18585"}],"wp:attachment":[{"href":"https:\/\/babylove.se\/no\/wp-json\/wp\/v2\/media?parent=18583"}],"wp:term":[{"taxonomy":"product_brand","embeddable":true,"href":"https:\/\/babylove.se\/no\/wp-json\/wp\/v2\/product_brand?post=18583"},{"taxonomy":"product_cat","embeddable":true,"href":"https:\/\/babylove.se\/no\/wp-json\/wp\/v2\/product_cat?post=18583"},{"taxonomy":"product_tag","embeddable":true,"href":"https:\/\/babylove.se\/no\/wp-json\/wp\/v2\/product_tag?post=18583"}],"curies":[{"name":"wp","href":"https:\/\/api.w.org\/{rel}","templated":true}]}}