{"id":18602,"date":"2025-07-18T22:18:27","date_gmt":"2025-07-18T21:18:27","guid":{"rendered":"https:\/\/babylove.se\/produkt\/lorena-canals-hippie-dots-nude-matta-till-barnrummet\/"},"modified":"2026-04-08T09:25:36","modified_gmt":"2026-04-08T08:25:36","slug":"lorena-canals-hippie-dots-nude-teppe-til-barnerommet","status":"publish","type":"product","link":"https:\/\/babylove.se\/no\/produkt\/lorena-canals-hippie-dots-nude-teppe-til-barnerommet\/","title":{"rendered":"Lorena Canals, Hippie dots nude, teppe til barnerommet"},"content":{"rendered":"<p>Med sm\u00e5 detaljer kan man enkelt skape en vakker barneroms-innredning i barnerommet sitt. Med et deilig og helt h\u00e5ndlaget kvalitetsteppe fra verdensber\u00f8mte Lorena Canals blir det veldig enkelt!&nbsp;<\/p>\n<p>Hvert teppe er unikt og annerledes, det kan forekomme mindre variasjoner i farge og form. Disse teppene er deilig fine for barnet \u00e5 leke p\u00e5, men skaper samtidig en fin atmosf\u00e6re og bidrar til det vakre i rommet. I tillegg til at teppene er fine og praktiske, er de dessuten trygge for ditt barn. Samtlige materialer og farger er selvf\u00f8lgelig helt giftfrie.&nbsp;<\/p>\n<p>En ekstra bonus at du enkelt holder etter hygienen p\u00e5 teppet, det er vaskbart i en vanlig vaskemaskin (opp til 30 grader).&nbsp;<\/p>\n<p>Du kan enkelt matche dette teppet med andre produkter, for \u00e5 skape ditt dr\u00f8mmerom.&nbsp;<\/p>\n<p><strong>St\u00f8rrelse<\/strong>: 120 cm x 160 cm&nbsp;<\/p>\n<p><strong>Materiale<\/strong>: 100% bomull<\/p>\n<p>Designer: <a href=\"https:\/\/babylove.se\/varumarken\/lorena-canals\"><u>Lorena Canals<\/u><\/a><\/p>\n","protected":false},"excerpt":{"rendered":"<p>Med sm\u00e5 detaljer kan man enkelt skape en vakker barneroms-innredning i barnerommet sitt. Med et deilig og helt h\u00e5ndlaget kvalitetsteppe fra verdensber\u00f8mte Lorena Canals blir det veldig enkelt!&nbsp; Hvert teppe er unikt og annerledes, det kan forekomme mindre variasjoner i farge og form. Disse teppene er deilig fine for barnet \u00e5 leke p\u00e5, men skaper [&hellip;]<\/p>\n","protected":false},"featured_media":18604,"comment_status":"closed","ping_status":"open","template":"","meta":{"_acf_changed":false},"product_brand":[277],"product_cat":[125,278,135],"product_tag":[],"class_list":{"0":"post-18602","1":"product","2":"type-product","3":"status-publish","4":"has-post-thumbnail","6":"product_brand-lorena-canals","7":"product_cat-boho","8":"product_cat-lorena-canals","9":"product_cat-tepper","11":"first","12":"outofstock","13":"taxable","14":"shipping-taxable","15":"purchasable","16":"product-type-simple"},"acf":[],"yoast_head":"<!-- This site is optimized with the Yoast SEO Premium plugin v25.8 (Yoast SEO v27.2) - https:\/\/yoast.com\/product\/yoast-seo-premium-wordpress\/ -->\n<title>Lorena Canals, Hippie dots nude, teppe til barnerommet - Babylove Norska<\/title>\n<meta name=\"robots\" content=\"noindex, follow, max-snippet:-1, max-image-preview:large, max-video-preview:-1\" \/>\n<meta property=\"og:locale\" content=\"nb_NO\" \/>\n<meta property=\"og:type\" content=\"article\" \/>\n<meta property=\"og:title\" content=\"Lorena Canals, Hippie dots nude, teppe til barnerommet\" \/>\n<meta property=\"og:description\" content=\"Med sm\u00e5 detaljer kan man enkelt skape en vakker barneroms-innredning i barnerommet sitt. Med et deilig og helt h\u00e5ndlaget kvalitetsteppe fra verdensber\u00f8mte Lorena Canals blir det veldig enkelt!&nbsp; Hvert teppe er unikt og annerledes, det kan forekomme mindre variasjoner i farge og form. Disse teppene er deilig fine for barnet \u00e5 leke p\u00e5, men skaper [&hellip;]\" \/>\n<meta property=\"og:url\" content=\"https:\/\/babylove.se\/no\/produkt\/lorena-canals-hippie-dots-nude-teppe-til-barnerommet\/\" \/>\n<meta property=\"og:site_name\" content=\"Babylove Norska\" \/>\n<meta property=\"article:modified_time\" content=\"2026-04-08T08:25:36+00:00\" \/>\n<meta property=\"og:image\" content=\"https:\/\/babylove.se\/no\/wp-content\/uploads\/sites\/3\/2025\/07\/5f201c52ddcc6.jpeg\" \/>\n\t<meta property=\"og:image:width\" content=\"700\" \/>\n\t<meta property=\"og:image:height\" content=\"467\" \/>\n\t<meta property=\"og:image:type\" content=\"image\/jpeg\" \/>\n<meta name=\"twitter:card\" content=\"summary_large_image\" \/>\n<meta name=\"twitter:label1\" content=\"Price\" \/>\n\t<meta name=\"twitter:data1\" content=\"1 399,00&nbsp;&#107;&#114;\" \/>\n\t<meta name=\"twitter:label2\" content=\"Availability\" \/>\n\t<meta name=\"twitter:data2\" content=\"Out of stock\" \/>\n<script type=\"application\/ld+json\" class=\"yoast-schema-graph\">{\"@context\":\"https:\/\/schema.org\",\"@graph\":[{\"@type\":\"WebPage\",\"@id\":\"https:\/\/babylove.se\/no\/produkt\/lorena-canals-hippie-dots-nude-teppe-til-barnerommet\/\",\"url\":\"https:\/\/babylove.se\/no\/produkt\/lorena-canals-hippie-dots-nude-teppe-til-barnerommet\/\",\"name\":\"Lorena Canals, Hippie dots nude, teppe til barnerommet - Babylove Norska\",\"isPartOf\":{\"@id\":\"https:\/\/babylove.se\/no\/#website\"},\"primaryImageOfPage\":{\"@id\":\"https:\/\/babylove.se\/no\/produkt\/lorena-canals-hippie-dots-nude-teppe-til-barnerommet\/#primaryimage\"},\"image\":{\"@id\":\"https:\/\/babylove.se\/no\/produkt\/lorena-canals-hippie-dots-nude-teppe-til-barnerommet\/#primaryimage\"},\"thumbnailUrl\":\"https:\/\/babylove.se\/no\/wp-content\/uploads\/sites\/3\/2025\/07\/5f201c52ddcc6.jpeg\",\"datePublished\":\"2025-07-18T21:18:27+00:00\",\"dateModified\":\"2026-04-08T08:25:36+00:00\",\"breadcrumb\":{\"@id\":\"https:\/\/babylove.se\/no\/produkt\/lorena-canals-hippie-dots-nude-teppe-til-barnerommet\/#breadcrumb\"},\"inLanguage\":\"nb-NO\",\"potentialAction\":[{\"@type\":\"ReadAction\",\"target\":[\"https:\/\/babylove.se\/no\/produkt\/lorena-canals-hippie-dots-nude-teppe-til-barnerommet\/\"]}]},{\"@type\":\"ImageObject\",\"inLanguage\":\"nb-NO\",\"@id\":\"https:\/\/babylove.se\/no\/produkt\/lorena-canals-hippie-dots-nude-teppe-til-barnerommet\/#primaryimage\",\"url\":\"https:\/\/babylove.se\/no\/wp-content\/uploads\/sites\/3\/2025\/07\/5f201c52ddcc6.jpeg\",\"contentUrl\":\"https:\/\/babylove.se\/no\/wp-content\/uploads\/sites\/3\/2025\/07\/5f201c52ddcc6.jpeg\",\"width\":700,\"height\":467},{\"@type\":\"BreadcrumbList\",\"@id\":\"https:\/\/babylove.se\/no\/produkt\/lorena-canals-hippie-dots-nude-teppe-til-barnerommet\/#breadcrumb\",\"itemListElement\":[{\"@type\":\"ListItem\",\"position\":1,\"name\":\"Hem\",\"item\":\"https:\/\/babylove.se\/no\/\"},{\"@type\":\"ListItem\",\"position\":2,\"name\":\"Butik\",\"item\":\"https:\/\/babylove.se\/no\/butik\/\"},{\"@type\":\"ListItem\",\"position\":3,\"name\":\"Lorena Canals, Hippie dots nude, teppe til barnerommet\"}]},{\"@type\":\"WebSite\",\"@id\":\"https:\/\/babylove.se\/no\/#website\",\"url\":\"https:\/\/babylove.se\/no\/\",\"name\":\"Babylove Norska\",\"description\":\"\",\"potentialAction\":[{\"@type\":\"SearchAction\",\"target\":{\"@type\":\"EntryPoint\",\"urlTemplate\":\"https:\/\/babylove.se\/no\/?s={search_term_string}\"},\"query-input\":{\"@type\":\"PropertyValueSpecification\",\"valueRequired\":true,\"valueName\":\"search_term_string\"}}],\"inLanguage\":\"nb-NO\"}]}<\/script>\n<meta property=\"product:brand\" content=\"Lorena Canals\" \/>\n<meta property=\"product:price:amount\" content=\"1399.00\" \/>\n<meta property=\"product:price:currency\" content=\"SEK\" \/>\n<meta property=\"og:availability\" content=\"out of stock\" \/>\n<meta property=\"product:availability\" content=\"out of stock\" \/>\n<meta property=\"product:retailer_item_id\" content=\"C-HIDO-VNU\" \/>\n<meta property=\"product:condition\" content=\"new\" \/>\n<!-- \/ Yoast SEO Premium plugin. -->","yoast_head_json":{"title":"Lorena Canals, Hippie dots nude, teppe til barnerommet - Babylove Norska","robots":{"index":"noindex","follow":"follow","max-snippet":"max-snippet:-1","max-image-preview":"max-image-preview:large","max-video-preview":"max-video-preview:-1"},"og_locale":"nb_NO","og_type":"article","og_title":"Lorena Canals, Hippie dots nude, teppe til barnerommet","og_description":"Med sm\u00e5 detaljer kan man enkelt skape en vakker barneroms-innredning i barnerommet sitt. Med et deilig og helt h\u00e5ndlaget kvalitetsteppe fra verdensber\u00f8mte Lorena Canals blir det veldig enkelt!&nbsp; Hvert teppe er unikt og annerledes, det kan forekomme mindre variasjoner i farge og form. Disse teppene er deilig fine for barnet \u00e5 leke p\u00e5, men skaper [&hellip;]","og_url":"https:\/\/babylove.se\/no\/produkt\/lorena-canals-hippie-dots-nude-teppe-til-barnerommet\/","og_site_name":"Babylove Norska","article_modified_time":"2026-04-08T08:25:36+00:00","og_image":[{"width":700,"height":467,"url":"https:\/\/babylove.se\/no\/wp-content\/uploads\/sites\/3\/2025\/07\/5f201c52ddcc6.jpeg","type":"image\/jpeg"}],"twitter_card":"summary_large_image","twitter_misc":{"Price":"1 399,00&nbsp;&#107;&#114;","Availability":"Out of stock"},"schema":{"@context":"https:\/\/schema.org","@graph":[{"@type":"WebPage","@id":"https:\/\/babylove.se\/no\/produkt\/lorena-canals-hippie-dots-nude-teppe-til-barnerommet\/","url":"https:\/\/babylove.se\/no\/produkt\/lorena-canals-hippie-dots-nude-teppe-til-barnerommet\/","name":"Lorena Canals, Hippie dots nude, teppe til barnerommet - Babylove Norska","isPartOf":{"@id":"https:\/\/babylove.se\/no\/#website"},"primaryImageOfPage":{"@id":"https:\/\/babylove.se\/no\/produkt\/lorena-canals-hippie-dots-nude-teppe-til-barnerommet\/#primaryimage"},"image":{"@id":"https:\/\/babylove.se\/no\/produkt\/lorena-canals-hippie-dots-nude-teppe-til-barnerommet\/#primaryimage"},"thumbnailUrl":"https:\/\/babylove.se\/no\/wp-content\/uploads\/sites\/3\/2025\/07\/5f201c52ddcc6.jpeg","datePublished":"2025-07-18T21:18:27+00:00","dateModified":"2026-04-08T08:25:36+00:00","breadcrumb":{"@id":"https:\/\/babylove.se\/no\/produkt\/lorena-canals-hippie-dots-nude-teppe-til-barnerommet\/#breadcrumb"},"inLanguage":"nb-NO","potentialAction":[{"@type":"ReadAction","target":["https:\/\/babylove.se\/no\/produkt\/lorena-canals-hippie-dots-nude-teppe-til-barnerommet\/"]}]},{"@type":"ImageObject","inLanguage":"nb-NO","@id":"https:\/\/babylove.se\/no\/produkt\/lorena-canals-hippie-dots-nude-teppe-til-barnerommet\/#primaryimage","url":"https:\/\/babylove.se\/no\/wp-content\/uploads\/sites\/3\/2025\/07\/5f201c52ddcc6.jpeg","contentUrl":"https:\/\/babylove.se\/no\/wp-content\/uploads\/sites\/3\/2025\/07\/5f201c52ddcc6.jpeg","width":700,"height":467},{"@type":"BreadcrumbList","@id":"https:\/\/babylove.se\/no\/produkt\/lorena-canals-hippie-dots-nude-teppe-til-barnerommet\/#breadcrumb","itemListElement":[{"@type":"ListItem","position":1,"name":"Hem","item":"https:\/\/babylove.se\/no\/"},{"@type":"ListItem","position":2,"name":"Butik","item":"https:\/\/babylove.se\/no\/butik\/"},{"@type":"ListItem","position":3,"name":"Lorena Canals, Hippie dots nude, teppe til barnerommet"}]},{"@type":"WebSite","@id":"https:\/\/babylove.se\/no\/#website","url":"https:\/\/babylove.se\/no\/","name":"Babylove Norska","description":"","potentialAction":[{"@type":"SearchAction","target":{"@type":"EntryPoint","urlTemplate":"https:\/\/babylove.se\/no\/?s={search_term_string}"},"query-input":{"@type":"PropertyValueSpecification","valueRequired":true,"valueName":"search_term_string"}}],"inLanguage":"nb-NO"}]},"product_brand":"Lorena Canals","product_price_amount":"1399.00","product_price_currency":"SEK","og_availability":"out of stock","product_availability":"out of stock","product_retailer_item_id":"C-HIDO-VNU","product_condition":"new"},"_links":{"self":[{"href":"https:\/\/babylove.se\/no\/wp-json\/wp\/v2\/product\/18602","targetHints":{"allow":["GET"]}}],"collection":[{"href":"https:\/\/babylove.se\/no\/wp-json\/wp\/v2\/product"}],"about":[{"href":"https:\/\/babylove.se\/no\/wp-json\/wp\/v2\/types\/product"}],"replies":[{"embeddable":true,"href":"https:\/\/babylove.se\/no\/wp-json\/wp\/v2\/comments?post=18602"}],"wp:featuredmedia":[{"embeddable":true,"href":"https:\/\/babylove.se\/no\/wp-json\/wp\/v2\/media\/18604"}],"wp:attachment":[{"href":"https:\/\/babylove.se\/no\/wp-json\/wp\/v2\/media?parent=18602"}],"wp:term":[{"taxonomy":"product_brand","embeddable":true,"href":"https:\/\/babylove.se\/no\/wp-json\/wp\/v2\/product_brand?post=18602"},{"taxonomy":"product_cat","embeddable":true,"href":"https:\/\/babylove.se\/no\/wp-json\/wp\/v2\/product_cat?post=18602"},{"taxonomy":"product_tag","embeddable":true,"href":"https:\/\/babylove.se\/no\/wp-json\/wp\/v2\/product_tag?post=18602"}],"curies":[{"name":"wp","href":"https:\/\/api.w.org\/{rel}","templated":true}]}}