{"id":18627,"date":"2025-07-18T22:18:46","date_gmt":"2025-07-18T21:18:46","guid":{"rendered":"https:\/\/babylove.se\/produkt\/vit-modern-loftsang-till-barnrummet\/"},"modified":"2026-05-11T12:59:47","modified_gmt":"2026-05-11T11:59:47","slug":"hvit-moderne-loftseng-til-barnerommet","status":"publish","type":"product","link":"https:\/\/babylove.se\/no\/produkt\/hvit-moderne-loftseng-til-barnerommet\/","title":{"rendered":"Hvit moderne loftsseng til barnerommet"},"content":{"rendered":"<p>Her er en stilren og ekstremt praktisk loftseng til barnerommet eller til junioren. Sideplaten gj\u00f8r den sikker selv for barn som beveger seg mye n\u00e5r de sover. Stigen er en selvf\u00f8lge og en integrert del av loftsengen. I tillegg velger du selv p\u00e5 hvilken side stigen respektive skrivebordet skal v\u00e6re. Den er enkel \u00e5 montere og sengerammen er laget av massivt furutre. En perfekt seng rett og slett.<\/p>\n<p>Sengebenene er stabile og sammen med de avrundede kantene p\u00e5 sengen, har man \u00f8nsket \u00e5 skape et trygt milj\u00f8 for alle barn.&nbsp;<\/p>\n<p><strong>Materiale<\/strong><\/p>\n<ul>\n<li>Massivt furutre og sider av MDF. Sengen er malt i hvitt og sidene i gr\u00e5tt.&nbsp;<\/li>\n<\/ul>\n<p><strong>M\u00e5l<\/strong><\/p>\n<ul>\n<li>Sovem\u00e5l: 90 x 200 cm. Madrass er ikke inkludert, men ta gjerne en titt p\u00e5 v\u00e5rt store madrassutvalg. Vi anbefaler en skummadrass med tykkelse p\u00e5 ca 10-12 cm.<\/li>\n<li>Ytterm\u00e5l (B x L x H): 97 x 208 x 110 cm<\/li>\n<li>H\u00f8yde under sengen (s\u00e5kalt lekeomr\u00e5de): 78 cm<\/li>\n<\/ul>\n<p><em><em><em><em><em>Obs! Sengen leveres umontert og b\u00f8r settes sammen i rommet den skal brukes i.<\/em><\/em><\/em><\/em><\/em><\/p>\n<p><em><em><em><em><em><\/em><\/em><\/em><\/em><\/em><a href=\"https:\/\/babylove.se\/barnmobler\/vaningssangar-loftsangar\"><strong>Oppdag hele v\u00e5rt sortiment av loftsenger her!<\/strong><\/a><\/p>\n","protected":false},"excerpt":{"rendered":"<p>Her er en stilren og ekstremt praktisk loftseng til barnerommet eller til junioren. Sideplaten gj\u00f8r den sikker selv for barn som beveger seg mye n\u00e5r de sover. Stigen er en selvf\u00f8lge og en integrert del av loftsengen. I tillegg velger du selv p\u00e5 hvilken side stigen respektive skrivebordet skal v\u00e6re. Den er enkel \u00e5 montere [&hellip;]<\/p>\n","protected":false},"featured_media":18629,"comment_status":"closed","ping_status":"open","template":"","meta":{"_acf_changed":false},"product_brand":[671],"product_cat":[672,385,280,40],"product_tag":[1689],"class_list":{"0":"post-18627","1":"product","2":"type-product","3":"status-publish","4":"has-post-thumbnail","6":"product_brand-homestyle4u","7":"product_cat-hm","8":"product_cat-koyesenger-loftsenger","9":"product_cat-senger-med-rask-levering","10":"product_cat-soverom-barn","11":"product_tag-bestillingsvaror","13":"first","14":"instock","15":"taxable","16":"shipping-taxable","17":"purchasable","18":"product-type-simple"},"acf":[],"yoast_head":"<!-- This site is optimized with the Yoast SEO Premium plugin v25.8 (Yoast SEO v27.2) - https:\/\/yoast.com\/product\/yoast-seo-premium-wordpress\/ -->\n<title>Hvit moderne loftsseng til barnerommet - Babylove Norska<\/title>\n<meta name=\"robots\" content=\"noindex, follow, max-snippet:-1, max-image-preview:large, max-video-preview:-1\" \/>\n<meta property=\"og:locale\" content=\"nb_NO\" \/>\n<meta property=\"og:type\" content=\"article\" \/>\n<meta property=\"og:title\" content=\"Hvit moderne loftsseng til barnerommet\" \/>\n<meta property=\"og:description\" content=\"Her er en stilren og ekstremt praktisk loftseng til barnerommet eller til junioren. Sideplaten gj\u00f8r den sikker selv for barn som beveger seg mye n\u00e5r de sover. Stigen er en selvf\u00f8lge og en integrert del av loftsengen. I tillegg velger du selv p\u00e5 hvilken side stigen respektive skrivebordet skal v\u00e6re. Den er enkel \u00e5 montere [&hellip;]\" \/>\n<meta property=\"og:url\" content=\"https:\/\/babylove.se\/no\/produkt\/hvit-moderne-loftseng-til-barnerommet\/\" \/>\n<meta property=\"og:site_name\" content=\"Babylove Norska\" \/>\n<meta property=\"article:modified_time\" content=\"2026-05-11T11:59:47+00:00\" \/>\n<meta property=\"og:image\" content=\"https:\/\/babylove.se\/no\/wp-content\/uploads\/sites\/3\/2025\/07\/5f28673dd70ff.jpeg\" \/>\n\t<meta property=\"og:image:width\" content=\"750\" \/>\n\t<meta property=\"og:image:height\" content=\"750\" \/>\n\t<meta property=\"og:image:type\" content=\"image\/jpeg\" \/>\n<meta name=\"twitter:card\" content=\"summary_large_image\" \/>\n<meta name=\"twitter:label1\" content=\"Price\" \/>\n\t<meta name=\"twitter:data1\" content=\"4 199,00&nbsp;&#107;&#114;\" \/>\n\t<meta name=\"twitter:label2\" content=\"Availability\" \/>\n\t<meta name=\"twitter:data2\" content=\"In stock\" \/>\n<script type=\"application\/ld+json\" class=\"yoast-schema-graph\">{\"@context\":\"https:\/\/schema.org\",\"@graph\":[{\"@type\":\"WebPage\",\"@id\":\"https:\/\/babylove.se\/no\/produkt\/hvit-moderne-loftseng-til-barnerommet\/\",\"url\":\"https:\/\/babylove.se\/no\/produkt\/hvit-moderne-loftseng-til-barnerommet\/\",\"name\":\"Hvit moderne loftsseng til barnerommet - Babylove Norska\",\"isPartOf\":{\"@id\":\"https:\/\/babylove.se\/no\/#website\"},\"primaryImageOfPage\":{\"@id\":\"https:\/\/babylove.se\/no\/produkt\/hvit-moderne-loftseng-til-barnerommet\/#primaryimage\"},\"image\":{\"@id\":\"https:\/\/babylove.se\/no\/produkt\/hvit-moderne-loftseng-til-barnerommet\/#primaryimage\"},\"thumbnailUrl\":\"https:\/\/babylove.se\/no\/wp-content\/uploads\/sites\/3\/2025\/07\/5f28673dd70ff.jpeg\",\"datePublished\":\"2025-07-18T21:18:46+00:00\",\"dateModified\":\"2026-05-11T11:59:47+00:00\",\"breadcrumb\":{\"@id\":\"https:\/\/babylove.se\/no\/produkt\/hvit-moderne-loftseng-til-barnerommet\/#breadcrumb\"},\"inLanguage\":\"nb-NO\",\"potentialAction\":[{\"@type\":\"ReadAction\",\"target\":[\"https:\/\/babylove.se\/no\/produkt\/hvit-moderne-loftseng-til-barnerommet\/\"]}]},{\"@type\":\"ImageObject\",\"inLanguage\":\"nb-NO\",\"@id\":\"https:\/\/babylove.se\/no\/produkt\/hvit-moderne-loftseng-til-barnerommet\/#primaryimage\",\"url\":\"https:\/\/babylove.se\/no\/wp-content\/uploads\/sites\/3\/2025\/07\/5f28673dd70ff.jpeg\",\"contentUrl\":\"https:\/\/babylove.se\/no\/wp-content\/uploads\/sites\/3\/2025\/07\/5f28673dd70ff.jpeg\",\"width\":750,\"height\":750},{\"@type\":\"BreadcrumbList\",\"@id\":\"https:\/\/babylove.se\/no\/produkt\/hvit-moderne-loftseng-til-barnerommet\/#breadcrumb\",\"itemListElement\":[{\"@type\":\"ListItem\",\"position\":1,\"name\":\"Hem\",\"item\":\"https:\/\/babylove.se\/no\/\"},{\"@type\":\"ListItem\",\"position\":2,\"name\":\"Butik\",\"item\":\"https:\/\/babylove.se\/no\/butik\/\"},{\"@type\":\"ListItem\",\"position\":3,\"name\":\"Hvit moderne loftsseng til barnerommet\"}]},{\"@type\":\"WebSite\",\"@id\":\"https:\/\/babylove.se\/no\/#website\",\"url\":\"https:\/\/babylove.se\/no\/\",\"name\":\"Babylove Norska\",\"description\":\"\",\"potentialAction\":[{\"@type\":\"SearchAction\",\"target\":{\"@type\":\"EntryPoint\",\"urlTemplate\":\"https:\/\/babylove.se\/no\/?s={search_term_string}\"},\"query-input\":{\"@type\":\"PropertyValueSpecification\",\"valueRequired\":true,\"valueName\":\"search_term_string\"}}],\"inLanguage\":\"nb-NO\"}]}<\/script>\n<meta property=\"product:brand\" content=\"Homestyle4u\" \/>\n<meta property=\"product:price:amount\" content=\"4199.00\" \/>\n<meta property=\"product:price:currency\" content=\"NOK\" \/>\n<meta property=\"og:availability\" content=\"instock\" \/>\n<meta property=\"product:availability\" content=\"instock\" \/>\n<meta property=\"product:retailer_item_id\" content=\"1845+1806\" \/>\n<meta property=\"product:condition\" content=\"new\" \/>\n<!-- \/ Yoast SEO Premium plugin. -->","yoast_head_json":{"title":"Hvit moderne loftsseng til barnerommet - Babylove Norska","robots":{"index":"noindex","follow":"follow","max-snippet":"max-snippet:-1","max-image-preview":"max-image-preview:large","max-video-preview":"max-video-preview:-1"},"og_locale":"nb_NO","og_type":"article","og_title":"Hvit moderne loftsseng til barnerommet","og_description":"Her er en stilren og ekstremt praktisk loftseng til barnerommet eller til junioren. Sideplaten gj\u00f8r den sikker selv for barn som beveger seg mye n\u00e5r de sover. Stigen er en selvf\u00f8lge og en integrert del av loftsengen. I tillegg velger du selv p\u00e5 hvilken side stigen respektive skrivebordet skal v\u00e6re. Den er enkel \u00e5 montere [&hellip;]","og_url":"https:\/\/babylove.se\/no\/produkt\/hvit-moderne-loftseng-til-barnerommet\/","og_site_name":"Babylove Norska","article_modified_time":"2026-05-11T11:59:47+00:00","og_image":[{"width":750,"height":750,"url":"https:\/\/babylove.se\/no\/wp-content\/uploads\/sites\/3\/2025\/07\/5f28673dd70ff.jpeg","type":"image\/jpeg"}],"twitter_card":"summary_large_image","twitter_misc":{"Price":"4 199,00&nbsp;&#107;&#114;","Availability":"In stock"},"schema":{"@context":"https:\/\/schema.org","@graph":[{"@type":"WebPage","@id":"https:\/\/babylove.se\/no\/produkt\/hvit-moderne-loftseng-til-barnerommet\/","url":"https:\/\/babylove.se\/no\/produkt\/hvit-moderne-loftseng-til-barnerommet\/","name":"Hvit moderne loftsseng til barnerommet - Babylove Norska","isPartOf":{"@id":"https:\/\/babylove.se\/no\/#website"},"primaryImageOfPage":{"@id":"https:\/\/babylove.se\/no\/produkt\/hvit-moderne-loftseng-til-barnerommet\/#primaryimage"},"image":{"@id":"https:\/\/babylove.se\/no\/produkt\/hvit-moderne-loftseng-til-barnerommet\/#primaryimage"},"thumbnailUrl":"https:\/\/babylove.se\/no\/wp-content\/uploads\/sites\/3\/2025\/07\/5f28673dd70ff.jpeg","datePublished":"2025-07-18T21:18:46+00:00","dateModified":"2026-05-11T11:59:47+00:00","breadcrumb":{"@id":"https:\/\/babylove.se\/no\/produkt\/hvit-moderne-loftseng-til-barnerommet\/#breadcrumb"},"inLanguage":"nb-NO","potentialAction":[{"@type":"ReadAction","target":["https:\/\/babylove.se\/no\/produkt\/hvit-moderne-loftseng-til-barnerommet\/"]}]},{"@type":"ImageObject","inLanguage":"nb-NO","@id":"https:\/\/babylove.se\/no\/produkt\/hvit-moderne-loftseng-til-barnerommet\/#primaryimage","url":"https:\/\/babylove.se\/no\/wp-content\/uploads\/sites\/3\/2025\/07\/5f28673dd70ff.jpeg","contentUrl":"https:\/\/babylove.se\/no\/wp-content\/uploads\/sites\/3\/2025\/07\/5f28673dd70ff.jpeg","width":750,"height":750},{"@type":"BreadcrumbList","@id":"https:\/\/babylove.se\/no\/produkt\/hvit-moderne-loftseng-til-barnerommet\/#breadcrumb","itemListElement":[{"@type":"ListItem","position":1,"name":"Hem","item":"https:\/\/babylove.se\/no\/"},{"@type":"ListItem","position":2,"name":"Butik","item":"https:\/\/babylove.se\/no\/butik\/"},{"@type":"ListItem","position":3,"name":"Hvit moderne loftsseng til barnerommet"}]},{"@type":"WebSite","@id":"https:\/\/babylove.se\/no\/#website","url":"https:\/\/babylove.se\/no\/","name":"Babylove Norska","description":"","potentialAction":[{"@type":"SearchAction","target":{"@type":"EntryPoint","urlTemplate":"https:\/\/babylove.se\/no\/?s={search_term_string}"},"query-input":{"@type":"PropertyValueSpecification","valueRequired":true,"valueName":"search_term_string"}}],"inLanguage":"nb-NO"}]},"product_brand":"Homestyle4u","product_price_amount":"4199.00","product_price_currency":"NOK","og_availability":"instock","product_availability":"instock","product_retailer_item_id":"1845+1806","product_condition":"new"},"_links":{"self":[{"href":"https:\/\/babylove.se\/no\/wp-json\/wp\/v2\/product\/18627","targetHints":{"allow":["GET"]}}],"collection":[{"href":"https:\/\/babylove.se\/no\/wp-json\/wp\/v2\/product"}],"about":[{"href":"https:\/\/babylove.se\/no\/wp-json\/wp\/v2\/types\/product"}],"replies":[{"embeddable":true,"href":"https:\/\/babylove.se\/no\/wp-json\/wp\/v2\/comments?post=18627"}],"wp:featuredmedia":[{"embeddable":true,"href":"https:\/\/babylove.se\/no\/wp-json\/wp\/v2\/media\/18629"}],"wp:attachment":[{"href":"https:\/\/babylove.se\/no\/wp-json\/wp\/v2\/media?parent=18627"}],"wp:term":[{"taxonomy":"product_brand","embeddable":true,"href":"https:\/\/babylove.se\/no\/wp-json\/wp\/v2\/product_brand?post=18627"},{"taxonomy":"product_cat","embeddable":true,"href":"https:\/\/babylove.se\/no\/wp-json\/wp\/v2\/product_cat?post=18627"},{"taxonomy":"product_tag","embeddable":true,"href":"https:\/\/babylove.se\/no\/wp-json\/wp\/v2\/product_tag?post=18627"}],"curies":[{"name":"wp","href":"https:\/\/api.w.org\/{rel}","templated":true}]}}