{"id":18743,"date":"2025-07-18T22:19:49","date_gmt":"2025-07-18T21:19:49","guid":{"rendered":"https:\/\/babylove.se\/produkt\/dekornik-pink-rainbow-in-a-circle-vaggklistermarken-till-barnrum\/"},"modified":"2026-04-08T09:26:47","modified_gmt":"2026-04-08T08:26:47","slug":"dekornik-rosa-regnbue-i-en-sirkel-veggklistremerker-til-barnerom","status":"publish","type":"product","link":"https:\/\/babylove.se\/no\/produkt\/dekornik-rosa-regnbue-i-en-sirkel-veggklistremerker-til-barnerom\/","title":{"rendered":"Dekornik, Rosa regnbue i en sirkel, veggklistremerker til barnerom"},"content":{"rendered":"<p>En underbar veggdekorasjon i form av en rosa regnbue i en sirkel. Dette er en fantastisk m\u00e5te \u00e5 innrede barnerommet ditt p\u00e5, da den passer like godt ved sengen som ved skrivebordet eller p\u00e5 en tom helvegg i stedet for tapet. \\n \\nVeggklistremerker er utformet for \u00e5 se underfull ut p\u00e5 b\u00e5de lyse og m\u00f8rke vegger og har en fin struktur som knapt merkes. Materialet er spesielt utvalgt for \u00e5 v\u00e6re sterkt og gi en perfekt farggjengivelse. \\n \\nM\u00e5l: Finnes i to st\u00f8rrelser \\n<\/p>\n<ul> \\n \\t<\/p>\n<li><strong>M<\/strong>: 150 x 150 cm. Perfekt over en spj\u00e4lseng.<\/li>\n<p> \\n \\t<\/p>\n<li><strong>L<\/strong>: 200 x 200 cm. Perfekt p\u00e5 et litt st\u00f8rre omr\u00e5de.<\/li>\n<p> \\n<\/ul>\n<p> \\n<u>Obs! Klistremerkene er ikke egnet for vegger med en grov overflate eller hvis de er malt med lateksfarger eller tapetsert.<\/u> \\n \\nDesigner: <a href=\"https:\/\/babylove.se\/varumarken\/dekornik\">Dekornik<\/a><\/p>\n","protected":false},"excerpt":{"rendered":"<p>En underbar veggdekorasjon i form av en rosa regnbue i en sirkel. Dette er en fantastisk m\u00e5te \u00e5 innrede barnerommet ditt p\u00e5, da den passer like godt ved sengen som ved skrivebordet eller p\u00e5 en tom helvegg i stedet for tapet. \\n \\nVeggklistremerker er utformet for \u00e5 se underfull ut p\u00e5 b\u00e5de lyse og m\u00f8rke [&hellip;]<\/p>\n","protected":false},"featured_media":18745,"comment_status":"open","ping_status":"closed","template":"","meta":{"_acf_changed":false},"product_brand":[],"product_cat":[191,248,24],"product_tag":[],"class_list":{"0":"post-18743","1":"product","2":"type-product","3":"status-publish","4":"has-post-thumbnail","6":"product_cat-dekornik","7":"product_cat-regnbue","8":"product_cat-veggklistremerker","9":"pa_storlek-l-200x20-cm","10":"pa_storlek-m-150x150-cm","12":"first","13":"outofstock","14":"taxable","15":"shipping-taxable","16":"purchasable","17":"product-type-variable"},"acf":[],"yoast_head":"<!-- This site is optimized with the Yoast SEO Premium plugin v25.8 (Yoast SEO v27.2) - https:\/\/yoast.com\/product\/yoast-seo-premium-wordpress\/ -->\n<title>Dekornik, Rosa regnbue i en sirkel, veggklistremerker til barnerom - Babylove Norska<\/title>\n<meta name=\"robots\" content=\"noindex, follow, max-snippet:-1, max-image-preview:large, max-video-preview:-1\" \/>\n<meta property=\"og:locale\" content=\"nb_NO\" \/>\n<meta property=\"og:type\" content=\"article\" \/>\n<meta property=\"og:title\" content=\"Dekornik, Rosa regnbue i en sirkel, veggklistremerker til barnerom\" \/>\n<meta property=\"og:description\" content=\"En underbar veggdekorasjon i form av en rosa regnbue i en sirkel. Dette er en fantastisk m\u00e5te \u00e5 innrede barnerommet ditt p\u00e5, da den passer like godt ved sengen som ved skrivebordet eller p\u00e5 en tom helvegg i stedet for tapet. n nVeggklistremerker er utformet for \u00e5 se underfull ut p\u00e5 b\u00e5de lyse og m\u00f8rke [&hellip;]\" \/>\n<meta property=\"og:url\" content=\"https:\/\/babylove.se\/no\/produkt\/dekornik-rosa-regnbue-i-en-sirkel-veggklistremerker-til-barnerom\/\" \/>\n<meta property=\"og:site_name\" content=\"Babylove Norska\" \/>\n<meta property=\"article:modified_time\" content=\"2026-04-08T08:26:47+00:00\" \/>\n<meta property=\"og:image\" content=\"https:\/\/babylove.se\/no\/wp-content\/uploads\/sites\/3\/2025\/07\/5f3032f68e33f.jpeg\" \/>\n\t<meta property=\"og:image:width\" content=\"750\" \/>\n\t<meta property=\"og:image:height\" content=\"750\" \/>\n\t<meta property=\"og:image:type\" content=\"image\/jpeg\" \/>\n<meta name=\"twitter:card\" content=\"summary_large_image\" \/>\n<meta name=\"twitter:label1\" content=\"Availability\" \/>\n\t<meta name=\"twitter:data1\" content=\"Out of stock\" \/>\n<script type=\"application\/ld+json\" class=\"yoast-schema-graph\">{\"@context\":\"https:\/\/schema.org\",\"@graph\":[{\"@type\":\"WebPage\",\"@id\":\"https:\/\/babylove.se\/no\/produkt\/dekornik-rosa-regnbue-i-en-sirkel-veggklistremerker-til-barnerom\/\",\"url\":\"https:\/\/babylove.se\/no\/produkt\/dekornik-rosa-regnbue-i-en-sirkel-veggklistremerker-til-barnerom\/\",\"name\":\"Dekornik, Rosa regnbue i en sirkel, veggklistremerker til barnerom - Babylove Norska\",\"isPartOf\":{\"@id\":\"https:\/\/babylove.se\/no\/#website\"},\"primaryImageOfPage\":{\"@id\":\"https:\/\/babylove.se\/no\/produkt\/dekornik-rosa-regnbue-i-en-sirkel-veggklistremerker-til-barnerom\/#primaryimage\"},\"image\":{\"@id\":\"https:\/\/babylove.se\/no\/produkt\/dekornik-rosa-regnbue-i-en-sirkel-veggklistremerker-til-barnerom\/#primaryimage\"},\"thumbnailUrl\":\"https:\/\/babylove.se\/no\/wp-content\/uploads\/sites\/3\/2025\/07\/5f3032f68e33f.jpeg\",\"datePublished\":\"2025-07-18T21:19:49+00:00\",\"dateModified\":\"2026-04-08T08:26:47+00:00\",\"breadcrumb\":{\"@id\":\"https:\/\/babylove.se\/no\/produkt\/dekornik-rosa-regnbue-i-en-sirkel-veggklistremerker-til-barnerom\/#breadcrumb\"},\"inLanguage\":\"nb-NO\",\"potentialAction\":[{\"@type\":\"ReadAction\",\"target\":[\"https:\/\/babylove.se\/no\/produkt\/dekornik-rosa-regnbue-i-en-sirkel-veggklistremerker-til-barnerom\/\"]}]},{\"@type\":\"ImageObject\",\"inLanguage\":\"nb-NO\",\"@id\":\"https:\/\/babylove.se\/no\/produkt\/dekornik-rosa-regnbue-i-en-sirkel-veggklistremerker-til-barnerom\/#primaryimage\",\"url\":\"https:\/\/babylove.se\/no\/wp-content\/uploads\/sites\/3\/2025\/07\/5f3032f68e33f.jpeg\",\"contentUrl\":\"https:\/\/babylove.se\/no\/wp-content\/uploads\/sites\/3\/2025\/07\/5f3032f68e33f.jpeg\",\"width\":750,\"height\":750},{\"@type\":\"BreadcrumbList\",\"@id\":\"https:\/\/babylove.se\/no\/produkt\/dekornik-rosa-regnbue-i-en-sirkel-veggklistremerker-til-barnerom\/#breadcrumb\",\"itemListElement\":[{\"@type\":\"ListItem\",\"position\":1,\"name\":\"Hem\",\"item\":\"https:\/\/babylove.se\/no\/\"},{\"@type\":\"ListItem\",\"position\":2,\"name\":\"Butik\",\"item\":\"https:\/\/babylove.se\/no\/butik\/\"},{\"@type\":\"ListItem\",\"position\":3,\"name\":\"Dekornik, Rosa regnbue i en sirkel, veggklistremerker til barnerom\"}]},{\"@type\":\"WebSite\",\"@id\":\"https:\/\/babylove.se\/no\/#website\",\"url\":\"https:\/\/babylove.se\/no\/\",\"name\":\"Babylove Norska\",\"description\":\"\",\"potentialAction\":[{\"@type\":\"SearchAction\",\"target\":{\"@type\":\"EntryPoint\",\"urlTemplate\":\"https:\/\/babylove.se\/no\/?s={search_term_string}\"},\"query-input\":{\"@type\":\"PropertyValueSpecification\",\"valueRequired\":true,\"valueName\":\"search_term_string\"}}],\"inLanguage\":\"nb-NO\"}]}<\/script>\n<meta property=\"og:availability\" content=\"out of stock\" \/>\n<meta property=\"product:availability\" content=\"out of stock\" \/>\n<meta property=\"product:retailer_item_id\" content=\"DEKO.CIRCLE.009\" \/>\n<meta property=\"product:condition\" content=\"new\" \/>\n<!-- \/ Yoast SEO Premium plugin. -->","yoast_head_json":{"title":"Dekornik, Rosa regnbue i en sirkel, veggklistremerker til barnerom - Babylove Norska","robots":{"index":"noindex","follow":"follow","max-snippet":"max-snippet:-1","max-image-preview":"max-image-preview:large","max-video-preview":"max-video-preview:-1"},"og_locale":"nb_NO","og_type":"article","og_title":"Dekornik, Rosa regnbue i en sirkel, veggklistremerker til barnerom","og_description":"En underbar veggdekorasjon i form av en rosa regnbue i en sirkel. Dette er en fantastisk m\u00e5te \u00e5 innrede barnerommet ditt p\u00e5, da den passer like godt ved sengen som ved skrivebordet eller p\u00e5 en tom helvegg i stedet for tapet. n nVeggklistremerker er utformet for \u00e5 se underfull ut p\u00e5 b\u00e5de lyse og m\u00f8rke [&hellip;]","og_url":"https:\/\/babylove.se\/no\/produkt\/dekornik-rosa-regnbue-i-en-sirkel-veggklistremerker-til-barnerom\/","og_site_name":"Babylove Norska","article_modified_time":"2026-04-08T08:26:47+00:00","og_image":[{"width":750,"height":750,"url":"https:\/\/babylove.se\/no\/wp-content\/uploads\/sites\/3\/2025\/07\/5f3032f68e33f.jpeg","type":"image\/jpeg"}],"twitter_card":"summary_large_image","twitter_misc":{"Availability":"Out of stock"},"schema":{"@context":"https:\/\/schema.org","@graph":[{"@type":"WebPage","@id":"https:\/\/babylove.se\/no\/produkt\/dekornik-rosa-regnbue-i-en-sirkel-veggklistremerker-til-barnerom\/","url":"https:\/\/babylove.se\/no\/produkt\/dekornik-rosa-regnbue-i-en-sirkel-veggklistremerker-til-barnerom\/","name":"Dekornik, Rosa regnbue i en sirkel, veggklistremerker til barnerom - Babylove Norska","isPartOf":{"@id":"https:\/\/babylove.se\/no\/#website"},"primaryImageOfPage":{"@id":"https:\/\/babylove.se\/no\/produkt\/dekornik-rosa-regnbue-i-en-sirkel-veggklistremerker-til-barnerom\/#primaryimage"},"image":{"@id":"https:\/\/babylove.se\/no\/produkt\/dekornik-rosa-regnbue-i-en-sirkel-veggklistremerker-til-barnerom\/#primaryimage"},"thumbnailUrl":"https:\/\/babylove.se\/no\/wp-content\/uploads\/sites\/3\/2025\/07\/5f3032f68e33f.jpeg","datePublished":"2025-07-18T21:19:49+00:00","dateModified":"2026-04-08T08:26:47+00:00","breadcrumb":{"@id":"https:\/\/babylove.se\/no\/produkt\/dekornik-rosa-regnbue-i-en-sirkel-veggklistremerker-til-barnerom\/#breadcrumb"},"inLanguage":"nb-NO","potentialAction":[{"@type":"ReadAction","target":["https:\/\/babylove.se\/no\/produkt\/dekornik-rosa-regnbue-i-en-sirkel-veggklistremerker-til-barnerom\/"]}]},{"@type":"ImageObject","inLanguage":"nb-NO","@id":"https:\/\/babylove.se\/no\/produkt\/dekornik-rosa-regnbue-i-en-sirkel-veggklistremerker-til-barnerom\/#primaryimage","url":"https:\/\/babylove.se\/no\/wp-content\/uploads\/sites\/3\/2025\/07\/5f3032f68e33f.jpeg","contentUrl":"https:\/\/babylove.se\/no\/wp-content\/uploads\/sites\/3\/2025\/07\/5f3032f68e33f.jpeg","width":750,"height":750},{"@type":"BreadcrumbList","@id":"https:\/\/babylove.se\/no\/produkt\/dekornik-rosa-regnbue-i-en-sirkel-veggklistremerker-til-barnerom\/#breadcrumb","itemListElement":[{"@type":"ListItem","position":1,"name":"Hem","item":"https:\/\/babylove.se\/no\/"},{"@type":"ListItem","position":2,"name":"Butik","item":"https:\/\/babylove.se\/no\/butik\/"},{"@type":"ListItem","position":3,"name":"Dekornik, Rosa regnbue i en sirkel, veggklistremerker til barnerom"}]},{"@type":"WebSite","@id":"https:\/\/babylove.se\/no\/#website","url":"https:\/\/babylove.se\/no\/","name":"Babylove Norska","description":"","potentialAction":[{"@type":"SearchAction","target":{"@type":"EntryPoint","urlTemplate":"https:\/\/babylove.se\/no\/?s={search_term_string}"},"query-input":{"@type":"PropertyValueSpecification","valueRequired":true,"valueName":"search_term_string"}}],"inLanguage":"nb-NO"}]},"og_availability":"out of stock","product_availability":"out of stock","product_retailer_item_id":"DEKO.CIRCLE.009","product_condition":"new"},"_links":{"self":[{"href":"https:\/\/babylove.se\/no\/wp-json\/wp\/v2\/product\/18743","targetHints":{"allow":["GET"]}}],"collection":[{"href":"https:\/\/babylove.se\/no\/wp-json\/wp\/v2\/product"}],"about":[{"href":"https:\/\/babylove.se\/no\/wp-json\/wp\/v2\/types\/product"}],"replies":[{"embeddable":true,"href":"https:\/\/babylove.se\/no\/wp-json\/wp\/v2\/comments?post=18743"}],"wp:featuredmedia":[{"embeddable":true,"href":"https:\/\/babylove.se\/no\/wp-json\/wp\/v2\/media\/18745"}],"wp:attachment":[{"href":"https:\/\/babylove.se\/no\/wp-json\/wp\/v2\/media?parent=18743"}],"wp:term":[{"taxonomy":"product_brand","embeddable":true,"href":"https:\/\/babylove.se\/no\/wp-json\/wp\/v2\/product_brand?post=18743"},{"taxonomy":"product_cat","embeddable":true,"href":"https:\/\/babylove.se\/no\/wp-json\/wp\/v2\/product_cat?post=18743"},{"taxonomy":"product_tag","embeddable":true,"href":"https:\/\/babylove.se\/no\/wp-json\/wp\/v2\/product_tag?post=18743"}],"curies":[{"name":"wp","href":"https:\/\/api.w.org\/{rel}","templated":true}]}}