{"id":1876,"date":"2025-07-18T20:04:46","date_gmt":"2025-07-18T19:04:46","guid":{"rendered":"https:\/\/babylove.se\/produkt\/ivory-amningskudde-ng-baby\/"},"modified":"2026-04-08T07:46:05","modified_gmt":"2026-04-08T06:46:05","slug":"elfenben-amningspute-ng-baby","status":"publish","type":"product","link":"https:\/\/babylove.se\/no\/produkt\/elfenben-amningspute-ng-baby\/","title":{"rendered":"Ivory beige ammepute NG baby"},"content":{"rendered":"<p>En ammepute av det mindre formatet, helt laget av lin for smidighet og komfort. Du kan forme den og bruke den p\u00e5 beste m\u00e5te for deg og din posisjon, n\u00e5r det er p\u00e5 tide \u00e5 amme barnet ditt.&nbsp;<\/p>\n<p>Denne ammeputen tilh\u00f8rer den s\u00e5kalte &#8220;Mood&#8221;-serien. Denne serien er skapt for foreldre som vil ha det beste for sine barn. Hele kolleksjonen er laget i 100 % lin som gir den en meget spesiell karakter. Lin er nemlig et levende naturmateriale med utrolige egenskaper og garanterer lang holdbarhet. Det er vanskelig \u00e5 finne et bedre materiale for \u00e5 skape den harmonien man \u00f8nsker i barnerommet.<\/p>\n<p>Alle produkter i denne serien kan vaskes p\u00e5 40 grader.<\/p>\n<p><strong>M\u00e5l<\/strong>: H\u00f8yde 20 cm, Lengde 90 cm<\/p>\n<p><strong>Fyll<\/strong>: Styrolitkuler (EPS)<\/p>\n<p>Designer: NG Baby<\/p>\n","protected":false},"excerpt":{"rendered":"<p>En ammepute av det mindre formatet, helt laget av lin for smidighet og komfort. Du kan forme den og bruke den p\u00e5 beste m\u00e5te for deg og din posisjon, n\u00e5r det er p\u00e5 tide \u00e5 amme barnet ditt.&nbsp; Denne ammeputen tilh\u00f8rer den s\u00e5kalte &#8220;Mood&#8221;-serien. Denne serien er skapt for foreldre som vil ha det beste [&hellip;]<\/p>\n","protected":false},"featured_media":1878,"comment_status":"closed","ping_status":"open","template":"","meta":{"_acf_changed":false},"product_brand":[107],"product_cat":[65,109],"product_tag":[1689],"class_list":{"0":"post-1876","1":"product","2":"type-product","3":"status-publish","4":"has-post-thumbnail","6":"product_brand-ng-baby","7":"product_cat-ammeputer","8":"product_cat-ng-baby","9":"product_tag-bestillingsvaror","11":"first","12":"outofstock","13":"taxable","14":"shipping-taxable","15":"purchasable","16":"product-type-simple"},"acf":[],"yoast_head":"<!-- This site is optimized with the Yoast SEO Premium plugin v25.8 (Yoast SEO v27.2) - https:\/\/yoast.com\/product\/yoast-seo-premium-wordpress\/ -->\n<title>Ivory beige ammepute NG baby - Babylove Norska<\/title>\n<meta name=\"robots\" content=\"noindex, follow, max-snippet:-1, max-image-preview:large, max-video-preview:-1\" \/>\n<meta property=\"og:locale\" content=\"nb_NO\" \/>\n<meta property=\"og:type\" content=\"article\" \/>\n<meta property=\"og:title\" content=\"Ivory beige ammepute NG baby\" \/>\n<meta property=\"og:description\" content=\"En ammepute av det mindre formatet, helt laget av lin for smidighet og komfort. Du kan forme den og bruke den p\u00e5 beste m\u00e5te for deg og din posisjon, n\u00e5r det er p\u00e5 tide \u00e5 amme barnet ditt.&nbsp; Denne ammeputen tilh\u00f8rer den s\u00e5kalte &#8220;Mood&#8221;-serien. Denne serien er skapt for foreldre som vil ha det beste [&hellip;]\" \/>\n<meta property=\"og:url\" content=\"https:\/\/babylove.se\/no\/produkt\/elfenben-amningspute-ng-baby\/\" \/>\n<meta property=\"og:site_name\" content=\"Babylove Norska\" \/>\n<meta property=\"article:modified_time\" content=\"2026-04-08T06:46:05+00:00\" \/>\n<meta property=\"og:image\" content=\"https:\/\/babylove.se\/no\/wp-content\/uploads\/sites\/3\/2025\/07\/582e15c5ef216.jpeg\" \/>\n\t<meta property=\"og:image:width\" content=\"750\" \/>\n\t<meta property=\"og:image:height\" content=\"623\" \/>\n\t<meta property=\"og:image:type\" content=\"image\/jpeg\" \/>\n<meta name=\"twitter:card\" content=\"summary_large_image\" \/>\n<meta name=\"twitter:label1\" content=\"Price\" \/>\n\t<meta name=\"twitter:data1\" content=\"599,00&nbsp;&#107;&#114;\" \/>\n\t<meta name=\"twitter:label2\" content=\"Availability\" \/>\n\t<meta name=\"twitter:data2\" content=\"Out of stock\" \/>\n<script type=\"application\/ld+json\" class=\"yoast-schema-graph\">{\"@context\":\"https:\/\/schema.org\",\"@graph\":[{\"@type\":\"WebPage\",\"@id\":\"https:\/\/babylove.se\/no\/produkt\/elfenben-amningspute-ng-baby\/\",\"url\":\"https:\/\/babylove.se\/no\/produkt\/elfenben-amningspute-ng-baby\/\",\"name\":\"Ivory beige ammepute NG baby - Babylove Norska\",\"isPartOf\":{\"@id\":\"https:\/\/babylove.se\/no\/#website\"},\"primaryImageOfPage\":{\"@id\":\"https:\/\/babylove.se\/no\/produkt\/elfenben-amningspute-ng-baby\/#primaryimage\"},\"image\":{\"@id\":\"https:\/\/babylove.se\/no\/produkt\/elfenben-amningspute-ng-baby\/#primaryimage\"},\"thumbnailUrl\":\"https:\/\/babylove.se\/no\/wp-content\/uploads\/sites\/3\/2025\/07\/582e15c5ef216.jpeg\",\"datePublished\":\"2025-07-18T19:04:46+00:00\",\"dateModified\":\"2026-04-08T06:46:05+00:00\",\"breadcrumb\":{\"@id\":\"https:\/\/babylove.se\/no\/produkt\/elfenben-amningspute-ng-baby\/#breadcrumb\"},\"inLanguage\":\"nb-NO\",\"potentialAction\":[{\"@type\":\"ReadAction\",\"target\":[\"https:\/\/babylove.se\/no\/produkt\/elfenben-amningspute-ng-baby\/\"]}]},{\"@type\":\"ImageObject\",\"inLanguage\":\"nb-NO\",\"@id\":\"https:\/\/babylove.se\/no\/produkt\/elfenben-amningspute-ng-baby\/#primaryimage\",\"url\":\"https:\/\/babylove.se\/no\/wp-content\/uploads\/sites\/3\/2025\/07\/582e15c5ef216.jpeg\",\"contentUrl\":\"https:\/\/babylove.se\/no\/wp-content\/uploads\/sites\/3\/2025\/07\/582e15c5ef216.jpeg\",\"width\":750,\"height\":623},{\"@type\":\"BreadcrumbList\",\"@id\":\"https:\/\/babylove.se\/no\/produkt\/elfenben-amningspute-ng-baby\/#breadcrumb\",\"itemListElement\":[{\"@type\":\"ListItem\",\"position\":1,\"name\":\"Hem\",\"item\":\"https:\/\/babylove.se\/no\/\"},{\"@type\":\"ListItem\",\"position\":2,\"name\":\"Butik\",\"item\":\"https:\/\/babylove.se\/no\/butik\/\"},{\"@type\":\"ListItem\",\"position\":3,\"name\":\"Ivory beige ammepute NG baby\"}]},{\"@type\":\"WebSite\",\"@id\":\"https:\/\/babylove.se\/no\/#website\",\"url\":\"https:\/\/babylove.se\/no\/\",\"name\":\"Babylove Norska\",\"description\":\"\",\"potentialAction\":[{\"@type\":\"SearchAction\",\"target\":{\"@type\":\"EntryPoint\",\"urlTemplate\":\"https:\/\/babylove.se\/no\/?s={search_term_string}\"},\"query-input\":{\"@type\":\"PropertyValueSpecification\",\"valueRequired\":true,\"valueName\":\"search_term_string\"}}],\"inLanguage\":\"nb-NO\"}]}<\/script>\n<meta property=\"product:brand\" content=\"Ng Baby\" \/>\n<meta property=\"product:price:amount\" content=\"599.00\" \/>\n<meta property=\"product:price:currency\" content=\"SEK\" \/>\n<meta property=\"og:availability\" content=\"out of stock\" \/>\n<meta property=\"product:availability\" content=\"out of stock\" \/>\n<meta property=\"product:retailer_item_id\" content=\"803\" \/>\n<meta property=\"product:condition\" content=\"new\" \/>\n<!-- \/ Yoast SEO Premium plugin. -->","yoast_head_json":{"title":"Ivory beige ammepute NG baby - Babylove Norska","robots":{"index":"noindex","follow":"follow","max-snippet":"max-snippet:-1","max-image-preview":"max-image-preview:large","max-video-preview":"max-video-preview:-1"},"og_locale":"nb_NO","og_type":"article","og_title":"Ivory beige ammepute NG baby","og_description":"En ammepute av det mindre formatet, helt laget av lin for smidighet og komfort. Du kan forme den og bruke den p\u00e5 beste m\u00e5te for deg og din posisjon, n\u00e5r det er p\u00e5 tide \u00e5 amme barnet ditt.&nbsp; Denne ammeputen tilh\u00f8rer den s\u00e5kalte &#8220;Mood&#8221;-serien. Denne serien er skapt for foreldre som vil ha det beste [&hellip;]","og_url":"https:\/\/babylove.se\/no\/produkt\/elfenben-amningspute-ng-baby\/","og_site_name":"Babylove Norska","article_modified_time":"2026-04-08T06:46:05+00:00","og_image":[{"width":750,"height":623,"url":"https:\/\/babylove.se\/no\/wp-content\/uploads\/sites\/3\/2025\/07\/582e15c5ef216.jpeg","type":"image\/jpeg"}],"twitter_card":"summary_large_image","twitter_misc":{"Price":"599,00&nbsp;&#107;&#114;","Availability":"Out of stock"},"schema":{"@context":"https:\/\/schema.org","@graph":[{"@type":"WebPage","@id":"https:\/\/babylove.se\/no\/produkt\/elfenben-amningspute-ng-baby\/","url":"https:\/\/babylove.se\/no\/produkt\/elfenben-amningspute-ng-baby\/","name":"Ivory beige ammepute NG baby - Babylove Norska","isPartOf":{"@id":"https:\/\/babylove.se\/no\/#website"},"primaryImageOfPage":{"@id":"https:\/\/babylove.se\/no\/produkt\/elfenben-amningspute-ng-baby\/#primaryimage"},"image":{"@id":"https:\/\/babylove.se\/no\/produkt\/elfenben-amningspute-ng-baby\/#primaryimage"},"thumbnailUrl":"https:\/\/babylove.se\/no\/wp-content\/uploads\/sites\/3\/2025\/07\/582e15c5ef216.jpeg","datePublished":"2025-07-18T19:04:46+00:00","dateModified":"2026-04-08T06:46:05+00:00","breadcrumb":{"@id":"https:\/\/babylove.se\/no\/produkt\/elfenben-amningspute-ng-baby\/#breadcrumb"},"inLanguage":"nb-NO","potentialAction":[{"@type":"ReadAction","target":["https:\/\/babylove.se\/no\/produkt\/elfenben-amningspute-ng-baby\/"]}]},{"@type":"ImageObject","inLanguage":"nb-NO","@id":"https:\/\/babylove.se\/no\/produkt\/elfenben-amningspute-ng-baby\/#primaryimage","url":"https:\/\/babylove.se\/no\/wp-content\/uploads\/sites\/3\/2025\/07\/582e15c5ef216.jpeg","contentUrl":"https:\/\/babylove.se\/no\/wp-content\/uploads\/sites\/3\/2025\/07\/582e15c5ef216.jpeg","width":750,"height":623},{"@type":"BreadcrumbList","@id":"https:\/\/babylove.se\/no\/produkt\/elfenben-amningspute-ng-baby\/#breadcrumb","itemListElement":[{"@type":"ListItem","position":1,"name":"Hem","item":"https:\/\/babylove.se\/no\/"},{"@type":"ListItem","position":2,"name":"Butik","item":"https:\/\/babylove.se\/no\/butik\/"},{"@type":"ListItem","position":3,"name":"Ivory beige ammepute NG baby"}]},{"@type":"WebSite","@id":"https:\/\/babylove.se\/no\/#website","url":"https:\/\/babylove.se\/no\/","name":"Babylove Norska","description":"","potentialAction":[{"@type":"SearchAction","target":{"@type":"EntryPoint","urlTemplate":"https:\/\/babylove.se\/no\/?s={search_term_string}"},"query-input":{"@type":"PropertyValueSpecification","valueRequired":true,"valueName":"search_term_string"}}],"inLanguage":"nb-NO"}]},"product_brand":"Ng Baby","product_price_amount":"599.00","product_price_currency":"SEK","og_availability":"out of stock","product_availability":"out of stock","product_retailer_item_id":"803","product_condition":"new"},"_links":{"self":[{"href":"https:\/\/babylove.se\/no\/wp-json\/wp\/v2\/product\/1876","targetHints":{"allow":["GET"]}}],"collection":[{"href":"https:\/\/babylove.se\/no\/wp-json\/wp\/v2\/product"}],"about":[{"href":"https:\/\/babylove.se\/no\/wp-json\/wp\/v2\/types\/product"}],"replies":[{"embeddable":true,"href":"https:\/\/babylove.se\/no\/wp-json\/wp\/v2\/comments?post=1876"}],"wp:featuredmedia":[{"embeddable":true,"href":"https:\/\/babylove.se\/no\/wp-json\/wp\/v2\/media\/1878"}],"wp:attachment":[{"href":"https:\/\/babylove.se\/no\/wp-json\/wp\/v2\/media?parent=1876"}],"wp:term":[{"taxonomy":"product_brand","embeddable":true,"href":"https:\/\/babylove.se\/no\/wp-json\/wp\/v2\/product_brand?post=1876"},{"taxonomy":"product_cat","embeddable":true,"href":"https:\/\/babylove.se\/no\/wp-json\/wp\/v2\/product_cat?post=1876"},{"taxonomy":"product_tag","embeddable":true,"href":"https:\/\/babylove.se\/no\/wp-json\/wp\/v2\/product_tag?post=1876"}],"curies":[{"name":"wp","href":"https:\/\/api.w.org\/{rel}","templated":true}]}}