{"id":18777,"date":"2025-07-18T22:20:07","date_gmt":"2025-07-18T21:20:07","guid":{"rendered":"https:\/\/babylove.se\/produkt\/sangbord-till-barnrummet-stor-kameleont\/"},"modified":"2026-04-08T09:27:02","modified_gmt":"2026-04-08T08:27:02","slug":"sangbord-til-barnerommet-stor-kameleon","status":"publish","type":"product","link":"https:\/\/babylove.se\/no\/produkt\/sangbord-til-barnerommet-stor-kameleon\/","title":{"rendered":"Sengebord til barnerommet &#8211; Stor Kameleon"},"content":{"rendered":"<p>Superfint sengebord i tre til barnerommet. Skuffer kan brukes til \u00e5 oppbevare mindre gjenstander, leker eller nyttige ting til spedbarnet. <\/p>\n<p>Hyllen er perfekt for b\u00f8ker som barnet ditt lett kan n\u00e5. De to forskjellige niv\u00e5ene og de avsmalnende beina, gj\u00f8r at m\u00f8belet f\u00e5r et unikt utseende. Et komplett sengebord laget av tre og kryssfiner. <\/p>\n<p>Fargen er helt trygg for barn. Merk at strukturen p\u00e5 kryssfiner kan v\u00e6re synlig og har en mer robust f\u00f8lelse enn fabrikkproduserte m\u00f8bler, dette gir en ekstra sjarm til produktet. <\/p>\n<p><u>Du velger farger selv. Tilgjengelige farger finnes p\u00e5 andre bildet.<\/u> <\/p>\n<p><strong>M\u00e5l:<\/strong> H\u00f8yde: ca 50 cm. Dybde: ca 28 cm. Bredde: ca 49,5 cm.<\/p>\n","protected":false},"excerpt":{"rendered":"<p>Superfint sengebord i tre til barnerommet. Skuffer kan brukes til \u00e5 oppbevare mindre gjenstander, leker eller nyttige ting til spedbarnet. Hyllen er perfekt for b\u00f8ker som barnet ditt lett kan n\u00e5. De to forskjellige niv\u00e5ene og de avsmalnende beina, gj\u00f8r at m\u00f8belet f\u00e5r et unikt utseende. Et komplett sengebord laget av tre og kryssfiner. Fargen [&hellip;]<\/p>\n","protected":false},"featured_media":18779,"comment_status":"closed","ping_status":"closed","template":"","meta":{"_acf_changed":false},"product_brand":[78],"product_cat":[81,85,104],"product_tag":[1689],"class_list":{"0":"post-18777","1":"product","2":"type-product","3":"status-publish","4":"has-post-thumbnail","6":"product_brand-bambooko","7":"product_cat-bambooko","8":"product_cat-bord","9":"product_cat-sangbord","10":"product_tag-bestillingsvaror","12":"first","13":"instock","14":"taxable","15":"shipping-taxable","16":"purchasable","17":"product-type-simple"},"acf":[],"yoast_head":"<!-- This site is optimized with the Yoast SEO Premium plugin v25.8 (Yoast SEO v27.2) - https:\/\/yoast.com\/product\/yoast-seo-premium-wordpress\/ -->\n<title>Sengebord til barnerommet - Stor Kameleon - Babylove Norska<\/title>\n<meta name=\"robots\" content=\"noindex, follow, max-snippet:-1, max-image-preview:large, max-video-preview:-1\" \/>\n<meta property=\"og:locale\" content=\"nb_NO\" \/>\n<meta property=\"og:type\" content=\"article\" \/>\n<meta property=\"og:title\" content=\"Sengebord til barnerommet - Stor Kameleon\" \/>\n<meta property=\"og:description\" content=\"Superfint sengebord i tre til barnerommet. Skuffer kan brukes til \u00e5 oppbevare mindre gjenstander, leker eller nyttige ting til spedbarnet. Hyllen er perfekt for b\u00f8ker som barnet ditt lett kan n\u00e5. De to forskjellige niv\u00e5ene og de avsmalnende beina, gj\u00f8r at m\u00f8belet f\u00e5r et unikt utseende. Et komplett sengebord laget av tre og kryssfiner. Fargen [&hellip;]\" \/>\n<meta property=\"og:url\" content=\"https:\/\/babylove.se\/no\/produkt\/sangbord-til-barnerommet-stor-kameleon\/\" \/>\n<meta property=\"og:site_name\" content=\"Babylove Norska\" \/>\n<meta property=\"article:modified_time\" content=\"2026-04-08T08:27:02+00:00\" \/>\n<meta property=\"og:image\" content=\"https:\/\/babylove.se\/no\/wp-content\/uploads\/sites\/3\/2025\/07\/5f3131eb73e28.jpeg\" \/>\n\t<meta property=\"og:image:width\" content=\"750\" \/>\n\t<meta property=\"og:image:height\" content=\"500\" \/>\n\t<meta property=\"og:image:type\" content=\"image\/jpeg\" \/>\n<meta name=\"twitter:card\" content=\"summary_large_image\" \/>\n<meta name=\"twitter:label1\" content=\"Price\" \/>\n\t<meta name=\"twitter:data1\" content=\"3 699,00&nbsp;&#107;&#114;\" \/>\n\t<meta name=\"twitter:label2\" content=\"Availability\" \/>\n\t<meta name=\"twitter:data2\" content=\"In stock\" \/>\n<script type=\"application\/ld+json\" class=\"yoast-schema-graph\">{\"@context\":\"https:\/\/schema.org\",\"@graph\":[{\"@type\":\"WebPage\",\"@id\":\"https:\/\/babylove.se\/no\/produkt\/sangbord-til-barnerommet-stor-kameleon\/\",\"url\":\"https:\/\/babylove.se\/no\/produkt\/sangbord-til-barnerommet-stor-kameleon\/\",\"name\":\"Sengebord til barnerommet - Stor Kameleon - Babylove Norska\",\"isPartOf\":{\"@id\":\"https:\/\/babylove.se\/no\/#website\"},\"primaryImageOfPage\":{\"@id\":\"https:\/\/babylove.se\/no\/produkt\/sangbord-til-barnerommet-stor-kameleon\/#primaryimage\"},\"image\":{\"@id\":\"https:\/\/babylove.se\/no\/produkt\/sangbord-til-barnerommet-stor-kameleon\/#primaryimage\"},\"thumbnailUrl\":\"https:\/\/babylove.se\/no\/wp-content\/uploads\/sites\/3\/2025\/07\/5f3131eb73e28.jpeg\",\"datePublished\":\"2025-07-18T21:20:07+00:00\",\"dateModified\":\"2026-04-08T08:27:02+00:00\",\"breadcrumb\":{\"@id\":\"https:\/\/babylove.se\/no\/produkt\/sangbord-til-barnerommet-stor-kameleon\/#breadcrumb\"},\"inLanguage\":\"nb-NO\",\"potentialAction\":[{\"@type\":\"ReadAction\",\"target\":[\"https:\/\/babylove.se\/no\/produkt\/sangbord-til-barnerommet-stor-kameleon\/\"]}]},{\"@type\":\"ImageObject\",\"inLanguage\":\"nb-NO\",\"@id\":\"https:\/\/babylove.se\/no\/produkt\/sangbord-til-barnerommet-stor-kameleon\/#primaryimage\",\"url\":\"https:\/\/babylove.se\/no\/wp-content\/uploads\/sites\/3\/2025\/07\/5f3131eb73e28.jpeg\",\"contentUrl\":\"https:\/\/babylove.se\/no\/wp-content\/uploads\/sites\/3\/2025\/07\/5f3131eb73e28.jpeg\",\"width\":750,\"height\":500},{\"@type\":\"BreadcrumbList\",\"@id\":\"https:\/\/babylove.se\/no\/produkt\/sangbord-til-barnerommet-stor-kameleon\/#breadcrumb\",\"itemListElement\":[{\"@type\":\"ListItem\",\"position\":1,\"name\":\"Hem\",\"item\":\"https:\/\/babylove.se\/no\/\"},{\"@type\":\"ListItem\",\"position\":2,\"name\":\"Butik\",\"item\":\"https:\/\/babylove.se\/no\/butik\/\"},{\"@type\":\"ListItem\",\"position\":3,\"name\":\"Sengebord til barnerommet &#8211; Stor Kameleon\"}]},{\"@type\":\"WebSite\",\"@id\":\"https:\/\/babylove.se\/no\/#website\",\"url\":\"https:\/\/babylove.se\/no\/\",\"name\":\"Babylove Norska\",\"description\":\"\",\"potentialAction\":[{\"@type\":\"SearchAction\",\"target\":{\"@type\":\"EntryPoint\",\"urlTemplate\":\"https:\/\/babylove.se\/no\/?s={search_term_string}\"},\"query-input\":{\"@type\":\"PropertyValueSpecification\",\"valueRequired\":true,\"valueName\":\"search_term_string\"}}],\"inLanguage\":\"nb-NO\"}]}<\/script>\n<meta property=\"product:brand\" content=\"Bambooko\" \/>\n<meta property=\"product:price:amount\" content=\"3699.00\" \/>\n<meta property=\"product:price:currency\" content=\"SEK\" \/>\n<meta property=\"og:availability\" content=\"instock\" \/>\n<meta property=\"product:availability\" content=\"instock\" \/>\n<meta property=\"product:retailer_item_id\" content=\"3360\" \/>\n<meta property=\"product:condition\" content=\"new\" \/>\n<!-- \/ Yoast SEO Premium plugin. -->","yoast_head_json":{"title":"Sengebord til barnerommet - Stor Kameleon - Babylove Norska","robots":{"index":"noindex","follow":"follow","max-snippet":"max-snippet:-1","max-image-preview":"max-image-preview:large","max-video-preview":"max-video-preview:-1"},"og_locale":"nb_NO","og_type":"article","og_title":"Sengebord til barnerommet - Stor Kameleon","og_description":"Superfint sengebord i tre til barnerommet. Skuffer kan brukes til \u00e5 oppbevare mindre gjenstander, leker eller nyttige ting til spedbarnet. Hyllen er perfekt for b\u00f8ker som barnet ditt lett kan n\u00e5. De to forskjellige niv\u00e5ene og de avsmalnende beina, gj\u00f8r at m\u00f8belet f\u00e5r et unikt utseende. Et komplett sengebord laget av tre og kryssfiner. Fargen [&hellip;]","og_url":"https:\/\/babylove.se\/no\/produkt\/sangbord-til-barnerommet-stor-kameleon\/","og_site_name":"Babylove Norska","article_modified_time":"2026-04-08T08:27:02+00:00","og_image":[{"width":750,"height":500,"url":"https:\/\/babylove.se\/no\/wp-content\/uploads\/sites\/3\/2025\/07\/5f3131eb73e28.jpeg","type":"image\/jpeg"}],"twitter_card":"summary_large_image","twitter_misc":{"Price":"3 699,00&nbsp;&#107;&#114;","Availability":"In stock"},"schema":{"@context":"https:\/\/schema.org","@graph":[{"@type":"WebPage","@id":"https:\/\/babylove.se\/no\/produkt\/sangbord-til-barnerommet-stor-kameleon\/","url":"https:\/\/babylove.se\/no\/produkt\/sangbord-til-barnerommet-stor-kameleon\/","name":"Sengebord til barnerommet - Stor Kameleon - Babylove Norska","isPartOf":{"@id":"https:\/\/babylove.se\/no\/#website"},"primaryImageOfPage":{"@id":"https:\/\/babylove.se\/no\/produkt\/sangbord-til-barnerommet-stor-kameleon\/#primaryimage"},"image":{"@id":"https:\/\/babylove.se\/no\/produkt\/sangbord-til-barnerommet-stor-kameleon\/#primaryimage"},"thumbnailUrl":"https:\/\/babylove.se\/no\/wp-content\/uploads\/sites\/3\/2025\/07\/5f3131eb73e28.jpeg","datePublished":"2025-07-18T21:20:07+00:00","dateModified":"2026-04-08T08:27:02+00:00","breadcrumb":{"@id":"https:\/\/babylove.se\/no\/produkt\/sangbord-til-barnerommet-stor-kameleon\/#breadcrumb"},"inLanguage":"nb-NO","potentialAction":[{"@type":"ReadAction","target":["https:\/\/babylove.se\/no\/produkt\/sangbord-til-barnerommet-stor-kameleon\/"]}]},{"@type":"ImageObject","inLanguage":"nb-NO","@id":"https:\/\/babylove.se\/no\/produkt\/sangbord-til-barnerommet-stor-kameleon\/#primaryimage","url":"https:\/\/babylove.se\/no\/wp-content\/uploads\/sites\/3\/2025\/07\/5f3131eb73e28.jpeg","contentUrl":"https:\/\/babylove.se\/no\/wp-content\/uploads\/sites\/3\/2025\/07\/5f3131eb73e28.jpeg","width":750,"height":500},{"@type":"BreadcrumbList","@id":"https:\/\/babylove.se\/no\/produkt\/sangbord-til-barnerommet-stor-kameleon\/#breadcrumb","itemListElement":[{"@type":"ListItem","position":1,"name":"Hem","item":"https:\/\/babylove.se\/no\/"},{"@type":"ListItem","position":2,"name":"Butik","item":"https:\/\/babylove.se\/no\/butik\/"},{"@type":"ListItem","position":3,"name":"Sengebord til barnerommet &#8211; Stor Kameleon"}]},{"@type":"WebSite","@id":"https:\/\/babylove.se\/no\/#website","url":"https:\/\/babylove.se\/no\/","name":"Babylove Norska","description":"","potentialAction":[{"@type":"SearchAction","target":{"@type":"EntryPoint","urlTemplate":"https:\/\/babylove.se\/no\/?s={search_term_string}"},"query-input":{"@type":"PropertyValueSpecification","valueRequired":true,"valueName":"search_term_string"}}],"inLanguage":"nb-NO"}]},"product_brand":"Bambooko","product_price_amount":"3699.00","product_price_currency":"SEK","og_availability":"instock","product_availability":"instock","product_retailer_item_id":"3360","product_condition":"new"},"_links":{"self":[{"href":"https:\/\/babylove.se\/no\/wp-json\/wp\/v2\/product\/18777","targetHints":{"allow":["GET"]}}],"collection":[{"href":"https:\/\/babylove.se\/no\/wp-json\/wp\/v2\/product"}],"about":[{"href":"https:\/\/babylove.se\/no\/wp-json\/wp\/v2\/types\/product"}],"replies":[{"embeddable":true,"href":"https:\/\/babylove.se\/no\/wp-json\/wp\/v2\/comments?post=18777"}],"wp:featuredmedia":[{"embeddable":true,"href":"https:\/\/babylove.se\/no\/wp-json\/wp\/v2\/media\/18779"}],"wp:attachment":[{"href":"https:\/\/babylove.se\/no\/wp-json\/wp\/v2\/media?parent=18777"}],"wp:term":[{"taxonomy":"product_brand","embeddable":true,"href":"https:\/\/babylove.se\/no\/wp-json\/wp\/v2\/product_brand?post=18777"},{"taxonomy":"product_cat","embeddable":true,"href":"https:\/\/babylove.se\/no\/wp-json\/wp\/v2\/product_cat?post=18777"},{"taxonomy":"product_tag","embeddable":true,"href":"https:\/\/babylove.se\/no\/wp-json\/wp\/v2\/product_tag?post=18777"}],"curies":[{"name":"wp","href":"https:\/\/api.w.org\/{rel}","templated":true}]}}