{"id":18791,"date":"2025-07-18T22:20:07","date_gmt":"2025-07-18T21:20:07","guid":{"rendered":"https:\/\/babylove.se\/produkt\/gra-loftsang-med-rutschkana\/"},"modified":"2026-04-08T09:27:08","modified_gmt":"2026-04-08T08:27:08","slug":"gra-loftsseng-med-rutsjebane","status":"publish","type":"product","link":"https:\/\/babylove.se\/no\/produkt\/gra-loftsseng-med-rutsjebane\/","title":{"rendered":"Gr\u00e5 loftsseng med rutsjebane"},"content":{"rendered":"<p>En fin k\u00f8yseng med sklie. \u00c5 finne en sove- og lekeplass som b\u00e5de er praktisk og pen er ikke enkelt, men her er svaret p\u00e5 det. Overdelen er utstyrt med ordentlige vernekanter hele veien rundt og alle kanter er avrundede, alt for ditt barns beste.&nbsp;<\/p>\n<p>K\u00f8ysenga er laget helt i massiv furu som gj\u00f8r den stabil og solid. Den er malt i hvitt men man har latt trefiberene skinne igjennom for \u00e5 skape en herlig karakter p\u00e5 barnesenga. &nbsp;Stigen &amp; Sklien kan plasseres p\u00e5 \u00f8nsket side<\/p>\n<ul>\n<li>Materiale: Massiv furu&nbsp;<\/li>\n<li>Sengem\u00e5l: 90 x 200&nbsp;<\/li>\n<li>Makslast: 80 kg<\/li>\n<li>Dybde: 207,5 cm<\/li>\n<li>Bredde 220 cm<\/li>\n<li>H\u00f8yde: 110 cm<\/li>\n<\/ul>\n<p>Madrass inng\u00e5r ikke, men ta gjerne en titt i v\u00e5rt store madrassutvalg. Vi anbefaler en skummadrass med tykkelse p\u00e5 ca 10-12 cm.<\/p>\n<p><em><em><em><em><em>Obs! Senga leveres umontert og b\u00f8r settes sammen i rommet den skal brukes i.<\/em><\/em><\/em><\/em><\/em><\/p>\n","protected":false},"excerpt":{"rendered":"<p>En fin k\u00f8yseng med sklie. \u00c5 finne en sove- og lekeplass som b\u00e5de er praktisk og pen er ikke enkelt, men her er svaret p\u00e5 det. Overdelen er utstyrt med ordentlige vernekanter hele veien rundt og alle kanter er avrundede, alt for ditt barns beste.&nbsp; K\u00f8ysenga er laget helt i massiv furu som gj\u00f8r den [&hellip;]<\/p>\n","protected":false},"featured_media":18793,"comment_status":"closed","ping_status":"open","template":"","meta":{"_acf_changed":false},"product_brand":[671],"product_cat":[654,110,672,385,280,40],"product_tag":[1689],"class_list":{"0":"post-18791","1":"product","2":"type-product","3":"status-publish","4":"has-post-thumbnail","6":"product_brand-homestyle4u","7":"product_cat-black-week","8":"product_cat-cyber-monday","9":"product_cat-hm","10":"product_cat-koyesenger-loftsenger","11":"product_cat-senger-med-rask-levering","12":"product_cat-soverom-barn","13":"product_tag-bestillingsvaror","15":"first","16":"instock","17":"taxable","18":"shipping-taxable","19":"purchasable","20":"product-type-simple"},"acf":[],"yoast_head":"<!-- This site is optimized with the Yoast SEO Premium plugin v25.8 (Yoast SEO v27.2) - https:\/\/yoast.com\/product\/yoast-seo-premium-wordpress\/ -->\n<title>Gr\u00e5 loftsseng med rutsjebane - Babylove Norska<\/title>\n<meta name=\"robots\" content=\"noindex, follow, max-snippet:-1, max-image-preview:large, max-video-preview:-1\" \/>\n<meta property=\"og:locale\" content=\"nb_NO\" \/>\n<meta property=\"og:type\" content=\"article\" \/>\n<meta property=\"og:title\" content=\"Gr\u00e5 loftsseng med rutsjebane\" \/>\n<meta property=\"og:description\" content=\"En fin k\u00f8yseng med sklie. \u00c5 finne en sove- og lekeplass som b\u00e5de er praktisk og pen er ikke enkelt, men her er svaret p\u00e5 det. Overdelen er utstyrt med ordentlige vernekanter hele veien rundt og alle kanter er avrundede, alt for ditt barns beste.&nbsp; K\u00f8ysenga er laget helt i massiv furu som gj\u00f8r den [&hellip;]\" \/>\n<meta property=\"og:url\" content=\"https:\/\/babylove.se\/no\/produkt\/gra-loftsseng-med-rutsjebane\/\" \/>\n<meta property=\"og:site_name\" content=\"Babylove Norska\" \/>\n<meta property=\"article:modified_time\" content=\"2026-04-08T08:27:08+00:00\" \/>\n<meta property=\"og:image\" content=\"https:\/\/babylove.se\/no\/wp-content\/uploads\/sites\/3\/2025\/07\/5f31395e3dc69.jpeg\" \/>\n\t<meta property=\"og:image:width\" content=\"750\" \/>\n\t<meta property=\"og:image:height\" content=\"750\" \/>\n\t<meta property=\"og:image:type\" content=\"image\/jpeg\" \/>\n<meta name=\"twitter:card\" content=\"summary_large_image\" \/>\n<meta name=\"twitter:label1\" content=\"Price\" \/>\n\t<meta name=\"twitter:data1\" content=\"2 999,00&nbsp;&#107;&#114;\" \/>\n\t<meta name=\"twitter:label2\" content=\"Availability\" \/>\n\t<meta name=\"twitter:data2\" content=\"In stock\" \/>\n<script type=\"application\/ld+json\" class=\"yoast-schema-graph\">{\"@context\":\"https:\/\/schema.org\",\"@graph\":[{\"@type\":\"WebPage\",\"@id\":\"https:\/\/babylove.se\/no\/produkt\/gra-loftsseng-med-rutsjebane\/\",\"url\":\"https:\/\/babylove.se\/no\/produkt\/gra-loftsseng-med-rutsjebane\/\",\"name\":\"Gr\u00e5 loftsseng med rutsjebane - Babylove Norska\",\"isPartOf\":{\"@id\":\"https:\/\/babylove.se\/no\/#website\"},\"primaryImageOfPage\":{\"@id\":\"https:\/\/babylove.se\/no\/produkt\/gra-loftsseng-med-rutsjebane\/#primaryimage\"},\"image\":{\"@id\":\"https:\/\/babylove.se\/no\/produkt\/gra-loftsseng-med-rutsjebane\/#primaryimage\"},\"thumbnailUrl\":\"https:\/\/babylove.se\/no\/wp-content\/uploads\/sites\/3\/2025\/07\/5f31395e3dc69.jpeg\",\"datePublished\":\"2025-07-18T21:20:07+00:00\",\"dateModified\":\"2026-04-08T08:27:08+00:00\",\"breadcrumb\":{\"@id\":\"https:\/\/babylove.se\/no\/produkt\/gra-loftsseng-med-rutsjebane\/#breadcrumb\"},\"inLanguage\":\"nb-NO\",\"potentialAction\":[{\"@type\":\"ReadAction\",\"target\":[\"https:\/\/babylove.se\/no\/produkt\/gra-loftsseng-med-rutsjebane\/\"]}]},{\"@type\":\"ImageObject\",\"inLanguage\":\"nb-NO\",\"@id\":\"https:\/\/babylove.se\/no\/produkt\/gra-loftsseng-med-rutsjebane\/#primaryimage\",\"url\":\"https:\/\/babylove.se\/no\/wp-content\/uploads\/sites\/3\/2025\/07\/5f31395e3dc69.jpeg\",\"contentUrl\":\"https:\/\/babylove.se\/no\/wp-content\/uploads\/sites\/3\/2025\/07\/5f31395e3dc69.jpeg\",\"width\":750,\"height\":750},{\"@type\":\"BreadcrumbList\",\"@id\":\"https:\/\/babylove.se\/no\/produkt\/gra-loftsseng-med-rutsjebane\/#breadcrumb\",\"itemListElement\":[{\"@type\":\"ListItem\",\"position\":1,\"name\":\"Hem\",\"item\":\"https:\/\/babylove.se\/no\/\"},{\"@type\":\"ListItem\",\"position\":2,\"name\":\"Butik\",\"item\":\"https:\/\/babylove.se\/no\/butik\/\"},{\"@type\":\"ListItem\",\"position\":3,\"name\":\"Gr\u00e5 loftsseng med rutsjebane\"}]},{\"@type\":\"WebSite\",\"@id\":\"https:\/\/babylove.se\/no\/#website\",\"url\":\"https:\/\/babylove.se\/no\/\",\"name\":\"Babylove Norska\",\"description\":\"\",\"potentialAction\":[{\"@type\":\"SearchAction\",\"target\":{\"@type\":\"EntryPoint\",\"urlTemplate\":\"https:\/\/babylove.se\/no\/?s={search_term_string}\"},\"query-input\":{\"@type\":\"PropertyValueSpecification\",\"valueRequired\":true,\"valueName\":\"search_term_string\"}}],\"inLanguage\":\"nb-NO\"}]}<\/script>\n<meta property=\"product:brand\" content=\"Homestyle4u\" \/>\n<meta property=\"product:price:amount\" content=\"2999.00\" \/>\n<meta property=\"product:price:currency\" content=\"SEK\" \/>\n<meta property=\"og:availability\" content=\"instock\" \/>\n<meta property=\"product:availability\" content=\"instock\" \/>\n<meta property=\"product:retailer_item_id\" content=\"1862\" \/>\n<meta property=\"product:condition\" content=\"new\" \/>\n<!-- \/ Yoast SEO Premium plugin. -->","yoast_head_json":{"title":"Gr\u00e5 loftsseng med rutsjebane - Babylove Norska","robots":{"index":"noindex","follow":"follow","max-snippet":"max-snippet:-1","max-image-preview":"max-image-preview:large","max-video-preview":"max-video-preview:-1"},"og_locale":"nb_NO","og_type":"article","og_title":"Gr\u00e5 loftsseng med rutsjebane","og_description":"En fin k\u00f8yseng med sklie. \u00c5 finne en sove- og lekeplass som b\u00e5de er praktisk og pen er ikke enkelt, men her er svaret p\u00e5 det. Overdelen er utstyrt med ordentlige vernekanter hele veien rundt og alle kanter er avrundede, alt for ditt barns beste.&nbsp; K\u00f8ysenga er laget helt i massiv furu som gj\u00f8r den [&hellip;]","og_url":"https:\/\/babylove.se\/no\/produkt\/gra-loftsseng-med-rutsjebane\/","og_site_name":"Babylove Norska","article_modified_time":"2026-04-08T08:27:08+00:00","og_image":[{"width":750,"height":750,"url":"https:\/\/babylove.se\/no\/wp-content\/uploads\/sites\/3\/2025\/07\/5f31395e3dc69.jpeg","type":"image\/jpeg"}],"twitter_card":"summary_large_image","twitter_misc":{"Price":"2 999,00&nbsp;&#107;&#114;","Availability":"In stock"},"schema":{"@context":"https:\/\/schema.org","@graph":[{"@type":"WebPage","@id":"https:\/\/babylove.se\/no\/produkt\/gra-loftsseng-med-rutsjebane\/","url":"https:\/\/babylove.se\/no\/produkt\/gra-loftsseng-med-rutsjebane\/","name":"Gr\u00e5 loftsseng med rutsjebane - Babylove Norska","isPartOf":{"@id":"https:\/\/babylove.se\/no\/#website"},"primaryImageOfPage":{"@id":"https:\/\/babylove.se\/no\/produkt\/gra-loftsseng-med-rutsjebane\/#primaryimage"},"image":{"@id":"https:\/\/babylove.se\/no\/produkt\/gra-loftsseng-med-rutsjebane\/#primaryimage"},"thumbnailUrl":"https:\/\/babylove.se\/no\/wp-content\/uploads\/sites\/3\/2025\/07\/5f31395e3dc69.jpeg","datePublished":"2025-07-18T21:20:07+00:00","dateModified":"2026-04-08T08:27:08+00:00","breadcrumb":{"@id":"https:\/\/babylove.se\/no\/produkt\/gra-loftsseng-med-rutsjebane\/#breadcrumb"},"inLanguage":"nb-NO","potentialAction":[{"@type":"ReadAction","target":["https:\/\/babylove.se\/no\/produkt\/gra-loftsseng-med-rutsjebane\/"]}]},{"@type":"ImageObject","inLanguage":"nb-NO","@id":"https:\/\/babylove.se\/no\/produkt\/gra-loftsseng-med-rutsjebane\/#primaryimage","url":"https:\/\/babylove.se\/no\/wp-content\/uploads\/sites\/3\/2025\/07\/5f31395e3dc69.jpeg","contentUrl":"https:\/\/babylove.se\/no\/wp-content\/uploads\/sites\/3\/2025\/07\/5f31395e3dc69.jpeg","width":750,"height":750},{"@type":"BreadcrumbList","@id":"https:\/\/babylove.se\/no\/produkt\/gra-loftsseng-med-rutsjebane\/#breadcrumb","itemListElement":[{"@type":"ListItem","position":1,"name":"Hem","item":"https:\/\/babylove.se\/no\/"},{"@type":"ListItem","position":2,"name":"Butik","item":"https:\/\/babylove.se\/no\/butik\/"},{"@type":"ListItem","position":3,"name":"Gr\u00e5 loftsseng med rutsjebane"}]},{"@type":"WebSite","@id":"https:\/\/babylove.se\/no\/#website","url":"https:\/\/babylove.se\/no\/","name":"Babylove Norska","description":"","potentialAction":[{"@type":"SearchAction","target":{"@type":"EntryPoint","urlTemplate":"https:\/\/babylove.se\/no\/?s={search_term_string}"},"query-input":{"@type":"PropertyValueSpecification","valueRequired":true,"valueName":"search_term_string"}}],"inLanguage":"nb-NO"}]},"product_brand":"Homestyle4u","product_price_amount":"2999.00","product_price_currency":"SEK","og_availability":"instock","product_availability":"instock","product_retailer_item_id":"1862","product_condition":"new"},"_links":{"self":[{"href":"https:\/\/babylove.se\/no\/wp-json\/wp\/v2\/product\/18791","targetHints":{"allow":["GET"]}}],"collection":[{"href":"https:\/\/babylove.se\/no\/wp-json\/wp\/v2\/product"}],"about":[{"href":"https:\/\/babylove.se\/no\/wp-json\/wp\/v2\/types\/product"}],"replies":[{"embeddable":true,"href":"https:\/\/babylove.se\/no\/wp-json\/wp\/v2\/comments?post=18791"}],"wp:featuredmedia":[{"embeddable":true,"href":"https:\/\/babylove.se\/no\/wp-json\/wp\/v2\/media\/18793"}],"wp:attachment":[{"href":"https:\/\/babylove.se\/no\/wp-json\/wp\/v2\/media?parent=18791"}],"wp:term":[{"taxonomy":"product_brand","embeddable":true,"href":"https:\/\/babylove.se\/no\/wp-json\/wp\/v2\/product_brand?post=18791"},{"taxonomy":"product_cat","embeddable":true,"href":"https:\/\/babylove.se\/no\/wp-json\/wp\/v2\/product_cat?post=18791"},{"taxonomy":"product_tag","embeddable":true,"href":"https:\/\/babylove.se\/no\/wp-json\/wp\/v2\/product_tag?post=18791"}],"curies":[{"name":"wp","href":"https:\/\/api.w.org\/{rel}","templated":true}]}}