{"id":18828,"date":"2025-07-18T22:20:37","date_gmt":"2025-07-18T21:20:37","guid":{"rendered":"https:\/\/babylove.se\/produkt\/stor-bokhylla-i-tra-till-barnrummet\/"},"modified":"2026-04-08T09:27:22","modified_gmt":"2026-04-08T08:27:22","slug":"stor-bokhylle-i-tre-til-barnerommet","status":"publish","type":"product","link":"https:\/\/babylove.se\/no\/produkt\/stor-bokhylle-i-tre-til-barnerommet\/","title":{"rendered":"Stor bokhylle i tre til barnerommet"},"content":{"rendered":"<p>En fin og enkel bokhylle for barnerommet. Det er en romslig bokhylle hvor barnet kan oppbevare sine mest verdifulle og fineste b\u00f8ker. <\/p>\n<p>Du velger selv hvilken farge du vil ha p\u00e5 hyllen og kan p\u00e5 den m\u00e5ten tilpasse den helt etter innredningen i akkurat ditt barnerom <\/p>\n<p><strong>M\u00e5l<\/strong>: Total h\u00f8yde: 110 cm og bredde 55 cm. Dybden er 10 cm <\/p>\n<p><u>Tilgjengelige<\/u><u> farger finner du p\u00e5 det andre bildet.<\/u><\/p>\n","protected":false},"excerpt":{"rendered":"<p>En fin og enkel bokhylle for barnerommet. Det er en romslig bokhylle hvor barnet kan oppbevare sine mest verdifulle og fineste b\u00f8ker. Du velger selv hvilken farge du vil ha p\u00e5 hyllen og kan p\u00e5 den m\u00e5ten tilpasse den helt etter innredningen i akkurat ditt barnerom M\u00e5l: Total h\u00f8yde: 110 cm og bredde 55 cm. [&hellip;]<\/p>\n","protected":false},"featured_media":18830,"comment_status":"closed","ping_status":"closed","template":"","meta":{"_acf_changed":false},"product_brand":[78],"product_cat":[147,81,146,87,43],"product_tag":[1689],"class_list":{"0":"post-18828","1":"product","2":"type-product","3":"status-publish","4":"has-post-thumbnail","6":"product_brand-bambooko","7":"product_cat-back-to-school","8":"product_cat-bambooko","9":"product_cat-bokoppbevaring","10":"product_cat-hyller","11":"product_cat-oppbevaringskurver","12":"product_tag-bestillingsvaror","14":"first","15":"instock","16":"taxable","17":"shipping-taxable","18":"purchasable","19":"product-type-simple"},"acf":[],"yoast_head":"<!-- This site is optimized with the Yoast SEO Premium plugin v25.8 (Yoast SEO v27.2) - https:\/\/yoast.com\/product\/yoast-seo-premium-wordpress\/ -->\n<title>Stor bokhylle i tre til barnerommet - Babylove Norska<\/title>\n<meta name=\"robots\" content=\"noindex, follow, max-snippet:-1, max-image-preview:large, max-video-preview:-1\" \/>\n<meta property=\"og:locale\" content=\"nb_NO\" \/>\n<meta property=\"og:type\" content=\"article\" \/>\n<meta property=\"og:title\" content=\"Stor bokhylle i tre til barnerommet\" \/>\n<meta property=\"og:description\" content=\"En fin og enkel bokhylle for barnerommet. Det er en romslig bokhylle hvor barnet kan oppbevare sine mest verdifulle og fineste b\u00f8ker. Du velger selv hvilken farge du vil ha p\u00e5 hyllen og kan p\u00e5 den m\u00e5ten tilpasse den helt etter innredningen i akkurat ditt barnerom M\u00e5l: Total h\u00f8yde: 110 cm og bredde 55 cm. [&hellip;]\" \/>\n<meta property=\"og:url\" content=\"https:\/\/babylove.se\/no\/produkt\/stor-bokhylle-i-tre-til-barnerommet\/\" \/>\n<meta property=\"og:site_name\" content=\"Babylove Norska\" \/>\n<meta property=\"article:modified_time\" content=\"2026-04-08T08:27:22+00:00\" \/>\n<meta property=\"og:image\" content=\"https:\/\/babylove.se\/no\/wp-content\/uploads\/sites\/3\/2025\/07\/5f3158c424b2c.jpeg\" \/>\n\t<meta property=\"og:image:width\" content=\"750\" \/>\n\t<meta property=\"og:image:height\" content=\"535\" \/>\n\t<meta property=\"og:image:type\" content=\"image\/jpeg\" \/>\n<meta name=\"twitter:card\" content=\"summary_large_image\" \/>\n<meta name=\"twitter:label1\" content=\"Price\" \/>\n\t<meta name=\"twitter:data1\" content=\"2 899,00&nbsp;&#107;&#114;\" \/>\n\t<meta name=\"twitter:label2\" content=\"Availability\" \/>\n\t<meta name=\"twitter:data2\" content=\"In stock\" \/>\n<script type=\"application\/ld+json\" class=\"yoast-schema-graph\">{\"@context\":\"https:\/\/schema.org\",\"@graph\":[{\"@type\":\"WebPage\",\"@id\":\"https:\/\/babylove.se\/no\/produkt\/stor-bokhylle-i-tre-til-barnerommet\/\",\"url\":\"https:\/\/babylove.se\/no\/produkt\/stor-bokhylle-i-tre-til-barnerommet\/\",\"name\":\"Stor bokhylle i tre til barnerommet - Babylove Norska\",\"isPartOf\":{\"@id\":\"https:\/\/babylove.se\/no\/#website\"},\"primaryImageOfPage\":{\"@id\":\"https:\/\/babylove.se\/no\/produkt\/stor-bokhylle-i-tre-til-barnerommet\/#primaryimage\"},\"image\":{\"@id\":\"https:\/\/babylove.se\/no\/produkt\/stor-bokhylle-i-tre-til-barnerommet\/#primaryimage\"},\"thumbnailUrl\":\"https:\/\/babylove.se\/no\/wp-content\/uploads\/sites\/3\/2025\/07\/5f3158c424b2c.jpeg\",\"datePublished\":\"2025-07-18T21:20:37+00:00\",\"dateModified\":\"2026-04-08T08:27:22+00:00\",\"breadcrumb\":{\"@id\":\"https:\/\/babylove.se\/no\/produkt\/stor-bokhylle-i-tre-til-barnerommet\/#breadcrumb\"},\"inLanguage\":\"nb-NO\",\"potentialAction\":[{\"@type\":\"ReadAction\",\"target\":[\"https:\/\/babylove.se\/no\/produkt\/stor-bokhylle-i-tre-til-barnerommet\/\"]}]},{\"@type\":\"ImageObject\",\"inLanguage\":\"nb-NO\",\"@id\":\"https:\/\/babylove.se\/no\/produkt\/stor-bokhylle-i-tre-til-barnerommet\/#primaryimage\",\"url\":\"https:\/\/babylove.se\/no\/wp-content\/uploads\/sites\/3\/2025\/07\/5f3158c424b2c.jpeg\",\"contentUrl\":\"https:\/\/babylove.se\/no\/wp-content\/uploads\/sites\/3\/2025\/07\/5f3158c424b2c.jpeg\",\"width\":750,\"height\":535},{\"@type\":\"BreadcrumbList\",\"@id\":\"https:\/\/babylove.se\/no\/produkt\/stor-bokhylle-i-tre-til-barnerommet\/#breadcrumb\",\"itemListElement\":[{\"@type\":\"ListItem\",\"position\":1,\"name\":\"Hem\",\"item\":\"https:\/\/babylove.se\/no\/\"},{\"@type\":\"ListItem\",\"position\":2,\"name\":\"Butik\",\"item\":\"https:\/\/babylove.se\/no\/butik\/\"},{\"@type\":\"ListItem\",\"position\":3,\"name\":\"Stor bokhylle i tre til barnerommet\"}]},{\"@type\":\"WebSite\",\"@id\":\"https:\/\/babylove.se\/no\/#website\",\"url\":\"https:\/\/babylove.se\/no\/\",\"name\":\"Babylove Norska\",\"description\":\"\",\"potentialAction\":[{\"@type\":\"SearchAction\",\"target\":{\"@type\":\"EntryPoint\",\"urlTemplate\":\"https:\/\/babylove.se\/no\/?s={search_term_string}\"},\"query-input\":{\"@type\":\"PropertyValueSpecification\",\"valueRequired\":true,\"valueName\":\"search_term_string\"}}],\"inLanguage\":\"nb-NO\"}]}<\/script>\n<meta property=\"product:brand\" content=\"Bambooko\" \/>\n<meta property=\"product:price:amount\" content=\"2899.00\" \/>\n<meta property=\"product:price:currency\" content=\"SEK\" \/>\n<meta property=\"og:availability\" content=\"instock\" \/>\n<meta property=\"product:availability\" content=\"instock\" \/>\n<meta property=\"product:retailer_item_id\" content=\"3367\" \/>\n<meta property=\"product:condition\" content=\"new\" \/>\n<!-- \/ Yoast SEO Premium plugin. -->","yoast_head_json":{"title":"Stor bokhylle i tre til barnerommet - Babylove Norska","robots":{"index":"noindex","follow":"follow","max-snippet":"max-snippet:-1","max-image-preview":"max-image-preview:large","max-video-preview":"max-video-preview:-1"},"og_locale":"nb_NO","og_type":"article","og_title":"Stor bokhylle i tre til barnerommet","og_description":"En fin og enkel bokhylle for barnerommet. Det er en romslig bokhylle hvor barnet kan oppbevare sine mest verdifulle og fineste b\u00f8ker. Du velger selv hvilken farge du vil ha p\u00e5 hyllen og kan p\u00e5 den m\u00e5ten tilpasse den helt etter innredningen i akkurat ditt barnerom M\u00e5l: Total h\u00f8yde: 110 cm og bredde 55 cm. [&hellip;]","og_url":"https:\/\/babylove.se\/no\/produkt\/stor-bokhylle-i-tre-til-barnerommet\/","og_site_name":"Babylove Norska","article_modified_time":"2026-04-08T08:27:22+00:00","og_image":[{"width":750,"height":535,"url":"https:\/\/babylove.se\/no\/wp-content\/uploads\/sites\/3\/2025\/07\/5f3158c424b2c.jpeg","type":"image\/jpeg"}],"twitter_card":"summary_large_image","twitter_misc":{"Price":"2 899,00&nbsp;&#107;&#114;","Availability":"In stock"},"schema":{"@context":"https:\/\/schema.org","@graph":[{"@type":"WebPage","@id":"https:\/\/babylove.se\/no\/produkt\/stor-bokhylle-i-tre-til-barnerommet\/","url":"https:\/\/babylove.se\/no\/produkt\/stor-bokhylle-i-tre-til-barnerommet\/","name":"Stor bokhylle i tre til barnerommet - Babylove Norska","isPartOf":{"@id":"https:\/\/babylove.se\/no\/#website"},"primaryImageOfPage":{"@id":"https:\/\/babylove.se\/no\/produkt\/stor-bokhylle-i-tre-til-barnerommet\/#primaryimage"},"image":{"@id":"https:\/\/babylove.se\/no\/produkt\/stor-bokhylle-i-tre-til-barnerommet\/#primaryimage"},"thumbnailUrl":"https:\/\/babylove.se\/no\/wp-content\/uploads\/sites\/3\/2025\/07\/5f3158c424b2c.jpeg","datePublished":"2025-07-18T21:20:37+00:00","dateModified":"2026-04-08T08:27:22+00:00","breadcrumb":{"@id":"https:\/\/babylove.se\/no\/produkt\/stor-bokhylle-i-tre-til-barnerommet\/#breadcrumb"},"inLanguage":"nb-NO","potentialAction":[{"@type":"ReadAction","target":["https:\/\/babylove.se\/no\/produkt\/stor-bokhylle-i-tre-til-barnerommet\/"]}]},{"@type":"ImageObject","inLanguage":"nb-NO","@id":"https:\/\/babylove.se\/no\/produkt\/stor-bokhylle-i-tre-til-barnerommet\/#primaryimage","url":"https:\/\/babylove.se\/no\/wp-content\/uploads\/sites\/3\/2025\/07\/5f3158c424b2c.jpeg","contentUrl":"https:\/\/babylove.se\/no\/wp-content\/uploads\/sites\/3\/2025\/07\/5f3158c424b2c.jpeg","width":750,"height":535},{"@type":"BreadcrumbList","@id":"https:\/\/babylove.se\/no\/produkt\/stor-bokhylle-i-tre-til-barnerommet\/#breadcrumb","itemListElement":[{"@type":"ListItem","position":1,"name":"Hem","item":"https:\/\/babylove.se\/no\/"},{"@type":"ListItem","position":2,"name":"Butik","item":"https:\/\/babylove.se\/no\/butik\/"},{"@type":"ListItem","position":3,"name":"Stor bokhylle i tre til barnerommet"}]},{"@type":"WebSite","@id":"https:\/\/babylove.se\/no\/#website","url":"https:\/\/babylove.se\/no\/","name":"Babylove Norska","description":"","potentialAction":[{"@type":"SearchAction","target":{"@type":"EntryPoint","urlTemplate":"https:\/\/babylove.se\/no\/?s={search_term_string}"},"query-input":{"@type":"PropertyValueSpecification","valueRequired":true,"valueName":"search_term_string"}}],"inLanguage":"nb-NO"}]},"product_brand":"Bambooko","product_price_amount":"2899.00","product_price_currency":"SEK","og_availability":"instock","product_availability":"instock","product_retailer_item_id":"3367","product_condition":"new"},"_links":{"self":[{"href":"https:\/\/babylove.se\/no\/wp-json\/wp\/v2\/product\/18828","targetHints":{"allow":["GET"]}}],"collection":[{"href":"https:\/\/babylove.se\/no\/wp-json\/wp\/v2\/product"}],"about":[{"href":"https:\/\/babylove.se\/no\/wp-json\/wp\/v2\/types\/product"}],"replies":[{"embeddable":true,"href":"https:\/\/babylove.se\/no\/wp-json\/wp\/v2\/comments?post=18828"}],"wp:featuredmedia":[{"embeddable":true,"href":"https:\/\/babylove.se\/no\/wp-json\/wp\/v2\/media\/18830"}],"wp:attachment":[{"href":"https:\/\/babylove.se\/no\/wp-json\/wp\/v2\/media?parent=18828"}],"wp:term":[{"taxonomy":"product_brand","embeddable":true,"href":"https:\/\/babylove.se\/no\/wp-json\/wp\/v2\/product_brand?post=18828"},{"taxonomy":"product_cat","embeddable":true,"href":"https:\/\/babylove.se\/no\/wp-json\/wp\/v2\/product_cat?post=18828"},{"taxonomy":"product_tag","embeddable":true,"href":"https:\/\/babylove.se\/no\/wp-json\/wp\/v2\/product_tag?post=18828"}],"curies":[{"name":"wp","href":"https:\/\/api.w.org\/{rel}","templated":true}]}}