{"id":18858,"date":"2025-07-18T22:20:37","date_gmt":"2025-07-18T21:20:37","guid":{"rendered":"https:\/\/babylove.se\/produkt\/bokhylla-till-banrummet-frill-natural\/"},"modified":"2026-04-08T09:27:34","modified_gmt":"2026-04-08T08:27:34","slug":"bokhylle-til-badet-frill-natural","status":"publish","type":"product","link":"https:\/\/babylove.se\/no\/produkt\/bokhylle-til-badet-frill-natural\/","title":{"rendered":"Bokhylle til badet , FRILL natural"},"content":{"rendered":"<p>En fin og enkel st\u00e5ende bokhylle for barnerommet med masse sjarm og funksjon. Det er en romslig bokhylle hvor barnet kan oppbevare sine mest verdifulle og fineste b\u00f8ker, eller selvf\u00f8lgelig andre favorittting som ditt barn er ekstra glad i. &nbsp;<\/p>\n<p>Hyllen har dessuten tre fine praktiske kroker hvor man kan henge sin favorittveske eller en fin pynt<\/p>\n<p>Bokhyllen er laget av limt tre, og settes sammen for h\u00e5nd p\u00e5 fabrikken. Hyllen er produsert i Europa.<\/p>\n<p>Bokhyllen finnes ogs\u00e5 \u00e5 f\u00e5 hvitmalt eller i en variant som er vegghengt.<\/p>\n<p>M\u00e5l: 120 cm x 53 cm x 10 cm&nbsp;<\/p>\n","protected":false},"excerpt":{"rendered":"<p>En fin og enkel st\u00e5ende bokhylle for barnerommet med masse sjarm og funksjon. Det er en romslig bokhylle hvor barnet kan oppbevare sine mest verdifulle og fineste b\u00f8ker, eller selvf\u00f8lgelig andre favorittting som ditt barn er ekstra glad i. &nbsp; Hyllen har dessuten tre fine praktiske kroker hvor man kan henge sin favorittveske eller en [&hellip;]<\/p>\n","protected":false},"featured_media":18860,"comment_status":"closed","ping_status":"open","template":"","meta":{"_acf_changed":false},"product_brand":[772],"product_cat":[147,146,87,43,773],"product_tag":[1689],"class_list":{"0":"post-18858","1":"product","2":"type-product","3":"status-publish","4":"has-post-thumbnail","6":"product_brand-wammcosyroom","7":"product_cat-back-to-school","8":"product_cat-bokoppbevaring","9":"product_cat-hyller","10":"product_cat-oppbevaringskurver","11":"product_cat-wammcosyroom","12":"product_tag-bestillingsvaror","14":"first","15":"instock","16":"taxable","17":"shipping-taxable","18":"purchasable","19":"product-type-simple"},"acf":[],"yoast_head":"<!-- This site is optimized with the Yoast SEO Premium plugin v25.8 (Yoast SEO v27.2) - https:\/\/yoast.com\/product\/yoast-seo-premium-wordpress\/ -->\n<title>Bokhylle til badet , FRILL natural - Babylove Norska<\/title>\n<meta name=\"robots\" content=\"noindex, follow, max-snippet:-1, max-image-preview:large, max-video-preview:-1\" \/>\n<meta property=\"og:locale\" content=\"nb_NO\" \/>\n<meta property=\"og:type\" content=\"article\" \/>\n<meta property=\"og:title\" content=\"Bokhylle til badet , FRILL natural\" \/>\n<meta property=\"og:description\" content=\"En fin og enkel st\u00e5ende bokhylle for barnerommet med masse sjarm og funksjon. Det er en romslig bokhylle hvor barnet kan oppbevare sine mest verdifulle og fineste b\u00f8ker, eller selvf\u00f8lgelig andre favorittting som ditt barn er ekstra glad i. &nbsp; Hyllen har dessuten tre fine praktiske kroker hvor man kan henge sin favorittveske eller en [&hellip;]\" \/>\n<meta property=\"og:url\" content=\"https:\/\/babylove.se\/no\/produkt\/bokhylle-til-badet-frill-natural\/\" \/>\n<meta property=\"og:site_name\" content=\"Babylove Norska\" \/>\n<meta property=\"article:modified_time\" content=\"2026-04-08T08:27:34+00:00\" \/>\n<meta property=\"og:image\" content=\"https:\/\/babylove.se\/no\/wp-content\/uploads\/sites\/3\/2025\/07\/5f3177db65f27.jpeg\" \/>\n\t<meta property=\"og:image:width\" content=\"500\" \/>\n\t<meta property=\"og:image:height\" content=\"750\" \/>\n\t<meta property=\"og:image:type\" content=\"image\/jpeg\" \/>\n<meta name=\"twitter:card\" content=\"summary_large_image\" \/>\n<meta name=\"twitter:label1\" content=\"Price\" \/>\n\t<meta name=\"twitter:data1\" content=\"1 899,00&nbsp;&#107;&#114;\" \/>\n\t<meta name=\"twitter:label2\" content=\"Availability\" \/>\n\t<meta name=\"twitter:data2\" content=\"In stock\" \/>\n<script type=\"application\/ld+json\" class=\"yoast-schema-graph\">{\"@context\":\"https:\/\/schema.org\",\"@graph\":[{\"@type\":\"WebPage\",\"@id\":\"https:\/\/babylove.se\/no\/produkt\/bokhylle-til-badet-frill-natural\/\",\"url\":\"https:\/\/babylove.se\/no\/produkt\/bokhylle-til-badet-frill-natural\/\",\"name\":\"Bokhylle til badet , FRILL natural - Babylove Norska\",\"isPartOf\":{\"@id\":\"https:\/\/babylove.se\/no\/#website\"},\"primaryImageOfPage\":{\"@id\":\"https:\/\/babylove.se\/no\/produkt\/bokhylle-til-badet-frill-natural\/#primaryimage\"},\"image\":{\"@id\":\"https:\/\/babylove.se\/no\/produkt\/bokhylle-til-badet-frill-natural\/#primaryimage\"},\"thumbnailUrl\":\"https:\/\/babylove.se\/no\/wp-content\/uploads\/sites\/3\/2025\/07\/5f3177db65f27.jpeg\",\"datePublished\":\"2025-07-18T21:20:37+00:00\",\"dateModified\":\"2026-04-08T08:27:34+00:00\",\"breadcrumb\":{\"@id\":\"https:\/\/babylove.se\/no\/produkt\/bokhylle-til-badet-frill-natural\/#breadcrumb\"},\"inLanguage\":\"nb-NO\",\"potentialAction\":[{\"@type\":\"ReadAction\",\"target\":[\"https:\/\/babylove.se\/no\/produkt\/bokhylle-til-badet-frill-natural\/\"]}]},{\"@type\":\"ImageObject\",\"inLanguage\":\"nb-NO\",\"@id\":\"https:\/\/babylove.se\/no\/produkt\/bokhylle-til-badet-frill-natural\/#primaryimage\",\"url\":\"https:\/\/babylove.se\/no\/wp-content\/uploads\/sites\/3\/2025\/07\/5f3177db65f27.jpeg\",\"contentUrl\":\"https:\/\/babylove.se\/no\/wp-content\/uploads\/sites\/3\/2025\/07\/5f3177db65f27.jpeg\",\"width\":500,\"height\":750},{\"@type\":\"BreadcrumbList\",\"@id\":\"https:\/\/babylove.se\/no\/produkt\/bokhylle-til-badet-frill-natural\/#breadcrumb\",\"itemListElement\":[{\"@type\":\"ListItem\",\"position\":1,\"name\":\"Hem\",\"item\":\"https:\/\/babylove.se\/no\/\"},{\"@type\":\"ListItem\",\"position\":2,\"name\":\"Butik\",\"item\":\"https:\/\/babylove.se\/no\/butik\/\"},{\"@type\":\"ListItem\",\"position\":3,\"name\":\"Bokhylle til badet , FRILL natural\"}]},{\"@type\":\"WebSite\",\"@id\":\"https:\/\/babylove.se\/no\/#website\",\"url\":\"https:\/\/babylove.se\/no\/\",\"name\":\"Babylove Norska\",\"description\":\"\",\"potentialAction\":[{\"@type\":\"SearchAction\",\"target\":{\"@type\":\"EntryPoint\",\"urlTemplate\":\"https:\/\/babylove.se\/no\/?s={search_term_string}\"},\"query-input\":{\"@type\":\"PropertyValueSpecification\",\"valueRequired\":true,\"valueName\":\"search_term_string\"}}],\"inLanguage\":\"nb-NO\"}]}<\/script>\n<meta property=\"product:brand\" content=\"Wammcosyroom\" \/>\n<meta property=\"product:price:amount\" content=\"1899.00\" \/>\n<meta property=\"product:price:currency\" content=\"SEK\" \/>\n<meta property=\"og:availability\" content=\"instock\" \/>\n<meta property=\"product:availability\" content=\"instock\" \/>\n<meta property=\"product:retailer_item_id\" content=\"3371\" \/>\n<meta property=\"product:condition\" content=\"new\" \/>\n<!-- \/ Yoast SEO Premium plugin. -->","yoast_head_json":{"title":"Bokhylle til badet , FRILL natural - Babylove Norska","robots":{"index":"noindex","follow":"follow","max-snippet":"max-snippet:-1","max-image-preview":"max-image-preview:large","max-video-preview":"max-video-preview:-1"},"og_locale":"nb_NO","og_type":"article","og_title":"Bokhylle til badet , FRILL natural","og_description":"En fin og enkel st\u00e5ende bokhylle for barnerommet med masse sjarm og funksjon. Det er en romslig bokhylle hvor barnet kan oppbevare sine mest verdifulle og fineste b\u00f8ker, eller selvf\u00f8lgelig andre favorittting som ditt barn er ekstra glad i. &nbsp; Hyllen har dessuten tre fine praktiske kroker hvor man kan henge sin favorittveske eller en [&hellip;]","og_url":"https:\/\/babylove.se\/no\/produkt\/bokhylle-til-badet-frill-natural\/","og_site_name":"Babylove Norska","article_modified_time":"2026-04-08T08:27:34+00:00","og_image":[{"width":500,"height":750,"url":"https:\/\/babylove.se\/no\/wp-content\/uploads\/sites\/3\/2025\/07\/5f3177db65f27.jpeg","type":"image\/jpeg"}],"twitter_card":"summary_large_image","twitter_misc":{"Price":"1 899,00&nbsp;&#107;&#114;","Availability":"In stock"},"schema":{"@context":"https:\/\/schema.org","@graph":[{"@type":"WebPage","@id":"https:\/\/babylove.se\/no\/produkt\/bokhylle-til-badet-frill-natural\/","url":"https:\/\/babylove.se\/no\/produkt\/bokhylle-til-badet-frill-natural\/","name":"Bokhylle til badet , FRILL natural - Babylove Norska","isPartOf":{"@id":"https:\/\/babylove.se\/no\/#website"},"primaryImageOfPage":{"@id":"https:\/\/babylove.se\/no\/produkt\/bokhylle-til-badet-frill-natural\/#primaryimage"},"image":{"@id":"https:\/\/babylove.se\/no\/produkt\/bokhylle-til-badet-frill-natural\/#primaryimage"},"thumbnailUrl":"https:\/\/babylove.se\/no\/wp-content\/uploads\/sites\/3\/2025\/07\/5f3177db65f27.jpeg","datePublished":"2025-07-18T21:20:37+00:00","dateModified":"2026-04-08T08:27:34+00:00","breadcrumb":{"@id":"https:\/\/babylove.se\/no\/produkt\/bokhylle-til-badet-frill-natural\/#breadcrumb"},"inLanguage":"nb-NO","potentialAction":[{"@type":"ReadAction","target":["https:\/\/babylove.se\/no\/produkt\/bokhylle-til-badet-frill-natural\/"]}]},{"@type":"ImageObject","inLanguage":"nb-NO","@id":"https:\/\/babylove.se\/no\/produkt\/bokhylle-til-badet-frill-natural\/#primaryimage","url":"https:\/\/babylove.se\/no\/wp-content\/uploads\/sites\/3\/2025\/07\/5f3177db65f27.jpeg","contentUrl":"https:\/\/babylove.se\/no\/wp-content\/uploads\/sites\/3\/2025\/07\/5f3177db65f27.jpeg","width":500,"height":750},{"@type":"BreadcrumbList","@id":"https:\/\/babylove.se\/no\/produkt\/bokhylle-til-badet-frill-natural\/#breadcrumb","itemListElement":[{"@type":"ListItem","position":1,"name":"Hem","item":"https:\/\/babylove.se\/no\/"},{"@type":"ListItem","position":2,"name":"Butik","item":"https:\/\/babylove.se\/no\/butik\/"},{"@type":"ListItem","position":3,"name":"Bokhylle til badet , FRILL natural"}]},{"@type":"WebSite","@id":"https:\/\/babylove.se\/no\/#website","url":"https:\/\/babylove.se\/no\/","name":"Babylove Norska","description":"","potentialAction":[{"@type":"SearchAction","target":{"@type":"EntryPoint","urlTemplate":"https:\/\/babylove.se\/no\/?s={search_term_string}"},"query-input":{"@type":"PropertyValueSpecification","valueRequired":true,"valueName":"search_term_string"}}],"inLanguage":"nb-NO"}]},"product_brand":"Wammcosyroom","product_price_amount":"1899.00","product_price_currency":"SEK","og_availability":"instock","product_availability":"instock","product_retailer_item_id":"3371","product_condition":"new"},"_links":{"self":[{"href":"https:\/\/babylove.se\/no\/wp-json\/wp\/v2\/product\/18858","targetHints":{"allow":["GET"]}}],"collection":[{"href":"https:\/\/babylove.se\/no\/wp-json\/wp\/v2\/product"}],"about":[{"href":"https:\/\/babylove.se\/no\/wp-json\/wp\/v2\/types\/product"}],"replies":[{"embeddable":true,"href":"https:\/\/babylove.se\/no\/wp-json\/wp\/v2\/comments?post=18858"}],"wp:featuredmedia":[{"embeddable":true,"href":"https:\/\/babylove.se\/no\/wp-json\/wp\/v2\/media\/18860"}],"wp:attachment":[{"href":"https:\/\/babylove.se\/no\/wp-json\/wp\/v2\/media?parent=18858"}],"wp:term":[{"taxonomy":"product_brand","embeddable":true,"href":"https:\/\/babylove.se\/no\/wp-json\/wp\/v2\/product_brand?post=18858"},{"taxonomy":"product_cat","embeddable":true,"href":"https:\/\/babylove.se\/no\/wp-json\/wp\/v2\/product_cat?post=18858"},{"taxonomy":"product_tag","embeddable":true,"href":"https:\/\/babylove.se\/no\/wp-json\/wp\/v2\/product_tag?post=18858"}],"curies":[{"name":"wp","href":"https:\/\/api.w.org\/{rel}","templated":true}]}}