{"id":18892,"date":"2025-07-18T22:21:05","date_gmt":"2025-07-18T21:21:05","guid":{"rendered":"https:\/\/babylove.se\/produkt\/gra-hussang-junior-80x160-med-en-forvaringslada\/"},"modified":"2026-04-08T09:27:56","modified_gmt":"2026-04-08T08:27:56","slug":"gra-husseng-junior-80x160-med-en-oppbevaringskasse","status":"publish","type":"product","link":"https:\/\/babylove.se\/no\/produkt\/gra-husseng-junior-80x160-med-en-oppbevaringskasse\/","title":{"rendered":"Gr\u00e5 husseng junior 80&#215;160 med en oppbevaringskasse"},"content":{"rendered":"<p>En optimal kombinasjon av hytte p\u00e5 dagen og soveplass p\u00e5 kvelden f\u00e5r dere i form av denne vakre husseng.<br \/>Oppbevar favorittingene i skuffen under sengen s\u00e5 er de alltid lett tilgjengelig!<\/p>\n<p>Sengen er h\u00e5ndlaget og meget stabil.&nbsp;<\/p>\n<p><strong>Info:<\/strong><\/p>\n<ul>\n<li>Ribbebunn inng\u00e5r.<\/li>\n<li>Oppbevaringsskuff inng\u00e5r.<\/li>\n<li>Madrass inng\u00e5r ikke, men ta gjerne en titt i v\u00e5rt store madrassutvalg. Vi anbefaler en skummadrass med tykkelse p\u00e5 ca 10-12 cm.<\/li>\n<li>Finnes i hvitt og gr\u00e5tt.<\/li>\n<li>Sengen finnes ogs\u00e5 i en pakke med madrass. (inng\u00e5r ikke i denne varianten).<\/li>\n<\/ul>\n<p><strong>M\u00e5l:<\/strong>&nbsp;<\/p>\n<ul>\n<li>Sengem\u00e5l: 80&#215;160 cm&nbsp;<\/li>\n<li>Total bredde: 90 cm<\/li>\n<li><span>Total lengde: 168 cm&nbsp;<\/span><\/li>\n<li>Total h\u00f8yde: 150 cm<\/li>\n<li>Sidevern h\u00f8yde: 32 cm&nbsp;<\/li>\n<li>Oppbevaringsskuff: 70&#215;160 cm<\/li>\n<li>\n<p>H\u00f8yden til der taket begynner er 92 cm<\/p>\n<\/li>\n<\/ul>\n<p><strong>Materiale<\/strong>: Furutre. St\u00f8ttebord i MDF.<\/p>\n<p><em>Obs! Sengen er h\u00e5ndlaget av tre som betyr at hvert eksemplar er unikt. Trestruktur synes og gir sengen en egen karakter.<\/em><\/p>\n<p><em>Dette er en seng tilvirket og tilpasset for barn. <em><em>Sengen leveres umontert og b\u00f8r settes sammen i rommet den skal brukes i.<\/em><\/em><\/em><\/p>\n","protected":false},"excerpt":{"rendered":"<p>En optimal kombinasjon av hytte p\u00e5 dagen og soveplass p\u00e5 kvelden f\u00e5r dere i form av denne vakre husseng.Oppbevar favorittingene i skuffen under sengen s\u00e5 er de alltid lett tilgjengelig! Sengen er h\u00e5ndlaget og meget stabil.&nbsp; Info: Ribbebunn inng\u00e5r. Oppbevaringsskuff inng\u00e5r. Madrass inng\u00e5r ikke, men ta gjerne en titt i v\u00e5rt store madrassutvalg. Vi anbefaler [&hellip;]<\/p>\n","protected":false},"featured_media":18894,"comment_status":"closed","ping_status":"closed","template":"","meta":{"_acf_changed":false},"product_brand":[755],"product_cat":[756,217,1704],"product_tag":[1689],"class_list":{"0":"post-18892","1":"product","2":"type-product","3":"status-publish","4":"has-post-thumbnail","6":"product_brand-dipino","7":"product_cat-dp","8":"product_cat-sengesanger","9":"product_cat-reasangar","10":"product_tag-bestillingsvaror","12":"first","13":"instock","14":"taxable","15":"shipping-taxable","16":"purchasable","17":"product-type-simple"},"acf":[],"yoast_head":"<!-- This site is optimized with the Yoast SEO Premium plugin v25.8 (Yoast SEO v27.2) - https:\/\/yoast.com\/product\/yoast-seo-premium-wordpress\/ -->\n<title>Gr\u00e5 huss\u00e4ng med f\u00f6rvaring | Fri Frakt | Babylove.se<\/title>\n<meta name=\"description\" content=\"Gr\u00e5 juniors\u00e4ng huss\u00e4ng med f\u00f6rvaringsl\u00e5da ? H\u00f6g kvalitet till bra pris Snabb frakt ? Klarna faktura ?V\u00e4lkommen till Babylove.se\" \/>\n<meta name=\"robots\" content=\"noindex, follow, max-snippet:-1, max-image-preview:large, max-video-preview:-1\" \/>\n<meta property=\"og:locale\" content=\"nb_NO\" \/>\n<meta property=\"og:type\" content=\"article\" \/>\n<meta property=\"og:title\" content=\"Gr\u00e5 husseng junior 80x160 med en oppbevaringskasse\" \/>\n<meta property=\"og:description\" content=\"Gr\u00e5 juniors\u00e4ng huss\u00e4ng med f\u00f6rvaringsl\u00e5da ? H\u00f6g kvalitet till bra pris Snabb frakt ? Klarna faktura ?V\u00e4lkommen till Babylove.se\" \/>\n<meta property=\"og:url\" content=\"https:\/\/babylove.se\/no\/produkt\/gra-husseng-junior-80x160-med-en-oppbevaringskasse\/\" \/>\n<meta property=\"og:site_name\" content=\"Babylove Norska\" \/>\n<meta property=\"article:modified_time\" content=\"2026-04-08T08:27:56+00:00\" \/>\n<meta property=\"og:image\" content=\"https:\/\/babylove.se\/no\/wp-content\/uploads\/sites\/3\/2025\/07\/61c2294f2ed82.png\" \/>\n\t<meta property=\"og:image:width\" content=\"800\" \/>\n\t<meta property=\"og:image:height\" content=\"800\" \/>\n\t<meta property=\"og:image:type\" content=\"image\/png\" \/>\n<meta name=\"twitter:card\" content=\"summary_large_image\" \/>\n<meta name=\"twitter:label1\" content=\"Price\" \/>\n\t<meta name=\"twitter:data1\" content=\"4 999,00&nbsp;&#107;&#114;\" \/>\n\t<meta name=\"twitter:label2\" content=\"Availability\" \/>\n\t<meta name=\"twitter:data2\" content=\"In stock\" \/>\n<script type=\"application\/ld+json\" class=\"yoast-schema-graph\">{\"@context\":\"https:\/\/schema.org\",\"@graph\":[{\"@type\":\"WebPage\",\"@id\":\"https:\/\/babylove.se\/no\/produkt\/gra-husseng-junior-80x160-med-en-oppbevaringskasse\/\",\"url\":\"https:\/\/babylove.se\/no\/produkt\/gra-husseng-junior-80x160-med-en-oppbevaringskasse\/\",\"name\":\"Gr\u00e5 huss\u00e4ng med f\u00f6rvaring | Fri Frakt | Babylove.se\",\"isPartOf\":{\"@id\":\"https:\/\/babylove.se\/no\/#website\"},\"primaryImageOfPage\":{\"@id\":\"https:\/\/babylove.se\/no\/produkt\/gra-husseng-junior-80x160-med-en-oppbevaringskasse\/#primaryimage\"},\"image\":{\"@id\":\"https:\/\/babylove.se\/no\/produkt\/gra-husseng-junior-80x160-med-en-oppbevaringskasse\/#primaryimage\"},\"thumbnailUrl\":\"https:\/\/babylove.se\/no\/wp-content\/uploads\/sites\/3\/2025\/07\/61c2294f2ed82.png\",\"datePublished\":\"2025-07-18T21:21:05+00:00\",\"dateModified\":\"2026-04-08T08:27:56+00:00\",\"description\":\"Gr\u00e5 juniors\u00e4ng huss\u00e4ng med f\u00f6rvaringsl\u00e5da ? H\u00f6g kvalitet till bra pris Snabb frakt ? Klarna faktura ?V\u00e4lkommen till Babylove.se\",\"breadcrumb\":{\"@id\":\"https:\/\/babylove.se\/no\/produkt\/gra-husseng-junior-80x160-med-en-oppbevaringskasse\/#breadcrumb\"},\"inLanguage\":\"nb-NO\",\"potentialAction\":[{\"@type\":\"ReadAction\",\"target\":[\"https:\/\/babylove.se\/no\/produkt\/gra-husseng-junior-80x160-med-en-oppbevaringskasse\/\"]}]},{\"@type\":\"ImageObject\",\"inLanguage\":\"nb-NO\",\"@id\":\"https:\/\/babylove.se\/no\/produkt\/gra-husseng-junior-80x160-med-en-oppbevaringskasse\/#primaryimage\",\"url\":\"https:\/\/babylove.se\/no\/wp-content\/uploads\/sites\/3\/2025\/07\/61c2294f2ed82.png\",\"contentUrl\":\"https:\/\/babylove.se\/no\/wp-content\/uploads\/sites\/3\/2025\/07\/61c2294f2ed82.png\",\"width\":800,\"height\":800},{\"@type\":\"BreadcrumbList\",\"@id\":\"https:\/\/babylove.se\/no\/produkt\/gra-husseng-junior-80x160-med-en-oppbevaringskasse\/#breadcrumb\",\"itemListElement\":[{\"@type\":\"ListItem\",\"position\":1,\"name\":\"Hem\",\"item\":\"https:\/\/babylove.se\/no\/\"},{\"@type\":\"ListItem\",\"position\":2,\"name\":\"Butik\",\"item\":\"https:\/\/babylove.se\/no\/butik\/\"},{\"@type\":\"ListItem\",\"position\":3,\"name\":\"Gr\u00e5 husseng junior 80&#215;160 med en oppbevaringskasse\"}]},{\"@type\":\"WebSite\",\"@id\":\"https:\/\/babylove.se\/no\/#website\",\"url\":\"https:\/\/babylove.se\/no\/\",\"name\":\"Babylove Norska\",\"description\":\"\",\"potentialAction\":[{\"@type\":\"SearchAction\",\"target\":{\"@type\":\"EntryPoint\",\"urlTemplate\":\"https:\/\/babylove.se\/no\/?s={search_term_string}\"},\"query-input\":{\"@type\":\"PropertyValueSpecification\",\"valueRequired\":true,\"valueName\":\"search_term_string\"}}],\"inLanguage\":\"nb-NO\"}]}<\/script>\n<meta property=\"product:brand\" content=\"DIPINO\" \/>\n<meta property=\"product:price:amount\" content=\"4999.00\" \/>\n<meta property=\"product:price:currency\" content=\"SEK\" \/>\n<meta property=\"og:availability\" content=\"instock\" \/>\n<meta property=\"product:availability\" content=\"instock\" \/>\n<meta property=\"product:retailer_item_id\" content=\"3378\" \/>\n<meta property=\"product:condition\" content=\"new\" \/>\n<!-- \/ Yoast SEO Premium plugin. -->","yoast_head_json":{"title":"Gr\u00e5 huss\u00e4ng med f\u00f6rvaring | Fri Frakt | Babylove.se","description":"Gr\u00e5 juniors\u00e4ng huss\u00e4ng med f\u00f6rvaringsl\u00e5da ? H\u00f6g kvalitet till bra pris Snabb frakt ? Klarna faktura ?V\u00e4lkommen till Babylove.se","robots":{"index":"noindex","follow":"follow","max-snippet":"max-snippet:-1","max-image-preview":"max-image-preview:large","max-video-preview":"max-video-preview:-1"},"og_locale":"nb_NO","og_type":"article","og_title":"Gr\u00e5 husseng junior 80x160 med en oppbevaringskasse","og_description":"Gr\u00e5 juniors\u00e4ng huss\u00e4ng med f\u00f6rvaringsl\u00e5da ? H\u00f6g kvalitet till bra pris Snabb frakt ? Klarna faktura ?V\u00e4lkommen till Babylove.se","og_url":"https:\/\/babylove.se\/no\/produkt\/gra-husseng-junior-80x160-med-en-oppbevaringskasse\/","og_site_name":"Babylove Norska","article_modified_time":"2026-04-08T08:27:56+00:00","og_image":[{"width":800,"height":800,"url":"https:\/\/babylove.se\/no\/wp-content\/uploads\/sites\/3\/2025\/07\/61c2294f2ed82.png","type":"image\/png"}],"twitter_card":"summary_large_image","twitter_misc":{"Price":"4 999,00&nbsp;&#107;&#114;","Availability":"In stock"},"schema":{"@context":"https:\/\/schema.org","@graph":[{"@type":"WebPage","@id":"https:\/\/babylove.se\/no\/produkt\/gra-husseng-junior-80x160-med-en-oppbevaringskasse\/","url":"https:\/\/babylove.se\/no\/produkt\/gra-husseng-junior-80x160-med-en-oppbevaringskasse\/","name":"Gr\u00e5 huss\u00e4ng med f\u00f6rvaring | Fri Frakt | Babylove.se","isPartOf":{"@id":"https:\/\/babylove.se\/no\/#website"},"primaryImageOfPage":{"@id":"https:\/\/babylove.se\/no\/produkt\/gra-husseng-junior-80x160-med-en-oppbevaringskasse\/#primaryimage"},"image":{"@id":"https:\/\/babylove.se\/no\/produkt\/gra-husseng-junior-80x160-med-en-oppbevaringskasse\/#primaryimage"},"thumbnailUrl":"https:\/\/babylove.se\/no\/wp-content\/uploads\/sites\/3\/2025\/07\/61c2294f2ed82.png","datePublished":"2025-07-18T21:21:05+00:00","dateModified":"2026-04-08T08:27:56+00:00","description":"Gr\u00e5 juniors\u00e4ng huss\u00e4ng med f\u00f6rvaringsl\u00e5da ? H\u00f6g kvalitet till bra pris Snabb frakt ? Klarna faktura ?V\u00e4lkommen till Babylove.se","breadcrumb":{"@id":"https:\/\/babylove.se\/no\/produkt\/gra-husseng-junior-80x160-med-en-oppbevaringskasse\/#breadcrumb"},"inLanguage":"nb-NO","potentialAction":[{"@type":"ReadAction","target":["https:\/\/babylove.se\/no\/produkt\/gra-husseng-junior-80x160-med-en-oppbevaringskasse\/"]}]},{"@type":"ImageObject","inLanguage":"nb-NO","@id":"https:\/\/babylove.se\/no\/produkt\/gra-husseng-junior-80x160-med-en-oppbevaringskasse\/#primaryimage","url":"https:\/\/babylove.se\/no\/wp-content\/uploads\/sites\/3\/2025\/07\/61c2294f2ed82.png","contentUrl":"https:\/\/babylove.se\/no\/wp-content\/uploads\/sites\/3\/2025\/07\/61c2294f2ed82.png","width":800,"height":800},{"@type":"BreadcrumbList","@id":"https:\/\/babylove.se\/no\/produkt\/gra-husseng-junior-80x160-med-en-oppbevaringskasse\/#breadcrumb","itemListElement":[{"@type":"ListItem","position":1,"name":"Hem","item":"https:\/\/babylove.se\/no\/"},{"@type":"ListItem","position":2,"name":"Butik","item":"https:\/\/babylove.se\/no\/butik\/"},{"@type":"ListItem","position":3,"name":"Gr\u00e5 husseng junior 80&#215;160 med en oppbevaringskasse"}]},{"@type":"WebSite","@id":"https:\/\/babylove.se\/no\/#website","url":"https:\/\/babylove.se\/no\/","name":"Babylove Norska","description":"","potentialAction":[{"@type":"SearchAction","target":{"@type":"EntryPoint","urlTemplate":"https:\/\/babylove.se\/no\/?s={search_term_string}"},"query-input":{"@type":"PropertyValueSpecification","valueRequired":true,"valueName":"search_term_string"}}],"inLanguage":"nb-NO"}]},"product_brand":"DIPINO","product_price_amount":"4999.00","product_price_currency":"SEK","og_availability":"instock","product_availability":"instock","product_retailer_item_id":"3378","product_condition":"new"},"_links":{"self":[{"href":"https:\/\/babylove.se\/no\/wp-json\/wp\/v2\/product\/18892","targetHints":{"allow":["GET"]}}],"collection":[{"href":"https:\/\/babylove.se\/no\/wp-json\/wp\/v2\/product"}],"about":[{"href":"https:\/\/babylove.se\/no\/wp-json\/wp\/v2\/types\/product"}],"replies":[{"embeddable":true,"href":"https:\/\/babylove.se\/no\/wp-json\/wp\/v2\/comments?post=18892"}],"wp:featuredmedia":[{"embeddable":true,"href":"https:\/\/babylove.se\/no\/wp-json\/wp\/v2\/media\/18894"}],"wp:attachment":[{"href":"https:\/\/babylove.se\/no\/wp-json\/wp\/v2\/media?parent=18892"}],"wp:term":[{"taxonomy":"product_brand","embeddable":true,"href":"https:\/\/babylove.se\/no\/wp-json\/wp\/v2\/product_brand?post=18892"},{"taxonomy":"product_cat","embeddable":true,"href":"https:\/\/babylove.se\/no\/wp-json\/wp\/v2\/product_cat?post=18892"},{"taxonomy":"product_tag","embeddable":true,"href":"https:\/\/babylove.se\/no\/wp-json\/wp\/v2\/product_tag?post=18892"}],"curies":[{"name":"wp","href":"https:\/\/api.w.org\/{rel}","templated":true}]}}