{"id":18904,"date":"2025-07-18T22:21:05","date_gmt":"2025-07-18T21:21:05","guid":{"rendered":"https:\/\/babylove.se\/produkt\/personlig-vaggbokstav-vaggdekoration\/"},"modified":"2026-04-08T09:28:05","modified_gmt":"2026-04-08T08:28:05","slug":"personlig-veggbokstav-veggdekorasjon","status":"publish","type":"product","link":"https:\/\/babylove.se\/no\/produkt\/personlig-veggbokstav-veggdekorasjon\/","title":{"rendered":"Personlig veggbokstav &#8211; veggdekorasjon"},"content":{"rendered":"<p>En fin og personlig veggdekorasjon i form av en bokstav av tre med valgfritt navn. Passer perfekt p\u00e5 barnerommet eller som en d\u00e5psdekorasjon. <\/p>\n<p>Bokstaven produseres i Sverige og henges enkelt opp med f.eks. blutack eller dobbeltheftende tape. <\/p>\n<p><strong>M\u00e5l<\/strong>: Finnes i fire st\u00f8rrelser. H\u00f8yde i henhold til m\u00e5lene nedenfor, bredde varierer avhengig av bokstav og navn: <\/p>\n<ul>\n<li>S: 15 cm<\/li>\n<li>M: 20 cm<\/li>\n<li>L: 25 cm<\/li>\n<li>XL: 40 cm (50% tykkere)<\/li>\n<\/ul>\n<p><strong>Tykkelse<\/strong>: 4 mm <\/p>\n<p><strong>Materia<\/strong><strong>l<\/strong>: Bj\u00f8rkfiner malt med barnesikker farge. <\/p>\n<p>Designer: Pyssl <\/p>\n<p><em>OBS! Kontroller stavem\u00e5te p\u00e5 \u00f8nsket navn. <\/em> <\/p>\n<p><em>Spesialtilvirket bestillingsvare. Angrerett gjelder ikke. <\/em><\/p>\n","protected":false},"excerpt":{"rendered":"<p>En fin og personlig veggdekorasjon i form av en bokstav av tre med valgfritt navn. Passer perfekt p\u00e5 barnerommet eller som en d\u00e5psdekorasjon. Bokstaven produseres i Sverige og henges enkelt opp med f.eks. blutack eller dobbeltheftende tape. M\u00e5l: Finnes i fire st\u00f8rrelser. H\u00f8yde i henhold til m\u00e5lene nedenfor, bredde varierer avhengig av bokstav og navn: [&hellip;]<\/p>\n","protected":false},"featured_media":18906,"comment_status":"closed","ping_status":"closed","template":"","meta":{"_acf_changed":false},"product_brand":[778],"product_cat":[75,74,86,779,29],"product_tag":[1689],"class_list":{"0":"post-18904","1":"product","2":"type-product","3":"status-publish","4":"has-post-thumbnail","6":"product_brand-varberg-laser","7":"product_cat-julklappar-med-gravering-broderi","8":"product_cat-personlige-dapsgaver","9":"product_cat-produktliste","10":"product_cat-vl","11":"product_cat-veggdekorasjoner","12":"product_tag-bestillingsvaror","13":"pa_farg-aprikos","14":"pa_farg-aquamarine","15":"pa_farg-bla","16":"pa_farg-bla-mork","17":"pa_farg-brun","18":"pa_farg-brun-ljus","19":"pa_farg-brun-morkt","20":"pa_farg-gammelrosa","21":"pa_farg-gra","22":"pa_farg-gra-ljus","23":"pa_farg-gra-mellan","24":"pa_farg-gra-mork","25":"pa_farg-gron-ljus","26":"pa_farg-gron-mork","27":"pa_farg-gul","28":"pa_farg-himmelsbla","29":"pa_farg-vit","30":"pa_farg-lila-ljus","31":"pa_farg-lila-mork","32":"pa_farg-naturell-poppel","33":"pa_farg-orange","34":"pa_farg-rod","35":"pa_farg-rosa","36":"pa_farg-rosa-ljus","37":"pa_farg-rosa-mork","38":"pa_farg-svart","39":"pa_farg-turkos","40":"pa_farg-vanilj","41":"pa_storlek-l-25-cm","42":"pa_storlek-m-20-cm","43":"pa_storlek-s-15-cm","44":"pa_storlek-xl-40-cm","46":"first","47":"instock","48":"taxable","49":"shipping-taxable","50":"purchasable","51":"product-type-variable"},"acf":[],"yoast_head":"<!-- This site is optimized with the Yoast SEO Premium plugin v25.8 (Yoast SEO v27.2) - https:\/\/yoast.com\/product\/yoast-seo-premium-wordpress\/ -->\n<title>Personlig veggbokstav - veggdekorasjon - Babylove Norska<\/title>\n<meta name=\"robots\" content=\"noindex, follow, max-snippet:-1, max-image-preview:large, max-video-preview:-1\" \/>\n<meta property=\"og:locale\" content=\"nb_NO\" \/>\n<meta property=\"og:type\" content=\"article\" \/>\n<meta property=\"og:title\" content=\"Personlig veggbokstav - veggdekorasjon\" \/>\n<meta property=\"og:description\" content=\"En fin og personlig veggdekorasjon i form av en bokstav av tre med valgfritt navn. Passer perfekt p\u00e5 barnerommet eller som en d\u00e5psdekorasjon. Bokstaven produseres i Sverige og henges enkelt opp med f.eks. blutack eller dobbeltheftende tape. M\u00e5l: Finnes i fire st\u00f8rrelser. H\u00f8yde i henhold til m\u00e5lene nedenfor, bredde varierer avhengig av bokstav og navn: [&hellip;]\" \/>\n<meta property=\"og:url\" content=\"https:\/\/babylove.se\/no\/produkt\/personlig-veggbokstav-veggdekorasjon\/\" \/>\n<meta property=\"og:site_name\" content=\"Babylove Norska\" \/>\n<meta property=\"article:modified_time\" content=\"2026-04-08T08:28:05+00:00\" \/>\n<meta property=\"og:image\" content=\"https:\/\/babylove.se\/no\/wp-content\/uploads\/sites\/3\/2025\/07\/5f35a02602171.jpeg\" \/>\n\t<meta property=\"og:image:width\" content=\"750\" \/>\n\t<meta property=\"og:image:height\" content=\"750\" \/>\n\t<meta property=\"og:image:type\" content=\"image\/jpeg\" \/>\n<meta name=\"twitter:card\" content=\"summary_large_image\" \/>\n<meta name=\"twitter:label1\" content=\"Availability\" \/>\n\t<meta name=\"twitter:data1\" content=\"In stock\" \/>\n<script type=\"application\/ld+json\" class=\"yoast-schema-graph\">{\"@context\":\"https:\/\/schema.org\",\"@graph\":[{\"@type\":\"WebPage\",\"@id\":\"https:\/\/babylove.se\/no\/produkt\/personlig-veggbokstav-veggdekorasjon\/\",\"url\":\"https:\/\/babylove.se\/no\/produkt\/personlig-veggbokstav-veggdekorasjon\/\",\"name\":\"Personlig veggbokstav - veggdekorasjon - Babylove Norska\",\"isPartOf\":{\"@id\":\"https:\/\/babylove.se\/no\/#website\"},\"primaryImageOfPage\":{\"@id\":\"https:\/\/babylove.se\/no\/produkt\/personlig-veggbokstav-veggdekorasjon\/#primaryimage\"},\"image\":{\"@id\":\"https:\/\/babylove.se\/no\/produkt\/personlig-veggbokstav-veggdekorasjon\/#primaryimage\"},\"thumbnailUrl\":\"https:\/\/babylove.se\/no\/wp-content\/uploads\/sites\/3\/2025\/07\/5f35a02602171.jpeg\",\"datePublished\":\"2025-07-18T21:21:05+00:00\",\"dateModified\":\"2026-04-08T08:28:05+00:00\",\"breadcrumb\":{\"@id\":\"https:\/\/babylove.se\/no\/produkt\/personlig-veggbokstav-veggdekorasjon\/#breadcrumb\"},\"inLanguage\":\"nb-NO\",\"potentialAction\":[{\"@type\":\"ReadAction\",\"target\":[\"https:\/\/babylove.se\/no\/produkt\/personlig-veggbokstav-veggdekorasjon\/\"]}]},{\"@type\":\"ImageObject\",\"inLanguage\":\"nb-NO\",\"@id\":\"https:\/\/babylove.se\/no\/produkt\/personlig-veggbokstav-veggdekorasjon\/#primaryimage\",\"url\":\"https:\/\/babylove.se\/no\/wp-content\/uploads\/sites\/3\/2025\/07\/5f35a02602171.jpeg\",\"contentUrl\":\"https:\/\/babylove.se\/no\/wp-content\/uploads\/sites\/3\/2025\/07\/5f35a02602171.jpeg\",\"width\":750,\"height\":750},{\"@type\":\"BreadcrumbList\",\"@id\":\"https:\/\/babylove.se\/no\/produkt\/personlig-veggbokstav-veggdekorasjon\/#breadcrumb\",\"itemListElement\":[{\"@type\":\"ListItem\",\"position\":1,\"name\":\"Hem\",\"item\":\"https:\/\/babylove.se\/no\/\"},{\"@type\":\"ListItem\",\"position\":2,\"name\":\"Butik\",\"item\":\"https:\/\/babylove.se\/no\/butik\/\"},{\"@type\":\"ListItem\",\"position\":3,\"name\":\"Personlig veggbokstav &#8211; veggdekorasjon\"}]},{\"@type\":\"WebSite\",\"@id\":\"https:\/\/babylove.se\/no\/#website\",\"url\":\"https:\/\/babylove.se\/no\/\",\"name\":\"Babylove Norska\",\"description\":\"\",\"potentialAction\":[{\"@type\":\"SearchAction\",\"target\":{\"@type\":\"EntryPoint\",\"urlTemplate\":\"https:\/\/babylove.se\/no\/?s={search_term_string}\"},\"query-input\":{\"@type\":\"PropertyValueSpecification\",\"valueRequired\":true,\"valueName\":\"search_term_string\"}}],\"inLanguage\":\"nb-NO\"}]}<\/script>\n<meta property=\"product:brand\" content=\"Varberg Laser\" \/>\n<meta property=\"og:availability\" content=\"instock\" \/>\n<meta property=\"product:availability\" content=\"instock\" \/>\n<meta property=\"product:retailer_item_id\" content=\"R\u00f6d-S-15-cm\" \/>\n<meta property=\"product:condition\" content=\"new\" \/>\n<!-- \/ Yoast SEO Premium plugin. -->","yoast_head_json":{"title":"Personlig veggbokstav - veggdekorasjon - Babylove Norska","robots":{"index":"noindex","follow":"follow","max-snippet":"max-snippet:-1","max-image-preview":"max-image-preview:large","max-video-preview":"max-video-preview:-1"},"og_locale":"nb_NO","og_type":"article","og_title":"Personlig veggbokstav - veggdekorasjon","og_description":"En fin og personlig veggdekorasjon i form av en bokstav av tre med valgfritt navn. Passer perfekt p\u00e5 barnerommet eller som en d\u00e5psdekorasjon. Bokstaven produseres i Sverige og henges enkelt opp med f.eks. blutack eller dobbeltheftende tape. M\u00e5l: Finnes i fire st\u00f8rrelser. H\u00f8yde i henhold til m\u00e5lene nedenfor, bredde varierer avhengig av bokstav og navn: [&hellip;]","og_url":"https:\/\/babylove.se\/no\/produkt\/personlig-veggbokstav-veggdekorasjon\/","og_site_name":"Babylove Norska","article_modified_time":"2026-04-08T08:28:05+00:00","og_image":[{"width":750,"height":750,"url":"https:\/\/babylove.se\/no\/wp-content\/uploads\/sites\/3\/2025\/07\/5f35a02602171.jpeg","type":"image\/jpeg"}],"twitter_card":"summary_large_image","twitter_misc":{"Availability":"In stock"},"schema":{"@context":"https:\/\/schema.org","@graph":[{"@type":"WebPage","@id":"https:\/\/babylove.se\/no\/produkt\/personlig-veggbokstav-veggdekorasjon\/","url":"https:\/\/babylove.se\/no\/produkt\/personlig-veggbokstav-veggdekorasjon\/","name":"Personlig veggbokstav - veggdekorasjon - Babylove Norska","isPartOf":{"@id":"https:\/\/babylove.se\/no\/#website"},"primaryImageOfPage":{"@id":"https:\/\/babylove.se\/no\/produkt\/personlig-veggbokstav-veggdekorasjon\/#primaryimage"},"image":{"@id":"https:\/\/babylove.se\/no\/produkt\/personlig-veggbokstav-veggdekorasjon\/#primaryimage"},"thumbnailUrl":"https:\/\/babylove.se\/no\/wp-content\/uploads\/sites\/3\/2025\/07\/5f35a02602171.jpeg","datePublished":"2025-07-18T21:21:05+00:00","dateModified":"2026-04-08T08:28:05+00:00","breadcrumb":{"@id":"https:\/\/babylove.se\/no\/produkt\/personlig-veggbokstav-veggdekorasjon\/#breadcrumb"},"inLanguage":"nb-NO","potentialAction":[{"@type":"ReadAction","target":["https:\/\/babylove.se\/no\/produkt\/personlig-veggbokstav-veggdekorasjon\/"]}]},{"@type":"ImageObject","inLanguage":"nb-NO","@id":"https:\/\/babylove.se\/no\/produkt\/personlig-veggbokstav-veggdekorasjon\/#primaryimage","url":"https:\/\/babylove.se\/no\/wp-content\/uploads\/sites\/3\/2025\/07\/5f35a02602171.jpeg","contentUrl":"https:\/\/babylove.se\/no\/wp-content\/uploads\/sites\/3\/2025\/07\/5f35a02602171.jpeg","width":750,"height":750},{"@type":"BreadcrumbList","@id":"https:\/\/babylove.se\/no\/produkt\/personlig-veggbokstav-veggdekorasjon\/#breadcrumb","itemListElement":[{"@type":"ListItem","position":1,"name":"Hem","item":"https:\/\/babylove.se\/no\/"},{"@type":"ListItem","position":2,"name":"Butik","item":"https:\/\/babylove.se\/no\/butik\/"},{"@type":"ListItem","position":3,"name":"Personlig veggbokstav &#8211; veggdekorasjon"}]},{"@type":"WebSite","@id":"https:\/\/babylove.se\/no\/#website","url":"https:\/\/babylove.se\/no\/","name":"Babylove Norska","description":"","potentialAction":[{"@type":"SearchAction","target":{"@type":"EntryPoint","urlTemplate":"https:\/\/babylove.se\/no\/?s={search_term_string}"},"query-input":{"@type":"PropertyValueSpecification","valueRequired":true,"valueName":"search_term_string"}}],"inLanguage":"nb-NO"}]},"product_brand":"Varberg Laser","og_availability":"instock","product_availability":"instock","product_retailer_item_id":"R\u00f6d-S-15-cm","product_condition":"new"},"_links":{"self":[{"href":"https:\/\/babylove.se\/no\/wp-json\/wp\/v2\/product\/18904","targetHints":{"allow":["GET"]}}],"collection":[{"href":"https:\/\/babylove.se\/no\/wp-json\/wp\/v2\/product"}],"about":[{"href":"https:\/\/babylove.se\/no\/wp-json\/wp\/v2\/types\/product"}],"replies":[{"embeddable":true,"href":"https:\/\/babylove.se\/no\/wp-json\/wp\/v2\/comments?post=18904"}],"wp:featuredmedia":[{"embeddable":true,"href":"https:\/\/babylove.se\/no\/wp-json\/wp\/v2\/media\/18906"}],"wp:attachment":[{"href":"https:\/\/babylove.se\/no\/wp-json\/wp\/v2\/media?parent=18904"}],"wp:term":[{"taxonomy":"product_brand","embeddable":true,"href":"https:\/\/babylove.se\/no\/wp-json\/wp\/v2\/product_brand?post=18904"},{"taxonomy":"product_cat","embeddable":true,"href":"https:\/\/babylove.se\/no\/wp-json\/wp\/v2\/product_cat?post=18904"},{"taxonomy":"product_tag","embeddable":true,"href":"https:\/\/babylove.se\/no\/wp-json\/wp\/v2\/product_tag?post=18904"}],"curies":[{"name":"wp","href":"https:\/\/api.w.org\/{rel}","templated":true}]}}