{"id":19024,"date":"2025-07-18T22:22:40","date_gmt":"2025-07-18T21:22:40","guid":{"rendered":"https:\/\/babylove.se\/produkt\/sassbelle-forvaringskorg-black-tribal\/"},"modified":"2026-04-08T09:28:14","modified_gmt":"2026-04-08T08:28:14","slug":"sassbelle-oppbevaringskurv-black-tribal","status":"publish","type":"product","link":"https:\/\/babylove.se\/no\/produkt\/sassbelle-oppbevaringskurv-black-tribal\/","title":{"rendered":"Sass &#038; Belle, oppbevaringskurv black tribal"},"content":{"rendered":"<p>En superfin og praktisk oppbevaringskurv til barnerommet, helt laget av sj\u00f8gress med et vakkert svart motiv p\u00e5 forsiden. Passer perfekt til \u00e5 oppbevare lego, kosedyrene eller alt som barnet ditt vil ha i den. Du flytter enkelt rundt dem ved hjelp av to praktiske h\u00e5ndtak.&nbsp;<\/p>\n<p>Laget helt for h\u00e5nd av britiske Sass &amp; Belle, og kan variere i st\u00f8rrelse da alle eksemplarer er unike.&nbsp;<\/p>\n<p><strong>M\u00e5l<\/strong>: H\u00f8yde 30 cm Diameter 35 cm&nbsp;<\/p>\n<p><strong>Materiale<\/strong>: Sj\u00f8gress<\/p>\n<p>Designer: <a href=\"https:\/\/babylove.se\/varumarken\/sass-belle\">Sass &amp; Belle<\/a><\/p>\n","protected":false},"excerpt":{"rendered":"<p>En superfin og praktisk oppbevaringskurv til barnerommet, helt laget av sj\u00f8gress med et vakkert svart motiv p\u00e5 forsiden. Passer perfekt til \u00e5 oppbevare lego, kosedyrene eller alt som barnet ditt vil ha i den. Du flytter enkelt rundt dem ved hjelp av to praktiske h\u00e5ndtak.&nbsp; Laget helt for h\u00e5nd av britiske Sass &amp; Belle, og [&hellip;]<\/p>\n","protected":false},"featured_media":19026,"comment_status":"closed","ping_status":"open","template":"","meta":{"_acf_changed":false},"product_brand":[683],"product_cat":[72,43,684],"product_tag":[],"class_list":{"0":"post-19024","1":"product","2":"type-product","3":"status-publish","4":"has-post-thumbnail","6":"product_brand-sassbelle","7":"product_cat-julegaver","8":"product_cat-oppbevaringskurver","9":"product_cat-sass-belle","11":"first","12":"instock","13":"taxable","14":"shipping-taxable","15":"purchasable","16":"product-type-simple"},"acf":[],"yoast_head":"<!-- This site is optimized with the Yoast SEO Premium plugin v25.8 (Yoast SEO v27.2) - https:\/\/yoast.com\/product\/yoast-seo-premium-wordpress\/ -->\n<title>Sass &amp; Belle, oppbevaringskurv black tribal - Babylove Norska<\/title>\n<meta name=\"robots\" content=\"noindex, follow, max-snippet:-1, max-image-preview:large, max-video-preview:-1\" \/>\n<meta property=\"og:locale\" content=\"nb_NO\" \/>\n<meta property=\"og:type\" content=\"article\" \/>\n<meta property=\"og:title\" content=\"Sass &amp; Belle, oppbevaringskurv black tribal\" \/>\n<meta property=\"og:description\" content=\"En superfin og praktisk oppbevaringskurv til barnerommet, helt laget av sj\u00f8gress med et vakkert svart motiv p\u00e5 forsiden. Passer perfekt til \u00e5 oppbevare lego, kosedyrene eller alt som barnet ditt vil ha i den. Du flytter enkelt rundt dem ved hjelp av to praktiske h\u00e5ndtak.&nbsp; Laget helt for h\u00e5nd av britiske Sass &amp; Belle, og [&hellip;]\" \/>\n<meta property=\"og:url\" content=\"https:\/\/babylove.se\/no\/produkt\/sassbelle-oppbevaringskurv-black-tribal\/\" \/>\n<meta property=\"og:site_name\" content=\"Babylove Norska\" \/>\n<meta property=\"article:modified_time\" content=\"2026-04-08T08:28:14+00:00\" \/>\n<meta property=\"og:image\" content=\"https:\/\/babylove.se\/no\/wp-content\/uploads\/sites\/3\/2025\/07\/5f364b1ea902a.jpeg\" \/>\n\t<meta property=\"og:image:width\" content=\"600\" \/>\n\t<meta property=\"og:image:height\" content=\"600\" \/>\n\t<meta property=\"og:image:type\" content=\"image\/jpeg\" \/>\n<meta name=\"twitter:card\" content=\"summary_large_image\" \/>\n<meta name=\"twitter:label1\" content=\"Price\" \/>\n\t<meta name=\"twitter:data1\" content=\"299,00&nbsp;&#107;&#114;\" \/>\n\t<meta name=\"twitter:label2\" content=\"Availability\" \/>\n\t<meta name=\"twitter:data2\" content=\"In stock\" \/>\n<script type=\"application\/ld+json\" class=\"yoast-schema-graph\">{\"@context\":\"https:\/\/schema.org\",\"@graph\":[{\"@type\":\"WebPage\",\"@id\":\"https:\/\/babylove.se\/no\/produkt\/sassbelle-oppbevaringskurv-black-tribal\/\",\"url\":\"https:\/\/babylove.se\/no\/produkt\/sassbelle-oppbevaringskurv-black-tribal\/\",\"name\":\"Sass & Belle, oppbevaringskurv black tribal - Babylove Norska\",\"isPartOf\":{\"@id\":\"https:\/\/babylove.se\/no\/#website\"},\"primaryImageOfPage\":{\"@id\":\"https:\/\/babylove.se\/no\/produkt\/sassbelle-oppbevaringskurv-black-tribal\/#primaryimage\"},\"image\":{\"@id\":\"https:\/\/babylove.se\/no\/produkt\/sassbelle-oppbevaringskurv-black-tribal\/#primaryimage\"},\"thumbnailUrl\":\"https:\/\/babylove.se\/no\/wp-content\/uploads\/sites\/3\/2025\/07\/5f364b1ea902a.jpeg\",\"datePublished\":\"2025-07-18T21:22:40+00:00\",\"dateModified\":\"2026-04-08T08:28:14+00:00\",\"breadcrumb\":{\"@id\":\"https:\/\/babylove.se\/no\/produkt\/sassbelle-oppbevaringskurv-black-tribal\/#breadcrumb\"},\"inLanguage\":\"nb-NO\",\"potentialAction\":[{\"@type\":\"ReadAction\",\"target\":[\"https:\/\/babylove.se\/no\/produkt\/sassbelle-oppbevaringskurv-black-tribal\/\"]}]},{\"@type\":\"ImageObject\",\"inLanguage\":\"nb-NO\",\"@id\":\"https:\/\/babylove.se\/no\/produkt\/sassbelle-oppbevaringskurv-black-tribal\/#primaryimage\",\"url\":\"https:\/\/babylove.se\/no\/wp-content\/uploads\/sites\/3\/2025\/07\/5f364b1ea902a.jpeg\",\"contentUrl\":\"https:\/\/babylove.se\/no\/wp-content\/uploads\/sites\/3\/2025\/07\/5f364b1ea902a.jpeg\",\"width\":600,\"height\":600},{\"@type\":\"BreadcrumbList\",\"@id\":\"https:\/\/babylove.se\/no\/produkt\/sassbelle-oppbevaringskurv-black-tribal\/#breadcrumb\",\"itemListElement\":[{\"@type\":\"ListItem\",\"position\":1,\"name\":\"Hem\",\"item\":\"https:\/\/babylove.se\/no\/\"},{\"@type\":\"ListItem\",\"position\":2,\"name\":\"Butik\",\"item\":\"https:\/\/babylove.se\/no\/butik\/\"},{\"@type\":\"ListItem\",\"position\":3,\"name\":\"Sass &#038; Belle, oppbevaringskurv black tribal\"}]},{\"@type\":\"WebSite\",\"@id\":\"https:\/\/babylove.se\/no\/#website\",\"url\":\"https:\/\/babylove.se\/no\/\",\"name\":\"Babylove Norska\",\"description\":\"\",\"potentialAction\":[{\"@type\":\"SearchAction\",\"target\":{\"@type\":\"EntryPoint\",\"urlTemplate\":\"https:\/\/babylove.se\/no\/?s={search_term_string}\"},\"query-input\":{\"@type\":\"PropertyValueSpecification\",\"valueRequired\":true,\"valueName\":\"search_term_string\"}}],\"inLanguage\":\"nb-NO\"}]}<\/script>\n<meta property=\"product:brand\" content=\"Sass&amp;Belle\" \/>\n<meta property=\"product:price:amount\" content=\"299.00\" \/>\n<meta property=\"product:price:currency\" content=\"SEK\" \/>\n<meta property=\"og:availability\" content=\"instock\" \/>\n<meta property=\"product:availability\" content=\"instock\" \/>\n<meta property=\"product:retailer_item_id\" content=\"BASK005\" \/>\n<meta property=\"product:condition\" content=\"new\" \/>\n<!-- \/ Yoast SEO Premium plugin. -->","yoast_head_json":{"title":"Sass & Belle, oppbevaringskurv black tribal - Babylove Norska","robots":{"index":"noindex","follow":"follow","max-snippet":"max-snippet:-1","max-image-preview":"max-image-preview:large","max-video-preview":"max-video-preview:-1"},"og_locale":"nb_NO","og_type":"article","og_title":"Sass & Belle, oppbevaringskurv black tribal","og_description":"En superfin og praktisk oppbevaringskurv til barnerommet, helt laget av sj\u00f8gress med et vakkert svart motiv p\u00e5 forsiden. Passer perfekt til \u00e5 oppbevare lego, kosedyrene eller alt som barnet ditt vil ha i den. Du flytter enkelt rundt dem ved hjelp av to praktiske h\u00e5ndtak.&nbsp; Laget helt for h\u00e5nd av britiske Sass &amp; Belle, og [&hellip;]","og_url":"https:\/\/babylove.se\/no\/produkt\/sassbelle-oppbevaringskurv-black-tribal\/","og_site_name":"Babylove Norska","article_modified_time":"2026-04-08T08:28:14+00:00","og_image":[{"width":600,"height":600,"url":"https:\/\/babylove.se\/no\/wp-content\/uploads\/sites\/3\/2025\/07\/5f364b1ea902a.jpeg","type":"image\/jpeg"}],"twitter_card":"summary_large_image","twitter_misc":{"Price":"299,00&nbsp;&#107;&#114;","Availability":"In stock"},"schema":{"@context":"https:\/\/schema.org","@graph":[{"@type":"WebPage","@id":"https:\/\/babylove.se\/no\/produkt\/sassbelle-oppbevaringskurv-black-tribal\/","url":"https:\/\/babylove.se\/no\/produkt\/sassbelle-oppbevaringskurv-black-tribal\/","name":"Sass & Belle, oppbevaringskurv black tribal - Babylove Norska","isPartOf":{"@id":"https:\/\/babylove.se\/no\/#website"},"primaryImageOfPage":{"@id":"https:\/\/babylove.se\/no\/produkt\/sassbelle-oppbevaringskurv-black-tribal\/#primaryimage"},"image":{"@id":"https:\/\/babylove.se\/no\/produkt\/sassbelle-oppbevaringskurv-black-tribal\/#primaryimage"},"thumbnailUrl":"https:\/\/babylove.se\/no\/wp-content\/uploads\/sites\/3\/2025\/07\/5f364b1ea902a.jpeg","datePublished":"2025-07-18T21:22:40+00:00","dateModified":"2026-04-08T08:28:14+00:00","breadcrumb":{"@id":"https:\/\/babylove.se\/no\/produkt\/sassbelle-oppbevaringskurv-black-tribal\/#breadcrumb"},"inLanguage":"nb-NO","potentialAction":[{"@type":"ReadAction","target":["https:\/\/babylove.se\/no\/produkt\/sassbelle-oppbevaringskurv-black-tribal\/"]}]},{"@type":"ImageObject","inLanguage":"nb-NO","@id":"https:\/\/babylove.se\/no\/produkt\/sassbelle-oppbevaringskurv-black-tribal\/#primaryimage","url":"https:\/\/babylove.se\/no\/wp-content\/uploads\/sites\/3\/2025\/07\/5f364b1ea902a.jpeg","contentUrl":"https:\/\/babylove.se\/no\/wp-content\/uploads\/sites\/3\/2025\/07\/5f364b1ea902a.jpeg","width":600,"height":600},{"@type":"BreadcrumbList","@id":"https:\/\/babylove.se\/no\/produkt\/sassbelle-oppbevaringskurv-black-tribal\/#breadcrumb","itemListElement":[{"@type":"ListItem","position":1,"name":"Hem","item":"https:\/\/babylove.se\/no\/"},{"@type":"ListItem","position":2,"name":"Butik","item":"https:\/\/babylove.se\/no\/butik\/"},{"@type":"ListItem","position":3,"name":"Sass &#038; Belle, oppbevaringskurv black tribal"}]},{"@type":"WebSite","@id":"https:\/\/babylove.se\/no\/#website","url":"https:\/\/babylove.se\/no\/","name":"Babylove Norska","description":"","potentialAction":[{"@type":"SearchAction","target":{"@type":"EntryPoint","urlTemplate":"https:\/\/babylove.se\/no\/?s={search_term_string}"},"query-input":{"@type":"PropertyValueSpecification","valueRequired":true,"valueName":"search_term_string"}}],"inLanguage":"nb-NO"}]},"product_brand":"Sass&amp;Belle","product_price_amount":"299.00","product_price_currency":"SEK","og_availability":"instock","product_availability":"instock","product_retailer_item_id":"BASK005","product_condition":"new"},"_links":{"self":[{"href":"https:\/\/babylove.se\/no\/wp-json\/wp\/v2\/product\/19024","targetHints":{"allow":["GET"]}}],"collection":[{"href":"https:\/\/babylove.se\/no\/wp-json\/wp\/v2\/product"}],"about":[{"href":"https:\/\/babylove.se\/no\/wp-json\/wp\/v2\/types\/product"}],"replies":[{"embeddable":true,"href":"https:\/\/babylove.se\/no\/wp-json\/wp\/v2\/comments?post=19024"}],"wp:featuredmedia":[{"embeddable":true,"href":"https:\/\/babylove.se\/no\/wp-json\/wp\/v2\/media\/19026"}],"wp:attachment":[{"href":"https:\/\/babylove.se\/no\/wp-json\/wp\/v2\/media?parent=19024"}],"wp:term":[{"taxonomy":"product_brand","embeddable":true,"href":"https:\/\/babylove.se\/no\/wp-json\/wp\/v2\/product_brand?post=19024"},{"taxonomy":"product_cat","embeddable":true,"href":"https:\/\/babylove.se\/no\/wp-json\/wp\/v2\/product_cat?post=19024"},{"taxonomy":"product_tag","embeddable":true,"href":"https:\/\/babylove.se\/no\/wp-json\/wp\/v2\/product_tag?post=19024"}],"curies":[{"name":"wp","href":"https:\/\/api.w.org\/{rel}","templated":true}]}}