{"id":19054,"date":"2025-07-18T22:22:55","date_gmt":"2025-07-18T21:22:55","guid":{"rendered":"https:\/\/babylove.se\/produkt\/liewood-ditlev-night-light-nattlampa-penguin-green\/"},"modified":"2026-04-08T09:28:42","modified_gmt":"2026-04-08T08:28:42","slug":"liewood-ditlev-nattlys-nattlampe-pingvin-gronn","status":"publish","type":"product","link":"https:\/\/babylove.se\/no\/produkt\/liewood-ditlev-nattlys-nattlampe-pingvin-gronn\/","title":{"rendered":"Liewood, Ditlev Night Light nattlampe, Penguin green"},"content":{"rendered":"<p>S\u00f8t og myk nattlampe fra danske Liewood. Lampen er laget av silikon og er oppladbar, ledning medf\u00f8lger. Nattlampen verdsettes ogs\u00e5 for sitt design, da den er vakker \u00e5 se p\u00e5 selv n\u00e5r den ikke lyser.&nbsp;<\/p>\n<p>St\u00f8rrelse: H\u00f8yde 15 cm, Diameter 10,5<\/p>\n<p>Lampen er milj\u00f8vennlig siden den ikke g\u00e5r p\u00e5 batterier \u2013 i stedet har den en ladekontakt nederst. CE-merket, ROHS testet.<\/p>\n<p>Designer: <a href=\"https:\/\/babylove.se\/varumarken\/liewood\">Liewood<\/a><\/p>\n","protected":false},"excerpt":{"rendered":"<p>S\u00f8t og myk nattlampe fra danske Liewood. Lampen er laget av silikon og er oppladbar, ledning medf\u00f8lger. Nattlampen verdsettes ogs\u00e5 for sitt design, da den er vakker \u00e5 se p\u00e5 selv n\u00e5r den ikke lyser.&nbsp; St\u00f8rrelse: H\u00f8yde 15 cm, Diameter 10,5 Lampen er milj\u00f8vennlig siden den ikke g\u00e5r p\u00e5 batterier \u2013 i stedet har den [&hellip;]<\/p>\n","protected":false},"featured_media":19056,"comment_status":"closed","ping_status":"open","template":"","meta":{"_acf_changed":false},"product_brand":[],"product_cat":[31,283,179],"product_tag":[],"class_list":{"0":"post-19054","1":"product","2":"type-product","3":"status-publish","4":"has-post-thumbnail","6":"product_cat-lamper","7":"product_cat-liewood","8":"product_cat-nattlamper","10":"first","11":"outofstock","12":"taxable","13":"shipping-taxable","14":"purchasable","15":"product-type-simple"},"acf":[],"yoast_head":"<!-- This site is optimized with the Yoast SEO Premium plugin v25.8 (Yoast SEO v27.2) - https:\/\/yoast.com\/product\/yoast-seo-premium-wordpress\/ -->\n<title>Liewood, Ditlev Night Light nattlampe, Penguin green - Babylove Norska<\/title>\n<meta name=\"robots\" content=\"noindex, follow, max-snippet:-1, max-image-preview:large, max-video-preview:-1\" \/>\n<meta property=\"og:locale\" content=\"nb_NO\" \/>\n<meta property=\"og:type\" content=\"article\" \/>\n<meta property=\"og:title\" content=\"Liewood, Ditlev Night Light nattlampe, Penguin green\" \/>\n<meta property=\"og:description\" content=\"S\u00f8t og myk nattlampe fra danske Liewood. Lampen er laget av silikon og er oppladbar, ledning medf\u00f8lger. Nattlampen verdsettes ogs\u00e5 for sitt design, da den er vakker \u00e5 se p\u00e5 selv n\u00e5r den ikke lyser.&nbsp; St\u00f8rrelse: H\u00f8yde 15 cm, Diameter 10,5 Lampen er milj\u00f8vennlig siden den ikke g\u00e5r p\u00e5 batterier \u2013 i stedet har den [&hellip;]\" \/>\n<meta property=\"og:url\" content=\"https:\/\/babylove.se\/no\/produkt\/liewood-ditlev-nattlys-nattlampe-pingvin-gronn\/\" \/>\n<meta property=\"og:site_name\" content=\"Babylove Norska\" \/>\n<meta property=\"article:modified_time\" content=\"2026-04-08T08:28:42+00:00\" \/>\n<meta property=\"og:image\" content=\"https:\/\/babylove.se\/no\/wp-content\/uploads\/sites\/3\/2025\/07\/5f36765c098e1.jpeg\" \/>\n\t<meta property=\"og:image:width\" content=\"750\" \/>\n\t<meta property=\"og:image:height\" content=\"750\" \/>\n\t<meta property=\"og:image:type\" content=\"image\/jpeg\" \/>\n<meta name=\"twitter:card\" content=\"summary_large_image\" \/>\n<meta name=\"twitter:label1\" content=\"Price\" \/>\n\t<meta name=\"twitter:data1\" content=\"349,00&nbsp;&#107;&#114;\" \/>\n\t<meta name=\"twitter:label2\" content=\"Availability\" \/>\n\t<meta name=\"twitter:data2\" content=\"Out of stock\" \/>\n<script type=\"application\/ld+json\" class=\"yoast-schema-graph\">{\"@context\":\"https:\/\/schema.org\",\"@graph\":[{\"@type\":\"WebPage\",\"@id\":\"https:\/\/babylove.se\/no\/produkt\/liewood-ditlev-nattlys-nattlampe-pingvin-gronn\/\",\"url\":\"https:\/\/babylove.se\/no\/produkt\/liewood-ditlev-nattlys-nattlampe-pingvin-gronn\/\",\"name\":\"Liewood, Ditlev Night Light nattlampe, Penguin green - Babylove Norska\",\"isPartOf\":{\"@id\":\"https:\/\/babylove.se\/no\/#website\"},\"primaryImageOfPage\":{\"@id\":\"https:\/\/babylove.se\/no\/produkt\/liewood-ditlev-nattlys-nattlampe-pingvin-gronn\/#primaryimage\"},\"image\":{\"@id\":\"https:\/\/babylove.se\/no\/produkt\/liewood-ditlev-nattlys-nattlampe-pingvin-gronn\/#primaryimage\"},\"thumbnailUrl\":\"https:\/\/babylove.se\/no\/wp-content\/uploads\/sites\/3\/2025\/07\/5f36765c098e1.jpeg\",\"datePublished\":\"2025-07-18T21:22:55+00:00\",\"dateModified\":\"2026-04-08T08:28:42+00:00\",\"breadcrumb\":{\"@id\":\"https:\/\/babylove.se\/no\/produkt\/liewood-ditlev-nattlys-nattlampe-pingvin-gronn\/#breadcrumb\"},\"inLanguage\":\"nb-NO\",\"potentialAction\":[{\"@type\":\"ReadAction\",\"target\":[\"https:\/\/babylove.se\/no\/produkt\/liewood-ditlev-nattlys-nattlampe-pingvin-gronn\/\"]}]},{\"@type\":\"ImageObject\",\"inLanguage\":\"nb-NO\",\"@id\":\"https:\/\/babylove.se\/no\/produkt\/liewood-ditlev-nattlys-nattlampe-pingvin-gronn\/#primaryimage\",\"url\":\"https:\/\/babylove.se\/no\/wp-content\/uploads\/sites\/3\/2025\/07\/5f36765c098e1.jpeg\",\"contentUrl\":\"https:\/\/babylove.se\/no\/wp-content\/uploads\/sites\/3\/2025\/07\/5f36765c098e1.jpeg\",\"width\":750,\"height\":750},{\"@type\":\"BreadcrumbList\",\"@id\":\"https:\/\/babylove.se\/no\/produkt\/liewood-ditlev-nattlys-nattlampe-pingvin-gronn\/#breadcrumb\",\"itemListElement\":[{\"@type\":\"ListItem\",\"position\":1,\"name\":\"Hem\",\"item\":\"https:\/\/babylove.se\/no\/\"},{\"@type\":\"ListItem\",\"position\":2,\"name\":\"Butik\",\"item\":\"https:\/\/babylove.se\/no\/butik\/\"},{\"@type\":\"ListItem\",\"position\":3,\"name\":\"Liewood, Ditlev Night Light nattlampe, Penguin green\"}]},{\"@type\":\"WebSite\",\"@id\":\"https:\/\/babylove.se\/no\/#website\",\"url\":\"https:\/\/babylove.se\/no\/\",\"name\":\"Babylove Norska\",\"description\":\"\",\"potentialAction\":[{\"@type\":\"SearchAction\",\"target\":{\"@type\":\"EntryPoint\",\"urlTemplate\":\"https:\/\/babylove.se\/no\/?s={search_term_string}\"},\"query-input\":{\"@type\":\"PropertyValueSpecification\",\"valueRequired\":true,\"valueName\":\"search_term_string\"}}],\"inLanguage\":\"nb-NO\"}]}<\/script>\n<meta property=\"product:price:amount\" content=\"349.00\" \/>\n<meta property=\"product:price:currency\" content=\"SEK\" \/>\n<meta property=\"og:availability\" content=\"out of stock\" \/>\n<meta property=\"product:availability\" content=\"out of stock\" \/>\n<meta property=\"product:retailer_item_id\" content=\"LW129787357\" \/>\n<meta property=\"product:condition\" content=\"new\" \/>\n<!-- \/ Yoast SEO Premium plugin. -->","yoast_head_json":{"title":"Liewood, Ditlev Night Light nattlampe, Penguin green - Babylove Norska","robots":{"index":"noindex","follow":"follow","max-snippet":"max-snippet:-1","max-image-preview":"max-image-preview:large","max-video-preview":"max-video-preview:-1"},"og_locale":"nb_NO","og_type":"article","og_title":"Liewood, Ditlev Night Light nattlampe, Penguin green","og_description":"S\u00f8t og myk nattlampe fra danske Liewood. Lampen er laget av silikon og er oppladbar, ledning medf\u00f8lger. Nattlampen verdsettes ogs\u00e5 for sitt design, da den er vakker \u00e5 se p\u00e5 selv n\u00e5r den ikke lyser.&nbsp; St\u00f8rrelse: H\u00f8yde 15 cm, Diameter 10,5 Lampen er milj\u00f8vennlig siden den ikke g\u00e5r p\u00e5 batterier \u2013 i stedet har den [&hellip;]","og_url":"https:\/\/babylove.se\/no\/produkt\/liewood-ditlev-nattlys-nattlampe-pingvin-gronn\/","og_site_name":"Babylove Norska","article_modified_time":"2026-04-08T08:28:42+00:00","og_image":[{"width":750,"height":750,"url":"https:\/\/babylove.se\/no\/wp-content\/uploads\/sites\/3\/2025\/07\/5f36765c098e1.jpeg","type":"image\/jpeg"}],"twitter_card":"summary_large_image","twitter_misc":{"Price":"349,00&nbsp;&#107;&#114;","Availability":"Out of stock"},"schema":{"@context":"https:\/\/schema.org","@graph":[{"@type":"WebPage","@id":"https:\/\/babylove.se\/no\/produkt\/liewood-ditlev-nattlys-nattlampe-pingvin-gronn\/","url":"https:\/\/babylove.se\/no\/produkt\/liewood-ditlev-nattlys-nattlampe-pingvin-gronn\/","name":"Liewood, Ditlev Night Light nattlampe, Penguin green - Babylove Norska","isPartOf":{"@id":"https:\/\/babylove.se\/no\/#website"},"primaryImageOfPage":{"@id":"https:\/\/babylove.se\/no\/produkt\/liewood-ditlev-nattlys-nattlampe-pingvin-gronn\/#primaryimage"},"image":{"@id":"https:\/\/babylove.se\/no\/produkt\/liewood-ditlev-nattlys-nattlampe-pingvin-gronn\/#primaryimage"},"thumbnailUrl":"https:\/\/babylove.se\/no\/wp-content\/uploads\/sites\/3\/2025\/07\/5f36765c098e1.jpeg","datePublished":"2025-07-18T21:22:55+00:00","dateModified":"2026-04-08T08:28:42+00:00","breadcrumb":{"@id":"https:\/\/babylove.se\/no\/produkt\/liewood-ditlev-nattlys-nattlampe-pingvin-gronn\/#breadcrumb"},"inLanguage":"nb-NO","potentialAction":[{"@type":"ReadAction","target":["https:\/\/babylove.se\/no\/produkt\/liewood-ditlev-nattlys-nattlampe-pingvin-gronn\/"]}]},{"@type":"ImageObject","inLanguage":"nb-NO","@id":"https:\/\/babylove.se\/no\/produkt\/liewood-ditlev-nattlys-nattlampe-pingvin-gronn\/#primaryimage","url":"https:\/\/babylove.se\/no\/wp-content\/uploads\/sites\/3\/2025\/07\/5f36765c098e1.jpeg","contentUrl":"https:\/\/babylove.se\/no\/wp-content\/uploads\/sites\/3\/2025\/07\/5f36765c098e1.jpeg","width":750,"height":750},{"@type":"BreadcrumbList","@id":"https:\/\/babylove.se\/no\/produkt\/liewood-ditlev-nattlys-nattlampe-pingvin-gronn\/#breadcrumb","itemListElement":[{"@type":"ListItem","position":1,"name":"Hem","item":"https:\/\/babylove.se\/no\/"},{"@type":"ListItem","position":2,"name":"Butik","item":"https:\/\/babylove.se\/no\/butik\/"},{"@type":"ListItem","position":3,"name":"Liewood, Ditlev Night Light nattlampe, Penguin green"}]},{"@type":"WebSite","@id":"https:\/\/babylove.se\/no\/#website","url":"https:\/\/babylove.se\/no\/","name":"Babylove Norska","description":"","potentialAction":[{"@type":"SearchAction","target":{"@type":"EntryPoint","urlTemplate":"https:\/\/babylove.se\/no\/?s={search_term_string}"},"query-input":{"@type":"PropertyValueSpecification","valueRequired":true,"valueName":"search_term_string"}}],"inLanguage":"nb-NO"}]},"product_price_amount":"349.00","product_price_currency":"SEK","og_availability":"out of stock","product_availability":"out of stock","product_retailer_item_id":"LW129787357","product_condition":"new"},"_links":{"self":[{"href":"https:\/\/babylove.se\/no\/wp-json\/wp\/v2\/product\/19054","targetHints":{"allow":["GET"]}}],"collection":[{"href":"https:\/\/babylove.se\/no\/wp-json\/wp\/v2\/product"}],"about":[{"href":"https:\/\/babylove.se\/no\/wp-json\/wp\/v2\/types\/product"}],"replies":[{"embeddable":true,"href":"https:\/\/babylove.se\/no\/wp-json\/wp\/v2\/comments?post=19054"}],"wp:featuredmedia":[{"embeddable":true,"href":"https:\/\/babylove.se\/no\/wp-json\/wp\/v2\/media\/19056"}],"wp:attachment":[{"href":"https:\/\/babylove.se\/no\/wp-json\/wp\/v2\/media?parent=19054"}],"wp:term":[{"taxonomy":"product_brand","embeddable":true,"href":"https:\/\/babylove.se\/no\/wp-json\/wp\/v2\/product_brand?post=19054"},{"taxonomy":"product_cat","embeddable":true,"href":"https:\/\/babylove.se\/no\/wp-json\/wp\/v2\/product_cat?post=19054"},{"taxonomy":"product_tag","embeddable":true,"href":"https:\/\/babylove.se\/no\/wp-json\/wp\/v2\/product_tag?post=19054"}],"curies":[{"name":"wp","href":"https:\/\/api.w.org\/{rel}","templated":true}]}}