{"id":1909,"date":"2025-07-18T20:05:14","date_gmt":"2025-07-18T19:05:14","guid":{"rendered":"https:\/\/babylove.se\/produkt\/dusty-pink-myspol-ng-baby\/"},"modified":"2026-04-08T07:46:26","modified_gmt":"2026-04-08T06:46:26","slug":"dusty-pink-myspol-ng-baby","status":"publish","type":"product","link":"https:\/\/babylove.se\/no\/produkt\/dusty-pink-myspol-ng-baby\/","title":{"rendered":"Dusty pink mysep\u00f8l NG baby"},"content":{"rendered":"<p>En fantastisk fin kosep\u00f8l fra NG Babys Mood-kolleksjon. Ikke bare den perfekte lekeplassen for babyen din, men ogs\u00e5 en veldig fin barnerominnredning.&nbsp;<\/p>\n<p>Denne kosep\u00f8len har masse plass for b\u00e5de venner og leker. Det er ikke umulig at barnet ditt tar en lur i denne kosep\u00f8len, den fungerer &nbsp;perfekt til det form\u00e5let. For beste matching, heng gjerne en sengehimmel fra samme serie over den og du har raskt skapt deg en koselig krok.&nbsp;<\/p>\n<p>Kosep\u00f8lens overtrekk er laget i 100 % lin og er b\u00e5de avtakbart og vaskbart. Lin er dessuten et perfekt materiale da det holder babyen din kj\u00f8lig n\u00e5r det er varmt, og varmer n\u00e5r det er litt kj\u00f8ligere.<\/p>\n<p>Stoffet blir dessuten bare mykere jo mer du bruker det.&nbsp;<\/p>\n<p><strong>M\u00e5l<\/strong>: Finnes i to st\u00f8rrelser 100 cm og 120 cm (diameter).<\/p>\n<p>Kan maskinvaskes i h\u00f8yst 40 grader.<\/p>\n<p>Designer: <a href=\"https:\/\/babylove.se\/varumarken\/ng-baby\">NG Baby<\/a><\/p>\n","protected":false},"excerpt":{"rendered":"<p>En fantastisk fin kosep\u00f8l fra NG Babys Mood-kolleksjon. Ikke bare den perfekte lekeplassen for babyen din, men ogs\u00e5 en veldig fin barnerominnredning.&nbsp; Denne kosep\u00f8len har masse plass for b\u00e5de venner og leker. Det er ikke umulig at barnet ditt tar en lur i denne kosep\u00f8len, den fungerer &nbsp;perfekt til det form\u00e5let. For beste matching, heng [&hellip;]<\/p>\n","protected":false},"featured_media":1911,"comment_status":"closed","ping_status":"open","template":"","meta":{"_acf_changed":false},"product_brand":[107],"product_cat":[122,109],"product_tag":[1689],"class_list":{"0":"post-1909","1":"product","2":"type-product","3":"status-publish","4":"has-post-thumbnail","6":"product_brand-ng-baby","7":"product_cat-myspolar","8":"product_cat-ng-baby","9":"product_tag-bestillingsvaror","10":"pa_storlek-100-cm","11":"pa_storlek-120-cm","13":"first","14":"outofstock","15":"taxable","16":"shipping-taxable","17":"purchasable","18":"product-type-variable"},"acf":[],"yoast_head":"<!-- This site is optimized with the Yoast SEO Premium plugin v25.8 (Yoast SEO v27.2) - https:\/\/yoast.com\/product\/yoast-seo-premium-wordpress\/ -->\n<title>Dusty pink mysep\u00f8l NG baby - Babylove Norska<\/title>\n<meta name=\"robots\" content=\"noindex, follow, max-snippet:-1, max-image-preview:large, max-video-preview:-1\" \/>\n<meta property=\"og:locale\" content=\"nb_NO\" \/>\n<meta property=\"og:type\" content=\"article\" \/>\n<meta property=\"og:title\" content=\"Dusty pink mysep\u00f8l NG baby\" \/>\n<meta property=\"og:description\" content=\"En fantastisk fin kosep\u00f8l fra NG Babys Mood-kolleksjon. Ikke bare den perfekte lekeplassen for babyen din, men ogs\u00e5 en veldig fin barnerominnredning.&nbsp; Denne kosep\u00f8len har masse plass for b\u00e5de venner og leker. Det er ikke umulig at barnet ditt tar en lur i denne kosep\u00f8len, den fungerer &nbsp;perfekt til det form\u00e5let. For beste matching, heng [&hellip;]\" \/>\n<meta property=\"og:url\" content=\"https:\/\/babylove.se\/no\/produkt\/dusty-pink-myspol-ng-baby\/\" \/>\n<meta property=\"og:site_name\" content=\"Babylove Norska\" \/>\n<meta property=\"article:modified_time\" content=\"2026-04-08T06:46:26+00:00\" \/>\n<meta property=\"og:image\" content=\"https:\/\/babylove.se\/no\/wp-content\/uploads\/sites\/3\/2025\/07\/582e1e125bca7.jpeg\" \/>\n\t<meta property=\"og:image:width\" content=\"750\" \/>\n\t<meta property=\"og:image:height\" content=\"470\" \/>\n\t<meta property=\"og:image:type\" content=\"image\/jpeg\" \/>\n<meta name=\"twitter:card\" content=\"summary_large_image\" \/>\n<meta name=\"twitter:label1\" content=\"Availability\" \/>\n\t<meta name=\"twitter:data1\" content=\"Out of stock\" \/>\n<script type=\"application\/ld+json\" class=\"yoast-schema-graph\">{\"@context\":\"https:\/\/schema.org\",\"@graph\":[{\"@type\":\"WebPage\",\"@id\":\"https:\/\/babylove.se\/no\/produkt\/dusty-pink-myspol-ng-baby\/\",\"url\":\"https:\/\/babylove.se\/no\/produkt\/dusty-pink-myspol-ng-baby\/\",\"name\":\"Dusty pink mysep\u00f8l NG baby - Babylove Norska\",\"isPartOf\":{\"@id\":\"https:\/\/babylove.se\/no\/#website\"},\"primaryImageOfPage\":{\"@id\":\"https:\/\/babylove.se\/no\/produkt\/dusty-pink-myspol-ng-baby\/#primaryimage\"},\"image\":{\"@id\":\"https:\/\/babylove.se\/no\/produkt\/dusty-pink-myspol-ng-baby\/#primaryimage\"},\"thumbnailUrl\":\"https:\/\/babylove.se\/no\/wp-content\/uploads\/sites\/3\/2025\/07\/582e1e125bca7.jpeg\",\"datePublished\":\"2025-07-18T19:05:14+00:00\",\"dateModified\":\"2026-04-08T06:46:26+00:00\",\"breadcrumb\":{\"@id\":\"https:\/\/babylove.se\/no\/produkt\/dusty-pink-myspol-ng-baby\/#breadcrumb\"},\"inLanguage\":\"nb-NO\",\"potentialAction\":[{\"@type\":\"ReadAction\",\"target\":[\"https:\/\/babylove.se\/no\/produkt\/dusty-pink-myspol-ng-baby\/\"]}]},{\"@type\":\"ImageObject\",\"inLanguage\":\"nb-NO\",\"@id\":\"https:\/\/babylove.se\/no\/produkt\/dusty-pink-myspol-ng-baby\/#primaryimage\",\"url\":\"https:\/\/babylove.se\/no\/wp-content\/uploads\/sites\/3\/2025\/07\/582e1e125bca7.jpeg\",\"contentUrl\":\"https:\/\/babylove.se\/no\/wp-content\/uploads\/sites\/3\/2025\/07\/582e1e125bca7.jpeg\",\"width\":750,\"height\":470},{\"@type\":\"BreadcrumbList\",\"@id\":\"https:\/\/babylove.se\/no\/produkt\/dusty-pink-myspol-ng-baby\/#breadcrumb\",\"itemListElement\":[{\"@type\":\"ListItem\",\"position\":1,\"name\":\"Hem\",\"item\":\"https:\/\/babylove.se\/no\/\"},{\"@type\":\"ListItem\",\"position\":2,\"name\":\"Butik\",\"item\":\"https:\/\/babylove.se\/no\/butik\/\"},{\"@type\":\"ListItem\",\"position\":3,\"name\":\"Dusty pink mysep\u00f8l NG baby\"}]},{\"@type\":\"WebSite\",\"@id\":\"https:\/\/babylove.se\/no\/#website\",\"url\":\"https:\/\/babylove.se\/no\/\",\"name\":\"Babylove Norska\",\"description\":\"\",\"potentialAction\":[{\"@type\":\"SearchAction\",\"target\":{\"@type\":\"EntryPoint\",\"urlTemplate\":\"https:\/\/babylove.se\/no\/?s={search_term_string}\"},\"query-input\":{\"@type\":\"PropertyValueSpecification\",\"valueRequired\":true,\"valueName\":\"search_term_string\"}}],\"inLanguage\":\"nb-NO\"}]}<\/script>\n<meta property=\"product:brand\" content=\"Ng Baby\" \/>\n<meta property=\"og:availability\" content=\"out of stock\" \/>\n<meta property=\"product:availability\" content=\"out of stock\" \/>\n<meta property=\"product:retailer_item_id\" content=\"70610-066\" \/>\n<meta property=\"product:condition\" content=\"new\" \/>\n<!-- \/ Yoast SEO Premium plugin. -->","yoast_head_json":{"title":"Dusty pink mysep\u00f8l NG baby - Babylove Norska","robots":{"index":"noindex","follow":"follow","max-snippet":"max-snippet:-1","max-image-preview":"max-image-preview:large","max-video-preview":"max-video-preview:-1"},"og_locale":"nb_NO","og_type":"article","og_title":"Dusty pink mysep\u00f8l NG baby","og_description":"En fantastisk fin kosep\u00f8l fra NG Babys Mood-kolleksjon. Ikke bare den perfekte lekeplassen for babyen din, men ogs\u00e5 en veldig fin barnerominnredning.&nbsp; Denne kosep\u00f8len har masse plass for b\u00e5de venner og leker. Det er ikke umulig at barnet ditt tar en lur i denne kosep\u00f8len, den fungerer &nbsp;perfekt til det form\u00e5let. For beste matching, heng [&hellip;]","og_url":"https:\/\/babylove.se\/no\/produkt\/dusty-pink-myspol-ng-baby\/","og_site_name":"Babylove Norska","article_modified_time":"2026-04-08T06:46:26+00:00","og_image":[{"width":750,"height":470,"url":"https:\/\/babylove.se\/no\/wp-content\/uploads\/sites\/3\/2025\/07\/582e1e125bca7.jpeg","type":"image\/jpeg"}],"twitter_card":"summary_large_image","twitter_misc":{"Availability":"Out of stock"},"schema":{"@context":"https:\/\/schema.org","@graph":[{"@type":"WebPage","@id":"https:\/\/babylove.se\/no\/produkt\/dusty-pink-myspol-ng-baby\/","url":"https:\/\/babylove.se\/no\/produkt\/dusty-pink-myspol-ng-baby\/","name":"Dusty pink mysep\u00f8l NG baby - Babylove Norska","isPartOf":{"@id":"https:\/\/babylove.se\/no\/#website"},"primaryImageOfPage":{"@id":"https:\/\/babylove.se\/no\/produkt\/dusty-pink-myspol-ng-baby\/#primaryimage"},"image":{"@id":"https:\/\/babylove.se\/no\/produkt\/dusty-pink-myspol-ng-baby\/#primaryimage"},"thumbnailUrl":"https:\/\/babylove.se\/no\/wp-content\/uploads\/sites\/3\/2025\/07\/582e1e125bca7.jpeg","datePublished":"2025-07-18T19:05:14+00:00","dateModified":"2026-04-08T06:46:26+00:00","breadcrumb":{"@id":"https:\/\/babylove.se\/no\/produkt\/dusty-pink-myspol-ng-baby\/#breadcrumb"},"inLanguage":"nb-NO","potentialAction":[{"@type":"ReadAction","target":["https:\/\/babylove.se\/no\/produkt\/dusty-pink-myspol-ng-baby\/"]}]},{"@type":"ImageObject","inLanguage":"nb-NO","@id":"https:\/\/babylove.se\/no\/produkt\/dusty-pink-myspol-ng-baby\/#primaryimage","url":"https:\/\/babylove.se\/no\/wp-content\/uploads\/sites\/3\/2025\/07\/582e1e125bca7.jpeg","contentUrl":"https:\/\/babylove.se\/no\/wp-content\/uploads\/sites\/3\/2025\/07\/582e1e125bca7.jpeg","width":750,"height":470},{"@type":"BreadcrumbList","@id":"https:\/\/babylove.se\/no\/produkt\/dusty-pink-myspol-ng-baby\/#breadcrumb","itemListElement":[{"@type":"ListItem","position":1,"name":"Hem","item":"https:\/\/babylove.se\/no\/"},{"@type":"ListItem","position":2,"name":"Butik","item":"https:\/\/babylove.se\/no\/butik\/"},{"@type":"ListItem","position":3,"name":"Dusty pink mysep\u00f8l NG baby"}]},{"@type":"WebSite","@id":"https:\/\/babylove.se\/no\/#website","url":"https:\/\/babylove.se\/no\/","name":"Babylove Norska","description":"","potentialAction":[{"@type":"SearchAction","target":{"@type":"EntryPoint","urlTemplate":"https:\/\/babylove.se\/no\/?s={search_term_string}"},"query-input":{"@type":"PropertyValueSpecification","valueRequired":true,"valueName":"search_term_string"}}],"inLanguage":"nb-NO"}]},"product_brand":"Ng Baby","og_availability":"out of stock","product_availability":"out of stock","product_retailer_item_id":"70610-066","product_condition":"new"},"_links":{"self":[{"href":"https:\/\/babylove.se\/no\/wp-json\/wp\/v2\/product\/1909","targetHints":{"allow":["GET"]}}],"collection":[{"href":"https:\/\/babylove.se\/no\/wp-json\/wp\/v2\/product"}],"about":[{"href":"https:\/\/babylove.se\/no\/wp-json\/wp\/v2\/types\/product"}],"replies":[{"embeddable":true,"href":"https:\/\/babylove.se\/no\/wp-json\/wp\/v2\/comments?post=1909"}],"wp:featuredmedia":[{"embeddable":true,"href":"https:\/\/babylove.se\/no\/wp-json\/wp\/v2\/media\/1911"}],"wp:attachment":[{"href":"https:\/\/babylove.se\/no\/wp-json\/wp\/v2\/media?parent=1909"}],"wp:term":[{"taxonomy":"product_brand","embeddable":true,"href":"https:\/\/babylove.se\/no\/wp-json\/wp\/v2\/product_brand?post=1909"},{"taxonomy":"product_cat","embeddable":true,"href":"https:\/\/babylove.se\/no\/wp-json\/wp\/v2\/product_cat?post=1909"},{"taxonomy":"product_tag","embeddable":true,"href":"https:\/\/babylove.se\/no\/wp-json\/wp\/v2\/product_tag?post=1909"}],"curies":[{"name":"wp","href":"https:\/\/api.w.org\/{rel}","templated":true}]}}