{"id":19122,"date":"2025-07-18T22:23:49","date_gmt":"2025-07-18T21:23:49","guid":{"rendered":"https:\/\/babylove.se\/produkt\/helikopter-vaggklistermarke-till-barnrum\/"},"modified":"2026-04-08T09:28:51","modified_gmt":"2026-04-08T08:28:51","slug":"helikopter-vegklistremerke-til-barnerom","status":"publish","type":"product","link":"https:\/\/babylove.se\/no\/produkt\/helikopter-vegklistremerke-til-barnerom\/","title":{"rendered":"Helikopter veggklistremerke til barnerom XL"},"content":{"rendered":"<p>Et vakkert sett med veggklistremerker i form av en by med helikopter, fly og luftballonger.<\/p>\n<p>Med disse kan du dekorere barnerommet ditt med forskjellige typer hus og skape masse lek.<\/p>\n<p>Veggklistremerker p\u00e5 et barnerom er en enkel m\u00e5te \u00e5 dekorere favorittmyskroken din eller et kjedelig omr\u00e5de ved siden av en seng eller et skrivebord.<\/p>\n<ul>\n<li>Trykt med blekk som er trygt for barn p\u00e5 matt h\u00f8ykvalitetsfolie<\/li>\n<li>Skj\u00e6res ut med kontur<\/li>\n<li>Selvklebende &#8211; har et lag med lim<\/li>\n<li>Du setter dem opp selv i din egen komposisjon<\/li>\n<li>De kan enkelt rengj\u00f8res med en lett fuktet svamp eller en klut<\/li>\n<li>Det er 4 hus i settet<\/li>\n<\/ul>\n<p>M\u00e5l:<\/p>\n<ul>\n<li>2 stk. luftballonger h\u00f8yde 21-22 cm<\/li>\n<li>2 stk fly &nbsp;h\u00f8yde 18-22 cm<\/li>\n<li>1 stk helikopter 30&#215;30 cm<\/li>\n<li>2 stk hus h\u00f8yde 14- 21 cm&nbsp;<\/li>\n<li>1 stk fjell 16&#215;23 cm<\/li>\n<li>+sm\u00e5 skyer, tr\u00e6r, ballonger , vimpel &nbsp;<\/li>\n<\/ul>\n<p><em>OBS! S\u00f8rg for at overflaten er t\u00f8rr og avfettet f\u00f8r du setter opp veggklisteremerket. Fungerer ikke p\u00e5 ujevne vegger\/overflater. Klistremerkene er heller ikke egnet for vegger med en grov overflate eller hvis de er malt med lateksfarger eller tapetsert. Veggklistremerkene m\u00e5 v\u00e6re flate og ofte ligge og rettes ut minst 24 timer etter man har tatt dem ut av emballasjen f\u00f8r man kan sette dem opp p\u00e5 veggen.<\/em><\/p>\n<p>Designer: <a href=\"https:\/\/babylove.se\/varumarken\/babylove\">Babylove<\/a><\/p>\n","protected":false},"excerpt":{"rendered":"<p>Et vakkert sett med veggklistremerker i form av en by med helikopter, fly og luftballonger. Med disse kan du dekorere barnerommet ditt med forskjellige typer hus og skape masse lek. Veggklistremerker p\u00e5 et barnerom er en enkel m\u00e5te \u00e5 dekorere favorittmyskroken din eller et kjedelig omr\u00e5de ved siden av en seng eller et skrivebord. Trykt [&hellip;]<\/p>\n","protected":false},"featured_media":19124,"comment_status":"closed","ping_status":"open","template":"","meta":{"_acf_changed":false},"product_brand":[22],"product_cat":[84,24],"product_tag":[1709],"class_list":{"0":"post-19122","1":"product","2":"type-product","3":"status-publish","4":"has-post-thumbnail","6":"product_brand-babylove","7":"product_cat-babylove","8":"product_cat-veggklistremerker","9":"product_tag-utforsalg","11":"first","12":"instock","13":"taxable","14":"shipping-taxable","15":"purchasable","16":"product-type-simple"},"acf":[],"yoast_head":"<!-- This site is optimized with the Yoast SEO Premium plugin v25.8 (Yoast SEO v27.2) - https:\/\/yoast.com\/product\/yoast-seo-premium-wordpress\/ -->\n<title>Helikopter veggklistremerke til barnerom XL - Babylove Norska<\/title>\n<meta name=\"robots\" content=\"noindex, follow, max-snippet:-1, max-image-preview:large, max-video-preview:-1\" \/>\n<meta property=\"og:locale\" content=\"nb_NO\" \/>\n<meta property=\"og:type\" content=\"article\" \/>\n<meta property=\"og:title\" content=\"Helikopter veggklistremerke til barnerom XL\" \/>\n<meta property=\"og:description\" content=\"Et vakkert sett med veggklistremerker i form av en by med helikopter, fly og luftballonger. Med disse kan du dekorere barnerommet ditt med forskjellige typer hus og skape masse lek. Veggklistremerker p\u00e5 et barnerom er en enkel m\u00e5te \u00e5 dekorere favorittmyskroken din eller et kjedelig omr\u00e5de ved siden av en seng eller et skrivebord. Trykt [&hellip;]\" \/>\n<meta property=\"og:url\" content=\"https:\/\/babylove.se\/no\/produkt\/helikopter-vegklistremerke-til-barnerom\/\" \/>\n<meta property=\"og:site_name\" content=\"Babylove Norska\" \/>\n<meta property=\"article:modified_time\" content=\"2026-04-08T08:28:51+00:00\" \/>\n<meta property=\"og:image\" content=\"https:\/\/babylove.se\/no\/wp-content\/uploads\/sites\/3\/2025\/07\/5f3cf461ac432.jpeg\" \/>\n\t<meta property=\"og:image:width\" content=\"750\" \/>\n\t<meta property=\"og:image:height\" content=\"548\" \/>\n\t<meta property=\"og:image:type\" content=\"image\/jpeg\" \/>\n<meta name=\"twitter:card\" content=\"summary_large_image\" \/>\n<meta name=\"twitter:label1\" content=\"Price\" \/>\n\t<meta name=\"twitter:data1\" content=\"399,00&nbsp;&#107;&#114;\" \/>\n\t<meta name=\"twitter:label2\" content=\"Availability\" \/>\n\t<meta name=\"twitter:data2\" content=\"In stock\" \/>\n<script type=\"application\/ld+json\" class=\"yoast-schema-graph\">{\"@context\":\"https:\/\/schema.org\",\"@graph\":[{\"@type\":\"WebPage\",\"@id\":\"https:\/\/babylove.se\/no\/produkt\/helikopter-vegklistremerke-til-barnerom\/\",\"url\":\"https:\/\/babylove.se\/no\/produkt\/helikopter-vegklistremerke-til-barnerom\/\",\"name\":\"Helikopter veggklistremerke til barnerom XL - Babylove Norska\",\"isPartOf\":{\"@id\":\"https:\/\/babylove.se\/no\/#website\"},\"primaryImageOfPage\":{\"@id\":\"https:\/\/babylove.se\/no\/produkt\/helikopter-vegklistremerke-til-barnerom\/#primaryimage\"},\"image\":{\"@id\":\"https:\/\/babylove.se\/no\/produkt\/helikopter-vegklistremerke-til-barnerom\/#primaryimage\"},\"thumbnailUrl\":\"https:\/\/babylove.se\/no\/wp-content\/uploads\/sites\/3\/2025\/07\/5f3cf461ac432.jpeg\",\"datePublished\":\"2025-07-18T21:23:49+00:00\",\"dateModified\":\"2026-04-08T08:28:51+00:00\",\"breadcrumb\":{\"@id\":\"https:\/\/babylove.se\/no\/produkt\/helikopter-vegklistremerke-til-barnerom\/#breadcrumb\"},\"inLanguage\":\"nb-NO\",\"potentialAction\":[{\"@type\":\"ReadAction\",\"target\":[\"https:\/\/babylove.se\/no\/produkt\/helikopter-vegklistremerke-til-barnerom\/\"]}]},{\"@type\":\"ImageObject\",\"inLanguage\":\"nb-NO\",\"@id\":\"https:\/\/babylove.se\/no\/produkt\/helikopter-vegklistremerke-til-barnerom\/#primaryimage\",\"url\":\"https:\/\/babylove.se\/no\/wp-content\/uploads\/sites\/3\/2025\/07\/5f3cf461ac432.jpeg\",\"contentUrl\":\"https:\/\/babylove.se\/no\/wp-content\/uploads\/sites\/3\/2025\/07\/5f3cf461ac432.jpeg\",\"width\":750,\"height\":548},{\"@type\":\"BreadcrumbList\",\"@id\":\"https:\/\/babylove.se\/no\/produkt\/helikopter-vegklistremerke-til-barnerom\/#breadcrumb\",\"itemListElement\":[{\"@type\":\"ListItem\",\"position\":1,\"name\":\"Hem\",\"item\":\"https:\/\/babylove.se\/no\/\"},{\"@type\":\"ListItem\",\"position\":2,\"name\":\"Butik\",\"item\":\"https:\/\/babylove.se\/no\/butik\/\"},{\"@type\":\"ListItem\",\"position\":3,\"name\":\"Helikopter veggklistremerke til barnerom XL\"}]},{\"@type\":\"WebSite\",\"@id\":\"https:\/\/babylove.se\/no\/#website\",\"url\":\"https:\/\/babylove.se\/no\/\",\"name\":\"Babylove Norska\",\"description\":\"\",\"potentialAction\":[{\"@type\":\"SearchAction\",\"target\":{\"@type\":\"EntryPoint\",\"urlTemplate\":\"https:\/\/babylove.se\/no\/?s={search_term_string}\"},\"query-input\":{\"@type\":\"PropertyValueSpecification\",\"valueRequired\":true,\"valueName\":\"search_term_string\"}}],\"inLanguage\":\"nb-NO\"}]}<\/script>\n<meta property=\"product:brand\" content=\"Babylove\" \/>\n<meta property=\"product:price:amount\" content=\"399.00\" \/>\n<meta property=\"product:price:currency\" content=\"SEK\" \/>\n<meta property=\"og:availability\" content=\"instock\" \/>\n<meta property=\"product:availability\" content=\"instock\" \/>\n<meta property=\"product:retailer_item_id\" content=\"DD00001866\" \/>\n<meta property=\"product:condition\" content=\"new\" \/>\n<!-- \/ Yoast SEO Premium plugin. -->","yoast_head_json":{"title":"Helikopter veggklistremerke til barnerom XL - Babylove Norska","robots":{"index":"noindex","follow":"follow","max-snippet":"max-snippet:-1","max-image-preview":"max-image-preview:large","max-video-preview":"max-video-preview:-1"},"og_locale":"nb_NO","og_type":"article","og_title":"Helikopter veggklistremerke til barnerom XL","og_description":"Et vakkert sett med veggklistremerker i form av en by med helikopter, fly og luftballonger. Med disse kan du dekorere barnerommet ditt med forskjellige typer hus og skape masse lek. Veggklistremerker p\u00e5 et barnerom er en enkel m\u00e5te \u00e5 dekorere favorittmyskroken din eller et kjedelig omr\u00e5de ved siden av en seng eller et skrivebord. Trykt [&hellip;]","og_url":"https:\/\/babylove.se\/no\/produkt\/helikopter-vegklistremerke-til-barnerom\/","og_site_name":"Babylove Norska","article_modified_time":"2026-04-08T08:28:51+00:00","og_image":[{"width":750,"height":548,"url":"https:\/\/babylove.se\/no\/wp-content\/uploads\/sites\/3\/2025\/07\/5f3cf461ac432.jpeg","type":"image\/jpeg"}],"twitter_card":"summary_large_image","twitter_misc":{"Price":"399,00&nbsp;&#107;&#114;","Availability":"In stock"},"schema":{"@context":"https:\/\/schema.org","@graph":[{"@type":"WebPage","@id":"https:\/\/babylove.se\/no\/produkt\/helikopter-vegklistremerke-til-barnerom\/","url":"https:\/\/babylove.se\/no\/produkt\/helikopter-vegklistremerke-til-barnerom\/","name":"Helikopter veggklistremerke til barnerom XL - Babylove Norska","isPartOf":{"@id":"https:\/\/babylove.se\/no\/#website"},"primaryImageOfPage":{"@id":"https:\/\/babylove.se\/no\/produkt\/helikopter-vegklistremerke-til-barnerom\/#primaryimage"},"image":{"@id":"https:\/\/babylove.se\/no\/produkt\/helikopter-vegklistremerke-til-barnerom\/#primaryimage"},"thumbnailUrl":"https:\/\/babylove.se\/no\/wp-content\/uploads\/sites\/3\/2025\/07\/5f3cf461ac432.jpeg","datePublished":"2025-07-18T21:23:49+00:00","dateModified":"2026-04-08T08:28:51+00:00","breadcrumb":{"@id":"https:\/\/babylove.se\/no\/produkt\/helikopter-vegklistremerke-til-barnerom\/#breadcrumb"},"inLanguage":"nb-NO","potentialAction":[{"@type":"ReadAction","target":["https:\/\/babylove.se\/no\/produkt\/helikopter-vegklistremerke-til-barnerom\/"]}]},{"@type":"ImageObject","inLanguage":"nb-NO","@id":"https:\/\/babylove.se\/no\/produkt\/helikopter-vegklistremerke-til-barnerom\/#primaryimage","url":"https:\/\/babylove.se\/no\/wp-content\/uploads\/sites\/3\/2025\/07\/5f3cf461ac432.jpeg","contentUrl":"https:\/\/babylove.se\/no\/wp-content\/uploads\/sites\/3\/2025\/07\/5f3cf461ac432.jpeg","width":750,"height":548},{"@type":"BreadcrumbList","@id":"https:\/\/babylove.se\/no\/produkt\/helikopter-vegklistremerke-til-barnerom\/#breadcrumb","itemListElement":[{"@type":"ListItem","position":1,"name":"Hem","item":"https:\/\/babylove.se\/no\/"},{"@type":"ListItem","position":2,"name":"Butik","item":"https:\/\/babylove.se\/no\/butik\/"},{"@type":"ListItem","position":3,"name":"Helikopter veggklistremerke til barnerom XL"}]},{"@type":"WebSite","@id":"https:\/\/babylove.se\/no\/#website","url":"https:\/\/babylove.se\/no\/","name":"Babylove Norska","description":"","potentialAction":[{"@type":"SearchAction","target":{"@type":"EntryPoint","urlTemplate":"https:\/\/babylove.se\/no\/?s={search_term_string}"},"query-input":{"@type":"PropertyValueSpecification","valueRequired":true,"valueName":"search_term_string"}}],"inLanguage":"nb-NO"}]},"product_brand":"Babylove","product_price_amount":"399.00","product_price_currency":"SEK","og_availability":"instock","product_availability":"instock","product_retailer_item_id":"DD00001866","product_condition":"new"},"_links":{"self":[{"href":"https:\/\/babylove.se\/no\/wp-json\/wp\/v2\/product\/19122","targetHints":{"allow":["GET"]}}],"collection":[{"href":"https:\/\/babylove.se\/no\/wp-json\/wp\/v2\/product"}],"about":[{"href":"https:\/\/babylove.se\/no\/wp-json\/wp\/v2\/types\/product"}],"replies":[{"embeddable":true,"href":"https:\/\/babylove.se\/no\/wp-json\/wp\/v2\/comments?post=19122"}],"wp:featuredmedia":[{"embeddable":true,"href":"https:\/\/babylove.se\/no\/wp-json\/wp\/v2\/media\/19124"}],"wp:attachment":[{"href":"https:\/\/babylove.se\/no\/wp-json\/wp\/v2\/media?parent=19122"}],"wp:term":[{"taxonomy":"product_brand","embeddable":true,"href":"https:\/\/babylove.se\/no\/wp-json\/wp\/v2\/product_brand?post=19122"},{"taxonomy":"product_cat","embeddable":true,"href":"https:\/\/babylove.se\/no\/wp-json\/wp\/v2\/product_cat?post=19122"},{"taxonomy":"product_tag","embeddable":true,"href":"https:\/\/babylove.se\/no\/wp-json\/wp\/v2\/product_tag?post=19122"}],"curies":[{"name":"wp","href":"https:\/\/api.w.org\/{rel}","templated":true}]}}