{"id":19135,"date":"2025-07-18T22:23:49","date_gmt":"2025-07-18T21:23:49","guid":{"rendered":"https:\/\/babylove.se\/produkt\/gra-berg-vaggklistermarke\/"},"modified":"2026-04-08T09:28:57","modified_gmt":"2026-04-08T08:28:57","slug":"gra-fjell-veggklistremerke","status":"publish","type":"product","link":"https:\/\/babylove.se\/no\/produkt\/gra-fjell-veggklistremerke\/","title":{"rendered":"Gr\u00e5 fjell veggklistremerke"},"content":{"rendered":"<p>En vakker veggdekorasjon i form av et gr\u00e5tt fjell som passer perfekt p\u00e5 veggen ved siden av eller rett bak sengen, uansett om det er en tremmesengs eller en juniorsengs s\u00e5 vil disse l\u00f8fte barnerommets innredning til himmelsk niv\u00e5. \\n \\n<strong>M\u00e5l<\/strong>: Finnes i to st\u00f8rrelser: \\n<\/p>\n<ul> \\n \\t<\/p>\n<li>S &#8211; 100 cm bredde x 50 cm h\u00f8yde<\/li>\n<p> \\n \\t<\/p>\n<li>L- 200 cm bredde x 100 cm h\u00f8yde<\/li>\n<p> \\n<\/ul>\n<p> \\nSelvklebende klistremerker dekket med en ekstra beskyttelse, for \u00e5 holde skitt og blekming fra sollys borte. Det gj\u00f8r ogs\u00e5 at du enkelt kan t\u00f8rke av dem med en lett fuktet klut. Limet er meget sterkt og ikke noe som barnet ditt vil kunne rive ned. \\n \\n<em>OBS! S\u00f8rg for at overflaten er t\u00f8rr og avfettet f\u00f8r du setter opp veggklistremerket. Fungerer ikke p\u00e5 ujevne vegger\/overflater. Klistremerkene er heller ikke egnet for vegger med en grov overflate eller hvis de er malt med lateksmaling eller tapetserte. Veggklistremerkene m\u00e5 v\u00e6re flate og ofte ligge og rettes ut minst 24 timer etter man har tatt dem ut av emballasjen f\u00f8r man kan sette dem opp p\u00e5 veggen.<\/em> \\n \\nDesigner: <a href=\"https:\/\/babylove.se\/varumarken\/babylove\">Babylove<\/a><\/p>\n","protected":false},"excerpt":{"rendered":"<p>En vakker veggdekorasjon i form av et gr\u00e5tt fjell som passer perfekt p\u00e5 veggen ved siden av eller rett bak sengen, uansett om det er en tremmesengs eller en juniorsengs s\u00e5 vil disse l\u00f8fte barnerommets innredning til himmelsk niv\u00e5. \\n \\nM\u00e5l: Finnes i to st\u00f8rrelser: \\n \\n \\t S &#8211; 100 cm bredde x 50 [&hellip;]<\/p>\n","protected":false},"featured_media":19137,"comment_status":"open","ping_status":"closed","template":"","meta":{"_acf_changed":false},"product_brand":[],"product_cat":[24],"product_tag":[1709],"class_list":{"0":"post-19135","1":"product","2":"type-product","3":"status-publish","4":"has-post-thumbnail","6":"product_cat-veggklistremerker","7":"product_tag-utforsalg","8":"pa_storlek-l-200x100-cm","9":"pa_storlek-s-100x50-cm","11":"first","12":"instock","13":"taxable","14":"shipping-taxable","15":"purchasable","16":"product-type-variable"},"acf":[],"yoast_head":"<!-- This site is optimized with the Yoast SEO Premium plugin v25.8 (Yoast SEO v27.2) - https:\/\/yoast.com\/product\/yoast-seo-premium-wordpress\/ -->\n<title>Gr\u00e5 fjell veggklistremerke - Babylove Norska<\/title>\n<meta name=\"robots\" content=\"noindex, follow, max-snippet:-1, max-image-preview:large, max-video-preview:-1\" \/>\n<meta property=\"og:locale\" content=\"nb_NO\" \/>\n<meta property=\"og:type\" content=\"article\" \/>\n<meta property=\"og:title\" content=\"Gr\u00e5 fjell veggklistremerke\" \/>\n<meta property=\"og:description\" content=\"En vakker veggdekorasjon i form av et gr\u00e5tt fjell som passer perfekt p\u00e5 veggen ved siden av eller rett bak sengen, uansett om det er en tremmesengs eller en juniorsengs s\u00e5 vil disse l\u00f8fte barnerommets innredning til himmelsk niv\u00e5. n nM\u00e5l: Finnes i to st\u00f8rrelser: n n t S &#8211; 100 cm bredde x 50 [&hellip;]\" \/>\n<meta property=\"og:url\" content=\"https:\/\/babylove.se\/no\/produkt\/gra-fjell-veggklistremerke\/\" \/>\n<meta property=\"og:site_name\" content=\"Babylove Norska\" \/>\n<meta property=\"article:modified_time\" content=\"2026-04-08T08:28:57+00:00\" \/>\n<meta property=\"og:image\" content=\"https:\/\/babylove.se\/no\/wp-content\/uploads\/sites\/3\/2025\/07\/5f3cf8012cfa4.jpeg\" \/>\n\t<meta property=\"og:image:width\" content=\"750\" \/>\n\t<meta property=\"og:image:height\" content=\"605\" \/>\n\t<meta property=\"og:image:type\" content=\"image\/jpeg\" \/>\n<meta name=\"twitter:card\" content=\"summary_large_image\" \/>\n<meta name=\"twitter:label1\" content=\"Availability\" \/>\n\t<meta name=\"twitter:data1\" content=\"In stock\" \/>\n<script type=\"application\/ld+json\" class=\"yoast-schema-graph\">{\"@context\":\"https:\/\/schema.org\",\"@graph\":[{\"@type\":\"WebPage\",\"@id\":\"https:\/\/babylove.se\/no\/produkt\/gra-fjell-veggklistremerke\/\",\"url\":\"https:\/\/babylove.se\/no\/produkt\/gra-fjell-veggklistremerke\/\",\"name\":\"Gr\u00e5 fjell veggklistremerke - Babylove Norska\",\"isPartOf\":{\"@id\":\"https:\/\/babylove.se\/no\/#website\"},\"primaryImageOfPage\":{\"@id\":\"https:\/\/babylove.se\/no\/produkt\/gra-fjell-veggklistremerke\/#primaryimage\"},\"image\":{\"@id\":\"https:\/\/babylove.se\/no\/produkt\/gra-fjell-veggklistremerke\/#primaryimage\"},\"thumbnailUrl\":\"https:\/\/babylove.se\/no\/wp-content\/uploads\/sites\/3\/2025\/07\/5f3cf8012cfa4.jpeg\",\"datePublished\":\"2025-07-18T21:23:49+00:00\",\"dateModified\":\"2026-04-08T08:28:57+00:00\",\"breadcrumb\":{\"@id\":\"https:\/\/babylove.se\/no\/produkt\/gra-fjell-veggklistremerke\/#breadcrumb\"},\"inLanguage\":\"nb-NO\",\"potentialAction\":[{\"@type\":\"ReadAction\",\"target\":[\"https:\/\/babylove.se\/no\/produkt\/gra-fjell-veggklistremerke\/\"]}]},{\"@type\":\"ImageObject\",\"inLanguage\":\"nb-NO\",\"@id\":\"https:\/\/babylove.se\/no\/produkt\/gra-fjell-veggklistremerke\/#primaryimage\",\"url\":\"https:\/\/babylove.se\/no\/wp-content\/uploads\/sites\/3\/2025\/07\/5f3cf8012cfa4.jpeg\",\"contentUrl\":\"https:\/\/babylove.se\/no\/wp-content\/uploads\/sites\/3\/2025\/07\/5f3cf8012cfa4.jpeg\",\"width\":750,\"height\":605},{\"@type\":\"BreadcrumbList\",\"@id\":\"https:\/\/babylove.se\/no\/produkt\/gra-fjell-veggklistremerke\/#breadcrumb\",\"itemListElement\":[{\"@type\":\"ListItem\",\"position\":1,\"name\":\"Hem\",\"item\":\"https:\/\/babylove.se\/no\/\"},{\"@type\":\"ListItem\",\"position\":2,\"name\":\"Butik\",\"item\":\"https:\/\/babylove.se\/no\/butik\/\"},{\"@type\":\"ListItem\",\"position\":3,\"name\":\"Gr\u00e5 fjell veggklistremerke\"}]},{\"@type\":\"WebSite\",\"@id\":\"https:\/\/babylove.se\/no\/#website\",\"url\":\"https:\/\/babylove.se\/no\/\",\"name\":\"Babylove Norska\",\"description\":\"\",\"potentialAction\":[{\"@type\":\"SearchAction\",\"target\":{\"@type\":\"EntryPoint\",\"urlTemplate\":\"https:\/\/babylove.se\/no\/?s={search_term_string}\"},\"query-input\":{\"@type\":\"PropertyValueSpecification\",\"valueRequired\":true,\"valueName\":\"search_term_string\"}}],\"inLanguage\":\"nb-NO\"}]}<\/script>\n<meta property=\"og:availability\" content=\"instock\" \/>\n<meta property=\"product:availability\" content=\"instock\" \/>\n<meta property=\"product:retailer_item_id\" content=\"DD0000gr\u00e5_berg\" \/>\n<meta property=\"product:condition\" content=\"new\" \/>\n<!-- \/ Yoast SEO Premium plugin. -->","yoast_head_json":{"title":"Gr\u00e5 fjell veggklistremerke - Babylove Norska","robots":{"index":"noindex","follow":"follow","max-snippet":"max-snippet:-1","max-image-preview":"max-image-preview:large","max-video-preview":"max-video-preview:-1"},"og_locale":"nb_NO","og_type":"article","og_title":"Gr\u00e5 fjell veggklistremerke","og_description":"En vakker veggdekorasjon i form av et gr\u00e5tt fjell som passer perfekt p\u00e5 veggen ved siden av eller rett bak sengen, uansett om det er en tremmesengs eller en juniorsengs s\u00e5 vil disse l\u00f8fte barnerommets innredning til himmelsk niv\u00e5. n nM\u00e5l: Finnes i to st\u00f8rrelser: n n t S &#8211; 100 cm bredde x 50 [&hellip;]","og_url":"https:\/\/babylove.se\/no\/produkt\/gra-fjell-veggklistremerke\/","og_site_name":"Babylove Norska","article_modified_time":"2026-04-08T08:28:57+00:00","og_image":[{"width":750,"height":605,"url":"https:\/\/babylove.se\/no\/wp-content\/uploads\/sites\/3\/2025\/07\/5f3cf8012cfa4.jpeg","type":"image\/jpeg"}],"twitter_card":"summary_large_image","twitter_misc":{"Availability":"In stock"},"schema":{"@context":"https:\/\/schema.org","@graph":[{"@type":"WebPage","@id":"https:\/\/babylove.se\/no\/produkt\/gra-fjell-veggklistremerke\/","url":"https:\/\/babylove.se\/no\/produkt\/gra-fjell-veggklistremerke\/","name":"Gr\u00e5 fjell veggklistremerke - Babylove Norska","isPartOf":{"@id":"https:\/\/babylove.se\/no\/#website"},"primaryImageOfPage":{"@id":"https:\/\/babylove.se\/no\/produkt\/gra-fjell-veggklistremerke\/#primaryimage"},"image":{"@id":"https:\/\/babylove.se\/no\/produkt\/gra-fjell-veggklistremerke\/#primaryimage"},"thumbnailUrl":"https:\/\/babylove.se\/no\/wp-content\/uploads\/sites\/3\/2025\/07\/5f3cf8012cfa4.jpeg","datePublished":"2025-07-18T21:23:49+00:00","dateModified":"2026-04-08T08:28:57+00:00","breadcrumb":{"@id":"https:\/\/babylove.se\/no\/produkt\/gra-fjell-veggklistremerke\/#breadcrumb"},"inLanguage":"nb-NO","potentialAction":[{"@type":"ReadAction","target":["https:\/\/babylove.se\/no\/produkt\/gra-fjell-veggklistremerke\/"]}]},{"@type":"ImageObject","inLanguage":"nb-NO","@id":"https:\/\/babylove.se\/no\/produkt\/gra-fjell-veggklistremerke\/#primaryimage","url":"https:\/\/babylove.se\/no\/wp-content\/uploads\/sites\/3\/2025\/07\/5f3cf8012cfa4.jpeg","contentUrl":"https:\/\/babylove.se\/no\/wp-content\/uploads\/sites\/3\/2025\/07\/5f3cf8012cfa4.jpeg","width":750,"height":605},{"@type":"BreadcrumbList","@id":"https:\/\/babylove.se\/no\/produkt\/gra-fjell-veggklistremerke\/#breadcrumb","itemListElement":[{"@type":"ListItem","position":1,"name":"Hem","item":"https:\/\/babylove.se\/no\/"},{"@type":"ListItem","position":2,"name":"Butik","item":"https:\/\/babylove.se\/no\/butik\/"},{"@type":"ListItem","position":3,"name":"Gr\u00e5 fjell veggklistremerke"}]},{"@type":"WebSite","@id":"https:\/\/babylove.se\/no\/#website","url":"https:\/\/babylove.se\/no\/","name":"Babylove Norska","description":"","potentialAction":[{"@type":"SearchAction","target":{"@type":"EntryPoint","urlTemplate":"https:\/\/babylove.se\/no\/?s={search_term_string}"},"query-input":{"@type":"PropertyValueSpecification","valueRequired":true,"valueName":"search_term_string"}}],"inLanguage":"nb-NO"}]},"og_availability":"instock","product_availability":"instock","product_retailer_item_id":"DD0000gr\u00e5_berg","product_condition":"new"},"_links":{"self":[{"href":"https:\/\/babylove.se\/no\/wp-json\/wp\/v2\/product\/19135","targetHints":{"allow":["GET"]}}],"collection":[{"href":"https:\/\/babylove.se\/no\/wp-json\/wp\/v2\/product"}],"about":[{"href":"https:\/\/babylove.se\/no\/wp-json\/wp\/v2\/types\/product"}],"replies":[{"embeddable":true,"href":"https:\/\/babylove.se\/no\/wp-json\/wp\/v2\/comments?post=19135"}],"wp:featuredmedia":[{"embeddable":true,"href":"https:\/\/babylove.se\/no\/wp-json\/wp\/v2\/media\/19137"}],"wp:attachment":[{"href":"https:\/\/babylove.se\/no\/wp-json\/wp\/v2\/media?parent=19135"}],"wp:term":[{"taxonomy":"product_brand","embeddable":true,"href":"https:\/\/babylove.se\/no\/wp-json\/wp\/v2\/product_brand?post=19135"},{"taxonomy":"product_cat","embeddable":true,"href":"https:\/\/babylove.se\/no\/wp-json\/wp\/v2\/product_cat?post=19135"},{"taxonomy":"product_tag","embeddable":true,"href":"https:\/\/babylove.se\/no\/wp-json\/wp\/v2\/product_tag?post=19135"}],"curies":[{"name":"wp","href":"https:\/\/api.w.org\/{rel}","templated":true}]}}