{"id":1921,"date":"2025-07-18T20:05:14","date_gmt":"2025-07-18T19:05:14","guid":{"rendered":"https:\/\/babylove.se\/produkt\/sova-ogon-barnspegel-barnspegel-till-barnrummet\/"},"modified":"2026-04-08T07:46:31","modified_gmt":"2026-04-08T06:46:31","slug":"sove-oyne-barnespeil-barnespeil-til-barnerommet","status":"publish","type":"product","link":"https:\/\/babylove.se\/no\/produkt\/sove-oyne-barnespeil-barnespeil-til-barnerommet\/","title":{"rendered":"S\u00f8lv \u00f8yenvipper, Barnespeil til barnerommet"},"content":{"rendered":"<p>En ultimat detalj for ditt barneroms innredning. Helt laget av akryl, som festes enkelt p\u00e5 veggen ved hjelp av tape som sitter p\u00e5 baksiden av \u00f8yevippene.&nbsp;<\/p>\n<p>\u00d8yevippene er laget i form av et speil, noe som gj\u00f8r at lyset i barnerommet reflekteres p\u00e5 en fantastisk m\u00e5te. \u00c5 innrede barnerommet har aldri v\u00e6rt enklere. Leveres i sett med to stykker vipper.&nbsp;<\/p>\n<p>M\u00e5l: Bredden for hver \u00f8yevippe er 20 cm.&nbsp;<\/p>\n<p>Materiale: 100 % Akryl<\/p>\n<p>Laget i EU.&nbsp;<\/p>\n","protected":false},"excerpt":{"rendered":"<p>En ultimat detalj for ditt barneroms innredning. Helt laget av akryl, som festes enkelt p\u00e5 veggen ved hjelp av tape som sitter p\u00e5 baksiden av \u00f8yevippene.&nbsp; \u00d8yevippene er laget i form av et speil, noe som gj\u00f8r at lyset i barnerommet reflekteres p\u00e5 en fantastisk m\u00e5te. \u00c5 innrede barnerommet har aldri v\u00e6rt enklere. Leveres i [&hellip;]<\/p>\n","protected":false},"featured_media":1923,"comment_status":"closed","ping_status":"open","template":"","meta":{"_acf_changed":false},"product_brand":[22],"product_cat":[84,102,103,25,29,24],"product_tag":[],"class_list":{"0":"post-1921","1":"product","2":"type-product","3":"status-publish","4":"has-post-thumbnail","6":"product_brand-babylove","7":"product_cat-babylove","8":"product_cat-barnspeil","9":"product_cat-barnspeil-fra-149-kr-babylove","10":"product_cat-ikke-bare-jenter","11":"product_cat-veggdekorasjoner","12":"product_cat-veggklistremerker","14":"first","15":"outofstock","16":"taxable","17":"shipping-taxable","18":"purchasable","19":"product-type-simple"},"acf":[],"yoast_head":"<!-- This site is optimized with the Yoast SEO Premium plugin v25.8 (Yoast SEO v27.2) - https:\/\/yoast.com\/product\/yoast-seo-premium-wordpress\/ -->\n<title>S\u00f8lv \u00f8yenvipper, Barnespeil til barnerommet - Babylove Norska<\/title>\n<meta name=\"description\" content=\"\u00d6gonfransarna \u00e4r tillverkade i form av en spegel, vilket g\u00f6r att ljuset i barnrummet reflekteras p\u00e5 ett fantastiskt s\u00e4tt - skickas inom 24 timmar - K\u00f6p den h\u00e4r\" \/>\n<meta name=\"robots\" content=\"noindex, follow, max-snippet:-1, max-image-preview:large, max-video-preview:-1\" \/>\n<meta property=\"og:locale\" content=\"nb_NO\" \/>\n<meta property=\"og:type\" content=\"article\" \/>\n<meta property=\"og:title\" content=\"S\u00f8lv \u00f8yenvipper, Barnespeil til barnerommet\" \/>\n<meta property=\"og:description\" content=\"\u00d6gonfransarna \u00e4r tillverkade i form av en spegel, vilket g\u00f6r att ljuset i barnrummet reflekteras p\u00e5 ett fantastiskt s\u00e4tt - skickas inom 24 timmar - K\u00f6p den h\u00e4r\" \/>\n<meta property=\"og:url\" content=\"https:\/\/babylove.se\/no\/produkt\/sove-oyne-barnespeil-barnespeil-til-barnerommet\/\" \/>\n<meta property=\"og:site_name\" content=\"Babylove Norska\" \/>\n<meta property=\"article:modified_time\" content=\"2026-04-08T06:46:31+00:00\" \/>\n<meta property=\"og:image\" content=\"https:\/\/babylove.se\/no\/wp-content\/uploads\/sites\/3\/2025\/07\/5cd2ac5676724.jpeg\" \/>\n\t<meta property=\"og:image:width\" content=\"750\" \/>\n\t<meta property=\"og:image:height\" content=\"645\" \/>\n\t<meta property=\"og:image:type\" content=\"image\/jpeg\" \/>\n<meta name=\"twitter:card\" content=\"summary_large_image\" \/>\n<meta name=\"twitter:label1\" content=\"Price\" \/>\n\t<meta name=\"twitter:data1\" content=\"149,00&nbsp;&#107;&#114;\" \/>\n\t<meta name=\"twitter:label2\" content=\"Availability\" \/>\n\t<meta name=\"twitter:data2\" content=\"Out of stock\" \/>\n<script type=\"application\/ld+json\" class=\"yoast-schema-graph\">{\"@context\":\"https:\/\/schema.org\",\"@graph\":[{\"@type\":\"WebPage\",\"@id\":\"https:\/\/babylove.se\/no\/produkt\/sove-oyne-barnespeil-barnespeil-til-barnerommet\/\",\"url\":\"https:\/\/babylove.se\/no\/produkt\/sove-oyne-barnespeil-barnespeil-til-barnerommet\/\",\"name\":\"S\u00f8lv \u00f8yenvipper, Barnespeil til barnerommet - Babylove Norska\",\"isPartOf\":{\"@id\":\"https:\/\/babylove.se\/no\/#website\"},\"primaryImageOfPage\":{\"@id\":\"https:\/\/babylove.se\/no\/produkt\/sove-oyne-barnespeil-barnespeil-til-barnerommet\/#primaryimage\"},\"image\":{\"@id\":\"https:\/\/babylove.se\/no\/produkt\/sove-oyne-barnespeil-barnespeil-til-barnerommet\/#primaryimage\"},\"thumbnailUrl\":\"https:\/\/babylove.se\/no\/wp-content\/uploads\/sites\/3\/2025\/07\/5cd2ac5676724.jpeg\",\"datePublished\":\"2025-07-18T19:05:14+00:00\",\"dateModified\":\"2026-04-08T06:46:31+00:00\",\"description\":\"\u00d6gonfransarna \u00e4r tillverkade i form av en spegel, vilket g\u00f6r att ljuset i barnrummet reflekteras p\u00e5 ett fantastiskt s\u00e4tt - skickas inom 24 timmar - K\u00f6p den h\u00e4r\",\"breadcrumb\":{\"@id\":\"https:\/\/babylove.se\/no\/produkt\/sove-oyne-barnespeil-barnespeil-til-barnerommet\/#breadcrumb\"},\"inLanguage\":\"nb-NO\",\"potentialAction\":[{\"@type\":\"ReadAction\",\"target\":[\"https:\/\/babylove.se\/no\/produkt\/sove-oyne-barnespeil-barnespeil-til-barnerommet\/\"]}]},{\"@type\":\"ImageObject\",\"inLanguage\":\"nb-NO\",\"@id\":\"https:\/\/babylove.se\/no\/produkt\/sove-oyne-barnespeil-barnespeil-til-barnerommet\/#primaryimage\",\"url\":\"https:\/\/babylove.se\/no\/wp-content\/uploads\/sites\/3\/2025\/07\/5cd2ac5676724.jpeg\",\"contentUrl\":\"https:\/\/babylove.se\/no\/wp-content\/uploads\/sites\/3\/2025\/07\/5cd2ac5676724.jpeg\",\"width\":750,\"height\":645},{\"@type\":\"BreadcrumbList\",\"@id\":\"https:\/\/babylove.se\/no\/produkt\/sove-oyne-barnespeil-barnespeil-til-barnerommet\/#breadcrumb\",\"itemListElement\":[{\"@type\":\"ListItem\",\"position\":1,\"name\":\"Hem\",\"item\":\"https:\/\/babylove.se\/no\/\"},{\"@type\":\"ListItem\",\"position\":2,\"name\":\"Butik\",\"item\":\"https:\/\/babylove.se\/no\/butik\/\"},{\"@type\":\"ListItem\",\"position\":3,\"name\":\"S\u00f8lv \u00f8yenvipper, Barnespeil til barnerommet\"}]},{\"@type\":\"WebSite\",\"@id\":\"https:\/\/babylove.se\/no\/#website\",\"url\":\"https:\/\/babylove.se\/no\/\",\"name\":\"Babylove Norska\",\"description\":\"\",\"potentialAction\":[{\"@type\":\"SearchAction\",\"target\":{\"@type\":\"EntryPoint\",\"urlTemplate\":\"https:\/\/babylove.se\/no\/?s={search_term_string}\"},\"query-input\":{\"@type\":\"PropertyValueSpecification\",\"valueRequired\":true,\"valueName\":\"search_term_string\"}}],\"inLanguage\":\"nb-NO\"}]}<\/script>\n<meta property=\"product:brand\" content=\"Babylove\" \/>\n<meta property=\"product:price:amount\" content=\"149.00\" \/>\n<meta property=\"product:price:currency\" content=\"SEK\" \/>\n<meta property=\"og:availability\" content=\"out of stock\" \/>\n<meta property=\"product:availability\" content=\"out of stock\" \/>\n<meta property=\"product:retailer_item_id\" content=\"SPE00009984\" \/>\n<meta property=\"product:condition\" content=\"new\" \/>\n<!-- \/ Yoast SEO Premium plugin. -->","yoast_head_json":{"title":"S\u00f8lv \u00f8yenvipper, Barnespeil til barnerommet - Babylove Norska","description":"\u00d6gonfransarna \u00e4r tillverkade i form av en spegel, vilket g\u00f6r att ljuset i barnrummet reflekteras p\u00e5 ett fantastiskt s\u00e4tt - skickas inom 24 timmar - K\u00f6p den h\u00e4r","robots":{"index":"noindex","follow":"follow","max-snippet":"max-snippet:-1","max-image-preview":"max-image-preview:large","max-video-preview":"max-video-preview:-1"},"og_locale":"nb_NO","og_type":"article","og_title":"S\u00f8lv \u00f8yenvipper, Barnespeil til barnerommet","og_description":"\u00d6gonfransarna \u00e4r tillverkade i form av en spegel, vilket g\u00f6r att ljuset i barnrummet reflekteras p\u00e5 ett fantastiskt s\u00e4tt - skickas inom 24 timmar - K\u00f6p den h\u00e4r","og_url":"https:\/\/babylove.se\/no\/produkt\/sove-oyne-barnespeil-barnespeil-til-barnerommet\/","og_site_name":"Babylove Norska","article_modified_time":"2026-04-08T06:46:31+00:00","og_image":[{"width":750,"height":645,"url":"https:\/\/babylove.se\/no\/wp-content\/uploads\/sites\/3\/2025\/07\/5cd2ac5676724.jpeg","type":"image\/jpeg"}],"twitter_card":"summary_large_image","twitter_misc":{"Price":"149,00&nbsp;&#107;&#114;","Availability":"Out of stock"},"schema":{"@context":"https:\/\/schema.org","@graph":[{"@type":"WebPage","@id":"https:\/\/babylove.se\/no\/produkt\/sove-oyne-barnespeil-barnespeil-til-barnerommet\/","url":"https:\/\/babylove.se\/no\/produkt\/sove-oyne-barnespeil-barnespeil-til-barnerommet\/","name":"S\u00f8lv \u00f8yenvipper, Barnespeil til barnerommet - Babylove Norska","isPartOf":{"@id":"https:\/\/babylove.se\/no\/#website"},"primaryImageOfPage":{"@id":"https:\/\/babylove.se\/no\/produkt\/sove-oyne-barnespeil-barnespeil-til-barnerommet\/#primaryimage"},"image":{"@id":"https:\/\/babylove.se\/no\/produkt\/sove-oyne-barnespeil-barnespeil-til-barnerommet\/#primaryimage"},"thumbnailUrl":"https:\/\/babylove.se\/no\/wp-content\/uploads\/sites\/3\/2025\/07\/5cd2ac5676724.jpeg","datePublished":"2025-07-18T19:05:14+00:00","dateModified":"2026-04-08T06:46:31+00:00","description":"\u00d6gonfransarna \u00e4r tillverkade i form av en spegel, vilket g\u00f6r att ljuset i barnrummet reflekteras p\u00e5 ett fantastiskt s\u00e4tt - skickas inom 24 timmar - K\u00f6p den h\u00e4r","breadcrumb":{"@id":"https:\/\/babylove.se\/no\/produkt\/sove-oyne-barnespeil-barnespeil-til-barnerommet\/#breadcrumb"},"inLanguage":"nb-NO","potentialAction":[{"@type":"ReadAction","target":["https:\/\/babylove.se\/no\/produkt\/sove-oyne-barnespeil-barnespeil-til-barnerommet\/"]}]},{"@type":"ImageObject","inLanguage":"nb-NO","@id":"https:\/\/babylove.se\/no\/produkt\/sove-oyne-barnespeil-barnespeil-til-barnerommet\/#primaryimage","url":"https:\/\/babylove.se\/no\/wp-content\/uploads\/sites\/3\/2025\/07\/5cd2ac5676724.jpeg","contentUrl":"https:\/\/babylove.se\/no\/wp-content\/uploads\/sites\/3\/2025\/07\/5cd2ac5676724.jpeg","width":750,"height":645},{"@type":"BreadcrumbList","@id":"https:\/\/babylove.se\/no\/produkt\/sove-oyne-barnespeil-barnespeil-til-barnerommet\/#breadcrumb","itemListElement":[{"@type":"ListItem","position":1,"name":"Hem","item":"https:\/\/babylove.se\/no\/"},{"@type":"ListItem","position":2,"name":"Butik","item":"https:\/\/babylove.se\/no\/butik\/"},{"@type":"ListItem","position":3,"name":"S\u00f8lv \u00f8yenvipper, Barnespeil til barnerommet"}]},{"@type":"WebSite","@id":"https:\/\/babylove.se\/no\/#website","url":"https:\/\/babylove.se\/no\/","name":"Babylove Norska","description":"","potentialAction":[{"@type":"SearchAction","target":{"@type":"EntryPoint","urlTemplate":"https:\/\/babylove.se\/no\/?s={search_term_string}"},"query-input":{"@type":"PropertyValueSpecification","valueRequired":true,"valueName":"search_term_string"}}],"inLanguage":"nb-NO"}]},"product_brand":"Babylove","product_price_amount":"149.00","product_price_currency":"SEK","og_availability":"out of stock","product_availability":"out of stock","product_retailer_item_id":"SPE00009984","product_condition":"new"},"_links":{"self":[{"href":"https:\/\/babylove.se\/no\/wp-json\/wp\/v2\/product\/1921","targetHints":{"allow":["GET"]}}],"collection":[{"href":"https:\/\/babylove.se\/no\/wp-json\/wp\/v2\/product"}],"about":[{"href":"https:\/\/babylove.se\/no\/wp-json\/wp\/v2\/types\/product"}],"replies":[{"embeddable":true,"href":"https:\/\/babylove.se\/no\/wp-json\/wp\/v2\/comments?post=1921"}],"wp:featuredmedia":[{"embeddable":true,"href":"https:\/\/babylove.se\/no\/wp-json\/wp\/v2\/media\/1923"}],"wp:attachment":[{"href":"https:\/\/babylove.se\/no\/wp-json\/wp\/v2\/media?parent=1921"}],"wp:term":[{"taxonomy":"product_brand","embeddable":true,"href":"https:\/\/babylove.se\/no\/wp-json\/wp\/v2\/product_brand?post=1921"},{"taxonomy":"product_cat","embeddable":true,"href":"https:\/\/babylove.se\/no\/wp-json\/wp\/v2\/product_cat?post=1921"},{"taxonomy":"product_tag","embeddable":true,"href":"https:\/\/babylove.se\/no\/wp-json\/wp\/v2\/product_tag?post=1921"}],"curies":[{"name":"wp","href":"https:\/\/api.w.org\/{rel}","templated":true}]}}