{"id":19237,"date":"2025-07-18T22:24:39","date_gmt":"2025-07-18T21:24:39","guid":{"rendered":"https:\/\/babylove.se\/produkt\/skummadrass-lugo-madrass-till-barnsang-80x180\/"},"modified":"2026-04-08T09:29:42","modified_gmt":"2026-04-08T08:29:42","slug":"skummadrass-lugo-madrass-til-barneseng-80x180","status":"publish","type":"product","link":"https:\/\/babylove.se\/no\/produkt\/skummadrass-lugo-madrass-til-barneseng-80x180\/","title":{"rendered":"Skummadrass LUGO, madrass til barneseng 80&#215;180"},"content":{"rendered":"<p>En komfortabel og deilig skummadrass med deilig fylling som passer til en barneseng eller til en husseng. Madrassen har et avtakbart overtrekk som gj\u00f8r at du enkelt kan vaske den og holde den frisk.&nbsp;<\/p>\n<p>Madrassens base er barnevennlig polyuretanskum som ikke deformeres, noe som garanterer st\u00f8tte for ryggen og s\u00f8vnkomfort. P\u00e5 oversiden ligger termoplastskum som reagerer p\u00e5 trykk og temperatur. Madrassen antar kroppens eksakte form, noe som gir ryggraden en naturlig posisjon. Lugo passer den som s\u00f8ker h\u00f8yest kvalitet.<\/p>\n<p>Denne barnemadrassen fungerer perfekt til v\u00e5re kjempefine hussenger.<\/p>\n<p>Madrassen er semi-myk, laget for \u00e5 passe barn og garanterer en deilig s\u00f8vn.<\/p>\n<p><u>M\u00e5l p\u00e5 madrassen:&nbsp;<\/u>80&#215;180 cm. Tykkelse er 10 cm.&nbsp;<\/p>\n<p><u>Materiale<\/u>: polyuretanskum T25 og termoplastskum.<\/p>\n<p>Vasker\u00e5d: Overtrekk maskinvaskes p\u00e5 30\u00b0 C &nbsp;<\/p>\n<p>Madrassene produseres i Europa av 100 % OEKO-TEX sertifisert stoff. Fyllingen er antiallergisk samt giftfri og produseres av sertifisert leverand\u00f8r.<\/p>\n<p><strong>Obs!&nbsp;<\/strong><em>Da madrassen er en spesialtilvirket vare, gjelder ikke angrerett.&nbsp;<\/em><\/p>\n<p><em>Dette er en barnemadrass og er laget og tilpasset for de minste. Madrassen skal ikke brukes eller testes av voksne.<\/em><\/p>\n<p><em><em>Det kan forekomme fargevariasjoner p\u00e5 skuminnsatsen, noe som skyldes at naturbaserte ingredienser kan variere i farge.<\/em><\/em><\/p>\n","protected":false},"excerpt":{"rendered":"<p>En komfortabel og deilig skummadrass med deilig fylling som passer til en barneseng eller til en husseng. Madrassen har et avtakbart overtrekk som gj\u00f8r at du enkelt kan vaske den og holde den frisk.&nbsp; Madrassens base er barnevennlig polyuretanskum som ikke deformeres, noe som garanterer st\u00f8tte for ryggen og s\u00f8vnkomfort. P\u00e5 oversiden ligger termoplastskum som [&hellip;]<\/p>\n","protected":false},"featured_media":19239,"comment_status":"closed","ping_status":"open","template":"","meta":{"_acf_changed":false},"product_brand":[378],"product_cat":[377,590],"product_tag":[1689],"class_list":{"0":"post-19237","1":"product","2":"type-product","3":"status-publish","4":"has-post-thumbnail","6":"product_brand-fdm","7":"product_cat-barnmadrasser","8":"product_cat-fdm","9":"product_tag-bestillingsvaror","11":"first","12":"instock","13":"taxable","14":"shipping-taxable","15":"purchasable","16":"product-type-simple"},"acf":[],"yoast_head":"<!-- This site is optimized with the Yoast SEO Premium plugin v25.8 (Yoast SEO v27.2) - https:\/\/yoast.com\/product\/yoast-seo-premium-wordpress\/ -->\n<title>Skummadrass LUGO, madrass til barneseng 80x180 - Babylove Norska<\/title>\n<meta name=\"robots\" content=\"noindex, follow, max-snippet:-1, max-image-preview:large, max-video-preview:-1\" \/>\n<meta property=\"og:locale\" content=\"nb_NO\" \/>\n<meta property=\"og:type\" content=\"article\" \/>\n<meta property=\"og:title\" content=\"Skummadrass LUGO, madrass til barneseng 80x180\" \/>\n<meta property=\"og:description\" content=\"En komfortabel og deilig skummadrass med deilig fylling som passer til en barneseng eller til en husseng. Madrassen har et avtakbart overtrekk som gj\u00f8r at du enkelt kan vaske den og holde den frisk.&nbsp; Madrassens base er barnevennlig polyuretanskum som ikke deformeres, noe som garanterer st\u00f8tte for ryggen og s\u00f8vnkomfort. P\u00e5 oversiden ligger termoplastskum som [&hellip;]\" \/>\n<meta property=\"og:url\" content=\"https:\/\/babylove.se\/no\/produkt\/skummadrass-lugo-madrass-til-barneseng-80x180\/\" \/>\n<meta property=\"og:site_name\" content=\"Babylove Norska\" \/>\n<meta property=\"article:modified_time\" content=\"2026-04-08T08:29:42+00:00\" \/>\n<meta property=\"og:image\" content=\"https:\/\/babylove.se\/no\/wp-content\/uploads\/sites\/3\/2025\/07\/683ee17a1a8a2.png\" \/>\n\t<meta property=\"og:image:width\" content=\"800\" \/>\n\t<meta property=\"og:image:height\" content=\"800\" \/>\n\t<meta property=\"og:image:type\" content=\"image\/png\" \/>\n<meta name=\"twitter:card\" content=\"summary_large_image\" \/>\n<meta name=\"twitter:label1\" content=\"Price\" \/>\n\t<meta name=\"twitter:data1\" content=\"1 599,00&nbsp;&#107;&#114;\" \/>\n\t<meta name=\"twitter:label2\" content=\"Availability\" \/>\n\t<meta name=\"twitter:data2\" content=\"In stock\" \/>\n<script type=\"application\/ld+json\" class=\"yoast-schema-graph\">{\"@context\":\"https:\/\/schema.org\",\"@graph\":[{\"@type\":\"WebPage\",\"@id\":\"https:\/\/babylove.se\/no\/produkt\/skummadrass-lugo-madrass-til-barneseng-80x180\/\",\"url\":\"https:\/\/babylove.se\/no\/produkt\/skummadrass-lugo-madrass-til-barneseng-80x180\/\",\"name\":\"Skummadrass LUGO, madrass til barneseng 80x180 - Babylove Norska\",\"isPartOf\":{\"@id\":\"https:\/\/babylove.se\/no\/#website\"},\"primaryImageOfPage\":{\"@id\":\"https:\/\/babylove.se\/no\/produkt\/skummadrass-lugo-madrass-til-barneseng-80x180\/#primaryimage\"},\"image\":{\"@id\":\"https:\/\/babylove.se\/no\/produkt\/skummadrass-lugo-madrass-til-barneseng-80x180\/#primaryimage\"},\"thumbnailUrl\":\"https:\/\/babylove.se\/no\/wp-content\/uploads\/sites\/3\/2025\/07\/683ee17a1a8a2.png\",\"datePublished\":\"2025-07-18T21:24:39+00:00\",\"dateModified\":\"2026-04-08T08:29:42+00:00\",\"breadcrumb\":{\"@id\":\"https:\/\/babylove.se\/no\/produkt\/skummadrass-lugo-madrass-til-barneseng-80x180\/#breadcrumb\"},\"inLanguage\":\"nb-NO\",\"potentialAction\":[{\"@type\":\"ReadAction\",\"target\":[\"https:\/\/babylove.se\/no\/produkt\/skummadrass-lugo-madrass-til-barneseng-80x180\/\"]}]},{\"@type\":\"ImageObject\",\"inLanguage\":\"nb-NO\",\"@id\":\"https:\/\/babylove.se\/no\/produkt\/skummadrass-lugo-madrass-til-barneseng-80x180\/#primaryimage\",\"url\":\"https:\/\/babylove.se\/no\/wp-content\/uploads\/sites\/3\/2025\/07\/683ee17a1a8a2.png\",\"contentUrl\":\"https:\/\/babylove.se\/no\/wp-content\/uploads\/sites\/3\/2025\/07\/683ee17a1a8a2.png\",\"width\":800,\"height\":800},{\"@type\":\"BreadcrumbList\",\"@id\":\"https:\/\/babylove.se\/no\/produkt\/skummadrass-lugo-madrass-til-barneseng-80x180\/#breadcrumb\",\"itemListElement\":[{\"@type\":\"ListItem\",\"position\":1,\"name\":\"Hem\",\"item\":\"https:\/\/babylove.se\/no\/\"},{\"@type\":\"ListItem\",\"position\":2,\"name\":\"Butik\",\"item\":\"https:\/\/babylove.se\/no\/butik\/\"},{\"@type\":\"ListItem\",\"position\":3,\"name\":\"Skummadrass LUGO, madrass til barneseng 80&#215;180\"}]},{\"@type\":\"WebSite\",\"@id\":\"https:\/\/babylove.se\/no\/#website\",\"url\":\"https:\/\/babylove.se\/no\/\",\"name\":\"Babylove Norska\",\"description\":\"\",\"potentialAction\":[{\"@type\":\"SearchAction\",\"target\":{\"@type\":\"EntryPoint\",\"urlTemplate\":\"https:\/\/babylove.se\/no\/?s={search_term_string}\"},\"query-input\":{\"@type\":\"PropertyValueSpecification\",\"valueRequired\":true,\"valueName\":\"search_term_string\"}}],\"inLanguage\":\"nb-NO\"}]}<\/script>\n<meta property=\"product:brand\" content=\"FDM\" \/>\n<meta property=\"product:price:amount\" content=\"1599.00\" \/>\n<meta property=\"product:price:currency\" content=\"SEK\" \/>\n<meta property=\"og:availability\" content=\"instock\" \/>\n<meta property=\"product:availability\" content=\"instock\" \/>\n<meta property=\"product:retailer_item_id\" content=\"Lugo--80x180\" \/>\n<meta property=\"product:condition\" content=\"new\" \/>\n<!-- \/ Yoast SEO Premium plugin. -->","yoast_head_json":{"title":"Skummadrass LUGO, madrass til barneseng 80x180 - Babylove Norska","robots":{"index":"noindex","follow":"follow","max-snippet":"max-snippet:-1","max-image-preview":"max-image-preview:large","max-video-preview":"max-video-preview:-1"},"og_locale":"nb_NO","og_type":"article","og_title":"Skummadrass LUGO, madrass til barneseng 80x180","og_description":"En komfortabel og deilig skummadrass med deilig fylling som passer til en barneseng eller til en husseng. Madrassen har et avtakbart overtrekk som gj\u00f8r at du enkelt kan vaske den og holde den frisk.&nbsp; Madrassens base er barnevennlig polyuretanskum som ikke deformeres, noe som garanterer st\u00f8tte for ryggen og s\u00f8vnkomfort. P\u00e5 oversiden ligger termoplastskum som [&hellip;]","og_url":"https:\/\/babylove.se\/no\/produkt\/skummadrass-lugo-madrass-til-barneseng-80x180\/","og_site_name":"Babylove Norska","article_modified_time":"2026-04-08T08:29:42+00:00","og_image":[{"width":800,"height":800,"url":"https:\/\/babylove.se\/no\/wp-content\/uploads\/sites\/3\/2025\/07\/683ee17a1a8a2.png","type":"image\/png"}],"twitter_card":"summary_large_image","twitter_misc":{"Price":"1 599,00&nbsp;&#107;&#114;","Availability":"In stock"},"schema":{"@context":"https:\/\/schema.org","@graph":[{"@type":"WebPage","@id":"https:\/\/babylove.se\/no\/produkt\/skummadrass-lugo-madrass-til-barneseng-80x180\/","url":"https:\/\/babylove.se\/no\/produkt\/skummadrass-lugo-madrass-til-barneseng-80x180\/","name":"Skummadrass LUGO, madrass til barneseng 80x180 - Babylove Norska","isPartOf":{"@id":"https:\/\/babylove.se\/no\/#website"},"primaryImageOfPage":{"@id":"https:\/\/babylove.se\/no\/produkt\/skummadrass-lugo-madrass-til-barneseng-80x180\/#primaryimage"},"image":{"@id":"https:\/\/babylove.se\/no\/produkt\/skummadrass-lugo-madrass-til-barneseng-80x180\/#primaryimage"},"thumbnailUrl":"https:\/\/babylove.se\/no\/wp-content\/uploads\/sites\/3\/2025\/07\/683ee17a1a8a2.png","datePublished":"2025-07-18T21:24:39+00:00","dateModified":"2026-04-08T08:29:42+00:00","breadcrumb":{"@id":"https:\/\/babylove.se\/no\/produkt\/skummadrass-lugo-madrass-til-barneseng-80x180\/#breadcrumb"},"inLanguage":"nb-NO","potentialAction":[{"@type":"ReadAction","target":["https:\/\/babylove.se\/no\/produkt\/skummadrass-lugo-madrass-til-barneseng-80x180\/"]}]},{"@type":"ImageObject","inLanguage":"nb-NO","@id":"https:\/\/babylove.se\/no\/produkt\/skummadrass-lugo-madrass-til-barneseng-80x180\/#primaryimage","url":"https:\/\/babylove.se\/no\/wp-content\/uploads\/sites\/3\/2025\/07\/683ee17a1a8a2.png","contentUrl":"https:\/\/babylove.se\/no\/wp-content\/uploads\/sites\/3\/2025\/07\/683ee17a1a8a2.png","width":800,"height":800},{"@type":"BreadcrumbList","@id":"https:\/\/babylove.se\/no\/produkt\/skummadrass-lugo-madrass-til-barneseng-80x180\/#breadcrumb","itemListElement":[{"@type":"ListItem","position":1,"name":"Hem","item":"https:\/\/babylove.se\/no\/"},{"@type":"ListItem","position":2,"name":"Butik","item":"https:\/\/babylove.se\/no\/butik\/"},{"@type":"ListItem","position":3,"name":"Skummadrass LUGO, madrass til barneseng 80&#215;180"}]},{"@type":"WebSite","@id":"https:\/\/babylove.se\/no\/#website","url":"https:\/\/babylove.se\/no\/","name":"Babylove Norska","description":"","potentialAction":[{"@type":"SearchAction","target":{"@type":"EntryPoint","urlTemplate":"https:\/\/babylove.se\/no\/?s={search_term_string}"},"query-input":{"@type":"PropertyValueSpecification","valueRequired":true,"valueName":"search_term_string"}}],"inLanguage":"nb-NO"}]},"product_brand":"FDM","product_price_amount":"1599.00","product_price_currency":"SEK","og_availability":"instock","product_availability":"instock","product_retailer_item_id":"Lugo--80x180","product_condition":"new"},"_links":{"self":[{"href":"https:\/\/babylove.se\/no\/wp-json\/wp\/v2\/product\/19237","targetHints":{"allow":["GET"]}}],"collection":[{"href":"https:\/\/babylove.se\/no\/wp-json\/wp\/v2\/product"}],"about":[{"href":"https:\/\/babylove.se\/no\/wp-json\/wp\/v2\/types\/product"}],"replies":[{"embeddable":true,"href":"https:\/\/babylove.se\/no\/wp-json\/wp\/v2\/comments?post=19237"}],"wp:featuredmedia":[{"embeddable":true,"href":"https:\/\/babylove.se\/no\/wp-json\/wp\/v2\/media\/19239"}],"wp:attachment":[{"href":"https:\/\/babylove.se\/no\/wp-json\/wp\/v2\/media?parent=19237"}],"wp:term":[{"taxonomy":"product_brand","embeddable":true,"href":"https:\/\/babylove.se\/no\/wp-json\/wp\/v2\/product_brand?post=19237"},{"taxonomy":"product_cat","embeddable":true,"href":"https:\/\/babylove.se\/no\/wp-json\/wp\/v2\/product_cat?post=19237"},{"taxonomy":"product_tag","embeddable":true,"href":"https:\/\/babylove.se\/no\/wp-json\/wp\/v2\/product_tag?post=19237"}],"curies":[{"name":"wp","href":"https:\/\/api.w.org\/{rel}","templated":true}]}}