{"id":19267,"date":"2025-07-18T22:24:58","date_gmt":"2025-07-18T21:24:58","guid":{"rendered":"https:\/\/babylove.se\/produkt\/jollein-gra-sanghimmel\/"},"modified":"2026-04-08T09:30:05","modified_gmt":"2026-04-08T08:30:05","slug":"jollein-gra-sanghimmel","status":"publish","type":"product","link":"https:\/\/babylove.se\/no\/produkt\/jollein-gra-sanghimmel\/","title":{"rendered":"Jollein, gr\u00e5 sengehimmel"},"content":{"rendered":"<p>En s\u00f8t og fin lysegr\u00e5 sengehimmel fra Jollein. Denne sengehimmelen kommer garantert til \u00e5 bidra til ditt barneroms innredning p\u00e5 en meget elegant m\u00e5te. &nbsp;<\/p>\n<p>Til alle v\u00e5re sengehimler sender vi med en fin lysslynge inkludert i prisen. Dette for at du skal kunne gj\u00f8re ditt barnehj\u00f8rne enda mer koselig og sjarmerende. Lysslyngen drives av to A batterier.<\/p>\n<p><strong>M\u00e5l<\/strong>: Diameter: 55 cm. Lengde: 245 cm.<\/p>\n<p><strong>Materiale<\/strong>: 80 % polyester, 20 % bomull<\/p>\n<p>Designer: <a href=\"https:\/\/babylove.se\/varumarken\/jollein\">Jollein<\/a>&nbsp;<\/p>\n","protected":false},"excerpt":{"rendered":"<p>En s\u00f8t og fin lysegr\u00e5 sengehimmel fra Jollein. Denne sengehimmelen kommer garantert til \u00e5 bidra til ditt barneroms innredning p\u00e5 en meget elegant m\u00e5te. &nbsp; Til alle v\u00e5re sengehimler sender vi med en fin lysslynge inkludert i prisen. Dette for at du skal kunne gj\u00f8re ditt barnehj\u00f8rne enda mer koselig og sjarmerende. Lysslyngen drives av [&hellip;]<\/p>\n","protected":false},"featured_media":19269,"comment_status":"closed","ping_status":"open","template":"","meta":{"_acf_changed":false},"product_brand":[810],"product_cat":[811,120],"product_tag":[],"class_list":{"0":"post-19267","1":"product","2":"type-product","3":"status-publish","4":"has-post-thumbnail","6":"product_brand-jollein","7":"product_cat-jollein","8":"product_cat-sanghimmel","10":"first","11":"outofstock","12":"taxable","13":"shipping-taxable","14":"purchasable","15":"product-type-simple"},"acf":[],"yoast_head":"<!-- This site is optimized with the Yoast SEO Premium plugin v25.8 (Yoast SEO v27.2) - https:\/\/yoast.com\/product\/yoast-seo-premium-wordpress\/ -->\n<title>Fina s\u00e4nghimlar fr\u00e5n Jollein | FRI FRAKT | Babylove<\/title>\n<meta name=\"description\" content=\"K\u00f6p fin gr\u00e5 Jollein S\u00e4nghimmel p\u00e5 Babylove.se - Snabb frakt - Klarna Faktura - Fri Frakt \u00f6ver 799kr - V\u00e4lkommen till Babylove.se\" \/>\n<meta name=\"robots\" content=\"noindex, follow, max-snippet:-1, max-image-preview:large, max-video-preview:-1\" \/>\n<meta property=\"og:locale\" content=\"nb_NO\" \/>\n<meta property=\"og:type\" content=\"article\" \/>\n<meta property=\"og:title\" content=\"Jollein, gr\u00e5 sengehimmel\" \/>\n<meta property=\"og:description\" content=\"K\u00f6p fin gr\u00e5 Jollein S\u00e4nghimmel p\u00e5 Babylove.se - Snabb frakt - Klarna Faktura - Fri Frakt \u00f6ver 799kr - V\u00e4lkommen till Babylove.se\" \/>\n<meta property=\"og:url\" content=\"https:\/\/babylove.se\/no\/produkt\/jollein-gra-sanghimmel\/\" \/>\n<meta property=\"og:site_name\" content=\"Babylove Norska\" \/>\n<meta property=\"article:modified_time\" content=\"2026-04-08T08:30:05+00:00\" \/>\n<meta property=\"og:image\" content=\"https:\/\/babylove.se\/no\/wp-content\/uploads\/sites\/3\/2025\/07\/5f476417d751f.jpeg\" \/>\n\t<meta property=\"og:image:width\" content=\"338\" \/>\n\t<meta property=\"og:image:height\" content=\"450\" \/>\n\t<meta property=\"og:image:type\" content=\"image\/jpeg\" \/>\n<meta name=\"twitter:card\" content=\"summary_large_image\" \/>\n<meta name=\"twitter:label1\" content=\"Price\" \/>\n\t<meta name=\"twitter:data1\" content=\"599,00&nbsp;&#107;&#114;\" \/>\n\t<meta name=\"twitter:label2\" content=\"Availability\" \/>\n\t<meta name=\"twitter:data2\" content=\"Out of stock\" \/>\n<script type=\"application\/ld+json\" class=\"yoast-schema-graph\">{\"@context\":\"https:\/\/schema.org\",\"@graph\":[{\"@type\":\"WebPage\",\"@id\":\"https:\/\/babylove.se\/no\/produkt\/jollein-gra-sanghimmel\/\",\"url\":\"https:\/\/babylove.se\/no\/produkt\/jollein-gra-sanghimmel\/\",\"name\":\"Fina s\u00e4nghimlar fr\u00e5n Jollein | FRI FRAKT | Babylove\",\"isPartOf\":{\"@id\":\"https:\/\/babylove.se\/no\/#website\"},\"primaryImageOfPage\":{\"@id\":\"https:\/\/babylove.se\/no\/produkt\/jollein-gra-sanghimmel\/#primaryimage\"},\"image\":{\"@id\":\"https:\/\/babylove.se\/no\/produkt\/jollein-gra-sanghimmel\/#primaryimage\"},\"thumbnailUrl\":\"https:\/\/babylove.se\/no\/wp-content\/uploads\/sites\/3\/2025\/07\/5f476417d751f.jpeg\",\"datePublished\":\"2025-07-18T21:24:58+00:00\",\"dateModified\":\"2026-04-08T08:30:05+00:00\",\"description\":\"K\u00f6p fin gr\u00e5 Jollein S\u00e4nghimmel p\u00e5 Babylove.se - Snabb frakt - Klarna Faktura - Fri Frakt \u00f6ver 799kr - V\u00e4lkommen till Babylove.se\",\"breadcrumb\":{\"@id\":\"https:\/\/babylove.se\/no\/produkt\/jollein-gra-sanghimmel\/#breadcrumb\"},\"inLanguage\":\"nb-NO\",\"potentialAction\":[{\"@type\":\"ReadAction\",\"target\":[\"https:\/\/babylove.se\/no\/produkt\/jollein-gra-sanghimmel\/\"]}]},{\"@type\":\"ImageObject\",\"inLanguage\":\"nb-NO\",\"@id\":\"https:\/\/babylove.se\/no\/produkt\/jollein-gra-sanghimmel\/#primaryimage\",\"url\":\"https:\/\/babylove.se\/no\/wp-content\/uploads\/sites\/3\/2025\/07\/5f476417d751f.jpeg\",\"contentUrl\":\"https:\/\/babylove.se\/no\/wp-content\/uploads\/sites\/3\/2025\/07\/5f476417d751f.jpeg\",\"width\":338,\"height\":450},{\"@type\":\"BreadcrumbList\",\"@id\":\"https:\/\/babylove.se\/no\/produkt\/jollein-gra-sanghimmel\/#breadcrumb\",\"itemListElement\":[{\"@type\":\"ListItem\",\"position\":1,\"name\":\"Hem\",\"item\":\"https:\/\/babylove.se\/no\/\"},{\"@type\":\"ListItem\",\"position\":2,\"name\":\"Butik\",\"item\":\"https:\/\/babylove.se\/no\/butik\/\"},{\"@type\":\"ListItem\",\"position\":3,\"name\":\"Jollein, gr\u00e5 sengehimmel\"}]},{\"@type\":\"WebSite\",\"@id\":\"https:\/\/babylove.se\/no\/#website\",\"url\":\"https:\/\/babylove.se\/no\/\",\"name\":\"Babylove Norska\",\"description\":\"\",\"potentialAction\":[{\"@type\":\"SearchAction\",\"target\":{\"@type\":\"EntryPoint\",\"urlTemplate\":\"https:\/\/babylove.se\/no\/?s={search_term_string}\"},\"query-input\":{\"@type\":\"PropertyValueSpecification\",\"valueRequired\":true,\"valueName\":\"search_term_string\"}}],\"inLanguage\":\"nb-NO\"}]}<\/script>\n<meta property=\"product:brand\" content=\"Jollein\" \/>\n<meta property=\"product:price:amount\" content=\"599.00\" \/>\n<meta property=\"product:price:currency\" content=\"SEK\" \/>\n<meta property=\"og:availability\" content=\"out of stock\" \/>\n<meta property=\"product:availability\" content=\"out of stock\" \/>\n<meta property=\"product:retailer_item_id\" content=\"002-005-00078\" \/>\n<meta property=\"product:condition\" content=\"new\" \/>\n<!-- \/ Yoast SEO Premium plugin. -->","yoast_head_json":{"title":"Fina s\u00e4nghimlar fr\u00e5n Jollein | FRI FRAKT | Babylove","description":"K\u00f6p fin gr\u00e5 Jollein S\u00e4nghimmel p\u00e5 Babylove.se - Snabb frakt - Klarna Faktura - Fri Frakt \u00f6ver 799kr - V\u00e4lkommen till Babylove.se","robots":{"index":"noindex","follow":"follow","max-snippet":"max-snippet:-1","max-image-preview":"max-image-preview:large","max-video-preview":"max-video-preview:-1"},"og_locale":"nb_NO","og_type":"article","og_title":"Jollein, gr\u00e5 sengehimmel","og_description":"K\u00f6p fin gr\u00e5 Jollein S\u00e4nghimmel p\u00e5 Babylove.se - Snabb frakt - Klarna Faktura - Fri Frakt \u00f6ver 799kr - V\u00e4lkommen till Babylove.se","og_url":"https:\/\/babylove.se\/no\/produkt\/jollein-gra-sanghimmel\/","og_site_name":"Babylove Norska","article_modified_time":"2026-04-08T08:30:05+00:00","og_image":[{"width":338,"height":450,"url":"https:\/\/babylove.se\/no\/wp-content\/uploads\/sites\/3\/2025\/07\/5f476417d751f.jpeg","type":"image\/jpeg"}],"twitter_card":"summary_large_image","twitter_misc":{"Price":"599,00&nbsp;&#107;&#114;","Availability":"Out of stock"},"schema":{"@context":"https:\/\/schema.org","@graph":[{"@type":"WebPage","@id":"https:\/\/babylove.se\/no\/produkt\/jollein-gra-sanghimmel\/","url":"https:\/\/babylove.se\/no\/produkt\/jollein-gra-sanghimmel\/","name":"Fina s\u00e4nghimlar fr\u00e5n Jollein | FRI FRAKT | Babylove","isPartOf":{"@id":"https:\/\/babylove.se\/no\/#website"},"primaryImageOfPage":{"@id":"https:\/\/babylove.se\/no\/produkt\/jollein-gra-sanghimmel\/#primaryimage"},"image":{"@id":"https:\/\/babylove.se\/no\/produkt\/jollein-gra-sanghimmel\/#primaryimage"},"thumbnailUrl":"https:\/\/babylove.se\/no\/wp-content\/uploads\/sites\/3\/2025\/07\/5f476417d751f.jpeg","datePublished":"2025-07-18T21:24:58+00:00","dateModified":"2026-04-08T08:30:05+00:00","description":"K\u00f6p fin gr\u00e5 Jollein S\u00e4nghimmel p\u00e5 Babylove.se - Snabb frakt - Klarna Faktura - Fri Frakt \u00f6ver 799kr - V\u00e4lkommen till Babylove.se","breadcrumb":{"@id":"https:\/\/babylove.se\/no\/produkt\/jollein-gra-sanghimmel\/#breadcrumb"},"inLanguage":"nb-NO","potentialAction":[{"@type":"ReadAction","target":["https:\/\/babylove.se\/no\/produkt\/jollein-gra-sanghimmel\/"]}]},{"@type":"ImageObject","inLanguage":"nb-NO","@id":"https:\/\/babylove.se\/no\/produkt\/jollein-gra-sanghimmel\/#primaryimage","url":"https:\/\/babylove.se\/no\/wp-content\/uploads\/sites\/3\/2025\/07\/5f476417d751f.jpeg","contentUrl":"https:\/\/babylove.se\/no\/wp-content\/uploads\/sites\/3\/2025\/07\/5f476417d751f.jpeg","width":338,"height":450},{"@type":"BreadcrumbList","@id":"https:\/\/babylove.se\/no\/produkt\/jollein-gra-sanghimmel\/#breadcrumb","itemListElement":[{"@type":"ListItem","position":1,"name":"Hem","item":"https:\/\/babylove.se\/no\/"},{"@type":"ListItem","position":2,"name":"Butik","item":"https:\/\/babylove.se\/no\/butik\/"},{"@type":"ListItem","position":3,"name":"Jollein, gr\u00e5 sengehimmel"}]},{"@type":"WebSite","@id":"https:\/\/babylove.se\/no\/#website","url":"https:\/\/babylove.se\/no\/","name":"Babylove Norska","description":"","potentialAction":[{"@type":"SearchAction","target":{"@type":"EntryPoint","urlTemplate":"https:\/\/babylove.se\/no\/?s={search_term_string}"},"query-input":{"@type":"PropertyValueSpecification","valueRequired":true,"valueName":"search_term_string"}}],"inLanguage":"nb-NO"}]},"product_brand":"Jollein","product_price_amount":"599.00","product_price_currency":"SEK","og_availability":"out of stock","product_availability":"out of stock","product_retailer_item_id":"002-005-00078","product_condition":"new"},"_links":{"self":[{"href":"https:\/\/babylove.se\/no\/wp-json\/wp\/v2\/product\/19267","targetHints":{"allow":["GET"]}}],"collection":[{"href":"https:\/\/babylove.se\/no\/wp-json\/wp\/v2\/product"}],"about":[{"href":"https:\/\/babylove.se\/no\/wp-json\/wp\/v2\/types\/product"}],"replies":[{"embeddable":true,"href":"https:\/\/babylove.se\/no\/wp-json\/wp\/v2\/comments?post=19267"}],"wp:featuredmedia":[{"embeddable":true,"href":"https:\/\/babylove.se\/no\/wp-json\/wp\/v2\/media\/19269"}],"wp:attachment":[{"href":"https:\/\/babylove.se\/no\/wp-json\/wp\/v2\/media?parent=19267"}],"wp:term":[{"taxonomy":"product_brand","embeddable":true,"href":"https:\/\/babylove.se\/no\/wp-json\/wp\/v2\/product_brand?post=19267"},{"taxonomy":"product_cat","embeddable":true,"href":"https:\/\/babylove.se\/no\/wp-json\/wp\/v2\/product_cat?post=19267"},{"taxonomy":"product_tag","embeddable":true,"href":"https:\/\/babylove.se\/no\/wp-json\/wp\/v2\/product_tag?post=19267"}],"curies":[{"name":"wp","href":"https:\/\/api.w.org\/{rel}","templated":true}]}}