{"id":19272,"date":"2025-07-18T22:24:58","date_gmt":"2025-07-18T21:24:58","guid":{"rendered":"https:\/\/babylove.se\/produkt\/jollein-vit-sanghimmel\/"},"modified":"2026-05-11T12:59:50","modified_gmt":"2026-05-11T11:59:50","slug":"jollein-hvit-sengehimmel","status":"publish","type":"product","link":"https:\/\/babylove.se\/no\/produkt\/jollein-hvit-sengehimmel\/","title":{"rendered":"Jollein, hvit sengehimmel"},"content":{"rendered":"<p>En s\u00f8t og fin hvit s\u00e4nghimmel fra Jollein. Denne s\u00e4nghimmelen vil garantert bidra til barneromsinnredningen din p\u00e5 en meget elegant m\u00e5te. &nbsp;<\/p>\n<p>Til alle v\u00e5re s\u00e4nghimler sender vi med en fin lysslynge inkludert i prisen. Dette for at du skal kunne gj\u00f8re barnekroken din enda mer koselig og sjarmerende. Lysslyngen drives av to A-batterier.<\/p>\n<p><strong>M\u00e5l<\/strong>: Diameter: 55 cm. Lengde: 245 cm.<\/p>\n<p><strong>Material<\/strong>: 80 % polyester, 20 % bomull<\/p>\n<p>Designer: <a href=\"https:\/\/babylove.se\/varumarken\/jollein\">Jollein<\/a>&nbsp;<\/p>\n","protected":false},"excerpt":{"rendered":"<p>En s\u00f8t og fin hvit s\u00e4nghimmel fra Jollein. Denne s\u00e4nghimmelen vil garantert bidra til barneromsinnredningen din p\u00e5 en meget elegant m\u00e5te. &nbsp; Til alle v\u00e5re s\u00e4nghimler sender vi med en fin lysslynge inkludert i prisen. Dette for at du skal kunne gj\u00f8re barnekroken din enda mer koselig og sjarmerende. Lysslyngen drives av to A-batterier. M\u00e5l: [&hellip;]<\/p>\n","protected":false},"featured_media":19274,"comment_status":"closed","ping_status":"open","template":"","meta":{"_acf_changed":false},"product_brand":[810],"product_cat":[811,120],"product_tag":[],"class_list":{"0":"post-19272","1":"product","2":"type-product","3":"status-publish","4":"has-post-thumbnail","6":"product_brand-jollein","7":"product_cat-jollein","8":"product_cat-sanghimmel","10":"first","11":"outofstock","12":"taxable","13":"shipping-taxable","14":"purchasable","15":"product-type-simple"},"acf":[],"yoast_head":"<!-- This site is optimized with the Yoast SEO Premium plugin v25.8 (Yoast SEO v27.2) - https:\/\/yoast.com\/product\/yoast-seo-premium-wordpress\/ -->\n<title>Vit s\u00e4nghimmel fr\u00e5n Jollein | FRI FRAKT | Babylove<\/title>\n<meta name=\"description\" content=\"K\u00f6p fin vit Jollein S\u00e4nghimmel p\u00e5 Babylove.se - Snabb frakt - Klarna Faktura - Fri Frakt \u00f6ver 799kr - V\u00e4lkommen till Babylove.se\" \/>\n<meta name=\"robots\" content=\"noindex, follow, max-snippet:-1, max-image-preview:large, max-video-preview:-1\" \/>\n<meta property=\"og:locale\" content=\"nb_NO\" \/>\n<meta property=\"og:type\" content=\"article\" \/>\n<meta property=\"og:title\" content=\"Jollein, hvit sengehimmel\" \/>\n<meta property=\"og:description\" content=\"K\u00f6p fin vit Jollein S\u00e4nghimmel p\u00e5 Babylove.se - Snabb frakt - Klarna Faktura - Fri Frakt \u00f6ver 799kr - V\u00e4lkommen till Babylove.se\" \/>\n<meta property=\"og:url\" content=\"https:\/\/babylove.se\/no\/produkt\/jollein-hvit-sengehimmel\/\" \/>\n<meta property=\"og:site_name\" content=\"Babylove Norska\" \/>\n<meta property=\"article:modified_time\" content=\"2026-05-11T11:59:50+00:00\" \/>\n<meta property=\"og:image\" content=\"https:\/\/babylove.se\/no\/wp-content\/uploads\/sites\/3\/2025\/07\/5f4766027da62.jpeg\" \/>\n\t<meta property=\"og:image:width\" content=\"525\" \/>\n\t<meta property=\"og:image:height\" content=\"700\" \/>\n\t<meta property=\"og:image:type\" content=\"image\/jpeg\" \/>\n<meta name=\"twitter:card\" content=\"summary_large_image\" \/>\n<meta name=\"twitter:label1\" content=\"Price\" \/>\n\t<meta name=\"twitter:data1\" content=\"839,00&nbsp;&#107;&#114;\" \/>\n\t<meta name=\"twitter:label2\" content=\"Availability\" \/>\n\t<meta name=\"twitter:data2\" content=\"Out of stock\" \/>\n<script type=\"application\/ld+json\" class=\"yoast-schema-graph\">{\"@context\":\"https:\/\/schema.org\",\"@graph\":[{\"@type\":\"WebPage\",\"@id\":\"https:\/\/babylove.se\/no\/produkt\/jollein-hvit-sengehimmel\/\",\"url\":\"https:\/\/babylove.se\/no\/produkt\/jollein-hvit-sengehimmel\/\",\"name\":\"Vit s\u00e4nghimmel fr\u00e5n Jollein | FRI FRAKT | Babylove\",\"isPartOf\":{\"@id\":\"https:\/\/babylove.se\/no\/#website\"},\"primaryImageOfPage\":{\"@id\":\"https:\/\/babylove.se\/no\/produkt\/jollein-hvit-sengehimmel\/#primaryimage\"},\"image\":{\"@id\":\"https:\/\/babylove.se\/no\/produkt\/jollein-hvit-sengehimmel\/#primaryimage\"},\"thumbnailUrl\":\"https:\/\/babylove.se\/no\/wp-content\/uploads\/sites\/3\/2025\/07\/5f4766027da62.jpeg\",\"datePublished\":\"2025-07-18T21:24:58+00:00\",\"dateModified\":\"2026-05-11T11:59:50+00:00\",\"description\":\"K\u00f6p fin vit Jollein S\u00e4nghimmel p\u00e5 Babylove.se - Snabb frakt - Klarna Faktura - Fri Frakt \u00f6ver 799kr - V\u00e4lkommen till Babylove.se\",\"breadcrumb\":{\"@id\":\"https:\/\/babylove.se\/no\/produkt\/jollein-hvit-sengehimmel\/#breadcrumb\"},\"inLanguage\":\"nb-NO\",\"potentialAction\":[{\"@type\":\"ReadAction\",\"target\":[\"https:\/\/babylove.se\/no\/produkt\/jollein-hvit-sengehimmel\/\"]}]},{\"@type\":\"ImageObject\",\"inLanguage\":\"nb-NO\",\"@id\":\"https:\/\/babylove.se\/no\/produkt\/jollein-hvit-sengehimmel\/#primaryimage\",\"url\":\"https:\/\/babylove.se\/no\/wp-content\/uploads\/sites\/3\/2025\/07\/5f4766027da62.jpeg\",\"contentUrl\":\"https:\/\/babylove.se\/no\/wp-content\/uploads\/sites\/3\/2025\/07\/5f4766027da62.jpeg\",\"width\":525,\"height\":700},{\"@type\":\"BreadcrumbList\",\"@id\":\"https:\/\/babylove.se\/no\/produkt\/jollein-hvit-sengehimmel\/#breadcrumb\",\"itemListElement\":[{\"@type\":\"ListItem\",\"position\":1,\"name\":\"Hem\",\"item\":\"https:\/\/babylove.se\/no\/\"},{\"@type\":\"ListItem\",\"position\":2,\"name\":\"Butik\",\"item\":\"https:\/\/babylove.se\/no\/butik\/\"},{\"@type\":\"ListItem\",\"position\":3,\"name\":\"Jollein, hvit sengehimmel\"}]},{\"@type\":\"WebSite\",\"@id\":\"https:\/\/babylove.se\/no\/#website\",\"url\":\"https:\/\/babylove.se\/no\/\",\"name\":\"Babylove Norska\",\"description\":\"\",\"potentialAction\":[{\"@type\":\"SearchAction\",\"target\":{\"@type\":\"EntryPoint\",\"urlTemplate\":\"https:\/\/babylove.se\/no\/?s={search_term_string}\"},\"query-input\":{\"@type\":\"PropertyValueSpecification\",\"valueRequired\":true,\"valueName\":\"search_term_string\"}}],\"inLanguage\":\"nb-NO\"}]}<\/script>\n<meta property=\"product:brand\" content=\"Jollein\" \/>\n<meta property=\"product:price:amount\" content=\"839.00\" \/>\n<meta property=\"product:price:currency\" content=\"NOK\" \/>\n<meta property=\"og:availability\" content=\"out of stock\" \/>\n<meta property=\"product:availability\" content=\"out of stock\" \/>\n<meta property=\"product:retailer_item_id\" content=\"002-005-10001\" \/>\n<meta property=\"product:condition\" content=\"new\" \/>\n<!-- \/ Yoast SEO Premium plugin. -->","yoast_head_json":{"title":"Vit s\u00e4nghimmel fr\u00e5n Jollein | FRI FRAKT | Babylove","description":"K\u00f6p fin vit Jollein S\u00e4nghimmel p\u00e5 Babylove.se - Snabb frakt - Klarna Faktura - Fri Frakt \u00f6ver 799kr - V\u00e4lkommen till Babylove.se","robots":{"index":"noindex","follow":"follow","max-snippet":"max-snippet:-1","max-image-preview":"max-image-preview:large","max-video-preview":"max-video-preview:-1"},"og_locale":"nb_NO","og_type":"article","og_title":"Jollein, hvit sengehimmel","og_description":"K\u00f6p fin vit Jollein S\u00e4nghimmel p\u00e5 Babylove.se - Snabb frakt - Klarna Faktura - Fri Frakt \u00f6ver 799kr - V\u00e4lkommen till Babylove.se","og_url":"https:\/\/babylove.se\/no\/produkt\/jollein-hvit-sengehimmel\/","og_site_name":"Babylove Norska","article_modified_time":"2026-05-11T11:59:50+00:00","og_image":[{"width":525,"height":700,"url":"https:\/\/babylove.se\/no\/wp-content\/uploads\/sites\/3\/2025\/07\/5f4766027da62.jpeg","type":"image\/jpeg"}],"twitter_card":"summary_large_image","twitter_misc":{"Price":"839,00&nbsp;&#107;&#114;","Availability":"Out of stock"},"schema":{"@context":"https:\/\/schema.org","@graph":[{"@type":"WebPage","@id":"https:\/\/babylove.se\/no\/produkt\/jollein-hvit-sengehimmel\/","url":"https:\/\/babylove.se\/no\/produkt\/jollein-hvit-sengehimmel\/","name":"Vit s\u00e4nghimmel fr\u00e5n Jollein | FRI FRAKT | Babylove","isPartOf":{"@id":"https:\/\/babylove.se\/no\/#website"},"primaryImageOfPage":{"@id":"https:\/\/babylove.se\/no\/produkt\/jollein-hvit-sengehimmel\/#primaryimage"},"image":{"@id":"https:\/\/babylove.se\/no\/produkt\/jollein-hvit-sengehimmel\/#primaryimage"},"thumbnailUrl":"https:\/\/babylove.se\/no\/wp-content\/uploads\/sites\/3\/2025\/07\/5f4766027da62.jpeg","datePublished":"2025-07-18T21:24:58+00:00","dateModified":"2026-05-11T11:59:50+00:00","description":"K\u00f6p fin vit Jollein S\u00e4nghimmel p\u00e5 Babylove.se - Snabb frakt - Klarna Faktura - Fri Frakt \u00f6ver 799kr - V\u00e4lkommen till Babylove.se","breadcrumb":{"@id":"https:\/\/babylove.se\/no\/produkt\/jollein-hvit-sengehimmel\/#breadcrumb"},"inLanguage":"nb-NO","potentialAction":[{"@type":"ReadAction","target":["https:\/\/babylove.se\/no\/produkt\/jollein-hvit-sengehimmel\/"]}]},{"@type":"ImageObject","inLanguage":"nb-NO","@id":"https:\/\/babylove.se\/no\/produkt\/jollein-hvit-sengehimmel\/#primaryimage","url":"https:\/\/babylove.se\/no\/wp-content\/uploads\/sites\/3\/2025\/07\/5f4766027da62.jpeg","contentUrl":"https:\/\/babylove.se\/no\/wp-content\/uploads\/sites\/3\/2025\/07\/5f4766027da62.jpeg","width":525,"height":700},{"@type":"BreadcrumbList","@id":"https:\/\/babylove.se\/no\/produkt\/jollein-hvit-sengehimmel\/#breadcrumb","itemListElement":[{"@type":"ListItem","position":1,"name":"Hem","item":"https:\/\/babylove.se\/no\/"},{"@type":"ListItem","position":2,"name":"Butik","item":"https:\/\/babylove.se\/no\/butik\/"},{"@type":"ListItem","position":3,"name":"Jollein, hvit sengehimmel"}]},{"@type":"WebSite","@id":"https:\/\/babylove.se\/no\/#website","url":"https:\/\/babylove.se\/no\/","name":"Babylove Norska","description":"","potentialAction":[{"@type":"SearchAction","target":{"@type":"EntryPoint","urlTemplate":"https:\/\/babylove.se\/no\/?s={search_term_string}"},"query-input":{"@type":"PropertyValueSpecification","valueRequired":true,"valueName":"search_term_string"}}],"inLanguage":"nb-NO"}]},"product_brand":"Jollein","product_price_amount":"839.00","product_price_currency":"NOK","og_availability":"out of stock","product_availability":"out of stock","product_retailer_item_id":"002-005-10001","product_condition":"new"},"_links":{"self":[{"href":"https:\/\/babylove.se\/no\/wp-json\/wp\/v2\/product\/19272","targetHints":{"allow":["GET"]}}],"collection":[{"href":"https:\/\/babylove.se\/no\/wp-json\/wp\/v2\/product"}],"about":[{"href":"https:\/\/babylove.se\/no\/wp-json\/wp\/v2\/types\/product"}],"replies":[{"embeddable":true,"href":"https:\/\/babylove.se\/no\/wp-json\/wp\/v2\/comments?post=19272"}],"wp:featuredmedia":[{"embeddable":true,"href":"https:\/\/babylove.se\/no\/wp-json\/wp\/v2\/media\/19274"}],"wp:attachment":[{"href":"https:\/\/babylove.se\/no\/wp-json\/wp\/v2\/media?parent=19272"}],"wp:term":[{"taxonomy":"product_brand","embeddable":true,"href":"https:\/\/babylove.se\/no\/wp-json\/wp\/v2\/product_brand?post=19272"},{"taxonomy":"product_cat","embeddable":true,"href":"https:\/\/babylove.se\/no\/wp-json\/wp\/v2\/product_cat?post=19272"},{"taxonomy":"product_tag","embeddable":true,"href":"https:\/\/babylove.se\/no\/wp-json\/wp\/v2\/product_tag?post=19272"}],"curies":[{"name":"wp","href":"https:\/\/api.w.org\/{rel}","templated":true}]}}