{"id":1934,"date":"2025-07-18T20:05:14","date_gmt":"2025-07-18T19:05:14","guid":{"rendered":"https:\/\/babylove.se\/produkt\/stor-ivory-amningskudde-ng-baby-mood-serien\/"},"modified":"2026-04-08T07:46:40","modified_gmt":"2026-04-08T06:46:40","slug":"stor-elfenben-ammepute-ng-baby-mood-serien","status":"publish","type":"product","link":"https:\/\/babylove.se\/no\/produkt\/stor-elfenben-ammepute-ng-baby-mood-serien\/","title":{"rendered":"Stor elfenben ammepute NG Baby Mood-serien"},"content":{"rendered":"<p>Stor ammepute NG Baby Mood-serien.&nbsp;<\/p>\n<p>Dette er en <strong>ammepute&nbsp;<\/strong>som gir din baby komfortabelt plass n\u00e5r det er tid for barnet \u00e5 spise. Denne ammeputen er fylt med styrolitkuler som gj\u00f8r at den er sv\u00e6rt formbar og fleksibel.&nbsp;<\/p>\n<p>Det gj\u00f8r at <strong>NG Babys<\/strong> ammepute er en meget god st\u00f8tte for rygg, skuldre og armene dine. Yttertyget er laget av lin, som kj\u00f8ler i varme og varmer i kulde.<\/p>\n<p>Ammeputen finnes i to forskjellige st\u00f8rrelser, den st\u00f8rre kommer med et knyteb\u00e5nd som hjelper ammeputen \u00e5 sitte sikkert og den passer dessuten perfekt for tvillinger. St\u00f8rrelsen p\u00e5 ammeputen gj\u00f8r ogs\u00e5 at den fungerer som sittest\u00f8tte til barnet ditt eller som en god <strong>graviditetspute<\/strong>.&nbsp;<\/p>\n<p><strong>Materiale<\/strong>: Overtrekk i 100 % lin og fylling av styrolitkuler.&nbsp;<\/p>\n<p>Overtrekket kan vaskes i maskin opp til 40 grader, men ikke t\u00f8rkes i t\u00f8rketrommel.<\/p>\n","protected":false},"excerpt":{"rendered":"<p>Stor ammepute NG Baby Mood-serien.&nbsp; Dette er en ammepute&nbsp;som gir din baby komfortabelt plass n\u00e5r det er tid for barnet \u00e5 spise. Denne ammeputen er fylt med styrolitkuler som gj\u00f8r at den er sv\u00e6rt formbar og fleksibel.&nbsp; Det gj\u00f8r at NG Babys ammepute er en meget god st\u00f8tte for rygg, skuldre og armene dine. Yttertyget [&hellip;]<\/p>\n","protected":false},"featured_media":1936,"comment_status":"closed","ping_status":"open","template":"","meta":{"_acf_changed":false},"product_brand":[107],"product_cat":[65,109],"product_tag":[1689],"class_list":{"0":"post-1934","1":"product","2":"type-product","3":"status-publish","4":"has-post-thumbnail","6":"product_brand-ng-baby","7":"product_cat-ammeputer","8":"product_cat-ng-baby","9":"product_tag-bestillingsvaror","11":"first","12":"outofstock","13":"taxable","14":"shipping-taxable","15":"purchasable","16":"product-type-simple"},"acf":[],"yoast_head":"<!-- This site is optimized with the Yoast SEO Premium plugin v25.8 (Yoast SEO v27.2) - https:\/\/yoast.com\/product\/yoast-seo-premium-wordpress\/ -->\n<title>Stor elfenben ammepute NG Baby Mood-serien - Babylove Norska<\/title>\n<meta name=\"robots\" content=\"noindex, follow, max-snippet:-1, max-image-preview:large, max-video-preview:-1\" \/>\n<meta property=\"og:locale\" content=\"nb_NO\" \/>\n<meta property=\"og:type\" content=\"article\" \/>\n<meta property=\"og:title\" content=\"Stor elfenben ammepute NG Baby Mood-serien\" \/>\n<meta property=\"og:description\" content=\"Stor ammepute NG Baby Mood-serien.&nbsp; Dette er en ammepute&nbsp;som gir din baby komfortabelt plass n\u00e5r det er tid for barnet \u00e5 spise. Denne ammeputen er fylt med styrolitkuler som gj\u00f8r at den er sv\u00e6rt formbar og fleksibel.&nbsp; Det gj\u00f8r at NG Babys ammepute er en meget god st\u00f8tte for rygg, skuldre og armene dine. Yttertyget [&hellip;]\" \/>\n<meta property=\"og:url\" content=\"https:\/\/babylove.se\/no\/produkt\/stor-elfenben-ammepute-ng-baby-mood-serien\/\" \/>\n<meta property=\"og:site_name\" content=\"Babylove Norska\" \/>\n<meta property=\"article:modified_time\" content=\"2026-04-08T06:46:40+00:00\" \/>\n<meta property=\"og:image\" content=\"https:\/\/babylove.se\/no\/wp-content\/uploads\/sites\/3\/2025\/07\/5836e50c5e347.jpeg\" \/>\n\t<meta property=\"og:image:width\" content=\"750\" \/>\n\t<meta property=\"og:image:height\" content=\"750\" \/>\n\t<meta property=\"og:image:type\" content=\"image\/jpeg\" \/>\n<meta name=\"twitter:card\" content=\"summary_large_image\" \/>\n<meta name=\"twitter:label1\" content=\"Price\" \/>\n\t<meta name=\"twitter:data1\" content=\"799,00&nbsp;&#107;&#114;\" \/>\n\t<meta name=\"twitter:label2\" content=\"Availability\" \/>\n\t<meta name=\"twitter:data2\" content=\"Out of stock\" \/>\n<script type=\"application\/ld+json\" class=\"yoast-schema-graph\">{\"@context\":\"https:\/\/schema.org\",\"@graph\":[{\"@type\":\"WebPage\",\"@id\":\"https:\/\/babylove.se\/no\/produkt\/stor-elfenben-ammepute-ng-baby-mood-serien\/\",\"url\":\"https:\/\/babylove.se\/no\/produkt\/stor-elfenben-ammepute-ng-baby-mood-serien\/\",\"name\":\"Stor elfenben ammepute NG Baby Mood-serien - Babylove Norska\",\"isPartOf\":{\"@id\":\"https:\/\/babylove.se\/no\/#website\"},\"primaryImageOfPage\":{\"@id\":\"https:\/\/babylove.se\/no\/produkt\/stor-elfenben-ammepute-ng-baby-mood-serien\/#primaryimage\"},\"image\":{\"@id\":\"https:\/\/babylove.se\/no\/produkt\/stor-elfenben-ammepute-ng-baby-mood-serien\/#primaryimage\"},\"thumbnailUrl\":\"https:\/\/babylove.se\/no\/wp-content\/uploads\/sites\/3\/2025\/07\/5836e50c5e347.jpeg\",\"datePublished\":\"2025-07-18T19:05:14+00:00\",\"dateModified\":\"2026-04-08T06:46:40+00:00\",\"breadcrumb\":{\"@id\":\"https:\/\/babylove.se\/no\/produkt\/stor-elfenben-ammepute-ng-baby-mood-serien\/#breadcrumb\"},\"inLanguage\":\"nb-NO\",\"potentialAction\":[{\"@type\":\"ReadAction\",\"target\":[\"https:\/\/babylove.se\/no\/produkt\/stor-elfenben-ammepute-ng-baby-mood-serien\/\"]}]},{\"@type\":\"ImageObject\",\"inLanguage\":\"nb-NO\",\"@id\":\"https:\/\/babylove.se\/no\/produkt\/stor-elfenben-ammepute-ng-baby-mood-serien\/#primaryimage\",\"url\":\"https:\/\/babylove.se\/no\/wp-content\/uploads\/sites\/3\/2025\/07\/5836e50c5e347.jpeg\",\"contentUrl\":\"https:\/\/babylove.se\/no\/wp-content\/uploads\/sites\/3\/2025\/07\/5836e50c5e347.jpeg\",\"width\":750,\"height\":750},{\"@type\":\"BreadcrumbList\",\"@id\":\"https:\/\/babylove.se\/no\/produkt\/stor-elfenben-ammepute-ng-baby-mood-serien\/#breadcrumb\",\"itemListElement\":[{\"@type\":\"ListItem\",\"position\":1,\"name\":\"Hem\",\"item\":\"https:\/\/babylove.se\/no\/\"},{\"@type\":\"ListItem\",\"position\":2,\"name\":\"Butik\",\"item\":\"https:\/\/babylove.se\/no\/butik\/\"},{\"@type\":\"ListItem\",\"position\":3,\"name\":\"Stor elfenben ammepute NG Baby Mood-serien\"}]},{\"@type\":\"WebSite\",\"@id\":\"https:\/\/babylove.se\/no\/#website\",\"url\":\"https:\/\/babylove.se\/no\/\",\"name\":\"Babylove Norska\",\"description\":\"\",\"potentialAction\":[{\"@type\":\"SearchAction\",\"target\":{\"@type\":\"EntryPoint\",\"urlTemplate\":\"https:\/\/babylove.se\/no\/?s={search_term_string}\"},\"query-input\":{\"@type\":\"PropertyValueSpecification\",\"valueRequired\":true,\"valueName\":\"search_term_string\"}}],\"inLanguage\":\"nb-NO\"}]}<\/script>\n<meta property=\"product:brand\" content=\"Ng Baby\" \/>\n<meta property=\"product:price:amount\" content=\"799.00\" \/>\n<meta property=\"product:price:currency\" content=\"SEK\" \/>\n<meta property=\"og:availability\" content=\"out of stock\" \/>\n<meta property=\"product:availability\" content=\"out of stock\" \/>\n<meta property=\"product:retailer_item_id\" content=\"815\" \/>\n<meta property=\"product:condition\" content=\"new\" \/>\n<!-- \/ Yoast SEO Premium plugin. -->","yoast_head_json":{"title":"Stor elfenben ammepute NG Baby Mood-serien - Babylove Norska","robots":{"index":"noindex","follow":"follow","max-snippet":"max-snippet:-1","max-image-preview":"max-image-preview:large","max-video-preview":"max-video-preview:-1"},"og_locale":"nb_NO","og_type":"article","og_title":"Stor elfenben ammepute NG Baby Mood-serien","og_description":"Stor ammepute NG Baby Mood-serien.&nbsp; Dette er en ammepute&nbsp;som gir din baby komfortabelt plass n\u00e5r det er tid for barnet \u00e5 spise. Denne ammeputen er fylt med styrolitkuler som gj\u00f8r at den er sv\u00e6rt formbar og fleksibel.&nbsp; Det gj\u00f8r at NG Babys ammepute er en meget god st\u00f8tte for rygg, skuldre og armene dine. Yttertyget [&hellip;]","og_url":"https:\/\/babylove.se\/no\/produkt\/stor-elfenben-ammepute-ng-baby-mood-serien\/","og_site_name":"Babylove Norska","article_modified_time":"2026-04-08T06:46:40+00:00","og_image":[{"width":750,"height":750,"url":"https:\/\/babylove.se\/no\/wp-content\/uploads\/sites\/3\/2025\/07\/5836e50c5e347.jpeg","type":"image\/jpeg"}],"twitter_card":"summary_large_image","twitter_misc":{"Price":"799,00&nbsp;&#107;&#114;","Availability":"Out of stock"},"schema":{"@context":"https:\/\/schema.org","@graph":[{"@type":"WebPage","@id":"https:\/\/babylove.se\/no\/produkt\/stor-elfenben-ammepute-ng-baby-mood-serien\/","url":"https:\/\/babylove.se\/no\/produkt\/stor-elfenben-ammepute-ng-baby-mood-serien\/","name":"Stor elfenben ammepute NG Baby Mood-serien - Babylove Norska","isPartOf":{"@id":"https:\/\/babylove.se\/no\/#website"},"primaryImageOfPage":{"@id":"https:\/\/babylove.se\/no\/produkt\/stor-elfenben-ammepute-ng-baby-mood-serien\/#primaryimage"},"image":{"@id":"https:\/\/babylove.se\/no\/produkt\/stor-elfenben-ammepute-ng-baby-mood-serien\/#primaryimage"},"thumbnailUrl":"https:\/\/babylove.se\/no\/wp-content\/uploads\/sites\/3\/2025\/07\/5836e50c5e347.jpeg","datePublished":"2025-07-18T19:05:14+00:00","dateModified":"2026-04-08T06:46:40+00:00","breadcrumb":{"@id":"https:\/\/babylove.se\/no\/produkt\/stor-elfenben-ammepute-ng-baby-mood-serien\/#breadcrumb"},"inLanguage":"nb-NO","potentialAction":[{"@type":"ReadAction","target":["https:\/\/babylove.se\/no\/produkt\/stor-elfenben-ammepute-ng-baby-mood-serien\/"]}]},{"@type":"ImageObject","inLanguage":"nb-NO","@id":"https:\/\/babylove.se\/no\/produkt\/stor-elfenben-ammepute-ng-baby-mood-serien\/#primaryimage","url":"https:\/\/babylove.se\/no\/wp-content\/uploads\/sites\/3\/2025\/07\/5836e50c5e347.jpeg","contentUrl":"https:\/\/babylove.se\/no\/wp-content\/uploads\/sites\/3\/2025\/07\/5836e50c5e347.jpeg","width":750,"height":750},{"@type":"BreadcrumbList","@id":"https:\/\/babylove.se\/no\/produkt\/stor-elfenben-ammepute-ng-baby-mood-serien\/#breadcrumb","itemListElement":[{"@type":"ListItem","position":1,"name":"Hem","item":"https:\/\/babylove.se\/no\/"},{"@type":"ListItem","position":2,"name":"Butik","item":"https:\/\/babylove.se\/no\/butik\/"},{"@type":"ListItem","position":3,"name":"Stor elfenben ammepute NG Baby Mood-serien"}]},{"@type":"WebSite","@id":"https:\/\/babylove.se\/no\/#website","url":"https:\/\/babylove.se\/no\/","name":"Babylove Norska","description":"","potentialAction":[{"@type":"SearchAction","target":{"@type":"EntryPoint","urlTemplate":"https:\/\/babylove.se\/no\/?s={search_term_string}"},"query-input":{"@type":"PropertyValueSpecification","valueRequired":true,"valueName":"search_term_string"}}],"inLanguage":"nb-NO"}]},"product_brand":"Ng Baby","product_price_amount":"799.00","product_price_currency":"SEK","og_availability":"out of stock","product_availability":"out of stock","product_retailer_item_id":"815","product_condition":"new"},"_links":{"self":[{"href":"https:\/\/babylove.se\/no\/wp-json\/wp\/v2\/product\/1934","targetHints":{"allow":["GET"]}}],"collection":[{"href":"https:\/\/babylove.se\/no\/wp-json\/wp\/v2\/product"}],"about":[{"href":"https:\/\/babylove.se\/no\/wp-json\/wp\/v2\/types\/product"}],"replies":[{"embeddable":true,"href":"https:\/\/babylove.se\/no\/wp-json\/wp\/v2\/comments?post=1934"}],"wp:featuredmedia":[{"embeddable":true,"href":"https:\/\/babylove.se\/no\/wp-json\/wp\/v2\/media\/1936"}],"wp:attachment":[{"href":"https:\/\/babylove.se\/no\/wp-json\/wp\/v2\/media?parent=1934"}],"wp:term":[{"taxonomy":"product_brand","embeddable":true,"href":"https:\/\/babylove.se\/no\/wp-json\/wp\/v2\/product_brand?post=1934"},{"taxonomy":"product_cat","embeddable":true,"href":"https:\/\/babylove.se\/no\/wp-json\/wp\/v2\/product_cat?post=1934"},{"taxonomy":"product_tag","embeddable":true,"href":"https:\/\/babylove.se\/no\/wp-json\/wp\/v2\/product_tag?post=1934"}],"curies":[{"name":"wp","href":"https:\/\/api.w.org\/{rel}","templated":true}]}}