{"id":19402,"date":"2025-07-18T22:26:03","date_gmt":"2025-07-18T21:26:03","guid":{"rendered":"https:\/\/babylove.se\/produkt\/thats-mine-lekmatta-gra\/"},"modified":"2026-04-08T09:31:16","modified_gmt":"2026-04-08T08:31:16","slug":"det-er-min-lekematte-gra","status":"publish","type":"product","link":"https:\/\/babylove.se\/no\/produkt\/det-er-min-lekematte-gra\/","title":{"rendered":"That&#8217;s Mine Lekematte, Beige \/ Light Grey"},"content":{"rendered":"<p>En fantastisk tykk lekematte i form av 9 biter som man kan bygge akkurat som man vil, noe som skaper en unik fleksibilitet. Alt fra \u00e5 lage et koselig lekehj\u00f8rne, til \u00e5 bygge en kul vei \u00e5 kj\u00f8re bilene p\u00e5. Bare fantasien til barnet og dets foreldre setter grensene.&nbsp;<\/p>\n<p>Matta fungerer utmerket som isolering mot kalde gulv.&nbsp;<\/p>\n<p><strong>M\u00e5l<\/strong>: 90 x 90 cm. Tykkelse: 1,2 cm.<\/p>\n<p><strong>Materiale<\/strong>: EVA. Fri for giftstoffer og ftalater.<\/p>\n<p>Anbefalt alder: Fra 0 m\u00e5neder.<\/p>\n<p>Designer: <a href=\"https:\/\/babylove.se\/varumarken\/thats-mine\">That&#8217;s mine<\/a><\/p>\n","protected":false},"excerpt":{"rendered":"<p>En fantastisk tykk lekematte i form av 9 biter som man kan bygge akkurat som man vil, noe som skaper en unik fleksibilitet. Alt fra \u00e5 lage et koselig lekehj\u00f8rne, til \u00e5 bygge en kul vei \u00e5 kj\u00f8re bilene p\u00e5. Bare fantasien til barnet og dets foreldre setter grensene.&nbsp; Matta fungerer utmerket som isolering mot [&hellip;]<\/p>\n","protected":false},"featured_media":19404,"comment_status":"closed","ping_status":"open","template":"","meta":{"_acf_changed":false},"product_brand":[749],"product_cat":[52,135,750],"product_tag":[1709],"class_list":{"0":"post-19402","1":"product","2":"type-product","3":"status-publish","4":"has-post-thumbnail","6":"product_brand-thats-mine","7":"product_cat-lekematter","8":"product_cat-tepper","9":"product_cat-thats-mine","10":"product_tag-utforsalg","12":"first","13":"instock","14":"taxable","15":"shipping-taxable","16":"purchasable","17":"product-type-simple"},"acf":[],"yoast_head":"<!-- This site is optimized with the Yoast SEO Premium plugin v25.8 (Yoast SEO v27.2) - https:\/\/yoast.com\/product\/yoast-seo-premium-wordpress\/ -->\n<title>K\u00f6p That&#039;s Mine byggbar Lekmatta | Babylove.se<\/title>\n<meta name=\"description\" content=\"En underbar tjock lekmatta i form av 9 bitar som man kan bygga precis hur man vill -  skapa en mysig lekh\u00f6rna - K\u00f6p den h\u00e4r- V\u00e4lkommen till Babylove\" \/>\n<meta name=\"robots\" content=\"noindex, follow, max-snippet:-1, max-image-preview:large, max-video-preview:-1\" \/>\n<meta property=\"og:locale\" content=\"nb_NO\" \/>\n<meta property=\"og:type\" content=\"article\" \/>\n<meta property=\"og:title\" content=\"That&#039;s Mine Lekematte, Beige \/ Light Grey\" \/>\n<meta property=\"og:description\" content=\"En underbar tjock lekmatta i form av 9 bitar som man kan bygga precis hur man vill -  skapa en mysig lekh\u00f6rna - K\u00f6p den h\u00e4r- V\u00e4lkommen till Babylove\" \/>\n<meta property=\"og:url\" content=\"https:\/\/babylove.se\/no\/produkt\/det-er-min-lekematte-gra\/\" \/>\n<meta property=\"og:site_name\" content=\"Babylove Norska\" \/>\n<meta property=\"article:modified_time\" content=\"2026-04-08T08:31:16+00:00\" \/>\n<meta property=\"og:image\" content=\"https:\/\/babylove.se\/no\/wp-content\/uploads\/sites\/3\/2025\/07\/5f5f57637beed.jpeg\" \/>\n\t<meta property=\"og:image:width\" content=\"580\" \/>\n\t<meta property=\"og:image:height\" content=\"580\" \/>\n\t<meta property=\"og:image:type\" content=\"image\/jpeg\" \/>\n<meta name=\"twitter:card\" content=\"summary_large_image\" \/>\n<meta name=\"twitter:label1\" content=\"Price\" \/>\n\t<meta name=\"twitter:data1\" content=\"399,00&nbsp;&#107;&#114;\" \/>\n\t<meta name=\"twitter:label2\" content=\"Availability\" \/>\n\t<meta name=\"twitter:data2\" content=\"In stock\" \/>\n<script type=\"application\/ld+json\" class=\"yoast-schema-graph\">{\"@context\":\"https:\/\/schema.org\",\"@graph\":[{\"@type\":\"WebPage\",\"@id\":\"https:\/\/babylove.se\/no\/produkt\/det-er-min-lekematte-gra\/\",\"url\":\"https:\/\/babylove.se\/no\/produkt\/det-er-min-lekematte-gra\/\",\"name\":\"K\u00f6p That's Mine byggbar Lekmatta | Babylove.se\",\"isPartOf\":{\"@id\":\"https:\/\/babylove.se\/no\/#website\"},\"primaryImageOfPage\":{\"@id\":\"https:\/\/babylove.se\/no\/produkt\/det-er-min-lekematte-gra\/#primaryimage\"},\"image\":{\"@id\":\"https:\/\/babylove.se\/no\/produkt\/det-er-min-lekematte-gra\/#primaryimage\"},\"thumbnailUrl\":\"https:\/\/babylove.se\/no\/wp-content\/uploads\/sites\/3\/2025\/07\/5f5f57637beed.jpeg\",\"datePublished\":\"2025-07-18T21:26:03+00:00\",\"dateModified\":\"2026-04-08T08:31:16+00:00\",\"description\":\"En underbar tjock lekmatta i form av 9 bitar som man kan bygga precis hur man vill - skapa en mysig lekh\u00f6rna - K\u00f6p den h\u00e4r- V\u00e4lkommen till Babylove\",\"breadcrumb\":{\"@id\":\"https:\/\/babylove.se\/no\/produkt\/det-er-min-lekematte-gra\/#breadcrumb\"},\"inLanguage\":\"nb-NO\",\"potentialAction\":[{\"@type\":\"ReadAction\",\"target\":[\"https:\/\/babylove.se\/no\/produkt\/det-er-min-lekematte-gra\/\"]}]},{\"@type\":\"ImageObject\",\"inLanguage\":\"nb-NO\",\"@id\":\"https:\/\/babylove.se\/no\/produkt\/det-er-min-lekematte-gra\/#primaryimage\",\"url\":\"https:\/\/babylove.se\/no\/wp-content\/uploads\/sites\/3\/2025\/07\/5f5f57637beed.jpeg\",\"contentUrl\":\"https:\/\/babylove.se\/no\/wp-content\/uploads\/sites\/3\/2025\/07\/5f5f57637beed.jpeg\",\"width\":580,\"height\":580},{\"@type\":\"BreadcrumbList\",\"@id\":\"https:\/\/babylove.se\/no\/produkt\/det-er-min-lekematte-gra\/#breadcrumb\",\"itemListElement\":[{\"@type\":\"ListItem\",\"position\":1,\"name\":\"Hem\",\"item\":\"https:\/\/babylove.se\/no\/\"},{\"@type\":\"ListItem\",\"position\":2,\"name\":\"Butik\",\"item\":\"https:\/\/babylove.se\/no\/butik\/\"},{\"@type\":\"ListItem\",\"position\":3,\"name\":\"That&#8217;s Mine Lekematte, Beige \/ Light Grey\"}]},{\"@type\":\"WebSite\",\"@id\":\"https:\/\/babylove.se\/no\/#website\",\"url\":\"https:\/\/babylove.se\/no\/\",\"name\":\"Babylove Norska\",\"description\":\"\",\"potentialAction\":[{\"@type\":\"SearchAction\",\"target\":{\"@type\":\"EntryPoint\",\"urlTemplate\":\"https:\/\/babylove.se\/no\/?s={search_term_string}\"},\"query-input\":{\"@type\":\"PropertyValueSpecification\",\"valueRequired\":true,\"valueName\":\"search_term_string\"}}],\"inLanguage\":\"nb-NO\"}]}<\/script>\n<meta property=\"product:brand\" content=\"That\u00b4s Mine\" \/>\n<meta property=\"product:price:amount\" content=\"399.00\" \/>\n<meta property=\"product:price:currency\" content=\"SEK\" \/>\n<meta property=\"og:availability\" content=\"instock\" \/>\n<meta property=\"product:availability\" content=\"instock\" \/>\n<meta property=\"product:retailer_item_id\" content=\"PM2100\" \/>\n<meta property=\"product:condition\" content=\"new\" \/>\n<!-- \/ Yoast SEO Premium plugin. -->","yoast_head_json":{"title":"K\u00f6p That's Mine byggbar Lekmatta | Babylove.se","description":"En underbar tjock lekmatta i form av 9 bitar som man kan bygga precis hur man vill -  skapa en mysig lekh\u00f6rna - K\u00f6p den h\u00e4r- V\u00e4lkommen till Babylove","robots":{"index":"noindex","follow":"follow","max-snippet":"max-snippet:-1","max-image-preview":"max-image-preview:large","max-video-preview":"max-video-preview:-1"},"og_locale":"nb_NO","og_type":"article","og_title":"That's Mine Lekematte, Beige \/ Light Grey","og_description":"En underbar tjock lekmatta i form av 9 bitar som man kan bygga precis hur man vill -  skapa en mysig lekh\u00f6rna - K\u00f6p den h\u00e4r- V\u00e4lkommen till Babylove","og_url":"https:\/\/babylove.se\/no\/produkt\/det-er-min-lekematte-gra\/","og_site_name":"Babylove Norska","article_modified_time":"2026-04-08T08:31:16+00:00","og_image":[{"width":580,"height":580,"url":"https:\/\/babylove.se\/no\/wp-content\/uploads\/sites\/3\/2025\/07\/5f5f57637beed.jpeg","type":"image\/jpeg"}],"twitter_card":"summary_large_image","twitter_misc":{"Price":"399,00&nbsp;&#107;&#114;","Availability":"In stock"},"schema":{"@context":"https:\/\/schema.org","@graph":[{"@type":"WebPage","@id":"https:\/\/babylove.se\/no\/produkt\/det-er-min-lekematte-gra\/","url":"https:\/\/babylove.se\/no\/produkt\/det-er-min-lekematte-gra\/","name":"K\u00f6p That's Mine byggbar Lekmatta | Babylove.se","isPartOf":{"@id":"https:\/\/babylove.se\/no\/#website"},"primaryImageOfPage":{"@id":"https:\/\/babylove.se\/no\/produkt\/det-er-min-lekematte-gra\/#primaryimage"},"image":{"@id":"https:\/\/babylove.se\/no\/produkt\/det-er-min-lekematte-gra\/#primaryimage"},"thumbnailUrl":"https:\/\/babylove.se\/no\/wp-content\/uploads\/sites\/3\/2025\/07\/5f5f57637beed.jpeg","datePublished":"2025-07-18T21:26:03+00:00","dateModified":"2026-04-08T08:31:16+00:00","description":"En underbar tjock lekmatta i form av 9 bitar som man kan bygga precis hur man vill - skapa en mysig lekh\u00f6rna - K\u00f6p den h\u00e4r- V\u00e4lkommen till Babylove","breadcrumb":{"@id":"https:\/\/babylove.se\/no\/produkt\/det-er-min-lekematte-gra\/#breadcrumb"},"inLanguage":"nb-NO","potentialAction":[{"@type":"ReadAction","target":["https:\/\/babylove.se\/no\/produkt\/det-er-min-lekematte-gra\/"]}]},{"@type":"ImageObject","inLanguage":"nb-NO","@id":"https:\/\/babylove.se\/no\/produkt\/det-er-min-lekematte-gra\/#primaryimage","url":"https:\/\/babylove.se\/no\/wp-content\/uploads\/sites\/3\/2025\/07\/5f5f57637beed.jpeg","contentUrl":"https:\/\/babylove.se\/no\/wp-content\/uploads\/sites\/3\/2025\/07\/5f5f57637beed.jpeg","width":580,"height":580},{"@type":"BreadcrumbList","@id":"https:\/\/babylove.se\/no\/produkt\/det-er-min-lekematte-gra\/#breadcrumb","itemListElement":[{"@type":"ListItem","position":1,"name":"Hem","item":"https:\/\/babylove.se\/no\/"},{"@type":"ListItem","position":2,"name":"Butik","item":"https:\/\/babylove.se\/no\/butik\/"},{"@type":"ListItem","position":3,"name":"That&#8217;s Mine Lekematte, Beige \/ Light Grey"}]},{"@type":"WebSite","@id":"https:\/\/babylove.se\/no\/#website","url":"https:\/\/babylove.se\/no\/","name":"Babylove Norska","description":"","potentialAction":[{"@type":"SearchAction","target":{"@type":"EntryPoint","urlTemplate":"https:\/\/babylove.se\/no\/?s={search_term_string}"},"query-input":{"@type":"PropertyValueSpecification","valueRequired":true,"valueName":"search_term_string"}}],"inLanguage":"nb-NO"}]},"product_brand":"That\u00b4s Mine","product_price_amount":"399.00","product_price_currency":"SEK","og_availability":"instock","product_availability":"instock","product_retailer_item_id":"PM2100","product_condition":"new"},"_links":{"self":[{"href":"https:\/\/babylove.se\/no\/wp-json\/wp\/v2\/product\/19402","targetHints":{"allow":["GET"]}}],"collection":[{"href":"https:\/\/babylove.se\/no\/wp-json\/wp\/v2\/product"}],"about":[{"href":"https:\/\/babylove.se\/no\/wp-json\/wp\/v2\/types\/product"}],"replies":[{"embeddable":true,"href":"https:\/\/babylove.se\/no\/wp-json\/wp\/v2\/comments?post=19402"}],"wp:featuredmedia":[{"embeddable":true,"href":"https:\/\/babylove.se\/no\/wp-json\/wp\/v2\/media\/19404"}],"wp:attachment":[{"href":"https:\/\/babylove.se\/no\/wp-json\/wp\/v2\/media?parent=19402"}],"wp:term":[{"taxonomy":"product_brand","embeddable":true,"href":"https:\/\/babylove.se\/no\/wp-json\/wp\/v2\/product_brand?post=19402"},{"taxonomy":"product_cat","embeddable":true,"href":"https:\/\/babylove.se\/no\/wp-json\/wp\/v2\/product_cat?post=19402"},{"taxonomy":"product_tag","embeddable":true,"href":"https:\/\/babylove.se\/no\/wp-json\/wp\/v2\/product_tag?post=19402"}],"curies":[{"name":"wp","href":"https:\/\/api.w.org\/{rel}","templated":true}]}}