{"id":19429,"date":"2025-07-18T22:26:03","date_gmt":"2025-07-18T21:26:03","guid":{"rendered":"https:\/\/babylove.se\/produkt\/maileg-tra-garderob-med-galgar\/"},"modified":"2026-04-08T09:31:33","modified_gmt":"2026-04-08T08:31:33","slug":"maileg-tre-garderobe-med-boyler","status":"publish","type":"product","link":"https:\/\/babylove.se\/no\/produkt\/maileg-tre-garderobe-med-boyler\/","title":{"rendered":"Maileg, tre garderobe med b\u00f8yler"},"content":{"rendered":"<p>Hvem vil ikke ha dette fine klesskapet i vakker grafittfarge til \u00e5 henge de sm\u00e5 dukkekl\u00e6rne som finnes hjemme. <\/p>\n<p>Til dukkehuset eller hvorfor ikke p\u00e5 en fin hylle, s\u00e5 har dere n\u00e5 sjansen med denne fantastiske dukkehusm\u00f8belen. <\/p>\n<p>Utrolig detaljrik produkt som er helt h\u00e5ndlaget av det popul\u00e6re selskapet Maileg. Klesskapet har et vakkert blomsteravtrykk p\u00e5 alle sider. <\/p>\n<p>H\u00f8yde: 22&#215;11 cm<br \/>\nMateriale: Tre <\/p>\n<p>Designer: <a href=\"https:\/\/babylove.se\/varumarken\/maileg\">Maileg<\/a><\/p>\n","protected":false},"excerpt":{"rendered":"<p>Hvem vil ikke ha dette fine klesskapet i vakker grafittfarge til \u00e5 henge de sm\u00e5 dukkekl\u00e6rne som finnes hjemme. Til dukkehuset eller hvorfor ikke p\u00e5 en fin hylle, s\u00e5 har dere n\u00e5 sjansen med denne fantastiske dukkehusm\u00f8belen. Utrolig detaljrik produkt som er helt h\u00e5ndlaget av det popul\u00e6re selskapet Maileg. Klesskapet har et vakkert blomsteravtrykk p\u00e5 [&hellip;]<\/p>\n","protected":false},"featured_media":19431,"comment_status":"closed","ping_status":"closed","template":"","meta":{"_acf_changed":false},"product_brand":[662],"product_cat":[182,68,663],"product_tag":[],"class_list":{"0":"post-19429","1":"product","2":"type-product","3":"status-publish","4":"has-post-thumbnail","6":"product_brand-maileg","7":"product_cat-dockhusmobler","8":"product_cat-leker","9":"product_cat-maileg","11":"first","12":"outofstock","13":"taxable","14":"shipping-taxable","15":"purchasable","16":"product-type-simple"},"acf":[],"yoast_head":"<!-- This site is optimized with the Yoast SEO Premium plugin v25.8 (Yoast SEO v27.2) - https:\/\/yoast.com\/product\/yoast-seo-premium-wordpress\/ -->\n<title>Maileg, tre garderobe med b\u00f8yler - Babylove Norska<\/title>\n<meta name=\"robots\" content=\"noindex, follow, max-snippet:-1, max-image-preview:large, max-video-preview:-1\" \/>\n<meta property=\"og:locale\" content=\"nb_NO\" \/>\n<meta property=\"og:type\" content=\"article\" \/>\n<meta property=\"og:title\" content=\"Maileg, tre garderobe med b\u00f8yler\" \/>\n<meta property=\"og:description\" content=\"Hvem vil ikke ha dette fine klesskapet i vakker grafittfarge til \u00e5 henge de sm\u00e5 dukkekl\u00e6rne som finnes hjemme. Til dukkehuset eller hvorfor ikke p\u00e5 en fin hylle, s\u00e5 har dere n\u00e5 sjansen med denne fantastiske dukkehusm\u00f8belen. Utrolig detaljrik produkt som er helt h\u00e5ndlaget av det popul\u00e6re selskapet Maileg. Klesskapet har et vakkert blomsteravtrykk p\u00e5 [&hellip;]\" \/>\n<meta property=\"og:url\" content=\"https:\/\/babylove.se\/no\/produkt\/maileg-tre-garderobe-med-boyler\/\" \/>\n<meta property=\"og:site_name\" content=\"Babylove Norska\" \/>\n<meta property=\"article:modified_time\" content=\"2026-04-08T08:31:33+00:00\" \/>\n<meta property=\"og:image\" content=\"https:\/\/babylove.se\/no\/wp-content\/uploads\/sites\/3\/2025\/07\/5f626a4956d37.jpeg\" \/>\n\t<meta property=\"og:image:width\" content=\"750\" \/>\n\t<meta property=\"og:image:height\" content=\"625\" \/>\n\t<meta property=\"og:image:type\" content=\"image\/jpeg\" \/>\n<meta name=\"twitter:card\" content=\"summary_large_image\" \/>\n<meta name=\"twitter:label1\" content=\"Price\" \/>\n\t<meta name=\"twitter:data1\" content=\"249,00&nbsp;&#107;&#114;\" \/>\n\t<meta name=\"twitter:label2\" content=\"Availability\" \/>\n\t<meta name=\"twitter:data2\" content=\"Out of stock\" \/>\n<script type=\"application\/ld+json\" class=\"yoast-schema-graph\">{\"@context\":\"https:\/\/schema.org\",\"@graph\":[{\"@type\":\"WebPage\",\"@id\":\"https:\/\/babylove.se\/no\/produkt\/maileg-tre-garderobe-med-boyler\/\",\"url\":\"https:\/\/babylove.se\/no\/produkt\/maileg-tre-garderobe-med-boyler\/\",\"name\":\"Maileg, tre garderobe med b\u00f8yler - Babylove Norska\",\"isPartOf\":{\"@id\":\"https:\/\/babylove.se\/no\/#website\"},\"primaryImageOfPage\":{\"@id\":\"https:\/\/babylove.se\/no\/produkt\/maileg-tre-garderobe-med-boyler\/#primaryimage\"},\"image\":{\"@id\":\"https:\/\/babylove.se\/no\/produkt\/maileg-tre-garderobe-med-boyler\/#primaryimage\"},\"thumbnailUrl\":\"https:\/\/babylove.se\/no\/wp-content\/uploads\/sites\/3\/2025\/07\/5f626a4956d37.jpeg\",\"datePublished\":\"2025-07-18T21:26:03+00:00\",\"dateModified\":\"2026-04-08T08:31:33+00:00\",\"breadcrumb\":{\"@id\":\"https:\/\/babylove.se\/no\/produkt\/maileg-tre-garderobe-med-boyler\/#breadcrumb\"},\"inLanguage\":\"nb-NO\",\"potentialAction\":[{\"@type\":\"ReadAction\",\"target\":[\"https:\/\/babylove.se\/no\/produkt\/maileg-tre-garderobe-med-boyler\/\"]}]},{\"@type\":\"ImageObject\",\"inLanguage\":\"nb-NO\",\"@id\":\"https:\/\/babylove.se\/no\/produkt\/maileg-tre-garderobe-med-boyler\/#primaryimage\",\"url\":\"https:\/\/babylove.se\/no\/wp-content\/uploads\/sites\/3\/2025\/07\/5f626a4956d37.jpeg\",\"contentUrl\":\"https:\/\/babylove.se\/no\/wp-content\/uploads\/sites\/3\/2025\/07\/5f626a4956d37.jpeg\",\"width\":750,\"height\":625},{\"@type\":\"BreadcrumbList\",\"@id\":\"https:\/\/babylove.se\/no\/produkt\/maileg-tre-garderobe-med-boyler\/#breadcrumb\",\"itemListElement\":[{\"@type\":\"ListItem\",\"position\":1,\"name\":\"Hem\",\"item\":\"https:\/\/babylove.se\/no\/\"},{\"@type\":\"ListItem\",\"position\":2,\"name\":\"Butik\",\"item\":\"https:\/\/babylove.se\/no\/butik\/\"},{\"@type\":\"ListItem\",\"position\":3,\"name\":\"Maileg, tre garderobe med b\u00f8yler\"}]},{\"@type\":\"WebSite\",\"@id\":\"https:\/\/babylove.se\/no\/#website\",\"url\":\"https:\/\/babylove.se\/no\/\",\"name\":\"Babylove Norska\",\"description\":\"\",\"potentialAction\":[{\"@type\":\"SearchAction\",\"target\":{\"@type\":\"EntryPoint\",\"urlTemplate\":\"https:\/\/babylove.se\/no\/?s={search_term_string}\"},\"query-input\":{\"@type\":\"PropertyValueSpecification\",\"valueRequired\":true,\"valueName\":\"search_term_string\"}}],\"inLanguage\":\"nb-NO\"}]}<\/script>\n<meta property=\"product:brand\" content=\"Maileg\" \/>\n<meta property=\"product:price:amount\" content=\"249.00\" \/>\n<meta property=\"product:price:currency\" content=\"SEK\" \/>\n<meta property=\"og:availability\" content=\"out of stock\" \/>\n<meta property=\"product:availability\" content=\"out of stock\" \/>\n<meta property=\"product:retailer_item_id\" content=\"11-9000-00\" \/>\n<meta property=\"product:condition\" content=\"new\" \/>\n<!-- \/ Yoast SEO Premium plugin. -->","yoast_head_json":{"title":"Maileg, tre garderobe med b\u00f8yler - Babylove Norska","robots":{"index":"noindex","follow":"follow","max-snippet":"max-snippet:-1","max-image-preview":"max-image-preview:large","max-video-preview":"max-video-preview:-1"},"og_locale":"nb_NO","og_type":"article","og_title":"Maileg, tre garderobe med b\u00f8yler","og_description":"Hvem vil ikke ha dette fine klesskapet i vakker grafittfarge til \u00e5 henge de sm\u00e5 dukkekl\u00e6rne som finnes hjemme. Til dukkehuset eller hvorfor ikke p\u00e5 en fin hylle, s\u00e5 har dere n\u00e5 sjansen med denne fantastiske dukkehusm\u00f8belen. Utrolig detaljrik produkt som er helt h\u00e5ndlaget av det popul\u00e6re selskapet Maileg. Klesskapet har et vakkert blomsteravtrykk p\u00e5 [&hellip;]","og_url":"https:\/\/babylove.se\/no\/produkt\/maileg-tre-garderobe-med-boyler\/","og_site_name":"Babylove Norska","article_modified_time":"2026-04-08T08:31:33+00:00","og_image":[{"width":750,"height":625,"url":"https:\/\/babylove.se\/no\/wp-content\/uploads\/sites\/3\/2025\/07\/5f626a4956d37.jpeg","type":"image\/jpeg"}],"twitter_card":"summary_large_image","twitter_misc":{"Price":"249,00&nbsp;&#107;&#114;","Availability":"Out of stock"},"schema":{"@context":"https:\/\/schema.org","@graph":[{"@type":"WebPage","@id":"https:\/\/babylove.se\/no\/produkt\/maileg-tre-garderobe-med-boyler\/","url":"https:\/\/babylove.se\/no\/produkt\/maileg-tre-garderobe-med-boyler\/","name":"Maileg, tre garderobe med b\u00f8yler - Babylove Norska","isPartOf":{"@id":"https:\/\/babylove.se\/no\/#website"},"primaryImageOfPage":{"@id":"https:\/\/babylove.se\/no\/produkt\/maileg-tre-garderobe-med-boyler\/#primaryimage"},"image":{"@id":"https:\/\/babylove.se\/no\/produkt\/maileg-tre-garderobe-med-boyler\/#primaryimage"},"thumbnailUrl":"https:\/\/babylove.se\/no\/wp-content\/uploads\/sites\/3\/2025\/07\/5f626a4956d37.jpeg","datePublished":"2025-07-18T21:26:03+00:00","dateModified":"2026-04-08T08:31:33+00:00","breadcrumb":{"@id":"https:\/\/babylove.se\/no\/produkt\/maileg-tre-garderobe-med-boyler\/#breadcrumb"},"inLanguage":"nb-NO","potentialAction":[{"@type":"ReadAction","target":["https:\/\/babylove.se\/no\/produkt\/maileg-tre-garderobe-med-boyler\/"]}]},{"@type":"ImageObject","inLanguage":"nb-NO","@id":"https:\/\/babylove.se\/no\/produkt\/maileg-tre-garderobe-med-boyler\/#primaryimage","url":"https:\/\/babylove.se\/no\/wp-content\/uploads\/sites\/3\/2025\/07\/5f626a4956d37.jpeg","contentUrl":"https:\/\/babylove.se\/no\/wp-content\/uploads\/sites\/3\/2025\/07\/5f626a4956d37.jpeg","width":750,"height":625},{"@type":"BreadcrumbList","@id":"https:\/\/babylove.se\/no\/produkt\/maileg-tre-garderobe-med-boyler\/#breadcrumb","itemListElement":[{"@type":"ListItem","position":1,"name":"Hem","item":"https:\/\/babylove.se\/no\/"},{"@type":"ListItem","position":2,"name":"Butik","item":"https:\/\/babylove.se\/no\/butik\/"},{"@type":"ListItem","position":3,"name":"Maileg, tre garderobe med b\u00f8yler"}]},{"@type":"WebSite","@id":"https:\/\/babylove.se\/no\/#website","url":"https:\/\/babylove.se\/no\/","name":"Babylove Norska","description":"","potentialAction":[{"@type":"SearchAction","target":{"@type":"EntryPoint","urlTemplate":"https:\/\/babylove.se\/no\/?s={search_term_string}"},"query-input":{"@type":"PropertyValueSpecification","valueRequired":true,"valueName":"search_term_string"}}],"inLanguage":"nb-NO"}]},"product_brand":"Maileg","product_price_amount":"249.00","product_price_currency":"SEK","og_availability":"out of stock","product_availability":"out of stock","product_retailer_item_id":"11-9000-00","product_condition":"new"},"_links":{"self":[{"href":"https:\/\/babylove.se\/no\/wp-json\/wp\/v2\/product\/19429","targetHints":{"allow":["GET"]}}],"collection":[{"href":"https:\/\/babylove.se\/no\/wp-json\/wp\/v2\/product"}],"about":[{"href":"https:\/\/babylove.se\/no\/wp-json\/wp\/v2\/types\/product"}],"replies":[{"embeddable":true,"href":"https:\/\/babylove.se\/no\/wp-json\/wp\/v2\/comments?post=19429"}],"wp:featuredmedia":[{"embeddable":true,"href":"https:\/\/babylove.se\/no\/wp-json\/wp\/v2\/media\/19431"}],"wp:attachment":[{"href":"https:\/\/babylove.se\/no\/wp-json\/wp\/v2\/media?parent=19429"}],"wp:term":[{"taxonomy":"product_brand","embeddable":true,"href":"https:\/\/babylove.se\/no\/wp-json\/wp\/v2\/product_brand?post=19429"},{"taxonomy":"product_cat","embeddable":true,"href":"https:\/\/babylove.se\/no\/wp-json\/wp\/v2\/product_cat?post=19429"},{"taxonomy":"product_tag","embeddable":true,"href":"https:\/\/babylove.se\/no\/wp-json\/wp\/v2\/product_tag?post=19429"}],"curies":[{"name":"wp","href":"https:\/\/api.w.org\/{rel}","templated":true}]}}