{"id":1943,"date":"2025-07-18T20:05:14","date_gmt":"2025-07-18T19:05:14","guid":{"rendered":"https:\/\/babylove.se\/produkt\/ng-baby-bla-gravidkudde-mood-serien\/"},"modified":"2026-04-08T07:46:48","modified_gmt":"2026-04-08T06:46:48","slug":"ng-baby-bla-svangerhetspute-mood-serien","status":"publish","type":"product","link":"https:\/\/babylove.se\/no\/produkt\/ng-baby-bla-svangerhetspute-mood-serien\/","title":{"rendered":"NG Baby bl\u00e5 gravidpute, Mood-serien"},"content":{"rendered":"<p><strong>NG Baby<\/strong> har laget denne fantastiske gravidputen, for \u00e5 bruke som en god st\u00f8tte om natten eller om du vil hvile. Fyllet beveger seg og gj\u00f8r den enkel \u00e5 forme etter kroppen din og det som f\u00f8les deilig. Dette siden den inneholder styren-kuler. Yttertrekket er takket v\u00e6re glidel\u00e5sen enkelt \u00e5 ta av og vaske, for alltid \u00e5 holde den frisk.&nbsp;<\/p>\n<p>N\u00e5r barnet har ankommet kan man fortsatt bruke puten, i et kosekroken eller som en ammepute.<\/p>\n<p>&nbsp;NG Baby har produsert denne gravidputen av tekstiler med absolutt h\u00f8yeste kvalitet.<\/p>\n<p><strong>Farge<\/strong>: Bl\u00e5<\/p>\n<p><strong>M\u00e5l<\/strong>: 140 x 45 cm<br \/><strong>Material<\/strong>:<span>&nbsp;<\/span>Overtrekk 100% lin<\/p>\n","protected":false},"excerpt":{"rendered":"<p>NG Baby har laget denne fantastiske gravidputen, for \u00e5 bruke som en god st\u00f8tte om natten eller om du vil hvile. Fyllet beveger seg og gj\u00f8r den enkel \u00e5 forme etter kroppen din og det som f\u00f8les deilig. Dette siden den inneholder styren-kuler. Yttertrekket er takket v\u00e6re glidel\u00e5sen enkelt \u00e5 ta av og vaske, for [&hellip;]<\/p>\n","protected":false},"featured_media":1945,"comment_status":"closed","ping_status":"open","template":"","meta":{"_acf_changed":false},"product_brand":[107],"product_cat":[124,109],"product_tag":[1689],"class_list":{"0":"post-1943","1":"product","2":"type-product","3":"status-publish","4":"has-post-thumbnail","6":"product_brand-ng-baby","7":"product_cat-gravidputer","8":"product_cat-ng-baby","9":"product_tag-bestillingsvaror","11":"first","12":"outofstock","13":"taxable","14":"shipping-taxable","15":"purchasable","16":"product-type-simple"},"acf":[],"yoast_head":"<!-- This site is optimized with the Yoast SEO Premium plugin v25.8 (Yoast SEO v27.2) - https:\/\/yoast.com\/product\/yoast-seo-premium-wordpress\/ -->\n<title>NG Baby bl\u00e5 gravidpute, Mood-serien - Babylove Norska<\/title>\n<meta name=\"robots\" content=\"noindex, follow, max-snippet:-1, max-image-preview:large, max-video-preview:-1\" \/>\n<meta property=\"og:locale\" content=\"nb_NO\" \/>\n<meta property=\"og:type\" content=\"article\" \/>\n<meta property=\"og:title\" content=\"NG Baby bl\u00e5 gravidpute, Mood-serien\" \/>\n<meta property=\"og:description\" content=\"NG Baby har laget denne fantastiske gravidputen, for \u00e5 bruke som en god st\u00f8tte om natten eller om du vil hvile. Fyllet beveger seg og gj\u00f8r den enkel \u00e5 forme etter kroppen din og det som f\u00f8les deilig. Dette siden den inneholder styren-kuler. Yttertrekket er takket v\u00e6re glidel\u00e5sen enkelt \u00e5 ta av og vaske, for [&hellip;]\" \/>\n<meta property=\"og:url\" content=\"https:\/\/babylove.se\/no\/produkt\/ng-baby-bla-svangerhetspute-mood-serien\/\" \/>\n<meta property=\"og:site_name\" content=\"Babylove Norska\" \/>\n<meta property=\"article:modified_time\" content=\"2026-04-08T06:46:48+00:00\" \/>\n<meta property=\"og:image\" content=\"https:\/\/babylove.se\/no\/wp-content\/uploads\/sites\/3\/2025\/07\/5836e9d5d2eda.jpeg\" \/>\n\t<meta property=\"og:image:width\" content=\"750\" \/>\n\t<meta property=\"og:image:height\" content=\"306\" \/>\n\t<meta property=\"og:image:type\" content=\"image\/jpeg\" \/>\n<meta name=\"twitter:card\" content=\"summary_large_image\" \/>\n<meta name=\"twitter:label1\" content=\"Price\" \/>\n\t<meta name=\"twitter:data1\" content=\"799,00&nbsp;&#107;&#114;\" \/>\n\t<meta name=\"twitter:label2\" content=\"Availability\" \/>\n\t<meta name=\"twitter:data2\" content=\"Out of stock\" \/>\n<script type=\"application\/ld+json\" class=\"yoast-schema-graph\">{\"@context\":\"https:\/\/schema.org\",\"@graph\":[{\"@type\":\"WebPage\",\"@id\":\"https:\/\/babylove.se\/no\/produkt\/ng-baby-bla-svangerhetspute-mood-serien\/\",\"url\":\"https:\/\/babylove.se\/no\/produkt\/ng-baby-bla-svangerhetspute-mood-serien\/\",\"name\":\"NG Baby bl\u00e5 gravidpute, Mood-serien - Babylove Norska\",\"isPartOf\":{\"@id\":\"https:\/\/babylove.se\/no\/#website\"},\"primaryImageOfPage\":{\"@id\":\"https:\/\/babylove.se\/no\/produkt\/ng-baby-bla-svangerhetspute-mood-serien\/#primaryimage\"},\"image\":{\"@id\":\"https:\/\/babylove.se\/no\/produkt\/ng-baby-bla-svangerhetspute-mood-serien\/#primaryimage\"},\"thumbnailUrl\":\"https:\/\/babylove.se\/no\/wp-content\/uploads\/sites\/3\/2025\/07\/5836e9d5d2eda.jpeg\",\"datePublished\":\"2025-07-18T19:05:14+00:00\",\"dateModified\":\"2026-04-08T06:46:48+00:00\",\"breadcrumb\":{\"@id\":\"https:\/\/babylove.se\/no\/produkt\/ng-baby-bla-svangerhetspute-mood-serien\/#breadcrumb\"},\"inLanguage\":\"nb-NO\",\"potentialAction\":[{\"@type\":\"ReadAction\",\"target\":[\"https:\/\/babylove.se\/no\/produkt\/ng-baby-bla-svangerhetspute-mood-serien\/\"]}]},{\"@type\":\"ImageObject\",\"inLanguage\":\"nb-NO\",\"@id\":\"https:\/\/babylove.se\/no\/produkt\/ng-baby-bla-svangerhetspute-mood-serien\/#primaryimage\",\"url\":\"https:\/\/babylove.se\/no\/wp-content\/uploads\/sites\/3\/2025\/07\/5836e9d5d2eda.jpeg\",\"contentUrl\":\"https:\/\/babylove.se\/no\/wp-content\/uploads\/sites\/3\/2025\/07\/5836e9d5d2eda.jpeg\",\"width\":750,\"height\":306},{\"@type\":\"BreadcrumbList\",\"@id\":\"https:\/\/babylove.se\/no\/produkt\/ng-baby-bla-svangerhetspute-mood-serien\/#breadcrumb\",\"itemListElement\":[{\"@type\":\"ListItem\",\"position\":1,\"name\":\"Hem\",\"item\":\"https:\/\/babylove.se\/no\/\"},{\"@type\":\"ListItem\",\"position\":2,\"name\":\"Butik\",\"item\":\"https:\/\/babylove.se\/no\/butik\/\"},{\"@type\":\"ListItem\",\"position\":3,\"name\":\"NG Baby bl\u00e5 gravidpute, Mood-serien\"}]},{\"@type\":\"WebSite\",\"@id\":\"https:\/\/babylove.se\/no\/#website\",\"url\":\"https:\/\/babylove.se\/no\/\",\"name\":\"Babylove Norska\",\"description\":\"\",\"potentialAction\":[{\"@type\":\"SearchAction\",\"target\":{\"@type\":\"EntryPoint\",\"urlTemplate\":\"https:\/\/babylove.se\/no\/?s={search_term_string}\"},\"query-input\":{\"@type\":\"PropertyValueSpecification\",\"valueRequired\":true,\"valueName\":\"search_term_string\"}}],\"inLanguage\":\"nb-NO\"}]}<\/script>\n<meta property=\"product:brand\" content=\"Ng Baby\" \/>\n<meta property=\"product:price:amount\" content=\"799.00\" \/>\n<meta property=\"product:price:currency\" content=\"SEK\" \/>\n<meta property=\"og:availability\" content=\"out of stock\" \/>\n<meta property=\"product:availability\" content=\"out of stock\" \/>\n<meta property=\"product:retailer_item_id\" content=\"818\" \/>\n<meta property=\"product:condition\" content=\"new\" \/>\n<!-- \/ Yoast SEO Premium plugin. -->","yoast_head_json":{"title":"NG Baby bl\u00e5 gravidpute, Mood-serien - Babylove Norska","robots":{"index":"noindex","follow":"follow","max-snippet":"max-snippet:-1","max-image-preview":"max-image-preview:large","max-video-preview":"max-video-preview:-1"},"og_locale":"nb_NO","og_type":"article","og_title":"NG Baby bl\u00e5 gravidpute, Mood-serien","og_description":"NG Baby har laget denne fantastiske gravidputen, for \u00e5 bruke som en god st\u00f8tte om natten eller om du vil hvile. Fyllet beveger seg og gj\u00f8r den enkel \u00e5 forme etter kroppen din og det som f\u00f8les deilig. Dette siden den inneholder styren-kuler. Yttertrekket er takket v\u00e6re glidel\u00e5sen enkelt \u00e5 ta av og vaske, for [&hellip;]","og_url":"https:\/\/babylove.se\/no\/produkt\/ng-baby-bla-svangerhetspute-mood-serien\/","og_site_name":"Babylove Norska","article_modified_time":"2026-04-08T06:46:48+00:00","og_image":[{"width":750,"height":306,"url":"https:\/\/babylove.se\/no\/wp-content\/uploads\/sites\/3\/2025\/07\/5836e9d5d2eda.jpeg","type":"image\/jpeg"}],"twitter_card":"summary_large_image","twitter_misc":{"Price":"799,00&nbsp;&#107;&#114;","Availability":"Out of stock"},"schema":{"@context":"https:\/\/schema.org","@graph":[{"@type":"WebPage","@id":"https:\/\/babylove.se\/no\/produkt\/ng-baby-bla-svangerhetspute-mood-serien\/","url":"https:\/\/babylove.se\/no\/produkt\/ng-baby-bla-svangerhetspute-mood-serien\/","name":"NG Baby bl\u00e5 gravidpute, Mood-serien - Babylove Norska","isPartOf":{"@id":"https:\/\/babylove.se\/no\/#website"},"primaryImageOfPage":{"@id":"https:\/\/babylove.se\/no\/produkt\/ng-baby-bla-svangerhetspute-mood-serien\/#primaryimage"},"image":{"@id":"https:\/\/babylove.se\/no\/produkt\/ng-baby-bla-svangerhetspute-mood-serien\/#primaryimage"},"thumbnailUrl":"https:\/\/babylove.se\/no\/wp-content\/uploads\/sites\/3\/2025\/07\/5836e9d5d2eda.jpeg","datePublished":"2025-07-18T19:05:14+00:00","dateModified":"2026-04-08T06:46:48+00:00","breadcrumb":{"@id":"https:\/\/babylove.se\/no\/produkt\/ng-baby-bla-svangerhetspute-mood-serien\/#breadcrumb"},"inLanguage":"nb-NO","potentialAction":[{"@type":"ReadAction","target":["https:\/\/babylove.se\/no\/produkt\/ng-baby-bla-svangerhetspute-mood-serien\/"]}]},{"@type":"ImageObject","inLanguage":"nb-NO","@id":"https:\/\/babylove.se\/no\/produkt\/ng-baby-bla-svangerhetspute-mood-serien\/#primaryimage","url":"https:\/\/babylove.se\/no\/wp-content\/uploads\/sites\/3\/2025\/07\/5836e9d5d2eda.jpeg","contentUrl":"https:\/\/babylove.se\/no\/wp-content\/uploads\/sites\/3\/2025\/07\/5836e9d5d2eda.jpeg","width":750,"height":306},{"@type":"BreadcrumbList","@id":"https:\/\/babylove.se\/no\/produkt\/ng-baby-bla-svangerhetspute-mood-serien\/#breadcrumb","itemListElement":[{"@type":"ListItem","position":1,"name":"Hem","item":"https:\/\/babylove.se\/no\/"},{"@type":"ListItem","position":2,"name":"Butik","item":"https:\/\/babylove.se\/no\/butik\/"},{"@type":"ListItem","position":3,"name":"NG Baby bl\u00e5 gravidpute, Mood-serien"}]},{"@type":"WebSite","@id":"https:\/\/babylove.se\/no\/#website","url":"https:\/\/babylove.se\/no\/","name":"Babylove Norska","description":"","potentialAction":[{"@type":"SearchAction","target":{"@type":"EntryPoint","urlTemplate":"https:\/\/babylove.se\/no\/?s={search_term_string}"},"query-input":{"@type":"PropertyValueSpecification","valueRequired":true,"valueName":"search_term_string"}}],"inLanguage":"nb-NO"}]},"product_brand":"Ng Baby","product_price_amount":"799.00","product_price_currency":"SEK","og_availability":"out of stock","product_availability":"out of stock","product_retailer_item_id":"818","product_condition":"new"},"_links":{"self":[{"href":"https:\/\/babylove.se\/no\/wp-json\/wp\/v2\/product\/1943","targetHints":{"allow":["GET"]}}],"collection":[{"href":"https:\/\/babylove.se\/no\/wp-json\/wp\/v2\/product"}],"about":[{"href":"https:\/\/babylove.se\/no\/wp-json\/wp\/v2\/types\/product"}],"replies":[{"embeddable":true,"href":"https:\/\/babylove.se\/no\/wp-json\/wp\/v2\/comments?post=1943"}],"wp:featuredmedia":[{"embeddable":true,"href":"https:\/\/babylove.se\/no\/wp-json\/wp\/v2\/media\/1945"}],"wp:attachment":[{"href":"https:\/\/babylove.se\/no\/wp-json\/wp\/v2\/media?parent=1943"}],"wp:term":[{"taxonomy":"product_brand","embeddable":true,"href":"https:\/\/babylove.se\/no\/wp-json\/wp\/v2\/product_brand?post=1943"},{"taxonomy":"product_cat","embeddable":true,"href":"https:\/\/babylove.se\/no\/wp-json\/wp\/v2\/product_cat?post=1943"},{"taxonomy":"product_tag","embeddable":true,"href":"https:\/\/babylove.se\/no\/wp-json\/wp\/v2\/product_tag?post=1943"}],"curies":[{"name":"wp","href":"https:\/\/api.w.org\/{rel}","templated":true}]}}