{"id":1947,"date":"2025-07-18T20:05:28","date_gmt":"2025-07-18T19:05:28","guid":{"rendered":"https:\/\/babylove.se\/produkt\/ng-baby-rosa-gravidkudde-mood-serien\/"},"modified":"2026-04-08T07:46:51","modified_gmt":"2026-04-08T06:46:51","slug":"ng-baby-rosa-gravidpute-mood-serien","status":"publish","type":"product","link":"https:\/\/babylove.se\/no\/produkt\/ng-baby-rosa-gravidpute-mood-serien\/","title":{"rendered":"NG Baby rosa gravidpute, Mood-serien"},"content":{"rendered":"<p><strong>NG Baby<\/strong> har utviklet denne fantastiske gravidputen, for \u00e5 bruke som et godt st\u00f8tte om natten eller hvis du vil hvile. Fyllingen beveger seg og gj\u00f8r den enkel \u00e5 forme etter kroppen og det som f\u00f8les behagelig. Dette siden den inneholder styrolittkuler. Yttertrekket er takket v\u00e6re glidel\u00e5sen enkelt \u00e5 ta av og vaske, for alltid \u00e5 holde den frisk.&nbsp;<\/p>\n<p>N\u00e5r barnet har ankommet kan man fortsatt bruke puten, i et kosekrok eller som en ammepute.<\/p>\n<p>&nbsp;NG Baby har produsert denne gravidputen av tekstiler med absolutt h\u00f8yeste kvalitet.<\/p>\n<p><strong>M\u00e5l<\/strong>: 140 x 45 cm<br \/><strong>Materiale<\/strong>:<span>&nbsp;<\/span>Overtrekk 100% lin<\/p>\n","protected":false},"excerpt":{"rendered":"<p>NG Baby har utviklet denne fantastiske gravidputen, for \u00e5 bruke som et godt st\u00f8tte om natten eller hvis du vil hvile. Fyllingen beveger seg og gj\u00f8r den enkel \u00e5 forme etter kroppen og det som f\u00f8les behagelig. Dette siden den inneholder styrolittkuler. Yttertrekket er takket v\u00e6re glidel\u00e5sen enkelt \u00e5 ta av og vaske, for alltid [&hellip;]<\/p>\n","protected":false},"featured_media":1949,"comment_status":"closed","ping_status":"open","template":"","meta":{"_acf_changed":false},"product_brand":[107],"product_cat":[124,109],"product_tag":[1689],"class_list":{"0":"post-1947","1":"product","2":"type-product","3":"status-publish","4":"has-post-thumbnail","6":"product_brand-ng-baby","7":"product_cat-gravidputer","8":"product_cat-ng-baby","9":"product_tag-bestillingsvaror","11":"first","12":"outofstock","13":"taxable","14":"shipping-taxable","15":"purchasable","16":"product-type-simple"},"acf":[],"yoast_head":"<!-- This site is optimized with the Yoast SEO Premium plugin v25.8 (Yoast SEO v27.2) - https:\/\/yoast.com\/product\/yoast-seo-premium-wordpress\/ -->\n<title>NG Baby rosa gravidpute, Mood-serien - Babylove Norska<\/title>\n<meta name=\"robots\" content=\"noindex, follow, max-snippet:-1, max-image-preview:large, max-video-preview:-1\" \/>\n<meta property=\"og:locale\" content=\"nb_NO\" \/>\n<meta property=\"og:type\" content=\"article\" \/>\n<meta property=\"og:title\" content=\"NG Baby rosa gravidpute, Mood-serien\" \/>\n<meta property=\"og:description\" content=\"NG Baby har utviklet denne fantastiske gravidputen, for \u00e5 bruke som et godt st\u00f8tte om natten eller hvis du vil hvile. Fyllingen beveger seg og gj\u00f8r den enkel \u00e5 forme etter kroppen og det som f\u00f8les behagelig. Dette siden den inneholder styrolittkuler. Yttertrekket er takket v\u00e6re glidel\u00e5sen enkelt \u00e5 ta av og vaske, for alltid [&hellip;]\" \/>\n<meta property=\"og:url\" content=\"https:\/\/babylove.se\/no\/produkt\/ng-baby-rosa-gravidpute-mood-serien\/\" \/>\n<meta property=\"og:site_name\" content=\"Babylove Norska\" \/>\n<meta property=\"article:modified_time\" content=\"2026-04-08T06:46:51+00:00\" \/>\n<meta property=\"og:image\" content=\"https:\/\/babylove.se\/no\/wp-content\/uploads\/sites\/3\/2025\/07\/5836ea1d1603f.jpeg\" \/>\n\t<meta property=\"og:image:width\" content=\"750\" \/>\n\t<meta property=\"og:image:height\" content=\"303\" \/>\n\t<meta property=\"og:image:type\" content=\"image\/jpeg\" \/>\n<meta name=\"twitter:card\" content=\"summary_large_image\" \/>\n<meta name=\"twitter:label1\" content=\"Price\" \/>\n\t<meta name=\"twitter:data1\" content=\"789,00&nbsp;&#107;&#114;\" \/>\n\t<meta name=\"twitter:label2\" content=\"Availability\" \/>\n\t<meta name=\"twitter:data2\" content=\"Out of stock\" \/>\n<script type=\"application\/ld+json\" class=\"yoast-schema-graph\">{\"@context\":\"https:\/\/schema.org\",\"@graph\":[{\"@type\":\"WebPage\",\"@id\":\"https:\/\/babylove.se\/no\/produkt\/ng-baby-rosa-gravidpute-mood-serien\/\",\"url\":\"https:\/\/babylove.se\/no\/produkt\/ng-baby-rosa-gravidpute-mood-serien\/\",\"name\":\"NG Baby rosa gravidpute, Mood-serien - Babylove Norska\",\"isPartOf\":{\"@id\":\"https:\/\/babylove.se\/no\/#website\"},\"primaryImageOfPage\":{\"@id\":\"https:\/\/babylove.se\/no\/produkt\/ng-baby-rosa-gravidpute-mood-serien\/#primaryimage\"},\"image\":{\"@id\":\"https:\/\/babylove.se\/no\/produkt\/ng-baby-rosa-gravidpute-mood-serien\/#primaryimage\"},\"thumbnailUrl\":\"https:\/\/babylove.se\/no\/wp-content\/uploads\/sites\/3\/2025\/07\/5836ea1d1603f.jpeg\",\"datePublished\":\"2025-07-18T19:05:28+00:00\",\"dateModified\":\"2026-04-08T06:46:51+00:00\",\"breadcrumb\":{\"@id\":\"https:\/\/babylove.se\/no\/produkt\/ng-baby-rosa-gravidpute-mood-serien\/#breadcrumb\"},\"inLanguage\":\"nb-NO\",\"potentialAction\":[{\"@type\":\"ReadAction\",\"target\":[\"https:\/\/babylove.se\/no\/produkt\/ng-baby-rosa-gravidpute-mood-serien\/\"]}]},{\"@type\":\"ImageObject\",\"inLanguage\":\"nb-NO\",\"@id\":\"https:\/\/babylove.se\/no\/produkt\/ng-baby-rosa-gravidpute-mood-serien\/#primaryimage\",\"url\":\"https:\/\/babylove.se\/no\/wp-content\/uploads\/sites\/3\/2025\/07\/5836ea1d1603f.jpeg\",\"contentUrl\":\"https:\/\/babylove.se\/no\/wp-content\/uploads\/sites\/3\/2025\/07\/5836ea1d1603f.jpeg\",\"width\":750,\"height\":303},{\"@type\":\"BreadcrumbList\",\"@id\":\"https:\/\/babylove.se\/no\/produkt\/ng-baby-rosa-gravidpute-mood-serien\/#breadcrumb\",\"itemListElement\":[{\"@type\":\"ListItem\",\"position\":1,\"name\":\"Hem\",\"item\":\"https:\/\/babylove.se\/no\/\"},{\"@type\":\"ListItem\",\"position\":2,\"name\":\"Butik\",\"item\":\"https:\/\/babylove.se\/no\/butik\/\"},{\"@type\":\"ListItem\",\"position\":3,\"name\":\"NG Baby rosa gravidpute, Mood-serien\"}]},{\"@type\":\"WebSite\",\"@id\":\"https:\/\/babylove.se\/no\/#website\",\"url\":\"https:\/\/babylove.se\/no\/\",\"name\":\"Babylove Norska\",\"description\":\"\",\"potentialAction\":[{\"@type\":\"SearchAction\",\"target\":{\"@type\":\"EntryPoint\",\"urlTemplate\":\"https:\/\/babylove.se\/no\/?s={search_term_string}\"},\"query-input\":{\"@type\":\"PropertyValueSpecification\",\"valueRequired\":true,\"valueName\":\"search_term_string\"}}],\"inLanguage\":\"nb-NO\"}]}<\/script>\n<meta property=\"product:brand\" content=\"Ng Baby\" \/>\n<meta property=\"product:price:amount\" content=\"789.00\" \/>\n<meta property=\"product:price:currency\" content=\"SEK\" \/>\n<meta property=\"og:availability\" content=\"out of stock\" \/>\n<meta property=\"product:availability\" content=\"out of stock\" \/>\n<meta property=\"product:retailer_item_id\" content=\"70400-006\" \/>\n<meta property=\"product:condition\" content=\"new\" \/>\n<!-- \/ Yoast SEO Premium plugin. -->","yoast_head_json":{"title":"NG Baby rosa gravidpute, Mood-serien - Babylove Norska","robots":{"index":"noindex","follow":"follow","max-snippet":"max-snippet:-1","max-image-preview":"max-image-preview:large","max-video-preview":"max-video-preview:-1"},"og_locale":"nb_NO","og_type":"article","og_title":"NG Baby rosa gravidpute, Mood-serien","og_description":"NG Baby har utviklet denne fantastiske gravidputen, for \u00e5 bruke som et godt st\u00f8tte om natten eller hvis du vil hvile. Fyllingen beveger seg og gj\u00f8r den enkel \u00e5 forme etter kroppen og det som f\u00f8les behagelig. Dette siden den inneholder styrolittkuler. Yttertrekket er takket v\u00e6re glidel\u00e5sen enkelt \u00e5 ta av og vaske, for alltid [&hellip;]","og_url":"https:\/\/babylove.se\/no\/produkt\/ng-baby-rosa-gravidpute-mood-serien\/","og_site_name":"Babylove Norska","article_modified_time":"2026-04-08T06:46:51+00:00","og_image":[{"width":750,"height":303,"url":"https:\/\/babylove.se\/no\/wp-content\/uploads\/sites\/3\/2025\/07\/5836ea1d1603f.jpeg","type":"image\/jpeg"}],"twitter_card":"summary_large_image","twitter_misc":{"Price":"789,00&nbsp;&#107;&#114;","Availability":"Out of stock"},"schema":{"@context":"https:\/\/schema.org","@graph":[{"@type":"WebPage","@id":"https:\/\/babylove.se\/no\/produkt\/ng-baby-rosa-gravidpute-mood-serien\/","url":"https:\/\/babylove.se\/no\/produkt\/ng-baby-rosa-gravidpute-mood-serien\/","name":"NG Baby rosa gravidpute, Mood-serien - Babylove Norska","isPartOf":{"@id":"https:\/\/babylove.se\/no\/#website"},"primaryImageOfPage":{"@id":"https:\/\/babylove.se\/no\/produkt\/ng-baby-rosa-gravidpute-mood-serien\/#primaryimage"},"image":{"@id":"https:\/\/babylove.se\/no\/produkt\/ng-baby-rosa-gravidpute-mood-serien\/#primaryimage"},"thumbnailUrl":"https:\/\/babylove.se\/no\/wp-content\/uploads\/sites\/3\/2025\/07\/5836ea1d1603f.jpeg","datePublished":"2025-07-18T19:05:28+00:00","dateModified":"2026-04-08T06:46:51+00:00","breadcrumb":{"@id":"https:\/\/babylove.se\/no\/produkt\/ng-baby-rosa-gravidpute-mood-serien\/#breadcrumb"},"inLanguage":"nb-NO","potentialAction":[{"@type":"ReadAction","target":["https:\/\/babylove.se\/no\/produkt\/ng-baby-rosa-gravidpute-mood-serien\/"]}]},{"@type":"ImageObject","inLanguage":"nb-NO","@id":"https:\/\/babylove.se\/no\/produkt\/ng-baby-rosa-gravidpute-mood-serien\/#primaryimage","url":"https:\/\/babylove.se\/no\/wp-content\/uploads\/sites\/3\/2025\/07\/5836ea1d1603f.jpeg","contentUrl":"https:\/\/babylove.se\/no\/wp-content\/uploads\/sites\/3\/2025\/07\/5836ea1d1603f.jpeg","width":750,"height":303},{"@type":"BreadcrumbList","@id":"https:\/\/babylove.se\/no\/produkt\/ng-baby-rosa-gravidpute-mood-serien\/#breadcrumb","itemListElement":[{"@type":"ListItem","position":1,"name":"Hem","item":"https:\/\/babylove.se\/no\/"},{"@type":"ListItem","position":2,"name":"Butik","item":"https:\/\/babylove.se\/no\/butik\/"},{"@type":"ListItem","position":3,"name":"NG Baby rosa gravidpute, Mood-serien"}]},{"@type":"WebSite","@id":"https:\/\/babylove.se\/no\/#website","url":"https:\/\/babylove.se\/no\/","name":"Babylove Norska","description":"","potentialAction":[{"@type":"SearchAction","target":{"@type":"EntryPoint","urlTemplate":"https:\/\/babylove.se\/no\/?s={search_term_string}"},"query-input":{"@type":"PropertyValueSpecification","valueRequired":true,"valueName":"search_term_string"}}],"inLanguage":"nb-NO"}]},"product_brand":"Ng Baby","product_price_amount":"789.00","product_price_currency":"SEK","og_availability":"out of stock","product_availability":"out of stock","product_retailer_item_id":"70400-006","product_condition":"new"},"_links":{"self":[{"href":"https:\/\/babylove.se\/no\/wp-json\/wp\/v2\/product\/1947","targetHints":{"allow":["GET"]}}],"collection":[{"href":"https:\/\/babylove.se\/no\/wp-json\/wp\/v2\/product"}],"about":[{"href":"https:\/\/babylove.se\/no\/wp-json\/wp\/v2\/types\/product"}],"replies":[{"embeddable":true,"href":"https:\/\/babylove.se\/no\/wp-json\/wp\/v2\/comments?post=1947"}],"wp:featuredmedia":[{"embeddable":true,"href":"https:\/\/babylove.se\/no\/wp-json\/wp\/v2\/media\/1949"}],"wp:attachment":[{"href":"https:\/\/babylove.se\/no\/wp-json\/wp\/v2\/media?parent=1947"}],"wp:term":[{"taxonomy":"product_brand","embeddable":true,"href":"https:\/\/babylove.se\/no\/wp-json\/wp\/v2\/product_brand?post=1947"},{"taxonomy":"product_cat","embeddable":true,"href":"https:\/\/babylove.se\/no\/wp-json\/wp\/v2\/product_cat?post=1947"},{"taxonomy":"product_tag","embeddable":true,"href":"https:\/\/babylove.se\/no\/wp-json\/wp\/v2\/product_tag?post=1947"}],"curies":[{"name":"wp","href":"https:\/\/api.w.org\/{rel}","templated":true}]}}