{"id":19488,"date":"2025-07-18T22:26:41","date_gmt":"2025-07-18T21:26:41","guid":{"rendered":"https:\/\/babylove.se\/produkt\/wobbel-gra-balansbrada-original-limited-edition-pebble\/"},"modified":"2026-04-08T09:32:13","modified_gmt":"2026-04-08T08:32:13","slug":"wobbel-gra-balansefjol-original-limited-edition-pebble","status":"publish","type":"product","link":"https:\/\/babylove.se\/no\/produkt\/wobbel-gra-balansefjol-original-limited-edition-pebble\/","title":{"rendered":"WOBBEL, Gr\u00e5 Balanseplate Original Limited Edition Pebble"},"content":{"rendered":"<p>Dette er ikke bare et vanlig balansbrett, men noe helt fantastisk. Det kan brukes til massevis av forskjellige ting, som \u00e5 gynge, kj\u00f8re l\u00f8p med bilene p\u00e5 eller snu opp ned, og du har en enkel gynge. La ditt barns fantasi flyte, og du vil bli overrasket over alle bruksomr\u00e5dene. Wobbel er skapt i et lite selskap hvor man setter barnets behov i fokus. Den passer alle aldre (fra 18 m\u00e5neder) og stimulerer til b\u00e5de bevegelse og til \u00e5 bruke fantasien. Materialene som brukes er selvf\u00f8lgelig barnevennlige og holdbare. Skal kun brukes innend\u00f8rs. <\/p>\n<p>Materiale: FSC-sertifisert europeisk b\u00f8ketre. <\/p>\n<p>M\u00e5l: ca 90 x 30 cm. <\/p>\n<p>Farge: gr\u00e5 <\/p>\n<p>Produktvekt: ca 4,5 kg. <\/p>\n<p>Barnas maks vekt: 200 kg. <\/p>\n<p>Designer:<a href=\"https:\/\/babylove.se\/varumarken\/wobbel\"><u> Wobbel<\/u><\/a> <\/p>\n<p><u><span class=\"fr-video fr-fvc fr-dvb fr-draggable\" contenteditable=\"false\" draggable=\"true\"><iframe style=\"width: 465px; height: 207px;\" src=\"\/\/www.youtube.com\/embed\/9WBmZx8182s?wmode=opaque\" frameborder=\"0\" allowfullscreen=\"allowfullscreen\"><\/iframe><\/span><\/u> <\/p>\n<p>&nbsp;<\/p>\n","protected":false},"excerpt":{"rendered":"<p>Dette er ikke bare et vanlig balansbrett, men noe helt fantastisk. Det kan brukes til massevis av forskjellige ting, som \u00e5 gynge, kj\u00f8re l\u00f8p med bilene p\u00e5 eller snu opp ned, og du har en enkel gynge. La ditt barns fantasi flyte, og du vil bli overrasket over alle bruksomr\u00e5dene. Wobbel er skapt i et [&hellip;]<\/p>\n","protected":false},"featured_media":19490,"comment_status":"closed","ping_status":"closed","template":"","meta":{"_acf_changed":false},"product_brand":[344],"product_cat":[345,204,112,346],"product_tag":[1689],"class_list":{"0":"post-19488","1":"product","2":"type-product","3":"status-publish","4":"has-post-thumbnail","6":"product_brand-wobbel","7":"product_cat-balansbrett","8":"product_cat-motoriske-barnmobler","9":"product_cat-treleker","10":"product_cat-wobbel","11":"product_tag-bestillingsvaror","13":"first","14":"instock","15":"taxable","16":"shipping-taxable","17":"purchasable","18":"product-type-simple"},"acf":[],"yoast_head":"<!-- This site is optimized with the Yoast SEO Premium plugin v25.8 (Yoast SEO v27.2) - https:\/\/yoast.com\/product\/yoast-seo-premium-wordpress\/ -->\n<title>WOBBEL, Gr\u00e5 Balanseplate Original Limited Edition Pebble - Babylove Norska<\/title>\n<meta name=\"robots\" content=\"noindex, follow, max-snippet:-1, max-image-preview:large, max-video-preview:-1\" \/>\n<meta property=\"og:locale\" content=\"nb_NO\" \/>\n<meta property=\"og:type\" content=\"article\" \/>\n<meta property=\"og:title\" content=\"WOBBEL, Gr\u00e5 Balanseplate Original Limited Edition Pebble\" \/>\n<meta property=\"og:description\" content=\"Dette er ikke bare et vanlig balansbrett, men noe helt fantastisk. Det kan brukes til massevis av forskjellige ting, som \u00e5 gynge, kj\u00f8re l\u00f8p med bilene p\u00e5 eller snu opp ned, og du har en enkel gynge. La ditt barns fantasi flyte, og du vil bli overrasket over alle bruksomr\u00e5dene. Wobbel er skapt i et [&hellip;]\" \/>\n<meta property=\"og:url\" content=\"https:\/\/babylove.se\/no\/produkt\/wobbel-gra-balansefjol-original-limited-edition-pebble\/\" \/>\n<meta property=\"og:site_name\" content=\"Babylove Norska\" \/>\n<meta property=\"article:modified_time\" content=\"2026-04-08T08:32:13+00:00\" \/>\n<meta property=\"og:image\" content=\"https:\/\/babylove.se\/no\/wp-content\/uploads\/sites\/3\/2025\/07\/5f63489057a23.jpeg\" \/>\n\t<meta property=\"og:image:width\" content=\"750\" \/>\n\t<meta property=\"og:image:height\" content=\"750\" \/>\n\t<meta property=\"og:image:type\" content=\"image\/jpeg\" \/>\n<meta name=\"twitter:card\" content=\"summary_large_image\" \/>\n<meta name=\"twitter:label1\" content=\"Price\" \/>\n\t<meta name=\"twitter:data1\" content=\"1 299,00&nbsp;&#107;&#114;\" \/>\n\t<meta name=\"twitter:label2\" content=\"Availability\" \/>\n\t<meta name=\"twitter:data2\" content=\"In stock\" \/>\n<script type=\"application\/ld+json\" class=\"yoast-schema-graph\">{\"@context\":\"https:\/\/schema.org\",\"@graph\":[{\"@type\":\"WebPage\",\"@id\":\"https:\/\/babylove.se\/no\/produkt\/wobbel-gra-balansefjol-original-limited-edition-pebble\/\",\"url\":\"https:\/\/babylove.se\/no\/produkt\/wobbel-gra-balansefjol-original-limited-edition-pebble\/\",\"name\":\"WOBBEL, Gr\u00e5 Balanseplate Original Limited Edition Pebble - Babylove Norska\",\"isPartOf\":{\"@id\":\"https:\/\/babylove.se\/no\/#website\"},\"primaryImageOfPage\":{\"@id\":\"https:\/\/babylove.se\/no\/produkt\/wobbel-gra-balansefjol-original-limited-edition-pebble\/#primaryimage\"},\"image\":{\"@id\":\"https:\/\/babylove.se\/no\/produkt\/wobbel-gra-balansefjol-original-limited-edition-pebble\/#primaryimage\"},\"thumbnailUrl\":\"https:\/\/babylove.se\/no\/wp-content\/uploads\/sites\/3\/2025\/07\/5f63489057a23.jpeg\",\"datePublished\":\"2025-07-18T21:26:41+00:00\",\"dateModified\":\"2026-04-08T08:32:13+00:00\",\"breadcrumb\":{\"@id\":\"https:\/\/babylove.se\/no\/produkt\/wobbel-gra-balansefjol-original-limited-edition-pebble\/#breadcrumb\"},\"inLanguage\":\"nb-NO\",\"potentialAction\":[{\"@type\":\"ReadAction\",\"target\":[\"https:\/\/babylove.se\/no\/produkt\/wobbel-gra-balansefjol-original-limited-edition-pebble\/\"]}]},{\"@type\":\"ImageObject\",\"inLanguage\":\"nb-NO\",\"@id\":\"https:\/\/babylove.se\/no\/produkt\/wobbel-gra-balansefjol-original-limited-edition-pebble\/#primaryimage\",\"url\":\"https:\/\/babylove.se\/no\/wp-content\/uploads\/sites\/3\/2025\/07\/5f63489057a23.jpeg\",\"contentUrl\":\"https:\/\/babylove.se\/no\/wp-content\/uploads\/sites\/3\/2025\/07\/5f63489057a23.jpeg\",\"width\":750,\"height\":750},{\"@type\":\"BreadcrumbList\",\"@id\":\"https:\/\/babylove.se\/no\/produkt\/wobbel-gra-balansefjol-original-limited-edition-pebble\/#breadcrumb\",\"itemListElement\":[{\"@type\":\"ListItem\",\"position\":1,\"name\":\"Hem\",\"item\":\"https:\/\/babylove.se\/no\/\"},{\"@type\":\"ListItem\",\"position\":2,\"name\":\"Butik\",\"item\":\"https:\/\/babylove.se\/no\/butik\/\"},{\"@type\":\"ListItem\",\"position\":3,\"name\":\"WOBBEL, Gr\u00e5 Balanseplate Original Limited Edition Pebble\"}]},{\"@type\":\"WebSite\",\"@id\":\"https:\/\/babylove.se\/no\/#website\",\"url\":\"https:\/\/babylove.se\/no\/\",\"name\":\"Babylove Norska\",\"description\":\"\",\"potentialAction\":[{\"@type\":\"SearchAction\",\"target\":{\"@type\":\"EntryPoint\",\"urlTemplate\":\"https:\/\/babylove.se\/no\/?s={search_term_string}\"},\"query-input\":{\"@type\":\"PropertyValueSpecification\",\"valueRequired\":true,\"valueName\":\"search_term_string\"}}],\"inLanguage\":\"nb-NO\"}]}<\/script>\n<meta property=\"product:brand\" content=\"Wobbel\" \/>\n<meta property=\"product:price:amount\" content=\"1299.00\" \/>\n<meta property=\"product:price:currency\" content=\"SEK\" \/>\n<meta property=\"og:availability\" content=\"instock\" \/>\n<meta property=\"product:availability\" content=\"instock\" \/>\n<meta property=\"product:retailer_item_id\" content=\"Gr\u00e5Wobbel\" \/>\n<meta property=\"product:condition\" content=\"new\" \/>\n<!-- \/ Yoast SEO Premium plugin. -->","yoast_head_json":{"title":"WOBBEL, Gr\u00e5 Balanseplate Original Limited Edition Pebble - Babylove Norska","robots":{"index":"noindex","follow":"follow","max-snippet":"max-snippet:-1","max-image-preview":"max-image-preview:large","max-video-preview":"max-video-preview:-1"},"og_locale":"nb_NO","og_type":"article","og_title":"WOBBEL, Gr\u00e5 Balanseplate Original Limited Edition Pebble","og_description":"Dette er ikke bare et vanlig balansbrett, men noe helt fantastisk. Det kan brukes til massevis av forskjellige ting, som \u00e5 gynge, kj\u00f8re l\u00f8p med bilene p\u00e5 eller snu opp ned, og du har en enkel gynge. La ditt barns fantasi flyte, og du vil bli overrasket over alle bruksomr\u00e5dene. Wobbel er skapt i et [&hellip;]","og_url":"https:\/\/babylove.se\/no\/produkt\/wobbel-gra-balansefjol-original-limited-edition-pebble\/","og_site_name":"Babylove Norska","article_modified_time":"2026-04-08T08:32:13+00:00","og_image":[{"width":750,"height":750,"url":"https:\/\/babylove.se\/no\/wp-content\/uploads\/sites\/3\/2025\/07\/5f63489057a23.jpeg","type":"image\/jpeg"}],"twitter_card":"summary_large_image","twitter_misc":{"Price":"1 299,00&nbsp;&#107;&#114;","Availability":"In stock"},"schema":{"@context":"https:\/\/schema.org","@graph":[{"@type":"WebPage","@id":"https:\/\/babylove.se\/no\/produkt\/wobbel-gra-balansefjol-original-limited-edition-pebble\/","url":"https:\/\/babylove.se\/no\/produkt\/wobbel-gra-balansefjol-original-limited-edition-pebble\/","name":"WOBBEL, Gr\u00e5 Balanseplate Original Limited Edition Pebble - Babylove Norska","isPartOf":{"@id":"https:\/\/babylove.se\/no\/#website"},"primaryImageOfPage":{"@id":"https:\/\/babylove.se\/no\/produkt\/wobbel-gra-balansefjol-original-limited-edition-pebble\/#primaryimage"},"image":{"@id":"https:\/\/babylove.se\/no\/produkt\/wobbel-gra-balansefjol-original-limited-edition-pebble\/#primaryimage"},"thumbnailUrl":"https:\/\/babylove.se\/no\/wp-content\/uploads\/sites\/3\/2025\/07\/5f63489057a23.jpeg","datePublished":"2025-07-18T21:26:41+00:00","dateModified":"2026-04-08T08:32:13+00:00","breadcrumb":{"@id":"https:\/\/babylove.se\/no\/produkt\/wobbel-gra-balansefjol-original-limited-edition-pebble\/#breadcrumb"},"inLanguage":"nb-NO","potentialAction":[{"@type":"ReadAction","target":["https:\/\/babylove.se\/no\/produkt\/wobbel-gra-balansefjol-original-limited-edition-pebble\/"]}]},{"@type":"ImageObject","inLanguage":"nb-NO","@id":"https:\/\/babylove.se\/no\/produkt\/wobbel-gra-balansefjol-original-limited-edition-pebble\/#primaryimage","url":"https:\/\/babylove.se\/no\/wp-content\/uploads\/sites\/3\/2025\/07\/5f63489057a23.jpeg","contentUrl":"https:\/\/babylove.se\/no\/wp-content\/uploads\/sites\/3\/2025\/07\/5f63489057a23.jpeg","width":750,"height":750},{"@type":"BreadcrumbList","@id":"https:\/\/babylove.se\/no\/produkt\/wobbel-gra-balansefjol-original-limited-edition-pebble\/#breadcrumb","itemListElement":[{"@type":"ListItem","position":1,"name":"Hem","item":"https:\/\/babylove.se\/no\/"},{"@type":"ListItem","position":2,"name":"Butik","item":"https:\/\/babylove.se\/no\/butik\/"},{"@type":"ListItem","position":3,"name":"WOBBEL, Gr\u00e5 Balanseplate Original Limited Edition Pebble"}]},{"@type":"WebSite","@id":"https:\/\/babylove.se\/no\/#website","url":"https:\/\/babylove.se\/no\/","name":"Babylove Norska","description":"","potentialAction":[{"@type":"SearchAction","target":{"@type":"EntryPoint","urlTemplate":"https:\/\/babylove.se\/no\/?s={search_term_string}"},"query-input":{"@type":"PropertyValueSpecification","valueRequired":true,"valueName":"search_term_string"}}],"inLanguage":"nb-NO"}]},"product_brand":"Wobbel","product_price_amount":"1299.00","product_price_currency":"SEK","og_availability":"instock","product_availability":"instock","product_retailer_item_id":"Gr\u00e5Wobbel","product_condition":"new"},"_links":{"self":[{"href":"https:\/\/babylove.se\/no\/wp-json\/wp\/v2\/product\/19488","targetHints":{"allow":["GET"]}}],"collection":[{"href":"https:\/\/babylove.se\/no\/wp-json\/wp\/v2\/product"}],"about":[{"href":"https:\/\/babylove.se\/no\/wp-json\/wp\/v2\/types\/product"}],"replies":[{"embeddable":true,"href":"https:\/\/babylove.se\/no\/wp-json\/wp\/v2\/comments?post=19488"}],"wp:featuredmedia":[{"embeddable":true,"href":"https:\/\/babylove.se\/no\/wp-json\/wp\/v2\/media\/19490"}],"wp:attachment":[{"href":"https:\/\/babylove.se\/no\/wp-json\/wp\/v2\/media?parent=19488"}],"wp:term":[{"taxonomy":"product_brand","embeddable":true,"href":"https:\/\/babylove.se\/no\/wp-json\/wp\/v2\/product_brand?post=19488"},{"taxonomy":"product_cat","embeddable":true,"href":"https:\/\/babylove.se\/no\/wp-json\/wp\/v2\/product_cat?post=19488"},{"taxonomy":"product_tag","embeddable":true,"href":"https:\/\/babylove.se\/no\/wp-json\/wp\/v2\/product_tag?post=19488"}],"curies":[{"name":"wp","href":"https:\/\/api.w.org\/{rel}","templated":true}]}}