{"id":19585,"date":"2025-07-18T22:27:21","date_gmt":"2025-07-18T21:27:21","guid":{"rendered":"https:\/\/babylove.se\/produkt\/jabadabado-gra-dockhusbokhylla-hus-stor\/"},"modified":"2026-04-08T09:33:09","modified_gmt":"2026-04-08T08:33:09","slug":"jabadabado-gra-dukkehushylle-hus-stor","status":"publish","type":"product","link":"https:\/\/babylove.se\/no\/produkt\/jabadabado-gra-dukkehushylle-hus-stor\/","title":{"rendered":"Jabadabado Gr\u00e5 Dukkehus\/Bokhylle Hus Stor"},"content":{"rendered":"<p>En meget popul\u00e6r, praktisk og vakker husshylle fra Jabadabado. Konstruert med 7 mindre rom av ulik st\u00f8rrelse hvor du og ditt barn kan plassere alle sine favorittting eller hvorfor ikke sette favorittbamsen p\u00e5 beste plass? Du henger enkelt opp denne hyllen p\u00e5 veggen, men kan selvf\u00f8lgelig ha den st\u00e5ende p\u00e5 gulvet i stedet, eller hvorfor ikke stille den p\u00e5 en fin kommode. Uansett hva du velger \u00e5 gj\u00f8re s\u00e5 vil den gj\u00f8re det lettere n\u00e5r du vil innrede barnerommet p\u00e5 en vakker m\u00e5te.<\/p>\n<p><strong>M\u00e5l<\/strong>: H 99 x B 75 x D 24 .&nbsp;<\/p>\n<p><strong>Materiale<\/strong>: Gr\u00e5lakkert tre.<\/p>\n<p>Designer: <a href=\"https:\/\/babylove.se\/varumarken\/jabadabado\"><u>JaBaDaBaDo<\/u><\/a><\/p>\n","protected":false},"excerpt":{"rendered":"<p>En meget popul\u00e6r, praktisk og vakker husshylle fra Jabadabado. Konstruert med 7 mindre rom av ulik st\u00f8rrelse hvor du og ditt barn kan plassere alle sine favorittting eller hvorfor ikke sette favorittbamsen p\u00e5 beste plass? Du henger enkelt opp denne hyllen p\u00e5 veggen, men kan selvf\u00f8lgelig ha den st\u00e5ende p\u00e5 gulvet i stedet, eller hvorfor [&hellip;]<\/p>\n","protected":false},"featured_media":19587,"comment_status":"closed","ping_status":"open","template":"","meta":{"_acf_changed":false},"product_brand":[273],"product_cat":[89,87,274,68,43,112,88],"product_tag":[],"class_list":{"0":"post-19585","1":"product","2":"type-product","3":"status-publish","4":"has-post-thumbnail","6":"product_brand-jabadabado","7":"product_cat-dukkehus","8":"product_cat-hyller","9":"product_cat-jabadabado","10":"product_cat-leker","11":"product_cat-oppbevaringskurver","12":"product_cat-treleker","13":"product_cat-veggmylle-barnerom","15":"first","16":"outofstock","17":"taxable","18":"shipping-taxable","19":"purchasable","20":"product-type-simple"},"acf":[],"yoast_head":"<!-- This site is optimized with the Yoast SEO Premium plugin v25.8 (Yoast SEO v27.2) - https:\/\/yoast.com\/product\/yoast-seo-premium-wordpress\/ -->\n<title>Jabadabado Gr\u00e5 Dukkehus\/Bokhylle Hus Stor - Babylove Norska<\/title>\n<meta name=\"robots\" content=\"noindex, follow, max-snippet:-1, max-image-preview:large, max-video-preview:-1\" \/>\n<meta property=\"og:locale\" content=\"nb_NO\" \/>\n<meta property=\"og:type\" content=\"article\" \/>\n<meta property=\"og:title\" content=\"Jabadabado Gr\u00e5 Dukkehus\/Bokhylle Hus Stor\" \/>\n<meta property=\"og:description\" content=\"En meget popul\u00e6r, praktisk og vakker husshylle fra Jabadabado. Konstruert med 7 mindre rom av ulik st\u00f8rrelse hvor du og ditt barn kan plassere alle sine favorittting eller hvorfor ikke sette favorittbamsen p\u00e5 beste plass? Du henger enkelt opp denne hyllen p\u00e5 veggen, men kan selvf\u00f8lgelig ha den st\u00e5ende p\u00e5 gulvet i stedet, eller hvorfor [&hellip;]\" \/>\n<meta property=\"og:url\" content=\"https:\/\/babylove.se\/no\/produkt\/jabadabado-gra-dukkehushylle-hus-stor\/\" \/>\n<meta property=\"og:site_name\" content=\"Babylove Norska\" \/>\n<meta property=\"article:modified_time\" content=\"2026-04-08T08:33:09+00:00\" \/>\n<meta property=\"og:image\" content=\"https:\/\/babylove.se\/no\/wp-content\/uploads\/sites\/3\/2025\/07\/5f6ba9e242d3b.jpeg\" \/>\n\t<meta property=\"og:image:width\" content=\"609\" \/>\n\t<meta property=\"og:image:height\" content=\"750\" \/>\n\t<meta property=\"og:image:type\" content=\"image\/jpeg\" \/>\n<meta name=\"twitter:card\" content=\"summary_large_image\" \/>\n<meta name=\"twitter:label1\" content=\"Price\" \/>\n\t<meta name=\"twitter:data1\" content=\"1 299,00&nbsp;&#107;&#114;\" \/>\n\t<meta name=\"twitter:label2\" content=\"Availability\" \/>\n\t<meta name=\"twitter:data2\" content=\"Out of stock\" \/>\n<script type=\"application\/ld+json\" class=\"yoast-schema-graph\">{\"@context\":\"https:\/\/schema.org\",\"@graph\":[{\"@type\":\"WebPage\",\"@id\":\"https:\/\/babylove.se\/no\/produkt\/jabadabado-gra-dukkehushylle-hus-stor\/\",\"url\":\"https:\/\/babylove.se\/no\/produkt\/jabadabado-gra-dukkehushylle-hus-stor\/\",\"name\":\"Jabadabado Gr\u00e5 Dukkehus\/Bokhylle Hus Stor - Babylove Norska\",\"isPartOf\":{\"@id\":\"https:\/\/babylove.se\/no\/#website\"},\"primaryImageOfPage\":{\"@id\":\"https:\/\/babylove.se\/no\/produkt\/jabadabado-gra-dukkehushylle-hus-stor\/#primaryimage\"},\"image\":{\"@id\":\"https:\/\/babylove.se\/no\/produkt\/jabadabado-gra-dukkehushylle-hus-stor\/#primaryimage\"},\"thumbnailUrl\":\"https:\/\/babylove.se\/no\/wp-content\/uploads\/sites\/3\/2025\/07\/5f6ba9e242d3b.jpeg\",\"datePublished\":\"2025-07-18T21:27:21+00:00\",\"dateModified\":\"2026-04-08T08:33:09+00:00\",\"breadcrumb\":{\"@id\":\"https:\/\/babylove.se\/no\/produkt\/jabadabado-gra-dukkehushylle-hus-stor\/#breadcrumb\"},\"inLanguage\":\"nb-NO\",\"potentialAction\":[{\"@type\":\"ReadAction\",\"target\":[\"https:\/\/babylove.se\/no\/produkt\/jabadabado-gra-dukkehushylle-hus-stor\/\"]}]},{\"@type\":\"ImageObject\",\"inLanguage\":\"nb-NO\",\"@id\":\"https:\/\/babylove.se\/no\/produkt\/jabadabado-gra-dukkehushylle-hus-stor\/#primaryimage\",\"url\":\"https:\/\/babylove.se\/no\/wp-content\/uploads\/sites\/3\/2025\/07\/5f6ba9e242d3b.jpeg\",\"contentUrl\":\"https:\/\/babylove.se\/no\/wp-content\/uploads\/sites\/3\/2025\/07\/5f6ba9e242d3b.jpeg\",\"width\":609,\"height\":750},{\"@type\":\"BreadcrumbList\",\"@id\":\"https:\/\/babylove.se\/no\/produkt\/jabadabado-gra-dukkehushylle-hus-stor\/#breadcrumb\",\"itemListElement\":[{\"@type\":\"ListItem\",\"position\":1,\"name\":\"Hem\",\"item\":\"https:\/\/babylove.se\/no\/\"},{\"@type\":\"ListItem\",\"position\":2,\"name\":\"Butik\",\"item\":\"https:\/\/babylove.se\/no\/butik\/\"},{\"@type\":\"ListItem\",\"position\":3,\"name\":\"Jabadabado Gr\u00e5 Dukkehus\/Bokhylle Hus Stor\"}]},{\"@type\":\"WebSite\",\"@id\":\"https:\/\/babylove.se\/no\/#website\",\"url\":\"https:\/\/babylove.se\/no\/\",\"name\":\"Babylove Norska\",\"description\":\"\",\"potentialAction\":[{\"@type\":\"SearchAction\",\"target\":{\"@type\":\"EntryPoint\",\"urlTemplate\":\"https:\/\/babylove.se\/no\/?s={search_term_string}\"},\"query-input\":{\"@type\":\"PropertyValueSpecification\",\"valueRequired\":true,\"valueName\":\"search_term_string\"}}],\"inLanguage\":\"nb-NO\"}]}<\/script>\n<meta property=\"product:brand\" content=\"JaBaDaBaDo\" \/>\n<meta property=\"product:price:amount\" content=\"1299.00\" \/>\n<meta property=\"product:price:currency\" content=\"SEK\" \/>\n<meta property=\"og:availability\" content=\"out of stock\" \/>\n<meta property=\"product:availability\" content=\"out of stock\" \/>\n<meta property=\"product:retailer_item_id\" content=\"H13222\" \/>\n<meta property=\"product:condition\" content=\"new\" \/>\n<!-- \/ Yoast SEO Premium plugin. -->","yoast_head_json":{"title":"Jabadabado Gr\u00e5 Dukkehus\/Bokhylle Hus Stor - Babylove Norska","robots":{"index":"noindex","follow":"follow","max-snippet":"max-snippet:-1","max-image-preview":"max-image-preview:large","max-video-preview":"max-video-preview:-1"},"og_locale":"nb_NO","og_type":"article","og_title":"Jabadabado Gr\u00e5 Dukkehus\/Bokhylle Hus Stor","og_description":"En meget popul\u00e6r, praktisk og vakker husshylle fra Jabadabado. Konstruert med 7 mindre rom av ulik st\u00f8rrelse hvor du og ditt barn kan plassere alle sine favorittting eller hvorfor ikke sette favorittbamsen p\u00e5 beste plass? Du henger enkelt opp denne hyllen p\u00e5 veggen, men kan selvf\u00f8lgelig ha den st\u00e5ende p\u00e5 gulvet i stedet, eller hvorfor [&hellip;]","og_url":"https:\/\/babylove.se\/no\/produkt\/jabadabado-gra-dukkehushylle-hus-stor\/","og_site_name":"Babylove Norska","article_modified_time":"2026-04-08T08:33:09+00:00","og_image":[{"width":609,"height":750,"url":"https:\/\/babylove.se\/no\/wp-content\/uploads\/sites\/3\/2025\/07\/5f6ba9e242d3b.jpeg","type":"image\/jpeg"}],"twitter_card":"summary_large_image","twitter_misc":{"Price":"1 299,00&nbsp;&#107;&#114;","Availability":"Out of stock"},"schema":{"@context":"https:\/\/schema.org","@graph":[{"@type":"WebPage","@id":"https:\/\/babylove.se\/no\/produkt\/jabadabado-gra-dukkehushylle-hus-stor\/","url":"https:\/\/babylove.se\/no\/produkt\/jabadabado-gra-dukkehushylle-hus-stor\/","name":"Jabadabado Gr\u00e5 Dukkehus\/Bokhylle Hus Stor - Babylove Norska","isPartOf":{"@id":"https:\/\/babylove.se\/no\/#website"},"primaryImageOfPage":{"@id":"https:\/\/babylove.se\/no\/produkt\/jabadabado-gra-dukkehushylle-hus-stor\/#primaryimage"},"image":{"@id":"https:\/\/babylove.se\/no\/produkt\/jabadabado-gra-dukkehushylle-hus-stor\/#primaryimage"},"thumbnailUrl":"https:\/\/babylove.se\/no\/wp-content\/uploads\/sites\/3\/2025\/07\/5f6ba9e242d3b.jpeg","datePublished":"2025-07-18T21:27:21+00:00","dateModified":"2026-04-08T08:33:09+00:00","breadcrumb":{"@id":"https:\/\/babylove.se\/no\/produkt\/jabadabado-gra-dukkehushylle-hus-stor\/#breadcrumb"},"inLanguage":"nb-NO","potentialAction":[{"@type":"ReadAction","target":["https:\/\/babylove.se\/no\/produkt\/jabadabado-gra-dukkehushylle-hus-stor\/"]}]},{"@type":"ImageObject","inLanguage":"nb-NO","@id":"https:\/\/babylove.se\/no\/produkt\/jabadabado-gra-dukkehushylle-hus-stor\/#primaryimage","url":"https:\/\/babylove.se\/no\/wp-content\/uploads\/sites\/3\/2025\/07\/5f6ba9e242d3b.jpeg","contentUrl":"https:\/\/babylove.se\/no\/wp-content\/uploads\/sites\/3\/2025\/07\/5f6ba9e242d3b.jpeg","width":609,"height":750},{"@type":"BreadcrumbList","@id":"https:\/\/babylove.se\/no\/produkt\/jabadabado-gra-dukkehushylle-hus-stor\/#breadcrumb","itemListElement":[{"@type":"ListItem","position":1,"name":"Hem","item":"https:\/\/babylove.se\/no\/"},{"@type":"ListItem","position":2,"name":"Butik","item":"https:\/\/babylove.se\/no\/butik\/"},{"@type":"ListItem","position":3,"name":"Jabadabado Gr\u00e5 Dukkehus\/Bokhylle Hus Stor"}]},{"@type":"WebSite","@id":"https:\/\/babylove.se\/no\/#website","url":"https:\/\/babylove.se\/no\/","name":"Babylove Norska","description":"","potentialAction":[{"@type":"SearchAction","target":{"@type":"EntryPoint","urlTemplate":"https:\/\/babylove.se\/no\/?s={search_term_string}"},"query-input":{"@type":"PropertyValueSpecification","valueRequired":true,"valueName":"search_term_string"}}],"inLanguage":"nb-NO"}]},"product_brand":"JaBaDaBaDo","product_price_amount":"1299.00","product_price_currency":"SEK","og_availability":"out of stock","product_availability":"out of stock","product_retailer_item_id":"H13222","product_condition":"new"},"_links":{"self":[{"href":"https:\/\/babylove.se\/no\/wp-json\/wp\/v2\/product\/19585","targetHints":{"allow":["GET"]}}],"collection":[{"href":"https:\/\/babylove.se\/no\/wp-json\/wp\/v2\/product"}],"about":[{"href":"https:\/\/babylove.se\/no\/wp-json\/wp\/v2\/types\/product"}],"replies":[{"embeddable":true,"href":"https:\/\/babylove.se\/no\/wp-json\/wp\/v2\/comments?post=19585"}],"wp:featuredmedia":[{"embeddable":true,"href":"https:\/\/babylove.se\/no\/wp-json\/wp\/v2\/media\/19587"}],"wp:attachment":[{"href":"https:\/\/babylove.se\/no\/wp-json\/wp\/v2\/media?parent=19585"}],"wp:term":[{"taxonomy":"product_brand","embeddable":true,"href":"https:\/\/babylove.se\/no\/wp-json\/wp\/v2\/product_brand?post=19585"},{"taxonomy":"product_cat","embeddable":true,"href":"https:\/\/babylove.se\/no\/wp-json\/wp\/v2\/product_cat?post=19585"},{"taxonomy":"product_tag","embeddable":true,"href":"https:\/\/babylove.se\/no\/wp-json\/wp\/v2\/product_tag?post=19585"}],"curies":[{"name":"wp","href":"https:\/\/api.w.org\/{rel}","templated":true}]}}