{"id":19599,"date":"2025-07-18T22:27:21","date_gmt":"2025-07-18T21:27:21","guid":{"rendered":"https:\/\/babylove.se\/produkt\/jabadabado-hylla-elefant\/"},"modified":"2026-05-11T12:59:51","modified_gmt":"2026-05-11T11:59:51","slug":"jabadabado-hylle-elefant","status":"publish","type":"product","link":"https:\/\/babylove.se\/no\/produkt\/jabadabado-hylle-elefant\/","title":{"rendered":"Jabadabado, hylle elefant"},"content":{"rendered":"<p>En s\u00f8t og praktisk hylle fra Jabadabado. Konstruert i form av en elefant med 8 mindre rom av forskjellig st\u00f8rrelse hvor du og ditt barn kan plassere alle sine favorittting eller hvorfor ikke sette favorittbamsedyret p\u00e5 beste plass? Du henger enkelt opp denne hyllen p\u00e5 veggen, eller hvorfor ikke stille den p\u00e5 en fin kommode. Uansett hva du velger \u00e5 gj\u00f8re s\u00e5 vil den gj\u00f8re det lettere n\u00e5r du vil innrede barnerommet p\u00e5 en vakker m\u00e5te.<\/p>\n<p><strong>M\u00e5l<\/strong>: 55 x 45 x 9 cm&nbsp;<\/p>\n<p><strong>Materiale<\/strong>: Gr\u00e5lakkert tre.<\/p>\n<p>Designer: <a href=\"https:\/\/babylove.se\/varumarken\/jabadabado\"><u>JaBaDaBaDo<\/u><\/a><\/p>\n","protected":false},"excerpt":{"rendered":"<p>En s\u00f8t og praktisk hylle fra Jabadabado. Konstruert i form av en elefant med 8 mindre rom av forskjellig st\u00f8rrelse hvor du og ditt barn kan plassere alle sine favorittting eller hvorfor ikke sette favorittbamsedyret p\u00e5 beste plass? Du henger enkelt opp denne hyllen p\u00e5 veggen, eller hvorfor ikke stille den p\u00e5 en fin kommode. [&hellip;]<\/p>\n","protected":false},"featured_media":19601,"comment_status":"closed","ping_status":"open","template":"","meta":{"_acf_changed":false},"product_brand":[273],"product_cat":[90,87,274,43,88],"product_tag":[],"class_list":{"0":"post-19599","1":"product","2":"type-product","3":"status-publish","4":"has-post-thumbnail","6":"product_brand-jabadabado","7":"product_cat-dyr","8":"product_cat-hyller","9":"product_cat-jabadabado","10":"product_cat-oppbevaringskurver","11":"product_cat-veggmylle-barnerom","13":"first","14":"instock","15":"taxable","16":"shipping-taxable","17":"purchasable","18":"product-type-simple"},"acf":[],"yoast_head":"<!-- This site is optimized with the Yoast SEO Premium plugin v25.8 (Yoast SEO v27.2) - https:\/\/yoast.com\/product\/yoast-seo-premium-wordpress\/ -->\n<title>Jabadabado, hylle elefant - Babylove Norska<\/title>\n<meta name=\"robots\" content=\"noindex, follow, max-snippet:-1, max-image-preview:large, max-video-preview:-1\" \/>\n<meta property=\"og:locale\" content=\"nb_NO\" \/>\n<meta property=\"og:type\" content=\"article\" \/>\n<meta property=\"og:title\" content=\"Jabadabado, hylle elefant\" \/>\n<meta property=\"og:description\" content=\"En s\u00f8t og praktisk hylle fra Jabadabado. Konstruert i form av en elefant med 8 mindre rom av forskjellig st\u00f8rrelse hvor du og ditt barn kan plassere alle sine favorittting eller hvorfor ikke sette favorittbamsedyret p\u00e5 beste plass? Du henger enkelt opp denne hyllen p\u00e5 veggen, eller hvorfor ikke stille den p\u00e5 en fin kommode. [&hellip;]\" \/>\n<meta property=\"og:url\" content=\"https:\/\/babylove.se\/no\/produkt\/jabadabado-hylle-elefant\/\" \/>\n<meta property=\"og:site_name\" content=\"Babylove Norska\" \/>\n<meta property=\"article:modified_time\" content=\"2026-05-11T11:59:51+00:00\" \/>\n<meta property=\"og:image\" content=\"https:\/\/babylove.se\/no\/wp-content\/uploads\/sites\/3\/2025\/07\/5f6bacf6b4ba1.jpeg\" \/>\n\t<meta property=\"og:image:width\" content=\"700\" \/>\n\t<meta property=\"og:image:height\" content=\"531\" \/>\n\t<meta property=\"og:image:type\" content=\"image\/jpeg\" \/>\n<meta name=\"twitter:card\" content=\"summary_large_image\" \/>\n<meta name=\"twitter:label1\" content=\"Price\" \/>\n\t<meta name=\"twitter:data1\" content=\"839,00&nbsp;&#107;&#114;\" \/>\n\t<meta name=\"twitter:label2\" content=\"Availability\" \/>\n\t<meta name=\"twitter:data2\" content=\"In stock\" \/>\n<script type=\"application\/ld+json\" class=\"yoast-schema-graph\">{\"@context\":\"https:\/\/schema.org\",\"@graph\":[{\"@type\":\"WebPage\",\"@id\":\"https:\/\/babylove.se\/no\/produkt\/jabadabado-hylle-elefant\/\",\"url\":\"https:\/\/babylove.se\/no\/produkt\/jabadabado-hylle-elefant\/\",\"name\":\"Jabadabado, hylle elefant - Babylove Norska\",\"isPartOf\":{\"@id\":\"https:\/\/babylove.se\/no\/#website\"},\"primaryImageOfPage\":{\"@id\":\"https:\/\/babylove.se\/no\/produkt\/jabadabado-hylle-elefant\/#primaryimage\"},\"image\":{\"@id\":\"https:\/\/babylove.se\/no\/produkt\/jabadabado-hylle-elefant\/#primaryimage\"},\"thumbnailUrl\":\"https:\/\/babylove.se\/no\/wp-content\/uploads\/sites\/3\/2025\/07\/5f6bacf6b4ba1.jpeg\",\"datePublished\":\"2025-07-18T21:27:21+00:00\",\"dateModified\":\"2026-05-11T11:59:51+00:00\",\"breadcrumb\":{\"@id\":\"https:\/\/babylove.se\/no\/produkt\/jabadabado-hylle-elefant\/#breadcrumb\"},\"inLanguage\":\"nb-NO\",\"potentialAction\":[{\"@type\":\"ReadAction\",\"target\":[\"https:\/\/babylove.se\/no\/produkt\/jabadabado-hylle-elefant\/\"]}]},{\"@type\":\"ImageObject\",\"inLanguage\":\"nb-NO\",\"@id\":\"https:\/\/babylove.se\/no\/produkt\/jabadabado-hylle-elefant\/#primaryimage\",\"url\":\"https:\/\/babylove.se\/no\/wp-content\/uploads\/sites\/3\/2025\/07\/5f6bacf6b4ba1.jpeg\",\"contentUrl\":\"https:\/\/babylove.se\/no\/wp-content\/uploads\/sites\/3\/2025\/07\/5f6bacf6b4ba1.jpeg\",\"width\":700,\"height\":531},{\"@type\":\"BreadcrumbList\",\"@id\":\"https:\/\/babylove.se\/no\/produkt\/jabadabado-hylle-elefant\/#breadcrumb\",\"itemListElement\":[{\"@type\":\"ListItem\",\"position\":1,\"name\":\"Hem\",\"item\":\"https:\/\/babylove.se\/no\/\"},{\"@type\":\"ListItem\",\"position\":2,\"name\":\"Butik\",\"item\":\"https:\/\/babylove.se\/no\/butik\/\"},{\"@type\":\"ListItem\",\"position\":3,\"name\":\"Jabadabado, hylle elefant\"}]},{\"@type\":\"WebSite\",\"@id\":\"https:\/\/babylove.se\/no\/#website\",\"url\":\"https:\/\/babylove.se\/no\/\",\"name\":\"Babylove Norska\",\"description\":\"\",\"potentialAction\":[{\"@type\":\"SearchAction\",\"target\":{\"@type\":\"EntryPoint\",\"urlTemplate\":\"https:\/\/babylove.se\/no\/?s={search_term_string}\"},\"query-input\":{\"@type\":\"PropertyValueSpecification\",\"valueRequired\":true,\"valueName\":\"search_term_string\"}}],\"inLanguage\":\"nb-NO\"}]}<\/script>\n<meta property=\"product:brand\" content=\"JaBaDaBaDo\" \/>\n<meta property=\"product:price:amount\" content=\"839.00\" \/>\n<meta property=\"product:price:currency\" content=\"NOK\" \/>\n<meta property=\"og:availability\" content=\"instock\" \/>\n<meta property=\"product:availability\" content=\"instock\" \/>\n<meta property=\"product:retailer_item_id\" content=\"H13226\" \/>\n<meta property=\"product:condition\" content=\"new\" \/>\n<!-- \/ Yoast SEO Premium plugin. -->","yoast_head_json":{"title":"Jabadabado, hylle elefant - Babylove Norska","robots":{"index":"noindex","follow":"follow","max-snippet":"max-snippet:-1","max-image-preview":"max-image-preview:large","max-video-preview":"max-video-preview:-1"},"og_locale":"nb_NO","og_type":"article","og_title":"Jabadabado, hylle elefant","og_description":"En s\u00f8t og praktisk hylle fra Jabadabado. Konstruert i form av en elefant med 8 mindre rom av forskjellig st\u00f8rrelse hvor du og ditt barn kan plassere alle sine favorittting eller hvorfor ikke sette favorittbamsedyret p\u00e5 beste plass? Du henger enkelt opp denne hyllen p\u00e5 veggen, eller hvorfor ikke stille den p\u00e5 en fin kommode. [&hellip;]","og_url":"https:\/\/babylove.se\/no\/produkt\/jabadabado-hylle-elefant\/","og_site_name":"Babylove Norska","article_modified_time":"2026-05-11T11:59:51+00:00","og_image":[{"width":700,"height":531,"url":"https:\/\/babylove.se\/no\/wp-content\/uploads\/sites\/3\/2025\/07\/5f6bacf6b4ba1.jpeg","type":"image\/jpeg"}],"twitter_card":"summary_large_image","twitter_misc":{"Price":"839,00&nbsp;&#107;&#114;","Availability":"In stock"},"schema":{"@context":"https:\/\/schema.org","@graph":[{"@type":"WebPage","@id":"https:\/\/babylove.se\/no\/produkt\/jabadabado-hylle-elefant\/","url":"https:\/\/babylove.se\/no\/produkt\/jabadabado-hylle-elefant\/","name":"Jabadabado, hylle elefant - Babylove Norska","isPartOf":{"@id":"https:\/\/babylove.se\/no\/#website"},"primaryImageOfPage":{"@id":"https:\/\/babylove.se\/no\/produkt\/jabadabado-hylle-elefant\/#primaryimage"},"image":{"@id":"https:\/\/babylove.se\/no\/produkt\/jabadabado-hylle-elefant\/#primaryimage"},"thumbnailUrl":"https:\/\/babylove.se\/no\/wp-content\/uploads\/sites\/3\/2025\/07\/5f6bacf6b4ba1.jpeg","datePublished":"2025-07-18T21:27:21+00:00","dateModified":"2026-05-11T11:59:51+00:00","breadcrumb":{"@id":"https:\/\/babylove.se\/no\/produkt\/jabadabado-hylle-elefant\/#breadcrumb"},"inLanguage":"nb-NO","potentialAction":[{"@type":"ReadAction","target":["https:\/\/babylove.se\/no\/produkt\/jabadabado-hylle-elefant\/"]}]},{"@type":"ImageObject","inLanguage":"nb-NO","@id":"https:\/\/babylove.se\/no\/produkt\/jabadabado-hylle-elefant\/#primaryimage","url":"https:\/\/babylove.se\/no\/wp-content\/uploads\/sites\/3\/2025\/07\/5f6bacf6b4ba1.jpeg","contentUrl":"https:\/\/babylove.se\/no\/wp-content\/uploads\/sites\/3\/2025\/07\/5f6bacf6b4ba1.jpeg","width":700,"height":531},{"@type":"BreadcrumbList","@id":"https:\/\/babylove.se\/no\/produkt\/jabadabado-hylle-elefant\/#breadcrumb","itemListElement":[{"@type":"ListItem","position":1,"name":"Hem","item":"https:\/\/babylove.se\/no\/"},{"@type":"ListItem","position":2,"name":"Butik","item":"https:\/\/babylove.se\/no\/butik\/"},{"@type":"ListItem","position":3,"name":"Jabadabado, hylle elefant"}]},{"@type":"WebSite","@id":"https:\/\/babylove.se\/no\/#website","url":"https:\/\/babylove.se\/no\/","name":"Babylove Norska","description":"","potentialAction":[{"@type":"SearchAction","target":{"@type":"EntryPoint","urlTemplate":"https:\/\/babylove.se\/no\/?s={search_term_string}"},"query-input":{"@type":"PropertyValueSpecification","valueRequired":true,"valueName":"search_term_string"}}],"inLanguage":"nb-NO"}]},"product_brand":"JaBaDaBaDo","product_price_amount":"839.00","product_price_currency":"NOK","og_availability":"instock","product_availability":"instock","product_retailer_item_id":"H13226","product_condition":"new"},"_links":{"self":[{"href":"https:\/\/babylove.se\/no\/wp-json\/wp\/v2\/product\/19599","targetHints":{"allow":["GET"]}}],"collection":[{"href":"https:\/\/babylove.se\/no\/wp-json\/wp\/v2\/product"}],"about":[{"href":"https:\/\/babylove.se\/no\/wp-json\/wp\/v2\/types\/product"}],"replies":[{"embeddable":true,"href":"https:\/\/babylove.se\/no\/wp-json\/wp\/v2\/comments?post=19599"}],"wp:featuredmedia":[{"embeddable":true,"href":"https:\/\/babylove.se\/no\/wp-json\/wp\/v2\/media\/19601"}],"wp:attachment":[{"href":"https:\/\/babylove.se\/no\/wp-json\/wp\/v2\/media?parent=19599"}],"wp:term":[{"taxonomy":"product_brand","embeddable":true,"href":"https:\/\/babylove.se\/no\/wp-json\/wp\/v2\/product_brand?post=19599"},{"taxonomy":"product_cat","embeddable":true,"href":"https:\/\/babylove.se\/no\/wp-json\/wp\/v2\/product_cat?post=19599"},{"taxonomy":"product_tag","embeddable":true,"href":"https:\/\/babylove.se\/no\/wp-json\/wp\/v2\/product_tag?post=19599"}],"curies":[{"name":"wp","href":"https:\/\/api.w.org\/{rel}","templated":true}]}}