{"id":19608,"date":"2025-07-18T22:27:21","date_gmt":"2025-07-18T21:27:21","guid":{"rendered":"https:\/\/babylove.se\/produkt\/jabadabado-stol-bjorn\/"},"modified":"2026-04-08T09:33:24","modified_gmt":"2026-04-08T08:33:24","slug":"jabadabado-stol-bjorn","status":"publish","type":"product","link":"https:\/\/babylove.se\/no\/produkt\/jabadabado-stol-bjorn\/","title":{"rendered":"JaBaDaBaDo, stol bj\u00f8rn"},"content":{"rendered":"<p>En fin og s\u00f8t trestol for barnet som er sv\u00e6rt behagelig \u00e5 sitte p\u00e5, da den er bygget med et smart ryggst\u00f8tte. Ditt barn kommer garantert til \u00e5 f\u00e5 mange gode stunder p\u00e5 denne stolen, der det kan sitte og pusle eller male s\u00e5 snart de \u00f8nsker det. Stolen er lakkert og sv\u00e6rt enkel \u00e5 t\u00f8rke av med en fuktig klut. Du monterer enkelt stolen for h\u00e5nd hjemme og vi vet at du kommer til \u00e5 finne en god plass for stolen p\u00e5 barnerommet, den smelter inn i de fleste milj\u00f8er.&nbsp;<\/p>\n<p>Match gjerne stolen med et like fint bord i samme serie fra JaBaDaBaDo, s\u00e5 er alt komplett.<\/p>\n<p>M\u00e5l: Sitteh\u00f8yde 27 cm , 26x26x49 cm<\/p>\n<p>Designer: <a href=\"https:\/\/babylove.se\/varumarken\/jabadabado\"><u>JaBaDaBaDo<\/u><\/a><\/p>\n<table style=\"margin-left: calc(100%); width: 0%;\">\n<tbody>\n<tr>\n<th scope=\"row\" style=\"width: 33.3219%;\"><\/th>\n<td data-th=\"F\u00e4rg\" style=\"width: 33.3448%;\"><\/td>\n<\/tr>\n<tr>\n<th scope=\"row\" style=\"width: 33.3219%;\"><\/th>\n<td data-th=\"M\u00e5tt\" style=\"width: 33.3448%;\"><\/td>\n<\/tr>\n<\/tbody>\n<\/table>\n","protected":false},"excerpt":{"rendered":"<p>En fin og s\u00f8t trestol for barnet som er sv\u00e6rt behagelig \u00e5 sitte p\u00e5, da den er bygget med et smart ryggst\u00f8tte. Ditt barn kommer garantert til \u00e5 f\u00e5 mange gode stunder p\u00e5 denne stolen, der det kan sitte og pusle eller male s\u00e5 snart de \u00f8nsker det. Stolen er lakkert og sv\u00e6rt enkel \u00e5 [&hellip;]<\/p>\n","protected":false},"featured_media":19610,"comment_status":"closed","ping_status":"open","template":"","meta":{"_acf_changed":false},"product_brand":[273],"product_cat":[274,72,80],"product_tag":[],"class_list":{"0":"post-19608","1":"product","2":"type-product","3":"status-publish","4":"has-post-thumbnail","6":"product_brand-jabadabado","7":"product_cat-jabadabado","8":"product_cat-julegaver","9":"product_cat-stoler","11":"first","12":"outofstock","13":"taxable","14":"shipping-taxable","15":"purchasable","16":"product-type-simple"},"acf":[],"yoast_head":"<!-- This site is optimized with the Yoast SEO Premium plugin v25.8 (Yoast SEO v27.2) - https:\/\/yoast.com\/product\/yoast-seo-premium-wordpress\/ -->\n<title>JaBaDaBaDo, stol bj\u00f8rn - Babylove Norska<\/title>\n<meta name=\"robots\" content=\"noindex, follow, max-snippet:-1, max-image-preview:large, max-video-preview:-1\" \/>\n<meta property=\"og:locale\" content=\"nb_NO\" \/>\n<meta property=\"og:type\" content=\"article\" \/>\n<meta property=\"og:title\" content=\"JaBaDaBaDo, stol bj\u00f8rn\" \/>\n<meta property=\"og:description\" content=\"En fin og s\u00f8t trestol for barnet som er sv\u00e6rt behagelig \u00e5 sitte p\u00e5, da den er bygget med et smart ryggst\u00f8tte. Ditt barn kommer garantert til \u00e5 f\u00e5 mange gode stunder p\u00e5 denne stolen, der det kan sitte og pusle eller male s\u00e5 snart de \u00f8nsker det. Stolen er lakkert og sv\u00e6rt enkel \u00e5 [&hellip;]\" \/>\n<meta property=\"og:url\" content=\"https:\/\/babylove.se\/no\/produkt\/jabadabado-stol-bjorn\/\" \/>\n<meta property=\"og:site_name\" content=\"Babylove Norska\" \/>\n<meta property=\"article:modified_time\" content=\"2026-04-08T08:33:24+00:00\" \/>\n<meta property=\"og:image\" content=\"https:\/\/babylove.se\/no\/wp-content\/uploads\/sites\/3\/2025\/07\/5f6bae9139a65.jpeg\" \/>\n\t<meta property=\"og:image:width\" content=\"570\" \/>\n\t<meta property=\"og:image:height\" content=\"700\" \/>\n\t<meta property=\"og:image:type\" content=\"image\/jpeg\" \/>\n<meta name=\"twitter:card\" content=\"summary_large_image\" \/>\n<meta name=\"twitter:label1\" content=\"Price\" \/>\n\t<meta name=\"twitter:data1\" content=\"449,00&nbsp;&#107;&#114;\" \/>\n\t<meta name=\"twitter:label2\" content=\"Availability\" \/>\n\t<meta name=\"twitter:data2\" content=\"Out of stock\" \/>\n<script type=\"application\/ld+json\" class=\"yoast-schema-graph\">{\"@context\":\"https:\/\/schema.org\",\"@graph\":[{\"@type\":\"WebPage\",\"@id\":\"https:\/\/babylove.se\/no\/produkt\/jabadabado-stol-bjorn\/\",\"url\":\"https:\/\/babylove.se\/no\/produkt\/jabadabado-stol-bjorn\/\",\"name\":\"JaBaDaBaDo, stol bj\u00f8rn - Babylove Norska\",\"isPartOf\":{\"@id\":\"https:\/\/babylove.se\/no\/#website\"},\"primaryImageOfPage\":{\"@id\":\"https:\/\/babylove.se\/no\/produkt\/jabadabado-stol-bjorn\/#primaryimage\"},\"image\":{\"@id\":\"https:\/\/babylove.se\/no\/produkt\/jabadabado-stol-bjorn\/#primaryimage\"},\"thumbnailUrl\":\"https:\/\/babylove.se\/no\/wp-content\/uploads\/sites\/3\/2025\/07\/5f6bae9139a65.jpeg\",\"datePublished\":\"2025-07-18T21:27:21+00:00\",\"dateModified\":\"2026-04-08T08:33:24+00:00\",\"breadcrumb\":{\"@id\":\"https:\/\/babylove.se\/no\/produkt\/jabadabado-stol-bjorn\/#breadcrumb\"},\"inLanguage\":\"nb-NO\",\"potentialAction\":[{\"@type\":\"ReadAction\",\"target\":[\"https:\/\/babylove.se\/no\/produkt\/jabadabado-stol-bjorn\/\"]}]},{\"@type\":\"ImageObject\",\"inLanguage\":\"nb-NO\",\"@id\":\"https:\/\/babylove.se\/no\/produkt\/jabadabado-stol-bjorn\/#primaryimage\",\"url\":\"https:\/\/babylove.se\/no\/wp-content\/uploads\/sites\/3\/2025\/07\/5f6bae9139a65.jpeg\",\"contentUrl\":\"https:\/\/babylove.se\/no\/wp-content\/uploads\/sites\/3\/2025\/07\/5f6bae9139a65.jpeg\",\"width\":570,\"height\":700},{\"@type\":\"BreadcrumbList\",\"@id\":\"https:\/\/babylove.se\/no\/produkt\/jabadabado-stol-bjorn\/#breadcrumb\",\"itemListElement\":[{\"@type\":\"ListItem\",\"position\":1,\"name\":\"Hem\",\"item\":\"https:\/\/babylove.se\/no\/\"},{\"@type\":\"ListItem\",\"position\":2,\"name\":\"Butik\",\"item\":\"https:\/\/babylove.se\/no\/butik\/\"},{\"@type\":\"ListItem\",\"position\":3,\"name\":\"JaBaDaBaDo, stol bj\u00f8rn\"}]},{\"@type\":\"WebSite\",\"@id\":\"https:\/\/babylove.se\/no\/#website\",\"url\":\"https:\/\/babylove.se\/no\/\",\"name\":\"Babylove Norska\",\"description\":\"\",\"potentialAction\":[{\"@type\":\"SearchAction\",\"target\":{\"@type\":\"EntryPoint\",\"urlTemplate\":\"https:\/\/babylove.se\/no\/?s={search_term_string}\"},\"query-input\":{\"@type\":\"PropertyValueSpecification\",\"valueRequired\":true,\"valueName\":\"search_term_string\"}}],\"inLanguage\":\"nb-NO\"}]}<\/script>\n<meta property=\"product:brand\" content=\"JaBaDaBaDo\" \/>\n<meta property=\"product:price:amount\" content=\"449.00\" \/>\n<meta property=\"product:price:currency\" content=\"SEK\" \/>\n<meta property=\"og:availability\" content=\"out of stock\" \/>\n<meta property=\"product:availability\" content=\"out of stock\" \/>\n<meta property=\"product:retailer_item_id\" content=\"H13228\" \/>\n<meta property=\"product:condition\" content=\"new\" \/>\n<!-- \/ Yoast SEO Premium plugin. -->","yoast_head_json":{"title":"JaBaDaBaDo, stol bj\u00f8rn - Babylove Norska","robots":{"index":"noindex","follow":"follow","max-snippet":"max-snippet:-1","max-image-preview":"max-image-preview:large","max-video-preview":"max-video-preview:-1"},"og_locale":"nb_NO","og_type":"article","og_title":"JaBaDaBaDo, stol bj\u00f8rn","og_description":"En fin og s\u00f8t trestol for barnet som er sv\u00e6rt behagelig \u00e5 sitte p\u00e5, da den er bygget med et smart ryggst\u00f8tte. Ditt barn kommer garantert til \u00e5 f\u00e5 mange gode stunder p\u00e5 denne stolen, der det kan sitte og pusle eller male s\u00e5 snart de \u00f8nsker det. Stolen er lakkert og sv\u00e6rt enkel \u00e5 [&hellip;]","og_url":"https:\/\/babylove.se\/no\/produkt\/jabadabado-stol-bjorn\/","og_site_name":"Babylove Norska","article_modified_time":"2026-04-08T08:33:24+00:00","og_image":[{"width":570,"height":700,"url":"https:\/\/babylove.se\/no\/wp-content\/uploads\/sites\/3\/2025\/07\/5f6bae9139a65.jpeg","type":"image\/jpeg"}],"twitter_card":"summary_large_image","twitter_misc":{"Price":"449,00&nbsp;&#107;&#114;","Availability":"Out of stock"},"schema":{"@context":"https:\/\/schema.org","@graph":[{"@type":"WebPage","@id":"https:\/\/babylove.se\/no\/produkt\/jabadabado-stol-bjorn\/","url":"https:\/\/babylove.se\/no\/produkt\/jabadabado-stol-bjorn\/","name":"JaBaDaBaDo, stol bj\u00f8rn - Babylove Norska","isPartOf":{"@id":"https:\/\/babylove.se\/no\/#website"},"primaryImageOfPage":{"@id":"https:\/\/babylove.se\/no\/produkt\/jabadabado-stol-bjorn\/#primaryimage"},"image":{"@id":"https:\/\/babylove.se\/no\/produkt\/jabadabado-stol-bjorn\/#primaryimage"},"thumbnailUrl":"https:\/\/babylove.se\/no\/wp-content\/uploads\/sites\/3\/2025\/07\/5f6bae9139a65.jpeg","datePublished":"2025-07-18T21:27:21+00:00","dateModified":"2026-04-08T08:33:24+00:00","breadcrumb":{"@id":"https:\/\/babylove.se\/no\/produkt\/jabadabado-stol-bjorn\/#breadcrumb"},"inLanguage":"nb-NO","potentialAction":[{"@type":"ReadAction","target":["https:\/\/babylove.se\/no\/produkt\/jabadabado-stol-bjorn\/"]}]},{"@type":"ImageObject","inLanguage":"nb-NO","@id":"https:\/\/babylove.se\/no\/produkt\/jabadabado-stol-bjorn\/#primaryimage","url":"https:\/\/babylove.se\/no\/wp-content\/uploads\/sites\/3\/2025\/07\/5f6bae9139a65.jpeg","contentUrl":"https:\/\/babylove.se\/no\/wp-content\/uploads\/sites\/3\/2025\/07\/5f6bae9139a65.jpeg","width":570,"height":700},{"@type":"BreadcrumbList","@id":"https:\/\/babylove.se\/no\/produkt\/jabadabado-stol-bjorn\/#breadcrumb","itemListElement":[{"@type":"ListItem","position":1,"name":"Hem","item":"https:\/\/babylove.se\/no\/"},{"@type":"ListItem","position":2,"name":"Butik","item":"https:\/\/babylove.se\/no\/butik\/"},{"@type":"ListItem","position":3,"name":"JaBaDaBaDo, stol bj\u00f8rn"}]},{"@type":"WebSite","@id":"https:\/\/babylove.se\/no\/#website","url":"https:\/\/babylove.se\/no\/","name":"Babylove Norska","description":"","potentialAction":[{"@type":"SearchAction","target":{"@type":"EntryPoint","urlTemplate":"https:\/\/babylove.se\/no\/?s={search_term_string}"},"query-input":{"@type":"PropertyValueSpecification","valueRequired":true,"valueName":"search_term_string"}}],"inLanguage":"nb-NO"}]},"product_brand":"JaBaDaBaDo","product_price_amount":"449.00","product_price_currency":"SEK","og_availability":"out of stock","product_availability":"out of stock","product_retailer_item_id":"H13228","product_condition":"new"},"_links":{"self":[{"href":"https:\/\/babylove.se\/no\/wp-json\/wp\/v2\/product\/19608","targetHints":{"allow":["GET"]}}],"collection":[{"href":"https:\/\/babylove.se\/no\/wp-json\/wp\/v2\/product"}],"about":[{"href":"https:\/\/babylove.se\/no\/wp-json\/wp\/v2\/types\/product"}],"replies":[{"embeddable":true,"href":"https:\/\/babylove.se\/no\/wp-json\/wp\/v2\/comments?post=19608"}],"wp:featuredmedia":[{"embeddable":true,"href":"https:\/\/babylove.se\/no\/wp-json\/wp\/v2\/media\/19610"}],"wp:attachment":[{"href":"https:\/\/babylove.se\/no\/wp-json\/wp\/v2\/media?parent=19608"}],"wp:term":[{"taxonomy":"product_brand","embeddable":true,"href":"https:\/\/babylove.se\/no\/wp-json\/wp\/v2\/product_brand?post=19608"},{"taxonomy":"product_cat","embeddable":true,"href":"https:\/\/babylove.se\/no\/wp-json\/wp\/v2\/product_cat?post=19608"},{"taxonomy":"product_tag","embeddable":true,"href":"https:\/\/babylove.se\/no\/wp-json\/wp\/v2\/product_tag?post=19608"}],"curies":[{"name":"wp","href":"https:\/\/api.w.org\/{rel}","templated":true}]}}